{"id":6986,"date":"2025-02-04T14:28:15","date_gmt":"2025-02-04T19:28:15","guid":{"rendered":"https:\/\/www.greenparty.ca\/devenez-candidat"},"modified":"2025-05-21T10:51:42","modified_gmt":"2025-05-21T14:51:42","slug":"devenez-candidat","status":"publish","type":"page","link":"https:\/\/www.greenparty.ca\/fr\/devenez-candidat","title":{"rendered":"Devenez candidat\u00b7e"},"content":{"rendered":"\n<div style=\"--gpc-min-height:auto;--gpc-max-height:100%\" class=\"wp-block-gpc-wrapper wrapper wrapper-wide a-padding-t-large a-padding-b-xlarge a-vertical-align-center has-gpc-color-white-background-color has-background hide-mobile\"><div class=\"inner-wrapper\">\n<figure class=\"wp-block-image aligncenter size-large\"><img loading=\"lazy\" decoding=\"async\" width=\"234\" height=\"282\" src=\"https:\/\/cdn.greenparty.ca\/wp-content\/uploads\/2025\/02\/community-antidote.svg\" alt=\"\" class=\"wp-image-7233\" style=\"object-fit:cover\"\/><\/figure>\n\n\n\n<h1 class=\"wp-block-heading has-text-align-center gpc-typography-secondary-xxxlarge gpc-top-gutter-sm gpc-bottom-gutter-md\" style=\"font-size:6.25rem;font-style:normal;font-weight:900;line-height:1.19\">Soyez l&rsquo;antidote dont<br\/>votre communaut\u00e9 a besoin.<\/h1>\n\n\n\n<div class=\"wp-block-buttons is-content-justification-center is-layout-flex wp-container-core-buttons-is-layout-a89b3969 wp-block-buttons-is-layout-flex\">\n<div class=\"wp-block-button is-style-secondary\"><a class=\"wp-block-button__link wp-element-button\" href=\"https:\/\/www.greenparty.ca\/fr\/formulaire-candidature\">Soumettez votre candidature<\/a><\/div>\n<\/div>\n<\/div><\/div>\n\n<div style=\"--gpc-min-height:auto;--gpc-max-height:100%\" class=\"wp-block-gpc-wrapper wrapper wrapper-wide a-padding-t-large a-padding-b-xlarge a-vertical-align-center has-gpc-color-white-background-color has-background hide-desktop hide-tablet\"><div class=\"inner-wrapper\">\n<figure class=\"wp-block-image aligncenter size-large\"><img loading=\"lazy\" decoding=\"async\" width=\"234\" height=\"282\" src=\"https:\/\/cdn.greenparty.ca\/wp-content\/uploads\/2025\/02\/community-antidote.svg\" alt=\"\" class=\"wp-image-7233\" style=\"object-fit:cover\"\/><\/figure>\n\n\n\n<h1 class=\"wp-block-heading has-text-align-center gpc-typography-secondary-xxxlarge gpc-top-gutter-sm gpc-bottom-gutter-md\" style=\"font-size:4rem;font-style:normal;font-weight:900;line-height:1.19\">Soyez l&rsquo;antidote dont<br\/>votre communaut\u00e9 a besoin.<\/h1>\n\n\n\n<div class=\"wp-block-buttons is-content-justification-center is-layout-flex wp-container-core-buttons-is-layout-a89b3969 wp-block-buttons-is-layout-flex\">\n<div class=\"wp-block-button is-style-secondary\"><a class=\"wp-block-button__link wp-element-button\" href=\"https:\/\/www.greenparty.ca\/fr\/formulaire-candidature\">Soumettez votre candidature<\/a><\/div>\n<\/div>\n<\/div><\/div>\n\n<div style=\"--gpc-min-height:auto;--gpc-max-height:100%\" class=\"wp-block-gpc-wrapper wrapper wrapper-narrow a-padding-t-large a-padding-b-large a-vertical-align-center\"><div class=\"inner-wrapper\">\n<figure class=\"wp-block-image aligncenter size-full\"><img loading=\"lazy\" decoding=\"async\" width=\"659\" height=\"433\" src=\"https:\/\/cdn.greenparty.ca\/wp-content\/uploads\/2025\/02\/antidote.jpg\" alt=\"\" class=\"wp-image-3923\" style=\"object-fit:cover\" srcset=\"https:\/\/cdn.greenparty.ca\/wp-content\/uploads\/2025\/02\/antidote.jpg 659w, https:\/\/cdn.greenparty.ca\/wp-content\/uploads\/2025\/02\/antidote-300x197.jpg 300w\" sizes=\"auto, (max-width: 659px) 100vw, 659px\" \/><\/figure>\n\n\n\n<h2 class=\"wp-block-heading gpc-typography-secondary-large gpc-top-gutter-md gpc-bottom-gutter-sm\">Que signifie \u00ab \u00eatre l&rsquo;Antidote? \u00bb<\/h2>\n\n\n\n<p class=\"gpc-typography-secondary-medium gpc-font-weight-light gpc-bottom-gutter-none\">\u00catre l&rsquo;antidote signifie s&rsquo;opposer au statu quo politique qui a abandonn\u00e9 les Canadiens depuis bien trop longtemps. Cela signifie rejeter la partisanerie toxique qui donne la priorit\u00e9 aux int\u00e9r\u00eats des partis plut\u00f4t qu&rsquo;aux besoins des gens. <br\/><br\/>Se pr\u00e9senter comme candidat du Parti vert, c&rsquo;est \u00eatre la solution \u00e0 un syst\u00e8me qui est bris\u00e9. Un syst\u00e8me qui alimente les in\u00e9galit\u00e9s, n\u00e9glige les communaut\u00e9s et ignore l&rsquo;urgence de la crise climatique.<\/p>\n<\/div><\/div>\n\n<div style=\"--gpc-min-height:100vh;--gpc-max-height:100%\" class=\"wp-block-gpc-wrapper wrapper wrapper-wide a-padding-t-xxlarge a-padding-b-xxlarge a-vertical-align-center has-gpc-color-primary-dark-background-color has-background\"><div class=\"inner-wrapper\">\n<h2 class=\"wp-block-heading has-text-align-center has-gpc-alternate-font-family gpc-typography-secondary-xxxlarge gpc-font-weight-bold gpc-top-gutter-none gpc-bottom-gutter-none hide-mobile\" style=\"padding-top:0;padding-bottom:0;font-size:7.5rem;line-height:1.1\">Nous sommes<br\/>l&rsquo;antidote \u00e0 la politique<br\/>traditionnelle.<\/h2>\n\n\n\n<h2 class=\"wp-block-heading has-text-align-center has-gpc-alternate-font-family gpc-typography-secondary-xxxlarge gpc-font-weight-bold gpc-top-gutter-none gpc-bottom-gutter-none hide-desktop hide-tablet\" style=\"padding-top:0;padding-bottom:0;font-size:3.5rem;line-height:1.1\">Nous sommes<br\/>l&rsquo;antidote \u00e0 la politique<br\/>traditionnelle.<\/h2>\n<\/div><\/div>\n\n<div style=\"--gpc-min-height:20vh;--gpc-max-height:100%\" class=\"wp-block-gpc-wrapper wrapper wrapper-wide a-padding-t-large a-padding-b-xlarge a-vertical-align-center has-gpc-color-misc-2-background-color has-background\"><div class=\"inner-wrapper\">\n<div class=\"wp-block-gpc-grid grid grid-2 row-gap-2 column-gap-1 a-vertical-align-center no-reorder-tablet reorder-mobile no-stack-tablet  stack-mobile grid-2-2\">\n<div style=\"--gpc-max-width:430px\" class=\"wp-block-gpc-column  inner_col align-left\">\n<h2 class=\"wp-block-heading gpc-typography-secondary-xlarge gpc-font-weight-semibold gpc-bottom-gutter-sm\"><span class=\"gpc-text-color-dark\">Menez le changement dont votre communaut\u00e9 a besoin<\/span><\/h2>\n\n\n\n<p class=\"gpc-typography-body gpc-bottom-gutter-none\">Nous nous engageons \u00e0 mettre en place des politiques qui favorisent les communaut\u00e9s marginalis\u00e9es, soutiennent les Canadiens en difficult\u00e9 et b\u00e2tissent un avenir qui profite \u00e0 l\u2019ensemble de la population. Que vous soyez militant, dirigeant communautaire, travailleur de premi\u00e8re ligne ou professionnel, votre exp\u00e9rience v\u00e9cue vous rend particuli\u00e8rement apte \u00e0 diriger. Il est temps d&rsquo;exploiter votre passion et d&rsquo;ouvrir la voie \u00e0 un avenir durable et \u00e9quitable.  <\/p>\n<\/div>\n\n\n\n<div style=\"--gpc-max-width:100%\" class=\"wp-block-gpc-column  inner_col align-left\">\n<figure class=\"wp-block-image alignright size-large is-resized\"><img loading=\"lazy\" decoding=\"async\" width=\"595\" height=\"446\" src=\"https:\/\/cdn.greenparty.ca\/wp-content\/uploads\/2025\/02\/community_needs.svg\" alt=\"\" class=\"wp-image-3928\" style=\"aspect-ratio:1;width:771px;height:auto\"\/><\/figure>\n<\/div>\n<\/div>\n<\/div><\/div>\n\n<div style=\"--gpc-min-height:auto;--gpc-max-height:100%\" class=\"wp-block-gpc-wrapper wrapper wrapper-narrow a-padding-t-xlarge a-padding-b-none a-vertical-align-center\"><div class=\"inner-wrapper\">\n<h2 class=\"wp-block-heading has-text-align-center gpc-typography-primary-xxlarge gpc-font-weight-bold gpc-bottom-gutter-sm\">Faites vous entendre<\/h2>\n\n\n\n<p class=\"has-text-align-center gpc-typography-secondary-medium gpc-font-weight-light gpc-bottom-gutter-none\">Nous pensons qu&rsquo;un v\u00e9ritable leadership doit refl\u00e9ter la diversit\u00e9 de notre pays en faisant entendre des voix diverses et en soutenant toutes les identit\u00e9s. En tant que seul parti f\u00e9d\u00e9ral dirig\u00e9 par une femme au Canada, le Parti vert s&rsquo;engage \u00e0 donner priorit\u00e9 \u00e0 la diversit\u00e9. Nous fournissons :  <\/p>\n<\/div><\/div>\n\n<div style=\"--gpc-min-height:auto;--gpc-max-height:100%\" class=\"wp-block-gpc-wrapper wrapper wrapper-boxed a-padding-t-medium a-padding-b-none a-vertical-align-center hide-mobile\"><div class=\"inner-wrapper\">\n<div class=\"wp-block-gpc-grid grid grid-3 row-gap-2 column-gap-2 a-vertical-align-center no-reorder-tablet reorder-mobile no-stack-tablet  stack-mobile\">\n<div style=\"--gpc-max-width:100%\" class=\"wp-block-gpc-column alignfull  inner_col align-left\">\n<div style=\"--box-padding-y:4.6875rem;--box-padding-x:1.5625rem;--box-max-width:100%;--box-min-height:0px;border-radius:25px\" class=\"wp-block-gpc-ctabox  gpc-cta-box stack-img\"><div class=\"box-wrapper\"><div class=\"box-content\">\n<h3 class=\"wp-block-heading gpc-typography-primary-medium gpc-font-weight-semibold gpc-top-gutter-md gpc-bottom-gutter-none\"><span class=\"gpc-text-color-dark\">Mentorat et soutien pour les candidats de tous \u00e2ges, de toutes identit\u00e9s et de tous horizons.<\/span><\/h3>\n<\/div><div class=\"box-img\"><img decoding=\"async\" src=\"https:\/\/cdn.greenparty.ca\/wp-content\/uploads\/2025\/02\/become_a_candidate_illistration.svg\" alt=\"\"\/><\/div><\/div><\/div>\n<\/div>\n\n\n\n<div style=\"--gpc-max-width:100%\" class=\"wp-block-gpc-column alignfull  inner_col align-left\">\n<div style=\"--box-padding-y:4.6875rem;--box-padding-x:1.5625rem;--box-max-width:100%;--box-min-height:0px;border-radius:25px\" class=\"wp-block-gpc-ctabox  gpc-cta-box stack-img has-gpc-color-primary-dark-background-color has-background\"><div class=\"box-wrapper\"><div class=\"box-content\">\n<h3 class=\"wp-block-heading gpc-typography-primary-medium gpc-font-weight-semibold gpc-top-gutter-sm-2 gpc-bottom-gutter-none\">Un caucus des femmes qui met en relation les candidates.<\/h3>\n<\/div><div class=\"box-img\"><img decoding=\"async\" src=\"https:\/\/cdn.greenparty.ca\/wp-content\/uploads\/2025\/02\/womens-cause.svg\" alt=\"\"\/><\/div><\/div><\/div>\n<\/div>\n\n\n\n<div style=\"--gpc-max-width:100%\" class=\"wp-block-gpc-column alignfull  inner_col align-left\">\n<div style=\"--box-padding-y:4.6875rem;--box-padding-x:1.5625rem;--box-max-width:100%;--box-min-height:0px;border-radius:25px\" class=\"wp-block-gpc-ctabox  gpc-cta-box stack-img has-gpc-color-misc-2-background-color has-background\"><div class=\"box-wrapper\"><div class=\"box-content\">\n<h3 class=\"wp-block-heading gpc-typography-primary-medium gpc-font-weight-semibold gpc-top-gutter-md gpc-bottom-gutter-none\"><span class=\"gpc-text-color-dark\">Des ressources de construction de campagne pour amplifier votre voix et soutenir votre succ\u00e8s.<\/span><\/h3>\n<\/div><div class=\"box-img\"><img decoding=\"async\" src=\"https:\/\/cdn.greenparty.ca\/wp-content\/uploads\/2025\/02\/aplified-img.svg\" alt=\"\"\/><\/div><\/div><\/div>\n<\/div>\n<\/div>\n<\/div><\/div>\n\n<div style=\"--gpc-min-height:auto;--gpc-max-height:100%\" class=\"wp-block-gpc-wrapper wrapper wrapper-boxed a-padding-t-medium a-padding-b-none a-vertical-align-center hide-desktop hide-tablet\"><div class=\"inner-wrapper\">\n<div class=\"wp-block-gpc-grid grid grid-3 row-gap-2 column-gap-2 a-vertical-align-center no-reorder-tablet reorder-mobile no-stack-tablet  stack-mobile\">\n<div style=\"--gpc-max-width:100%\" class=\"wp-block-gpc-column  inner_col align-left\">\n<div style=\"--box-padding-y:4.6875rem;--box-padding-x:1.5625rem;--box-max-width:100%;--box-min-height:0px;border-radius:25px\" class=\"wp-block-gpc-ctabox  gpc-cta-box stack-img\"><div class=\"box-wrapper\"><div class=\"box-content\">\n<h3 class=\"wp-block-heading gpc-typography-primary-medium gpc-font-weight-semibold gpc-top-gutter-none gpc-bottom-gutter-none\"><span class=\"gpc-text-color-dark\">Mentorat et soutien pour les candidats de tous \u00e2ges, de toutes identit\u00e9s et de tous horizons.<\/span><\/h3>\n<\/div><div class=\"box-img\"><img decoding=\"async\" src=\"https:\/\/cdn.greenparty.ca\/wp-content\/uploads\/2025\/02\/become_a_candidate_illistration.svg\" alt=\"\"\/><\/div><\/div><\/div>\n<\/div>\n\n\n\n<div style=\"--gpc-max-width:100%\" class=\"wp-block-gpc-column  inner_col align-left\">\n<div style=\"--box-padding-y:4.6875rem;--box-padding-x:1.5625rem;--box-max-width:100%;--box-min-height:0px;border-radius:25px\" class=\"wp-block-gpc-ctabox  gpc-cta-box stack-img has-gpc-color-primary-dark-background-color has-background\"><div class=\"box-wrapper\"><div class=\"box-content\">\n<h3 class=\"wp-block-heading gpc-typography-primary-medium gpc-font-weight-semibold gpc-top-gutter-none gpc-bottom-gutter-none\">Un caucus des femmes qui met en relation les candidates.<\/h3>\n<\/div><div class=\"box-img\"><img decoding=\"async\" src=\"https:\/\/cdn.greenparty.ca\/wp-content\/uploads\/2025\/02\/womens-cause.svg\" alt=\"\"\/><\/div><\/div><\/div>\n<\/div>\n\n\n\n<div style=\"--gpc-max-width:100%\" class=\"wp-block-gpc-column  inner_col align-left\">\n<div style=\"--box-padding-y:4.6875rem;--box-padding-x:1.5625rem;--box-max-width:100%;--box-min-height:0px;border-radius:25px\" class=\"wp-block-gpc-ctabox  gpc-cta-box stack-img has-gpc-color-misc-2-background-color has-background\"><div class=\"box-wrapper\"><div class=\"box-content\">\n<h3 class=\"wp-block-heading gpc-typography-primary-medium gpc-font-weight-semibold gpc-top-gutter-none gpc-bottom-gutter-none\"><span class=\"gpc-text-color-dark\">Des ressources de construction de campagne pour amplifier votre voix et soutenir votre succ\u00e8s.<\/span><\/h3>\n<\/div><div class=\"box-img\"><img decoding=\"async\" src=\"https:\/\/cdn.greenparty.ca\/wp-content\/uploads\/2025\/02\/aplified-img.svg\" alt=\"\"\/><\/div><\/div><\/div>\n<\/div>\n<\/div>\n<\/div><\/div>\n\n<div style=\"--gpc-min-height:auto;--gpc-max-height:100%\" class=\"wp-block-gpc-wrapper wrapper wrapper-narrow a-padding-t-xlarge a-padding-b-xxlarge a-vertical-align-center\"><div class=\"inner-wrapper\">\n<figure class=\"wp-block-image aligncenter size-medium\"><img loading=\"lazy\" decoding=\"async\" width=\"429\" height=\"391\" src=\"https:\/\/cdn.greenparty.ca\/wp-content\/uploads\/2025\/02\/Livello_1-2.svg\" alt=\"\" class=\"wp-image-4934\" style=\"object-fit:cover\"\/><\/figure>\n\n\n\n<h2 class=\"wp-block-heading has-text-align-center gpc-typography-secondary-xxlarge gpc-top-gutter-sm gpc-bottom-gutter-md\">D\u00e9fendez un meilleur<br\/>avenir pour tous<\/h2>\n\n\n\n<p class=\"gpc-typography-primary-medium gpc-font-weight-regular\">En tant que repr\u00e9sentant du Parti vert, vous d\u00e9fendrez des politiques progressistes, telles que la justice climatique et sociale, le logement abordable, les soins de sant\u00e9 universels, la souverainet\u00e9 autochtone et les droits des animaux.<br\/><br\/>Nous avons besoin de candidats d\u00e9vou\u00e9s qui croient en cet avenir progressiste et qui sont pr\u00eats \u00e0 prendre des mesures audacieuses pour cr\u00e9er un changement durable pour le Canada. <\/p>\n<\/div><\/div>\n\n<div style=\"--gpc-min-height:100vh;--gpc-max-height:100%\" class=\"wp-block-gpc-wrapper wrapper wrapper-wide a-padding-t-xlarge a-padding-b-xlarge a-vertical-align-center has-gpc-color-primary-background-color has-background\"><div class=\"inner-wrapper\">\n<h2 class=\"wp-block-heading has-gpc-alternate-font-family gpc-bottom-gutter-md hide-mobile\" style=\"font-size:8rem;font-style:normal;font-weight:600;line-height:1.1\"><span class=\"gpc-text-color-light\">Faites le premier pas. Soyez l&rsquo;antidote dont votre communaut\u00e9 a besoin. <\/span><\/h2>\n\n\n\n<h2 class=\"wp-block-heading has-gpc-alternate-font-family gpc-bottom-gutter-md hide-desktop hide-tablet\" style=\"font-size:3.5rem;font-style:normal;font-weight:600;line-height:1.1\"><span class=\"gpc-text-color-light\">Faites le premier pas. Soyez l&rsquo;antidote dont votre communaut\u00e9 a besoin. <\/span><\/h2>\n\n\n\n<div class=\"wp-block-buttons is-layout-flex wp-block-buttons-is-layout-flex\">\n<div class=\"wp-block-button has-custom-font-size is-style-secondary\" style=\"font-size:2.56rem\"><a class=\"wp-block-button__link wp-element-button\" href=\"https:\/\/www.greenparty.ca\/fr\/formulaire-candidature\">Soumettez votre candidature<\/a><\/div>\n<\/div>\n<\/div><\/div>\n","protected":false},"excerpt":{"rendered":"","protected":false},"author":6,"featured_media":0,"parent":0,"menu_order":0,"comment_status":"closed","ping_status":"closed","template":"page-templates\/full-width-template.php","meta":{"_acf_changed":false,"inline_featured_image":false,"site-sidebar-layout":"default","site-content-layout":"","ast-site-content-layout":"default","site-content-style":"default","site-sidebar-style":"default","ast-global-header-display":"","ast-banner-title-visibility":"","ast-main-header-display":"","ast-hfb-above-header-display":"","ast-hfb-below-header-display":"","ast-hfb-mobile-header-display":"","site-post-title":"","ast-breadcrumbs-content":"","ast-featured-img":"","footer-sml-layout":"","ast-disable-related-posts":"","theme-transparent-header-meta":"","adv-header-id-meta":"","stick-header-meta":"","header-above-stick-meta":"","header-main-stick-meta":"","header-below-stick-meta":"","astra-migrate-meta-layouts":"default","ast-page-background-enabled":"default","ast-page-background-meta":{"desktop":{"background-color":"var(--ast-global-color-5)","background-image":"","background-repeat":"repeat","background-position":"center center","background-size":"auto","background-attachment":"scroll","background-type":"","background-media":"","overlay-type":"","overlay-color":"","overlay-opacity":"","overlay-gradient":""},"tablet":{"background-color":"","background-image":"","background-repeat":"repeat","background-position":"center center","background-size":"auto","background-attachment":"scroll","background-type":"","background-media":"","overlay-type":"","overlay-color":"","overlay-opacity":"","overlay-gradient":""},"mobile":{"background-color":"","background-image":"","background-repeat":"repeat","background-position":"center center","background-size":"auto","background-attachment":"scroll","background-type":"","background-media":"","overlay-type":"","overlay-color":"","overlay-opacity":"","overlay-gradient":""}},"ast-content-background-meta":{"desktop":{"background-color":"var(--ast-global-color-4)","background-image":"","background-repeat":"repeat","background-position":"center center","background-size":"auto","background-attachment":"scroll","background-type":"","background-media":"","overlay-type":"","overlay-color":"","overlay-opacity":"","overlay-gradient":""},"tablet":{"background-color":"var(--ast-global-color-4)","background-image":"","background-repeat":"repeat","background-position":"center center","background-size":"auto","background-attachment":"scroll","background-type":"","background-media":"","overlay-type":"","overlay-color":"","overlay-opacity":"","overlay-gradient":""},"mobile":{"background-color":"var(--ast-global-color-4)","background-image":"","background-repeat":"repeat","background-position":"center center","background-size":"auto","background-attachment":"scroll","background-type":"","background-media":"","overlay-type":"","overlay-color":"","overlay-opacity":"","overlay-gradient":""}},"_price":"","_stock":"","_tribe_ticket_header":"","_tribe_default_ticket_provider":"","_tribe_ticket_capacity":"0","_ticket_start_date":"","_ticket_end_date":"","_tribe_ticket_show_description":"","_tribe_ticket_show_not_going":false,"_tribe_ticket_use_global_stock":"","_tribe_ticket_global_stock_level":"","_global_stock_mode":"","_global_stock_cap":"","_tribe_rsvp_for_event":"","_tribe_ticket_going_count":"","_tribe_ticket_not_going_count":"","_tribe_tickets_list":"[]","_tribe_ticket_has_attendee_info_fields":false,"footnotes":"","_tec_slr_enabled":"","_tec_slr_layout":""},"class_list":["post-6986","page","type-page","status-publish","hentry"],"acf":[],"ticketed":false,"_links":{"self":[{"href":"https:\/\/www.greenparty.ca\/fr\/wp-json\/wp\/v2\/pages\/6986","targetHints":{"allow":["GET"]}}],"collection":[{"href":"https:\/\/www.greenparty.ca\/fr\/wp-json\/wp\/v2\/pages"}],"about":[{"href":"https:\/\/www.greenparty.ca\/fr\/wp-json\/wp\/v2\/types\/page"}],"author":[{"embeddable":true,"href":"https:\/\/www.greenparty.ca\/fr\/wp-json\/wp\/v2\/users\/6"}],"replies":[{"embeddable":true,"href":"https:\/\/www.greenparty.ca\/fr\/wp-json\/wp\/v2\/comments?post=6986"}],"version-history":[{"count":11,"href":"https:\/\/www.greenparty.ca\/fr\/wp-json\/wp\/v2\/pages\/6986\/revisions"}],"predecessor-version":[{"id":18630,"href":"https:\/\/www.greenparty.ca\/fr\/wp-json\/wp\/v2\/pages\/6986\/revisions\/18630"}],"wp:attachment":[{"href":"https:\/\/www.greenparty.ca\/fr\/wp-json\/wp\/v2\/media?parent=6986"}],"curies":[{"name":"wp","href":"https:\/\/api.w.org\/{rel}","templated":true}]}}