{"id":6484,"date":"2025-02-10T21:50:15","date_gmt":"2025-02-11T02:50:15","guid":{"rendered":"https:\/\/www.greenparty.ca\/notre-histoire"},"modified":"2025-02-16T20:54:05","modified_gmt":"2025-02-17T01:54:05","slug":"notre-histoire","status":"publish","type":"page","link":"https:\/\/www.greenparty.ca\/fr\/notre-histoire","title":{"rendered":"Notre histoire"},"content":{"rendered":"\n<div style=\"--gpc-min-height:auto;--gpc-max-height:100%\" class=\"wp-block-gpc-wrapper wrapper wrapper-boxed a-padding-t-xlarge a-padding-b-none a-vertical-align-center\"><div class=\"inner-wrapper\">\n<h1 class=\"wp-block-heading has-text-align-center gpc-typography-secondary-xxxlarge gpc-bottom-gutter-none\" style=\"line-height:1\">Notre histoire<\/h1>\n<\/div><\/div>\n\n<div style=\"--gpc-min-height:auto;--gpc-max-height:100%\" class=\"wp-block-gpc-wrapper wrapper wrapper-narrow a-padding-t-medium a-padding-b-xxlarge a-vertical-align-center\"><div class=\"inner-wrapper\">\n<h2 class=\"wp-block-heading has-text-align-center gpc-typography-primary-xxlarge gpc-font-weight-bold gpc-bottom-gutter-md\">Nos d\u00e9buts<\/h2>\n\n\n\n<p class=\"\">Le mouvement vert est apparu dans les ann\u00e9es 1960 comme un rejet de la culture de consommation, favorisant la paix, la justice et la responsabilit\u00e9 environnementale. Bien que certains efforts de la base se soient essouffl\u00e9s, le mouvement n&rsquo;a fait que se renforcer, fa\u00e7onnant les valeurs fondamentales de la non-violence, de la justice sociale et de la pens\u00e9e \u00e9cologique.  <\/p>\n\n\n\n<p class=\"\">Le Parti vert du Canada a \u00e9t\u00e9 fond\u00e9 \u00e0 l&rsquo;universit\u00e9 de Carleton en 1983, marquant un tournant dans le paysage politique canadien. Sous la direction de Trevor Hancock, le Parti pr\u00e9sente 60 candidats aux \u00e9lections f\u00e9d\u00e9rales de 1984, gagnant ainsi en dynamisme et en notori\u00e9t\u00e9. <\/p>\n\n\n\n<div class=\"wp-block-gpc-grid grid grid-2 row-gap-2 column-gap-2 a-vertical-align-center no-reorder-tablet no-reorder-mobile no-stack-tablet  stack-mobile grid-2-2\">\n<div style=\"--gpc-max-width:100%\" class=\"wp-block-gpc-column alignfull  inner_col align-left\">\n<figure class=\"wp-block-image alignfull size-full\"><img loading=\"lazy\" decoding=\"async\" width=\"430\" height=\"430\" src=\"https:\/\/cdn.greenparty.ca\/wp-content\/uploads\/2025\/02\/Frame-13.png\" alt=\"\" class=\"wp-image-4982\" srcset=\"https:\/\/cdn.greenparty.ca\/wp-content\/uploads\/2025\/02\/Frame-13.png 430w, https:\/\/cdn.greenparty.ca\/wp-content\/uploads\/2025\/02\/Frame-13-300x300.png 300w, https:\/\/cdn.greenparty.ca\/wp-content\/uploads\/2025\/02\/Frame-13-150x150.png 150w\" sizes=\"auto, (max-width: 430px) 100vw, 430px\" \/><figcaption class=\"wp-element-caption\">Dr. Trevor Hancock, fondateur du Parti vert du Canada. <\/figcaption><\/figure>\n<\/div>\n\n\n\n<div style=\"--gpc-max-width:100%\" class=\"wp-block-gpc-column alignfull  inner_col align-left\">\n<figure class=\"wp-block-image alignfull size-full\"><img loading=\"lazy\" decoding=\"async\" width=\"430\" height=\"430\" src=\"https:\/\/cdn.greenparty.ca\/wp-content\/uploads\/2025\/02\/Frame-12.png\" alt=\"\" class=\"wp-image-4986\" srcset=\"https:\/\/cdn.greenparty.ca\/wp-content\/uploads\/2025\/02\/Frame-12.png 430w, https:\/\/cdn.greenparty.ca\/wp-content\/uploads\/2025\/02\/Frame-12-300x300.png 300w, https:\/\/cdn.greenparty.ca\/wp-content\/uploads\/2025\/02\/Frame-12-150x150.png 150w\" sizes=\"auto, (max-width: 430px) 100vw, 430px\" \/><figcaption class=\"wp-element-caption\">Logo d&rsquo;origine du Parti vert, repr\u00e9sentant un tournesol, 1984.<\/figcaption><\/figure>\n<\/div>\n<\/div>\n<\/div><\/div>\n\n<div style=\"--gpc-min-height:auto;--gpc-max-height:100%\" class=\"wp-block-gpc-wrapper wrapper wrapper-narrow a-padding-t-xxlarge a-padding-b-xxlarge a-vertical-align-center has-gpc-color-primary-dark-background-color has-background\"><div class=\"inner-wrapper\">\n<figure class=\"wp-block-image aligncenter size-full is-resized\"><img loading=\"lazy\" decoding=\"async\" width=\"2560\" height=\"2369\" src=\"https:\/\/cdn.greenparty.ca\/wp-content\/uploads\/2025\/02\/eb21ded261d4c5c2873532802cc41bc6-scaled.jpg\" alt=\"\" class=\"wp-image-5006\" style=\"width:657px\" srcset=\"https:\/\/cdn.greenparty.ca\/wp-content\/uploads\/2025\/02\/eb21ded261d4c5c2873532802cc41bc6-scaled.jpg 2560w, https:\/\/cdn.greenparty.ca\/wp-content\/uploads\/2025\/02\/eb21ded261d4c5c2873532802cc41bc6-300x278.jpg 300w, https:\/\/cdn.greenparty.ca\/wp-content\/uploads\/2025\/02\/eb21ded261d4c5c2873532802cc41bc6-1024x948.jpg 1024w, https:\/\/cdn.greenparty.ca\/wp-content\/uploads\/2025\/02\/eb21ded261d4c5c2873532802cc41bc6-768x711.jpg 768w, https:\/\/cdn.greenparty.ca\/wp-content\/uploads\/2025\/02\/eb21ded261d4c5c2873532802cc41bc6-1536x1421.jpg 1536w, https:\/\/cdn.greenparty.ca\/wp-content\/uploads\/2025\/02\/eb21ded261d4c5c2873532802cc41bc6-2048x1895.jpg 2048w\" sizes=\"auto, (max-width: 2560px) 100vw, 2560px\" \/><\/figure>\n<\/div><\/div>\n\n<div style=\"--gpc-min-height:auto;--gpc-max-height:100%\" class=\"wp-block-gpc-wrapper wrapper wrapper-narrow a-padding-t-none a-padding-b-none a-vertical-align-center\"><div class=\"inner-wrapper\">\n<p class=\"has-text-color has-link-color has-xsmall-font-size wp-elements-91a45061c2a91826644c681fd8f0a543\" style=\"color:#1a402e61;margin-top:0.5em;margin-bottom:1em\">La toute premi\u00e8re brochure du Parti vert du Canada, 1984.<\/p>\n<\/div><\/div>\n\n<div style=\"--gpc-min-height:auto;--gpc-max-height:100%\" class=\"wp-block-gpc-wrapper wrapper wrapper-narrow a-padding-t-xlarge a-padding-b-xxlarge a-vertical-align-center\"><div class=\"inner-wrapper\">\n<h2 class=\"wp-block-heading has-text-align-center gpc-typography-primary-xxlarge gpc-font-weight-bold gpc-bottom-gutter-md\">Perc\u00e9e<\/h2>\n\n\n\n<p class=\"\">Au d\u00e9but des ann\u00e9es 2000, les Verts ont connu une expansion spectaculaire, se pr\u00e9sentant dans les 308 circonscriptions en 2004 et obtenant 4,3% du vote populaire, d\u00e9passant ainsi le seuil de 2% requis pour le financement des partis selon les nouvelles r\u00e8gles d&rsquo;\u00c9lections Canada. Le message \u00e9tait clair : le Parti vert \u00e9tait l\u00e0 pour rester.  <\/p>\n\n\n\n<p class=\"gpc-bottom-gutter-none\">\u00c0 chaque \u00e9lection, de plus en plus de Canadiens d\u00e9cident de soutenir le Parti vert. En 2011, Elizabeth May a bris\u00e9 les barri\u00e8res en devenant la premi\u00e8re d\u00e9put\u00e9e verte \u00e9lue, battant un ministre conservateur en fonction. Sa victoire n\u2019\u00e9tait pas seulement symbolique, elle \u00e9tait un pr\u00e9sage positif pour l\u2019avenir. En 2012, elle a \u00e9t\u00e9 nomm\u00e9e parlementaire de l\u2019ann\u00e9e, prouvant que le leadership vert est plus qu\u2019un mouvement, il s\u2019agit d\u2019une force dans l\u2019ar\u00e8ne politique canadienne.    <strong>Et ce n&rsquo;est que le d\u00e9but.<\/strong><\/p>\n<\/div><\/div>\n\n<div style=\"--gpc-min-height:auto;--gpc-max-height:100%\" class=\"wp-block-gpc-wrapper wrapper wrapper-full a-padding-t-none a-padding-b-none a-vertical-align-center\"><div class=\"inner-wrapper\">\n<figure class=\"wp-block-image alignfull size-full\"><img decoding=\"async\" src=\"https:\/\/cdn.greenparty.ca\/wp-content\/uploads\/2025\/02\/GREENPARTY-PA-48137299.webp\" alt=\"\" class=\"wp-image-6526\"\/><figcaption class=\"wp-element-caption\">Parti vert d&rsquo;Angleterre et du Pays de Galles, 2019.<\/figcaption><\/figure>\n<\/div><\/div>\n\n<div style=\"--gpc-min-height:auto;--gpc-max-height:100%\" class=\"wp-block-gpc-wrapper wrapper wrapper-narrow a-padding-t-xlarge a-padding-b-xlarge a-vertical-align-center\"><div class=\"inner-wrapper\">\n<h2 class=\"wp-block-heading has-text-align-center gpc-typography-primary-xxlarge gpc-font-weight-bold gpc-bottom-gutter-md\">Un mouvement plan\u00e9taire<\/h2>\n\n\n\n<p class=\"\">Le premier Parti vert f\u00e9d\u00e9ral au monde, le Values Party de Nouvelle-Z\u00e9lande, est apparu au d\u00e9but des ann\u00e9es 1970, d\u00e9clenchant une \u00e9volution mondiale en politique environnementale. Peu apr\u00e8s, le Parti vert britannique et le Parti allemand Die Gr\u00fcnen ont suivi, d\u00e9jouant les pronostics en franchissant le seuil des cinq pour cent des voix et en obtenant des si\u00e8ges au parlement \u00e0 la fin des ann\u00e9es 1970. Avec cette perc\u00e9e, la politique verte n&rsquo;\u00e9tait plus une id\u00e9e marginale, mais une force politique en plein essor.   <\/p>\n\n\n\n<p class=\"gpc-bottom-gutter-none\">Aujourd&rsquo;hui, ce mouvement est devenu mondial. Plus de 100 partis verts existent aujourd&rsquo;hui dans le monde, avec des repr\u00e9sentants \u00e9lus dans des pays tels que l&rsquo;Australie, le Mexique, la Nouvelle-Z\u00e9lande, l&rsquo;Italie, la France, l&rsquo;Allemagne et la Finlande. Ce qui n&rsquo;\u00e9tait au d\u00e9part qu&rsquo;un ensemble de petits mouvements locaux est devenu une force politique internationale puissante qui continue de fa\u00e7onner l&rsquo;avenir.  <\/p>\n<\/div><\/div>\n\n<div style=\"--gpc-min-height:auto;--gpc-max-height:100%\" class=\"wp-block-gpc-wrapper wrapper wrapper-narrow a-padding-t-none a-padding-b-xlarge a-vertical-align-center\"><div class=\"inner-wrapper\">\n<div style=\"--gpc-max-width:657px\" class=\"wp-block-gpc-column aligncenter  inner_col align-left\">\n<figure class=\"wp-block-image alignfull size-full\"><img loading=\"lazy\" decoding=\"async\" width=\"1200\" height=\"798\" src=\"https:\/\/cdn.greenparty.ca\/wp-content\/uploads\/2025\/02\/20200708_parliamentwestblock_elizabethmay_0001.webp\" alt=\"\" class=\"wp-image-6513\" srcset=\"https:\/\/cdn.greenparty.ca\/wp-content\/uploads\/2025\/02\/20200708_parliamentwestblock_elizabethmay_0001.webp 1200w, https:\/\/cdn.greenparty.ca\/wp-content\/uploads\/2025\/02\/20200708_parliamentwestblock_elizabethmay_0001-300x200.webp 300w, https:\/\/cdn.greenparty.ca\/wp-content\/uploads\/2025\/02\/20200708_parliamentwestblock_elizabethmay_0001-1024x681.webp 1024w, https:\/\/cdn.greenparty.ca\/wp-content\/uploads\/2025\/02\/20200708_parliamentwestblock_elizabethmay_0001-768x511.webp 768w\" sizes=\"auto, (max-width: 1200px) 100vw, 1200px\" \/><\/figure>\n<\/div>\n\n\n\n<h2 class=\"wp-block-heading has-text-align-center gpc-typography-primary-xxlarge gpc-font-weight-bold gpc-top-gutter-md gpc-bottom-gutter-md\">Un mouvement dirig\u00e9 par des femmes<\/h2>\n\n\n\n<p class=\"\">L&rsquo;histoire des partis verts dans le monde a \u00e9t\u00e9 fa\u00e7onn\u00e9e et dirig\u00e9e par des femmes. Petra Kelly a cofond\u00e9 le Parti allemand Die Gr\u00fcnen, le premier Parti vert \u00e0 avoir acquis une notori\u00e9t\u00e9 nationale. Au Kenya, Wangari Maathai a lanc\u00e9 le mouvement de la ceinture verte, qui a permis aux femmes de s&rsquo;\u00e9manciper gr\u00e2ce \u00e0 l&rsquo;activisme environnemental et leur a valu le prix Nobel de la paix en 2004.  <br\/><br\/>Les femmes ont \u00e9galement franchi des barri\u00e8res dans les syst\u00e8mes uninominaux \u00e0 un tour. Caroline Lucas est devenue la premi\u00e8re d\u00e9put\u00e9e verte \u00e9lue au Royaume-Uni en 2010. Au Canada, Elizabeth May est entr\u00e9e dans l&rsquo;histoire en 2011 en devenant la premi\u00e8re d\u00e9put\u00e9e verte et reste la seule femme chef de parti du pays. Adriane Carr est devenue la premi\u00e8re verte \u00e9lue au conseil municipal de Vancouver, tandis que Sonia Furstenau et Naomi Hunter ont dirig\u00e9 des partis verts provinciaux.   <br\/><br\/>Du militantisme partisan au leadership national, les femmes continuent d&rsquo;\u00eatre la force motrice du mouvement vert, fa\u00e7onnant un avenir plus juste et plus durable.<\/p>\n<\/div><\/div>\n\n<div style=\"--gpc-min-height:auto;--gpc-max-height:100%\" class=\"wp-block-gpc-wrapper wrapper wrapper-narrow a-padding-t-none a-padding-b-xlarge a-vertical-align-center\"><div class=\"inner-wrapper\">\n<figure class=\"wp-block-image aligncenter size-large is-resized\"><img loading=\"lazy\" decoding=\"async\" width=\"429\" height=\"391\" src=\"https:\/\/cdn.greenparty.ca\/wp-content\/uploads\/2025\/02\/Livello_1-2.svg\" alt=\"\" class=\"wp-image-4934\" style=\"width:252px\"\/><\/figure>\n\n\n\n<h2 class=\"wp-block-heading has-text-align-center gpc-typography-primary-xxlarge gpc-font-weight-bold gpc-top-gutter-md gpc-bottom-gutter-md\">40 ans de changement audacieux<\/h2>\n\n\n\n<p class=\"\">Ce qui n&rsquo;\u00e9tait au d\u00e9part qu&rsquo;un petit mouvement est devenu une force politique nationale. Nous avons ouvert la voie \u00e0 certaines des avanc\u00e9es les plus significatives du Canada, en \u00e9tant les premiers \u00e0 proposer la l\u00e9galisation du mariage pour tous, la r\u00e9forme \u00e9lectorale et des protections environnementales r\u00e9volutionnaires. Nous avons combattu la cupidit\u00e9 des entreprises, d\u00e9fendu les droits des Autochtones et d\u00e9fendu l&rsquo;\u00e9nergie propre, les salaires \u00e9quitables et le logement abordable bien avant que les autres partis ne s\u2019int\u00e9ressent \u00e0 ces enjeux.  <br\/><br\/>Malgr\u00e9 un syst\u00e8me \u00e9lectoral injuste, nous avons r\u00e9ussi \u00e0 marquer l\u2019histoire. Plus d\u2019un million de Canadiens ont vot\u00e9 vert en 2019. Avec des d\u00e9put\u00e9s \u00e9lus dans plusieurs provinces, nous ne faisons pas que cro\u00eetre, nous fa\u00e7onnons l\u2019avenir. Elizabeth May a accompli ce que peu de d\u00e9put\u00e9s ont r\u00e9ussi \u00e0 faire, en faisant adopter trois projets de loi.    <a href=\"https:\/\/www.greenparty.ca\/fr\/elizabeth\" data-type=\"page\" data-id=\"2420\">Lisez sa biographie compl\u00e8te ici.<\/a><br\/><br\/>Depuis 40 ans, nous montrons que la politique ne se r\u00e9sume pas au pouvoir, mais qu&rsquo;elle peut \u00eatre au service des gens et de la plan\u00e8te. Les d\u00e9fis \u00e0 venir sont importants, mais notre vision de l&rsquo;avenir l&rsquo;est tout autant. Le prochain chapitre de l&rsquo;histoire des Verts s&rsquo;\u00e9crit en ce moment m\u00eame.  <\/p>\n<\/div><\/div>\n\n<div style=\"--gpc-min-height:auto;--gpc-max-height:100%\" class=\"wp-block-gpc-wrapper wrapper wrapper-boxed a-padding-t-none a-padding-b-xxlarge a-vertical-align-center inline-form all-left-form\"><div class=\"inner-wrapper\">\n<div style=\"--box-padding-y:4.6875rem;--box-padding-x:4.6875rem;--box-max-width:55%;--box-min-height:507px;border-radius:25px\" class=\"wp-block-gpc-ctabox  gpc-cta-box hidden-labels form-btn-secondary has-gpc-color-misc-2-background-color has-background\"><div class=\"box-wrapper\"><div class=\"box-content\">\n<div style=\"--gpc-max-width:547px\" class=\"wp-block-gpc-column  inner_col align-left\">\n<h2 class=\"wp-block-heading gpc-typography-secondary-xxlarge gpc-font-weight-semibold gpc-bottom-gutter-none\"><span class=\"gpc-text-color-dark\">Partagez-vous les m\u00eames valeurs?<\/span><\/h2>\n<\/div>\n\n\n\n<div style=\"--gpc-max-width:370px\" class=\"wp-block-gpc-column alignfull  inner_col align-left\">\n<p class=\"gpc-top-gutter-sm gpc-bottom-gutter-sm\">Quand nous nous rassemblons, rien n\u2019est impossible. Rejoignez le mouvement.<\/p>\n<\/div>\n\n\n<form class=\"af-form acf-form\" method=\"POST\" action=\"https:\/\/www.greenparty.ca\/fr\/wp-json\/wp\/v2\/pages\/6484\" id=\"form_678d9cbd8da3a\" data-key=\"form_678d9cbd8da3a\"><div class=\"af-fields acf-fields acf-form-fields -top\">\t<div id=\"acf-form-data\" class=\"acf-hidden\">\n\t\t<input type=\"hidden\" id=\"_acf_screen\" name=\"_acf_screen\" value=\"acf_form\"\/><input type=\"hidden\" id=\"_acf_post_id\" name=\"_acf_post_id\" value=\"0\"\/><input type=\"hidden\" id=\"_acf_validation\" name=\"_acf_validation\" value=\"1\"\/><input type=\"hidden\" id=\"_acf_form\" name=\"_acf_form\" value=\"0\"\/><input type=\"hidden\" id=\"_acf_nonce\" name=\"_acf_nonce\" value=\"40dc41e62e\"\/><input type=\"hidden\" id=\"_acf_changed\" name=\"_acf_changed\" value=\"0\"\/>\t<\/div>\n\t<div class=\"acf-hidden\"><input type=\"hidden\" name=\"_acfnonce\" value=\"0584c6c286\"><input type=\"hidden\" name=\"nonce\" value=\"0584c6c286\"><input type=\"hidden\" name=\"af_form\" value=\"form_678d9cbd8da3a\"><input type=\"hidden\" name=\"af_form_args\" value=\"eyJhamF4IjpmYWxzZSwiZGlzcGxheV90aXRsZSI6ZmFsc2UsImRpc3BsYXlfZGVzY3JpcHRpb24iOmZhbHNlLCJpZCI6ImZvcm1fNjc4ZDljYmQ4ZGEzYSIsInZhbHVlcyI6W10sInN1Ym1pdF90ZXh0IjoiU1x1MjAxOWluc2NyaXJlIiwicmVkaXJlY3QiOm51bGwsInRhcmdldCI6Imh0dHBzOlwvXC93d3cuZ3JlZW5wYXJ0eS5jYVwvZnJcL3dwLWpzb25cL3dwXC92MlwvcGFnZXNcLzY0ODQiLCJlY2hvIjp0cnVlLCJleGNsdWRlX2ZpZWxkcyI6W10sInVwbG9hZGVyIjoid3AiLCJmaWx0ZXJfbW9kZSI6ZmFsc2UsImxhYmVsX3BsYWNlbWVudCI6InRvcCIsImluc3RydWN0aW9uX3BsYWNlbWVudCI6ImxhYmVsIiwiaG9uZXlwb3QiOnRydWV9\"><input type=\"hidden\" name=\"_acf_form\" value=\"eyJhamF4IjpmYWxzZSwiZGlzcGxheV90aXRsZSI6ZmFsc2UsImRpc3BsYXlfZGVzY3JpcHRpb24iOmZhbHNlLCJpZCI6ImZvcm1fNjc4ZDljYmQ4ZGEzYSIsInZhbHVlcyI6W10sInN1Ym1pdF90ZXh0IjoiU1x1MjAxOWluc2NyaXJlIiwicmVkaXJlY3QiOm51bGwsInRhcmdldCI6Imh0dHBzOlwvXC93d3cuZ3JlZW5wYXJ0eS5jYVwvZnJcL3dwLWpzb25cL3dwXC92MlwvcGFnZXNcLzY0ODQiLCJlY2hvIjp0cnVlLCJleGNsdWRlX2ZpZWxkcyI6W10sInVwbG9hZGVyIjoid3AiLCJmaWx0ZXJfbW9kZSI6ZmFsc2UsImxhYmVsX3BsYWNlbWVudCI6InRvcCIsImluc3RydWN0aW9uX3BsYWNlbWVudCI6ImxhYmVsIiwiaG9uZXlwb3QiOnRydWV9\"><input type=\"hidden\" name=\"af_form_nonce\" value=\"5c4fbfef7d\"><label for=\"af_email_for_non_humans_form_678d9cbd8da3a\" aria-hidden=\"true\">Email for non-humans<\/label><input type=\"text\" name=\"email_for_non_humans\" id=\"af_email_for_non_humans_form_678d9cbd8da3a\" tabindex=\"-1\" autocomplete=\"off\" \/><input type=\"hidden\" name=\"af_origin_url\" value=\"https:\/\/www.greenparty.ca\/fr\/wp-json\/wp\/v2\/pages\/6484\" \/><input type=\"hiddden\" name=\"language\" value=\"fr\"><input type=\"hidden\" name=\"civicrm_tag_id\" value=\"0\"><\/><input type=\"hidden\" name=\"activity_subject\" value=\"\"><\/input><\/div><div class=\"af-field af-field-type-email af-field-email-address acf-field acf-field-email acf-field-678d7ca73052e\" data-name=\"email_address\" data-key=\"field_678d7ca73052e\" data-type=\"email\"><div class=\"af-label acf-label\"><label for=\"acf-field_678d7ca73052e\">Adresse Courriel<\/label><\/div><div class=\"af-input acf-input\"><div class=\"acf-input-wrap\"><input type=\"email\" id=\"acf-field_678d7ca73052e\" name=\"acf[field_678d7ca73052e]\" placeholder=\"Adresse Courriel\"\/><\/div><\/div><\/div><div class=\"af-field af-field-type-text af-field-postal-code acf-field acf-field-text acf-field-678d7cc13052f\" data-name=\"postal_code\" data-key=\"field_678d7cc13052f\" data-type=\"text\"><div class=\"af-label acf-label\"><label for=\"acf-field_678d7cc13052f\">Code postal<\/label><\/div><div class=\"af-input acf-input\"><div class=\"acf-input-wrap\"><input type=\"text\" id=\"acf-field_678d7cc13052f\" name=\"acf[field_678d7cc13052f]\" placeholder=\"Code postal\"\/><\/div><\/div><\/div><div class=\"af-submit acf-form-submit\"><button type=\"submit\" class=\"acf-button af-submit-button\">S\u2019inscrire<\/button><span class=\"acf-spinner af-spinner\"><\/span><\/div><\/div><\/form><\/div><div class=\"box-img\"><img decoding=\"async\" src=\"https:\/\/cdn.greenparty.ca\/wp-content\/uploads\/2025\/02\/join-the-movement-large.svg\" alt=\"\"\/><\/div><\/div><\/div>\n<\/div><\/div>\n","protected":false},"excerpt":{"rendered":"","protected":false},"author":1,"featured_media":0,"parent":0,"menu_order":0,"comment_status":"closed","ping_status":"closed","template":"page-templates\/full-width-template.php","meta":{"_acf_changed":false,"inline_featured_image":false,"site-sidebar-layout":"default","site-content-layout":"","ast-site-content-layout":"","site-content-style":"default","site-sidebar-style":"default","ast-global-header-display":"","ast-banner-title-visibility":"","ast-main-header-display":"","ast-hfb-above-header-display":"","ast-hfb-below-header-display":"","ast-hfb-mobile-header-display":"","site-post-title":"disabled","ast-breadcrumbs-content":"","ast-featured-img":"","footer-sml-layout":"","ast-disable-related-posts":"","theme-transparent-header-meta":"","adv-header-id-meta":"","stick-header-meta":"","header-above-stick-meta":"","header-main-stick-meta":"","header-below-stick-meta":"","astra-migrate-meta-layouts":"default","ast-page-background-enabled":"default","ast-page-background-meta":{"desktop":{"background-color":"var(--ast-global-color-5)","background-image":"","background-repeat":"repeat","background-position":"center center","background-size":"auto","background-attachment":"scroll","background-type":"","background-media":"","overlay-type":"","overlay-color":"","overlay-opacity":"","overlay-gradient":""},"tablet":{"background-color":"","background-image":"","background-repeat":"repeat","background-position":"center center","background-size":"auto","background-attachment":"scroll","background-type":"","background-media":"","overlay-type":"","overlay-color":"","overlay-opacity":"","overlay-gradient":""},"mobile":{"background-color":"","background-image":"","background-repeat":"repeat","background-position":"center center","background-size":"auto","background-attachment":"scroll","background-type":"","background-media":"","overlay-type":"","overlay-color":"","overlay-opacity":"","overlay-gradient":""}},"ast-content-background-meta":{"desktop":{"background-color":"var(--ast-global-color-4)","background-image":"","background-repeat":"repeat","background-position":"center center","background-size":"auto","background-attachment":"scroll","background-type":"","background-media":"","overlay-type":"","overlay-color":"","overlay-opacity":"","overlay-gradient":""},"tablet":{"background-color":"var(--ast-global-color-4)","background-image":"","background-repeat":"repeat","background-position":"center center","background-size":"auto","background-attachment":"scroll","background-type":"","background-media":"","overlay-type":"","overlay-color":"","overlay-opacity":"","overlay-gradient":""},"mobile":{"background-color":"var(--ast-global-color-4)","background-image":"","background-repeat":"repeat","background-position":"center center","background-size":"auto","background-attachment":"scroll","background-type":"","background-media":"","overlay-type":"","overlay-color":"","overlay-opacity":"","overlay-gradient":""}},"_price":"","_stock":"","_tribe_ticket_header":"","_tribe_default_ticket_provider":"","_tribe_ticket_capacity":"0","_ticket_start_date":"","_ticket_end_date":"","_tribe_ticket_show_description":"","_tribe_ticket_show_not_going":false,"_tribe_ticket_use_global_stock":"","_tribe_ticket_global_stock_level":"","_global_stock_mode":"","_global_stock_cap":"","_tribe_rsvp_for_event":"","_tribe_ticket_going_count":"","_tribe_ticket_not_going_count":"","_tribe_tickets_list":"[]","_tribe_ticket_has_attendee_info_fields":false,"footnotes":"","_tec_slr_enabled":"","_tec_slr_layout":""},"class_list":["post-6484","page","type-page","status-publish","hentry"],"acf":[],"ticketed":false,"_links":{"self":[{"href":"https:\/\/www.greenparty.ca\/fr\/wp-json\/wp\/v2\/pages\/6484","targetHints":{"allow":["GET"]}}],"collection":[{"href":"https:\/\/www.greenparty.ca\/fr\/wp-json\/wp\/v2\/pages"}],"about":[{"href":"https:\/\/www.greenparty.ca\/fr\/wp-json\/wp\/v2\/types\/page"}],"author":[{"embeddable":true,"href":"https:\/\/www.greenparty.ca\/fr\/wp-json\/wp\/v2\/users\/1"}],"replies":[{"embeddable":true,"href":"https:\/\/www.greenparty.ca\/fr\/wp-json\/wp\/v2\/comments?post=6484"}],"version-history":[{"count":8,"href":"https:\/\/www.greenparty.ca\/fr\/wp-json\/wp\/v2\/pages\/6484\/revisions"}],"predecessor-version":[{"id":7479,"href":"https:\/\/www.greenparty.ca\/fr\/wp-json\/wp\/v2\/pages\/6484\/revisions\/7479"}],"wp:attachment":[{"href":"https:\/\/www.greenparty.ca\/fr\/wp-json\/wp\/v2\/media?parent=6484"}],"curies":[{"name":"wp","href":"https:\/\/api.w.org\/{rel}","templated":true}]}}