{"id":6392,"date":"2025-02-02T18:06:15","date_gmt":"2025-02-02T23:06:15","guid":{"rendered":"https:\/\/www.greenparty.ca\/le-mouvement"},"modified":"2025-02-16T20:56:39","modified_gmt":"2025-02-17T01:56:39","slug":"le-mouvement","status":"publish","type":"page","link":"https:\/\/www.greenparty.ca\/fr\/le-mouvement","title":{"rendered":"Le mouvement"},"content":{"rendered":"\n<div style=\"--gpc-min-height:100vh;--gpc-max-height:100%\" class=\"wp-block-gpc-wrapper wrapper wrapper-boxed a-padding-t-medium a-padding-b-large a-vertical-align-center has-gpc-color-primary-background-color has-background\"><div class=\"inner-wrapper\">\n<figure class=\"wp-block-image aligncenter size-large is-resized\"><img loading=\"lazy\" decoding=\"async\" width=\"282\" height=\"340\" src=\"https:\/\/cdn.greenparty.ca\/wp-content\/uploads\/2025\/02\/Livello_1.svg\" alt=\"\" class=\"wp-image-4310\" style=\"object-fit:contain;width:282px;height:340px\"\/><\/figure>\n\n\n\n<h1 class=\"wp-block-heading has-text-align-center gpc-typography-secondary-xxxlarge gpc-font-weight-bold gpc-top-gutter-md gpc-bottom-gutter-md\" style=\"line-height:0.9\"><span class=\"gpc-text-color-dark\">Le mouvement<\/span><\/h1>\n\n\n\n<div style=\"--gpc-min-height:auto;--gpc-max-height:100%\" class=\"wp-block-gpc-wrapper wrapper wrapper-narrow a-padding-t-none a-padding-b-none a-vertical-align-center\"><div class=\"inner-wrapper\">\n<p class=\"has-text-align-center gpc-typography-secondary-large gpc-font-weight-regular gpc-top-gutter-none gpc-bottom-gutter-none\">Nous sommes plus qu\u2019un parti politique : nous sommes un mouvement anim\u00e9 par des gens comme vous, qui travaillent ensemble pour b\u00e2tir une soci\u00e9t\u00e9 juste et durable.<\/p>\n<\/div><\/div>\n<\/div><\/div>\n\n<div style=\"--gpc-min-height:auto;--gpc-max-height:100%\" class=\"wp-block-gpc-wrapper wrapper wrapper-wide a-padding-t-xxlarge a-padding-b-xxlarge a-vertical-align-center\"><div class=\"inner-wrapper\">\n<figure class=\"wp-block-image aligncenter size-full\"><img loading=\"lazy\" decoding=\"async\" width=\"176\" height=\"176\" src=\"https:\/\/cdn.greenparty.ca\/wp-content\/uploads\/2025\/02\/Untitled.png\" alt=\"\" class=\"wp-image-4312\" srcset=\"https:\/\/cdn.greenparty.ca\/wp-content\/uploads\/2025\/02\/Untitled.png 176w, https:\/\/cdn.greenparty.ca\/wp-content\/uploads\/2025\/02\/Untitled-150x150.png 150w\" sizes=\"auto, (max-width: 176px) 100vw, 176px\" \/><\/figure>\n\n\n\n<h2 class=\"wp-block-heading has-text-align-center gpc-typography-primary-xxlarge gpc-font-weight-bold gpc-top-gutter-md gpc-bottom-gutter-md\">Nos d\u00e9buts<\/h2>\n\n\n\n<p class=\"has-text-align-center gpc-typography-secondary-large gpc-font-weight-regular gpc-bottom-gutter-md\">Il y a quatre d\u00e9cennies, le mouvement vert prenait racine dans la politique f\u00e9d\u00e9rale canadienne, d\u00e9clenchant une r\u00e9volution en mati\u00e8re de leadership, de d\u00e9mocratie et de gestion de l\u2019environnement.<\/p>\n\n\n\n<div class=\"wp-block-buttons is-content-justification-center is-layout-flex wp-container-core-buttons-is-layout-a89b3969 wp-block-buttons-is-layout-flex\">\n<div class=\"wp-block-button\"><a class=\"wp-block-button__link wp-element-button\" href=\"https:\/\/www.greenparty.ca\/fr\/notre-histoire\">Notre histoire<\/a><\/div>\n<\/div>\n<\/div><\/div>\n\n<div style=\"--gpc-min-height:auto;--gpc-max-height:100%\" class=\"wp-block-gpc-wrapper wrapper wrapper-boxed a-padding-t-none a-padding-b-xxlarge a-vertical-align-center\"><div class=\"inner-wrapper\">\n<div style=\"--box-padding-y:3.125rem;--box-padding-x:3.125rem;--box-max-width:80%;--box-min-height:634px;border-radius:25px\" class=\"wp-block-gpc-ctabox  gpc-cta-box stack-img has-gpc-color-misc-2-background-color has-background\"><div class=\"box-wrapper\"><div class=\"box-content\">\n<h2 class=\"wp-block-heading gpc-typography-primary-xxlarge gpc-font-weight-bold gpc-top-gutter-sm gpc-bottom-gutter-none\">Notre \u00e9quipe<\/h2>\n\n\n\n<p class=\"gpc-top-gutter-sm gpc-bottom-gutter-sm\">Nos d\u00e9put\u00e9s se battent pour un Canada plus vert, plus juste et plus d\u00e9mocratique.<\/p>\n\n\n\n<div class=\"wp-block-buttons is-layout-flex wp-block-buttons-is-layout-flex\">\n<div class=\"wp-block-button\"><a class=\"wp-block-button__link wp-element-button\" href=\"https:\/\/www.greenparty.ca\/fr\/notre-equipe\">Notre \u00e9quipe<\/a><\/div>\n<\/div>\n<\/div><div class=\"box-img\"><img decoding=\"async\" src=\"https:\/\/cdn.greenparty.ca\/wp-content\/uploads\/2025\/02\/Layer_1.svg\" alt=\"\"\/><\/div><\/div><\/div>\n<\/div><\/div>\n\n<div style=\"--gpc-min-height:auto;--gpc-max-height:100%\" class=\"wp-block-gpc-wrapper wrapper wrapper-boxed a-padding-t-xxlarge a-padding-b-none a-vertical-align-center has-gpc-color-white-background-color has-background\"><div class=\"inner-wrapper\">\n<h2 class=\"wp-block-heading has-text-align-center gpc-typography-primary-xxlarge gpc-font-weight-bold\">Nos valeurs<\/h2>\n\n\n\n<div style=\"--gpc-max-width:612px\" class=\"wp-block-gpc-column aligncenter  inner_col align-left\">\n<p class=\"has-text-align-center gpc-typography-secondary-medium gpc-font-weight-light gpc-top-gutter-xs gpc-bottom-gutter-md\">Les partis verts du monde entier partagent six valeurs communes et nos politiques sont bas\u00e9es sur ces principes fondamentaux.<\/p>\n<\/div>\n\n\n\n<div style=\"--gpc-max-width:100%\" class=\"wp-block-gpc-column  inner_col align-left hide-mobile\">\n<p class=\"has-text-align-center has-gpc-alternate-font-family gpc-bottom-gutter-none\" style=\"font-size:7.19rem;font-style:normal;font-weight:300;line-height:0.95\"><span class=\"gpc-text-color-primary\">Durabilit\u00e9<\/span><\/p>\n\n\n\n<p class=\"has-text-align-center has-gpc-alternate-font-family gpc-bottom-gutter-none\" style=\"font-size:7.19rem;font-style:normal;font-weight:300;line-height:0.95\">Non-violence<\/p>\n\n\n\n<div class=\"wp-block-gpc-row gpc-row undefined row-gap-0 column-gap-0 a-vertical-align-center  justify-center tablet-justify-center mobile-justify-center\">\n<div style=\"--gpc-max-width:100%\" class=\"wp-block-gpc-column  inner_col align-left\">\n<p class=\"has-text-align-center has-gpc-alternate-font-family gpc-bottom-gutter-none\" style=\"font-size:7.19rem;font-style:normal;font-weight:300;line-height:0.95\"><span class=\"gpc-text-color-primary\">Justice sociale<\/span><\/p>\n<\/div>\n\n\n\n<div style=\"--gpc-max-width:100%\" class=\"wp-block-gpc-column  inner_col align-left\">\n<figure class=\"wp-block-image alignright size-large is-resized\"><img loading=\"lazy\" decoding=\"async\" width=\"429\" height=\"391\" src=\"https:\/\/cdn.greenparty.ca\/wp-content\/uploads\/2025\/02\/Livello_1-2.svg\" alt=\"\" class=\"wp-image-4934\" style=\"width:91px\"\/><\/figure>\n<\/div>\n<\/div>\n\n\n\n<p class=\"has-text-align-center has-gpc-alternate-font-family gpc-bottom-gutter-none\" style=\"font-size:7.19rem;font-style:normal;font-weight:300;line-height:0.95\">Respect de la diversit\u00e9<\/p>\n\n\n\n<div class=\"wp-block-gpc-row gpc-row undefined row-gap-0 column-gap-0 a-vertical-align-center  justify-center tablet-justify-center mobile-justify-center\">\n<div style=\"--gpc-max-width:100%\" class=\"wp-block-gpc-column  inner_col align-left\">\n<figure class=\"wp-block-image alignright size-large is-resized\"><img loading=\"lazy\" decoding=\"async\" width=\"269\" height=\"262\" src=\"https:\/\/cdn.greenparty.ca\/wp-content\/uploads\/2025\/01\/Layer_13.svg\" alt=\"\" class=\"wp-image-1630\" style=\"width:91px\"\/><\/figure>\n<\/div>\n\n\n\n<div style=\"--gpc-max-width:100%\" class=\"wp-block-gpc-column  inner_col align-left\">\n<p class=\"has-text-align-center has-gpc-alternate-font-family gpc-bottom-gutter-none\" style=\"font-size:7.19rem;font-style:normal;font-weight:300;line-height:0.95\"><span class=\"gpc-text-color-primary\">Sagesse \u00e9cologique<\/span><\/p>\n<\/div>\n<\/div>\n\n\n\n<p class=\"has-text-align-center has-gpc-alternate-font-family gpc-bottom-gutter-sm\" style=\"font-size:7.19rem;font-style:normal;font-weight:300;line-height:0.95\">D\u00e9mocratie participative<\/p>\n\n\n\n<figure class=\"wp-block-image aligncenter size-large is-resized\"><img loading=\"lazy\" decoding=\"async\" width=\"53\" height=\"70\" src=\"https:\/\/cdn.greenparty.ca\/wp-content\/uploads\/2025\/01\/Vector.svg\" alt=\"\" class=\"wp-image-2234\" style=\"width:68px\"\/><\/figure>\n<\/div>\n\n\n\n<div style=\"--gpc-max-width:100%\" class=\"wp-block-gpc-column  inner_col align-left hide-desktop hide-tablet\">\n<p class=\"has-text-align-center has-gpc-alternate-font-family gpc-bottom-gutter-none\" style=\"font-size:2.5rem;font-style:normal;font-weight:300;line-height:0.95\"><span class=\"gpc-text-color-primary\">Durabilit\u00e9<\/span><\/p>\n\n\n\n<p class=\"has-text-align-center has-gpc-alternate-font-family gpc-bottom-gutter-none\" style=\"font-size:2.5rem;font-style:normal;font-weight:300;line-height:0.95\">Non-violence<\/p>\n\n\n\n<div class=\"wp-block-gpc-row gpc-row undefined row-gap-0 column-gap-0 a-vertical-align-center  justify-center tablet-justify-center mobile-justify-center\">\n<div style=\"--gpc-max-width:100%\" class=\"wp-block-gpc-column  inner_col align-left\">\n<p class=\"has-text-align-center has-gpc-alternate-font-family gpc-bottom-gutter-none\" style=\"font-size:2.5rem;font-style:normal;font-weight:300;line-height:0.95\"><span class=\"gpc-text-color-primary\">Justice sociale<\/span><\/p>\n<\/div>\n\n\n\n<div style=\"--gpc-max-width:100%\" class=\"wp-block-gpc-column  inner_col align-left\">\n<figure class=\"wp-block-image alignright size-large is-resized\"><img loading=\"lazy\" decoding=\"async\" width=\"429\" height=\"391\" src=\"https:\/\/cdn.greenparty.ca\/wp-content\/uploads\/2025\/02\/Livello_1-2.svg\" alt=\"\" class=\"wp-image-4934\" style=\"width:30px\"\/><\/figure>\n<\/div>\n<\/div>\n\n\n\n<p class=\"has-text-align-center has-gpc-alternate-font-family gpc-bottom-gutter-none\" style=\"font-size:2.5rem;font-style:normal;font-weight:300;line-height:0.95\">Respect de la diversit\u00e9<\/p>\n\n\n\n<div class=\"wp-block-gpc-row gpc-row undefined row-gap-0 column-gap-0 a-vertical-align-center  justify-center tablet-justify-center mobile-justify-center\">\n<div style=\"--gpc-max-width:100%\" class=\"wp-block-gpc-column  inner_col align-left\">\n<figure class=\"wp-block-image alignright size-large is-resized\"><img loading=\"lazy\" decoding=\"async\" width=\"269\" height=\"262\" src=\"https:\/\/cdn.greenparty.ca\/wp-content\/uploads\/2025\/01\/Layer_13.svg\" alt=\"\" class=\"wp-image-1630\" style=\"width:30px\"\/><\/figure>\n<\/div>\n\n\n\n<div style=\"--gpc-max-width:100%\" class=\"wp-block-gpc-column  inner_col align-left\">\n<p class=\"has-text-align-center has-gpc-alternate-font-family gpc-bottom-gutter-none\" style=\"font-size:2.5rem;font-style:normal;font-weight:300;line-height:0.95\"><span class=\"gpc-text-color-primary\">Sagesse \u00e9cologique<\/span><\/p>\n<\/div>\n<\/div>\n\n\n\n<p class=\"has-text-align-center has-gpc-alternate-font-family gpc-bottom-gutter-sm\" style=\"font-size:2.5rem;font-style:normal;font-weight:300;line-height:0.95\">D\u00e9mocratie participative<\/p>\n\n\n\n<figure class=\"wp-block-image aligncenter size-large is-resized\"><img loading=\"lazy\" decoding=\"async\" width=\"53\" height=\"70\" src=\"https:\/\/cdn.greenparty.ca\/wp-content\/uploads\/2025\/01\/Vector.svg\" alt=\"\" class=\"wp-image-2234\" style=\"width:68px\"\/><\/figure>\n<\/div>\n<\/div><\/div>\n\n<div style=\"--gpc-min-height:auto;--gpc-max-height:100%\" class=\"wp-block-gpc-wrapper wrapper wrapper-boxed a-padding-t-medium a-padding-b-xxlarge a-vertical-align-center values-section has-gpc-color-white-background-color has-background\"><div class=\"inner-wrapper\">\n<div class=\"wp-block-gpc-grid grid grid-3 row-gap-2 column-gap-2 a-vertical-align-center no-reorder-tablet reorder-mobile no-stack-tablet  stack-mobile\">\n<div style=\"--gpc-max-width:100%\" class=\"wp-block-gpc-column alignfull  inner_col align-left\">\n<div style=\"--box-padding-y:1.5625rem;--box-padding-x:2.5rem;--box-max-width:100%;--box-min-height:0px;border-radius:25px\" class=\"wp-block-gpc-ctabox  gpc-cta-box box-no-img stack-img has-gpc-color-light-background-color has-background\"><div class=\"box-wrapper\"><div class=\"box-content\">\n<h3 class=\"wp-block-heading has-text-align-center gpc-typography-secondary-large gpc-font-weight-regular gpc-bottom-gutter-none\">Durabilit\u00e9<\/h3>\n\n\n\n<p class=\"has-text-align-center gpc-top-gutter-sm gpc-bottom-gutter-none\">Nous croyons qu\u2019il faut mettre fin \u00e0 la pauvret\u00e9, prot\u00e9ger la nature et utiliser les ressources de mani\u00e8re responsable, pour r\u00e9pondre aux besoins de tous.<\/p>\n<\/div><\/div><\/div>\n<\/div>\n\n\n\n<div style=\"--gpc-max-width:100%\" class=\"wp-block-gpc-column alignfull  inner_col align-left\">\n<div style=\"--box-padding-y:1.5625rem;--box-padding-x:2.5rem;--box-max-width:100%;--box-min-height:0px;border-radius:25px\" class=\"wp-block-gpc-ctabox  gpc-cta-box box-no-img stack-img has-gpc-color-light-background-color has-background\"><div class=\"box-wrapper\"><div class=\"box-content\">\n<h3 class=\"wp-block-heading has-text-align-center gpc-typography-secondary-large gpc-font-weight-regular gpc-bottom-gutter-none\">Non-violence<\/h3>\n\n\n\n<p class=\"has-text-align-center gpc-top-gutter-sm gpc-bottom-gutter-none\">Nous luttons pour la paix et la s\u00e9curit\u00e9 par la coop\u00e9ration, les droits de l\u2019homme et le bien-\u00eatre, plut\u00f4t que par la force militaire.<\/p>\n<\/div><\/div><\/div>\n<\/div>\n\n\n\n<div style=\"--gpc-max-width:100%\" class=\"wp-block-gpc-column alignfull  inner_col align-left\">\n<div style=\"--box-padding-y:1.5625rem;--box-padding-x:2.5rem;--box-max-width:100%;--box-min-height:0px;border-radius:25px\" class=\"wp-block-gpc-ctabox  gpc-cta-box box-no-img stack-img has-gpc-color-light-background-color has-background\"><div class=\"box-wrapper\"><div class=\"box-content\">\n<h3 class=\"wp-block-heading has-text-align-center gpc-typography-secondary-large gpc-font-weight-regular gpc-bottom-gutter-none\">Justice sociale<\/h3>\n\n\n\n<p class=\"has-text-align-center gpc-top-gutter-sm gpc-bottom-gutter-none\">Nous d\u00e9fendons l\u2019\u00e9quit\u00e9, le partage des ressources et la reconnaissance du lien profond entre les gens et la plan\u00e8te.<\/p>\n<\/div><\/div><\/div>\n<\/div>\n\n\n\n<div style=\"--gpc-max-width:100%\" class=\"wp-block-gpc-column alignfull  inner_col align-left\">\n<div style=\"--box-padding-y:1.5625rem;--box-padding-x:2.5rem;--box-max-width:100%;--box-min-height:0px;border-radius:25px\" class=\"wp-block-gpc-ctabox  gpc-cta-box box-no-img stack-img has-gpc-color-light-background-color has-background\"><div class=\"box-wrapper\"><div class=\"box-content\">\n<h3 class=\"wp-block-heading has-text-align-center gpc-typography-secondary-large gpc-font-weight-regular gpc-bottom-gutter-none\">Respect<br\/>de la diversit\u00e9<\/h3>\n\n\n\n<p class=\"has-text-align-center gpc-top-gutter-sm gpc-bottom-gutter-none\">Nous valorisons et prot\u00e9geons la diversit\u00e9 sous toutes ses formes, en acceptant les diff\u00e9rences entre les peuples, les cultures et le monde naturel.<\/p>\n<\/div><\/div><\/div>\n<\/div>\n\n\n\n<div style=\"--gpc-max-width:100%\" class=\"wp-block-gpc-column alignfull  inner_col align-left\">\n<div style=\"--box-padding-y:1.5625rem;--box-padding-x:2.5rem;--box-max-width:100%;--box-min-height:0px;border-radius:25px\" class=\"wp-block-gpc-ctabox  gpc-cta-box box-no-img stack-img has-gpc-color-light-background-color has-background\"><div class=\"box-wrapper\"><div class=\"box-content\">\n<h3 class=\"wp-block-heading has-text-align-center gpc-typography-secondary-large gpc-font-weight-regular gpc-bottom-gutter-none\">Sagesse<br\/>\u00e9cologique<\/h3>\n\n\n\n<p class=\"has-text-align-center gpc-top-gutter-sm gpc-bottom-gutter-none\">Nous comprenons que les gens font partie de la nature, nous valorisons les connaissances autochtones et nous nous engageons \u00e0 prendre soin du monde naturel.<\/p>\n<\/div><\/div><\/div>\n<\/div>\n\n\n\n<div style=\"--gpc-max-width:100%\" class=\"wp-block-gpc-column alignfull  inner_col align-left\">\n<div style=\"--box-padding-y:1.5625rem;--box-padding-x:2.5rem;--box-max-width:100%;--box-min-height:0px;border-radius:25px\" class=\"wp-block-gpc-ctabox  gpc-cta-box box-no-img stack-img has-gpc-color-light-background-color has-background\"><div class=\"box-wrapper\"><div class=\"box-content\">\n<h3 class=\"wp-block-heading has-text-align-center gpc-typography-secondary-large gpc-font-weight-regular gpc-bottom-gutter-none\">D\u00e9mocratie<br\/>participative<\/h3>\n\n\n\n<p class=\"has-text-align-center gpc-top-gutter-sm gpc-bottom-gutter-none\">Nous pensons que chacun devrait avoir son mot \u00e0 dire dans les d\u00e9cisions qui affectent sa vie, le pouvoir \u00e9tant partag\u00e9 \u00e9quitablement et les d\u00e9cisions prises localement.<\/p>\n<\/div><\/div><\/div>\n<\/div>\n<\/div>\n<\/div><\/div>\n\n<div style=\"--gpc-min-height:100vh;--gpc-max-height:100%\" class=\"wp-block-gpc-wrapper wrapper wrapper-wide a-padding-t-large a-padding-b-large a-vertical-align-center has-gpc-color-misc-2-background-color has-background\"><div class=\"inner-wrapper\">\n<div class=\"wp-block-gpc-grid grid grid-2 row-gap-2 column-gap-3 a-vertical-align-center no-reorder-tablet reorder-mobile no-stack-tablet  stack-mobile grid-3-2\">\n<div style=\"--gpc-max-width:650px\" class=\"wp-block-gpc-column  inner_col align-left inline-form\">\n<div class=\"wp-block-group hide-mobile is-layout-constrained wp-block-group-is-layout-constrained\">\n<h2 class=\"wp-block-heading gpc-typography-secondary-xxlarge gpc-font-weight-light gpc-gutter-sm\"><span class=\"gpc-text-color-dark\">Faites une diff\u00e9rence<\/span><\/h2>\n\n\n\n<p class=\"gpc-top-gutter-sm gpc-bottom-gutter-sm\">Votez avec votre portefeuille pour un parti qui propose une action climatique audacieuse, d\u00e9fend la justice sociale et est pr\u00eat \u00e0 b\u00e2tir une \u00e9conomie \u00e9quitable o\u00f9 chacun prosp\u00e8re.<\/p>\n<\/div>\n\n\n\n<div class=\"wp-block-group hide-desktop hide-tablet is-layout-constrained wp-block-group-is-layout-constrained\">\n<h2 class=\"wp-block-heading has-text-align-center gpc-typography-secondary-xxlarge gpc-font-weight-light gpc-gutter-sm\"><span class=\"gpc-text-color-dark\">Faites une diff\u00e9rence<\/span><\/h2>\n\n\n\n<p class=\"has-text-align-center gpc-gutter-sm\">Votez avec votre portefeuille pour un parti qui propose une action climatique audacieuse, d\u00e9fend la justice sociale et est pr\u00eat \u00e0 b\u00e2tir une \u00e9conomie \u00e9quitable o\u00f9 chacun prosp\u00e8re.<\/p>\n<\/div>\n\n\n\n<div class=\"wp-block-buttons hide-mobile is-layout-flex wp-container-core-buttons-is-layout-59575732 wp-block-buttons-is-layout-flex\">\n<div class=\"wp-block-button is-style-pale no-arrow\"><a class=\"wp-block-button__link wp-element-button\" href=\"\/fr\/civicrm\/contribute\/transact?id=38&amp;source=NC.W.MABU&amp;id=38&amp;amount=5\">5$<\/a><\/div>\n\n\n\n<div class=\"wp-block-button is-style-pale no-arrow\"><a class=\"wp-block-button__link wp-element-button\" href=\"\/fr\/civicrm\/contribute\/transact?id=38&amp;source=NC.W.MABU&amp;id=38&amp;amount=15\">15$<\/a><\/div>\n\n\n\n<div class=\"wp-block-button is-style-pale no-arrow\"><a class=\"wp-block-button__link wp-element-button\" href=\"\/fr\/civicrm\/contribute\/transact?id=38&amp;source=NC.W.MABU&amp;id=38&amp;amount=25\">25$<\/a><\/div>\n\n\n\n<div class=\"wp-block-button is-style-pale no-arrow hide-mobile\"><a class=\"wp-block-button__link wp-element-button\" href=\"\/fr\/civicrm\/contribute\/transact?id=38&amp;source=NC.W.MABU&amp;id=38&amp;amount=50\">50$<\/a><\/div>\n\n\n\n<div class=\"wp-block-button is-style-secondary\"><a class=\"wp-block-button__link wp-element-button\" href=\"\/fr\/civicrm\/contribute\/transact?id=38&amp;source=NC.W.MABU\">Faites un don<\/a><\/div>\n<\/div>\n\n\n\n<div class=\"wp-block-buttons hide-desktop hide-tablet is-content-justification-center is-layout-flex wp-container-core-buttons-is-layout-ce787fb6 wp-block-buttons-is-layout-flex\">\n<div class=\"wp-block-button is-style-pale no-arrow hide-mobile\"><a class=\"wp-block-button__link wp-element-button\" href=\"\/fr\/civicrm\/contribute\/transact?id=38&amp;source=NC.W.MABU&amp;id=38&amp;amount=5\">5$<\/a><\/div>\n\n\n\n<div class=\"wp-block-button is-style-pale no-arrow\"><a class=\"wp-block-button__link wp-element-button\" href=\"\/fr\/civicrm\/contribute\/transact?id=38&amp;source=NC.W.MABU&amp;id=38&amp;amount=15\">15$<\/a><\/div>\n\n\n\n<div class=\"wp-block-button is-style-pale no-arrow\"><a class=\"wp-block-button__link wp-element-button\" href=\"\/fr\/civicrm\/contribute\/transact?id=38&amp;source=NC.W.MABU&amp;id=38&amp;amount=25\">25$<\/a><\/div>\n\n\n\n<div class=\"wp-block-button is-style-pale no-arrow\"><a class=\"wp-block-button__link wp-element-button\" href=\"\/fr\/civicrm\/contribute\/transact?id=38&amp;source=NC.W.MABU&amp;id=38&amp;amount=50\">50$<\/a><\/div>\n\n\n\n<div class=\"wp-block-button is-style-secondary\"><a class=\"wp-block-button__link wp-element-button\" href=\"\/fr\/civicrm\/contribute\/transact?id=38&amp;source=NC.W.MABU\">Faites un don<\/a><\/div>\n<\/div>\n<\/div>\n\n\n\n<div style=\"--gpc-max-width:100%\" class=\"wp-block-gpc-column  inner_col align-left\">\n<figure class=\"wp-block-image size-large hide-mobile\"><img loading=\"lazy\" decoding=\"async\" width=\"389\" height=\"716\" src=\"https:\/\/cdn.greenparty.ca\/wp-content\/uploads\/2025\/01\/ART-1.svg\" alt=\"Des personnes d&#x2019;horizons divers tenant ensemble un cercle vert.\" class=\"wp-image-2216\"\/><\/figure>\n\n\n\n<figure class=\"wp-block-image aligncenter size-large is-resized hide-desktop hide-tablet\"><img loading=\"lazy\" decoding=\"async\" width=\"389\" height=\"716\" src=\"https:\/\/cdn.greenparty.ca\/wp-content\/uploads\/2025\/01\/ART-1.svg\" alt=\"Des personnes d&#x2019;horizons divers tenant ensemble un cercle vert.\" class=\"wp-image-2216\" style=\"width:231px\"\/><\/figure>\n<\/div>\n<\/div>\n<\/div><\/div>\n","protected":false},"excerpt":{"rendered":"","protected":false},"author":1,"featured_media":0,"parent":0,"menu_order":0,"comment_status":"closed","ping_status":"closed","template":"page-templates\/full-width-template.php","meta":{"_acf_changed":false,"inline_featured_image":false,"site-sidebar-layout":"default","site-content-layout":"","ast-site-content-layout":"","site-content-style":"default","site-sidebar-style":"default","ast-global-header-display":"","ast-banner-title-visibility":"","ast-main-header-display":"","ast-hfb-above-header-display":"","ast-hfb-below-header-display":"","ast-hfb-mobile-header-display":"","site-post-title":"disabled","ast-breadcrumbs-content":"","ast-featured-img":"","footer-sml-layout":"","ast-disable-related-posts":"","theme-transparent-header-meta":"","adv-header-id-meta":"","stick-header-meta":"","header-above-stick-meta":"","header-main-stick-meta":"","header-below-stick-meta":"","astra-migrate-meta-layouts":"default","ast-page-background-enabled":"default","ast-page-background-meta":{"desktop":{"background-color":"var(--ast-global-color-5)","background-image":"","background-repeat":"repeat","background-position":"center center","background-size":"auto","background-attachment":"scroll","background-type":"","background-media":"","overlay-type":"","overlay-color":"","overlay-opacity":"","overlay-gradient":""},"tablet":{"background-color":"","background-image":"","background-repeat":"repeat","background-position":"center center","background-size":"auto","background-attachment":"scroll","background-type":"","background-media":"","overlay-type":"","overlay-color":"","overlay-opacity":"","overlay-gradient":""},"mobile":{"background-color":"","background-image":"","background-repeat":"repeat","background-position":"center center","background-size":"auto","background-attachment":"scroll","background-type":"","background-media":"","overlay-type":"","overlay-color":"","overlay-opacity":"","overlay-gradient":""}},"ast-content-background-meta":{"desktop":{"background-color":"var(--ast-global-color-4)","background-image":"","background-repeat":"repeat","background-position":"center center","background-size":"auto","background-attachment":"scroll","background-type":"","background-media":"","overlay-type":"","overlay-color":"","overlay-opacity":"","overlay-gradient":""},"tablet":{"background-color":"var(--ast-global-color-4)","background-image":"","background-repeat":"repeat","background-position":"center center","background-size":"auto","background-attachment":"scroll","background-type":"","background-media":"","overlay-type":"","overlay-color":"","overlay-opacity":"","overlay-gradient":""},"mobile":{"background-color":"var(--ast-global-color-4)","background-image":"","background-repeat":"repeat","background-position":"center center","background-size":"auto","background-attachment":"scroll","background-type":"","background-media":"","overlay-type":"","overlay-color":"","overlay-opacity":"","overlay-gradient":""}},"_price":"","_stock":"","_tribe_ticket_header":"","_tribe_default_ticket_provider":"","_tribe_ticket_capacity":"0","_ticket_start_date":"","_ticket_end_date":"","_tribe_ticket_show_description":"","_tribe_ticket_show_not_going":false,"_tribe_ticket_use_global_stock":"","_tribe_ticket_global_stock_level":"","_global_stock_mode":"","_global_stock_cap":"","_tribe_rsvp_for_event":"","_tribe_ticket_going_count":"","_tribe_ticket_not_going_count":"","_tribe_tickets_list":"[]","_tribe_ticket_has_attendee_info_fields":false,"footnotes":"","_tec_slr_enabled":"","_tec_slr_layout":""},"class_list":["post-6392","page","type-page","status-publish","hentry"],"acf":[],"ticketed":false,"_links":{"self":[{"href":"https:\/\/www.greenparty.ca\/fr\/wp-json\/wp\/v2\/pages\/6392","targetHints":{"allow":["GET"]}}],"collection":[{"href":"https:\/\/www.greenparty.ca\/fr\/wp-json\/wp\/v2\/pages"}],"about":[{"href":"https:\/\/www.greenparty.ca\/fr\/wp-json\/wp\/v2\/types\/page"}],"author":[{"embeddable":true,"href":"https:\/\/www.greenparty.ca\/fr\/wp-json\/wp\/v2\/users\/1"}],"replies":[{"embeddable":true,"href":"https:\/\/www.greenparty.ca\/fr\/wp-json\/wp\/v2\/comments?post=6392"}],"version-history":[{"count":5,"href":"https:\/\/www.greenparty.ca\/fr\/wp-json\/wp\/v2\/pages\/6392\/revisions"}],"predecessor-version":[{"id":7482,"href":"https:\/\/www.greenparty.ca\/fr\/wp-json\/wp\/v2\/pages\/6392\/revisions\/7482"}],"wp:attachment":[{"href":"https:\/\/www.greenparty.ca\/fr\/wp-json\/wp\/v2\/media?parent=6392"}],"curies":[{"name":"wp","href":"https:\/\/api.w.org\/{rel}","templated":true}]}}