{"id":6338,"date":"2025-02-11T17:53:11","date_gmt":"2025-02-11T22:53:11","guid":{"rendered":"https:\/\/www.greenparty.ca\/formulaire-candidature"},"modified":"2025-04-05T13:41:39","modified_gmt":"2025-04-05T17:41:39","slug":"formulaire-candidature","status":"publish","type":"page","link":"https:\/\/www.greenparty.ca\/fr\/formulaire-candidature","title":{"rendered":"Formulaire de candidature"},"content":{"rendered":"\n<div style=\"--gpc-min-height:auto;--gpc-max-height:100%\" class=\"wp-block-gpc-wrapper wrapper wrapper-boxed a-padding-t-small a-padding-b-small a-vertical-align-center\"><div class=\"inner-wrapper\">\n<figure class=\"wp-block-image size-large\"><img loading=\"lazy\" decoding=\"async\" width=\"1003\" height=\"485\" src=\"https:\/\/cdn.greenparty.ca\/wp-content\/uploads\/2025\/01\/Livello_1.svg\" alt=\"Six personnes d'horizons divers dans une manifestation collaborative, se dirigeant vers un cercle vert.\" class=\"wp-image-1612\"\/><\/figure>\n<\/div><\/div>\n\n<h2 class=\"wp-block-heading has-text-align-center gpc-typography-secondary-xxlarge gpc-bottom-gutter-md\">Formulaire de candidature<\/h2>\n\n<p class=\"gpc-typography-secondary-medium gpc-font-weight-light gpc-top-gutter-md\"><span class=\"has-gpc-alternate-font-family\">Bienvenue!<\/span><\/p>\n\n<p class=\"gpc-typography-secondary-medium gpc-font-weight-light\"><span class=\"has-gpc-alternate-font-family\">Nous sommes ravis que vous envisagiez de vous pr\u00e9senter pour le Parti vert du Canada. Merci! Notre mouvement populaire est aliment\u00e9 par des gens comme vous qui s&rsquo;engagent \u00e0 faire une diff\u00e9rence pour nos communaut\u00e9s. <\/span><\/p>\n\n<p class=\"gpc-typography-body gpc-font-weight-light\"><span class=\"has-gpc-decorative-font-family\">Nous savons qu&rsquo;il peut \u00eatre difficile de d\u00e9cider de se pr\u00e9senter \u00e0 une \u00e9lection, surtout pour les personnes qui ne se sont pas toujours vues repr\u00e9sent\u00e9es \u00e0 la Chambre des communes. Il est temps de construire un Parlement qui refl\u00e8te la diversit\u00e9 de ce pays. C&rsquo;est pourquoi nous vous encourageons particuli\u00e8rement \u00e0 poser votre candidature si vous \u00eates une personne autochtone, une personne racialis\u00e9e, une personne en situation de handicap, une femme, une personne LGBTQIA2S+ ou un membre de tout autre groupe aspirant \u00e0 l&rsquo;\u00e9quit\u00e9. <\/span><\/p>\n\n<p class=\"gpc-typography-body gpc-font-weight-light\"><span class=\"has-gpc-alternate-font-family\"><span class=\"has-gpc-decorative-font-family\">Ce formulaire sera votre premi\u00e8re \u00e9tape pour vous pr\u00e9senter et nous aidera \u00e0 mieux vous conna\u00eetre. Nous ferons de notre mieux pour vous expliquer pourquoi nous vous posons ces questions et comment nous utiliserons les informations que vous nous communiquerez. Il vous faudra entre 15 et 30 minutes pour remplir le formulaire et vous pourrez enregistrer vos progr\u00e8s au fur et \u00e0 mesure. Vous pouvez \u00e9galement remplir ce document sur papier. Une fois que vous aurez soumis votre demande, nous examinerons vos informations et vous contacterons pour vous informer des prochaines \u00e9tapes.   <\/span><\/span><\/p>\n\n<p class=\"gpc-typography-body gpc-font-weight-light\"><span class=\"has-gpc-alternate-font-family\"><span class=\"has-gpc-decorative-font-family\">Si vous avez des questions, si vous avez besoin d&rsquo;am\u00e9nagements ou si vous souhaitez soumettre des documents suppl\u00e9mentaires, n&rsquo;h\u00e9sitez pas \u00e0 nous contacter! Vous pouvez nous envoyer un courriel \u00e0 l&rsquo;adresse <a href=\"mailto:support@greenparty.ca\"><strong>soutien@partivert.ca<\/strong><\/a> pour parler \u00e0 notre \u00e9quipe de mobilisation. Nous avons h\u00e2te de mieux vous conna\u00eetre!  <\/span><\/span><\/p>\n\n<div style=\"height:30px\" aria-hidden=\"true\" class=\"wp-block-spacer\"><\/div>\n\n<div class=\"wp-block-buttons is-layout-flex wp-block-buttons-is-layout-flex\">\n<div class=\"wp-block-button is-style-fill\"><a class=\"wp-block-button__link wp-element-button\" href=\"https:\/\/www.greenparty.ca\/en\/candidate-form\">Commen\u00e7ons<\/a><\/div>\n<\/div>\n\n<p class=\"\"><\/p>\n","protected":false},"excerpt":{"rendered":"<p>Formulaire de candidature Bienvenue! Nous sommes ravis que vous envisagiez de vous pr\u00e9senter pour le Parti vert du Canada. Merci! Notre mouvement populaire est aliment\u00e9 par des gens comme vous [&hellip;]<\/p>\n","protected":false},"author":1,"featured_media":0,"parent":0,"menu_order":0,"comment_status":"closed","ping_status":"closed","template":"","meta":{"_acf_changed":false,"inline_featured_image":false,"site-sidebar-layout":"default","site-content-layout":"","ast-site-content-layout":"","site-content-style":"default","site-sidebar-style":"default","ast-global-header-display":"","ast-banner-title-visibility":"","ast-main-header-display":"","ast-hfb-above-header-display":"","ast-hfb-below-header-display":"","ast-hfb-mobile-header-display":"","site-post-title":"disabled","ast-breadcrumbs-content":"","ast-featured-img":"","footer-sml-layout":"","ast-disable-related-posts":"","theme-transparent-header-meta":"","adv-header-id-meta":"","stick-header-meta":"","header-above-stick-meta":"","header-main-stick-meta":"","header-below-stick-meta":"","astra-migrate-meta-layouts":"default","ast-page-background-enabled":"default","ast-page-background-meta":{"desktop":{"background-color":"var(--ast-global-color-5)","background-image":"","background-repeat":"repeat","background-position":"center center","background-size":"auto","background-attachment":"scroll","background-type":"","background-media":"","overlay-type":"","overlay-color":"","overlay-opacity":"","overlay-gradient":""},"tablet":{"background-color":"","background-image":"","background-repeat":"repeat","background-position":"center center","background-size":"auto","background-attachment":"scroll","background-type":"","background-media":"","overlay-type":"","overlay-color":"","overlay-opacity":"","overlay-gradient":""},"mobile":{"background-color":"","background-image":"","background-repeat":"repeat","background-position":"center center","background-size":"auto","background-attachment":"scroll","background-type":"","background-media":"","overlay-type":"","overlay-color":"","overlay-opacity":"","overlay-gradient":""}},"ast-content-background-meta":{"desktop":{"background-color":"var(--ast-global-color-4)","background-image":"","background-repeat":"repeat","background-position":"center center","background-size":"auto","background-attachment":"scroll","background-type":"","background-media":"","overlay-type":"","overlay-color":"","overlay-opacity":"","overlay-gradient":""},"tablet":{"background-color":"var(--ast-global-color-4)","background-image":"","background-repeat":"repeat","background-position":"center center","background-size":"auto","background-attachment":"scroll","background-type":"","background-media":"","overlay-type":"","overlay-color":"","overlay-opacity":"","overlay-gradient":""},"mobile":{"background-color":"var(--ast-global-color-4)","background-image":"","background-repeat":"repeat","background-position":"center center","background-size":"auto","background-attachment":"scroll","background-type":"","background-media":"","overlay-type":"","overlay-color":"","overlay-opacity":"","overlay-gradient":""}},"_price":"","_stock":"","_tribe_ticket_header":"","_tribe_default_ticket_provider":"","_tribe_ticket_capacity":"0","_ticket_start_date":"","_ticket_end_date":"","_tribe_ticket_show_description":"","_tribe_ticket_show_not_going":false,"_tribe_ticket_use_global_stock":"","_tribe_ticket_global_stock_level":"","_global_stock_mode":"","_global_stock_cap":"","_tribe_rsvp_for_event":"","_tribe_ticket_going_count":"","_tribe_ticket_not_going_count":"","_tribe_tickets_list":"[]","_tribe_ticket_has_attendee_info_fields":false,"footnotes":"","_tec_slr_enabled":"","_tec_slr_layout":""},"class_list":["post-6338","page","type-page","status-publish","hentry"],"acf":[],"ticketed":false,"_links":{"self":[{"href":"https:\/\/www.greenparty.ca\/fr\/wp-json\/wp\/v2\/pages\/6338","targetHints":{"allow":["GET"]}}],"collection":[{"href":"https:\/\/www.greenparty.ca\/fr\/wp-json\/wp\/v2\/pages"}],"about":[{"href":"https:\/\/www.greenparty.ca\/fr\/wp-json\/wp\/v2\/types\/page"}],"author":[{"embeddable":true,"href":"https:\/\/www.greenparty.ca\/fr\/wp-json\/wp\/v2\/users\/1"}],"replies":[{"embeddable":true,"href":"https:\/\/www.greenparty.ca\/fr\/wp-json\/wp\/v2\/comments?post=6338"}],"version-history":[{"count":3,"href":"https:\/\/www.greenparty.ca\/fr\/wp-json\/wp\/v2\/pages\/6338\/revisions"}],"predecessor-version":[{"id":15708,"href":"https:\/\/www.greenparty.ca\/fr\/wp-json\/wp\/v2\/pages\/6338\/revisions\/15708"}],"wp:attachment":[{"href":"https:\/\/www.greenparty.ca\/fr\/wp-json\/wp\/v2\/media?parent=6338"}],"curies":[{"name":"wp","href":"https:\/\/api.w.org\/{rel}","templated":true}]}}