{"id":5773,"date":"2025-02-05T16:01:14","date_gmt":"2025-02-05T21:01:14","guid":{"rendered":"https:\/\/www.greenparty.ca\/gouvernance\/conseil-federal"},"modified":"2026-03-04T15:37:40","modified_gmt":"2026-03-04T20:37:40","slug":"conseil-federal","status":"publish","type":"page","link":"https:\/\/www.greenparty.ca\/fr\/gouvernance\/conseil-federal","title":{"rendered":"Conseil f\u00e9d\u00e9ral"},"content":{"rendered":"\n<div style=\"--gpc-min-height:auto;--gpc-max-height:100%\" class=\"wp-block-gpc-wrapper wrapper wrapper-wide a-padding-t-small a-padding-b-small a-vertical-align-center\"><div class=\"inner-wrapper\">\n<h1 class=\"wp-block-heading has-text-align-left gpc-typography-primary-xxxlarge gpc-font-weight-bold gpc-top-gutter-none gpc-bottom-gutter-md\" style=\"font-size:4rem\">Conseil f\u00e9d\u00e9ral<\/h1>\n\n\n\n<p class=\"\">Le Conseil f\u00e9d\u00e9ral (CF) gouverne le Parti entre les assembl\u00e9es g\u00e9n\u00e9rales des membres, en s&rsquo;appuyant sur les statuts et r\u00e8glements et sur les d\u00e9cisions prises lors des assembl\u00e9es g\u00e9n\u00e9rales pr\u00e9c\u00e9dentes. Le CF est responsable devant les membres lors des assembl\u00e9es g\u00e9n\u00e9rales.  <\/p>\n\n\n\n<p class=\"gpc-bottom-gutter-md\">Le Conseil f\u00e9d\u00e9ral veille \u00e0 ce que le Parti demeure fid\u00e8le \u00e0 son objectif, respecte les valeurs des Principes verts mondiaux et dispose de la capacit\u00e9 op\u00e9rationnelle de promouvoir les politiques vertes d&rsquo;une voix forte au Parlement et dans les communaut\u00e9s \u00e0 travers le pays.<\/p>\n\n\n\n<figure class=\"wp-block-table is-style-gpc-table\"><table><thead><tr><th><span class=\"gpc-text-color-primary\">NOM<\/span><\/th><th><span class=\"gpc-text-color-primary\">POSITION<\/span><\/th><th><span class=\"gpc-text-color-primary\">CONTACT<\/span><\/th><\/tr><\/thead><tbody><tr><td>Elizabeth May<\/td><td>Cheffe<\/td><td><a href=\"mailto:emay@elizabeth-may.ca\"><\/a><a href=\"mailto:emay@elizabeth-may.ca\">emay@elizabeth-may.ca<\/a><\/td><\/tr><tr><td>Anne-Marie Zajdlik<\/td><td>Pr\u00e9sident\u00b7e<\/td><td><a href=\"mailto:amz@greenparty.ca\">amz@greenparty.ca<\/a><\/td><\/tr><tr><td>Naomi Hunter<\/td><td>Vice-pr\u00e9sident (Anglais)<\/td><td><a href=\"mailto:naomi.hunter@greenparty.ca\">naomi.hunter@greenparty.ca<\/a><\/td><\/tr><tr><td>Vincent J. Carbonneau<\/td><td>Vice-pr\u00e9sident (Fran\u00e7ais)<\/td><td><a href=\"mailto:president@greenparty.ca\">vincent.carbonneau@partivert.ca<\/a><\/td><\/tr><tr><td>Lindsay Grillet<\/td><td>Repr\u00e9sentante du Fonds<\/td><td><a href=\"mailto:lindsay.grillet@greenparty.ca\">lindsay.grillet@greenparty.ca<\/a><\/td><\/tr><tr><td>Jan Norris<\/td><td>Saskatchewan<\/td><td><a href=\"mailto:jan.norris@greenparty.ca\">jan.norris@greenparty.ca<\/a><\/td><\/tr><tr><td>Janice Harvey<\/td><td>Nouveau-Brunswick<\/td><td><a href=\"mailto:janice.harvey@greenparty.ca\">janice.harvey@greenparty.ca<\/a><\/td><\/tr><tr><td>Maria Rodriguez<\/td><td>\u00cele-du-Prince-\u00c9douard<\/td><td><a href=\"mailto:maria.rodriguez@greenparty.ca\">maria.rodriguez@greenparty.ca<\/a><\/td><\/tr><tr><td>Vacant<\/td><td>Terre-Neuve et Labrador<\/td><td><\/td><\/tr><tr><td>Drew Fenwick<\/td><td>Manitoba<\/td><td><a href=\"mailto:drew.fenwick@greenparty.ca\">drew.fenwick@greenparty.ca<\/a><\/td><\/tr><tr><td>Simon Guthrie<\/td><td>Ontario<\/td><td><a href=\"mailto:simon.guthrie@greenparty.ca\">simon.guthrie@greenparty.ca<\/a><\/td><\/tr><tr><td>Vacant<\/td><td>Territoires<\/td><td><\/td><\/tr><tr><td>Nick Poppell<\/td><td>Colombie-Britannique<\/td><td><a href=\"mailto:nick.poppell@greenparty.ca\">nick.poppell@greenparty.ca<\/a><\/td><\/tr><tr><td>Youri Cormier<\/td><td>Qu\u00e9bec<\/td><td><a href=\"mailto:youri.cormier@greenparty.ca\">youri.cormier@greenparty.ca<\/a><\/td><\/tr><tr><td>Bill Matheson<\/td><td>Nouvelle-\u00c9cosse<\/td><td><a href=\"mailto:bill.matheson@greenparty.ca\">bill.matheson@greenparty.ca<\/a><\/td><\/tr><tr><td>Carey Rutherford<\/td><td>Alberta<\/td><td><a href=\"mailto:carey.rutherford@greenparty.ca\">carey.rutherford@greenparty.ca<\/a><\/td><\/tr><tr><td>Rainbow Eyes<\/td><td>Repr\u00e9sentant\u00b7e des Premi\u00e8res Nations<\/td><td><a href=\"mailto:rainbow.eyes@greenparty.ca\">rainbow.eyes@greenparty.ca<\/a><\/td><\/tr><tr><td>Vacant<\/td><td>Repr\u00e9sentant des M\u00e9tis<\/td><td><\/td><\/tr><tr><td>Vacant<\/td><td>Repr\u00e9sentant\u00b7e inuit<\/td><td><\/td><\/tr><tr><td>Pearson Singbeil<br>Montgomery<\/td><td>Repr\u00e9sentant de la jeunesse<\/td><td><a href=\"mailto:pearson.singbeil@greenparty.ca\">pearson.singbeil@partivert.ca<\/a><\/td><\/tr><tr><td>Vacant<\/td><td>Repr\u00e9sentant de la jeunesse<\/td><td><\/td><\/tr><\/tbody><\/table><\/figure>\n\n\n\n<h2 class=\"wp-block-heading has-text-align-center gpc-typography-primary-xxlarge gpc-font-weight-bold gpc-top-gutter-xl gpc-bottom-gutter-md\">Ex\u00e9cutif<\/h2>\n\n\n\n<figure class=\"wp-block-table is-style-gpc-table\"><table><thead><tr><th><span class=\"gpc-text-color-primary\">NOM<\/span><\/th><th><span class=\"gpc-text-color-primary\">POSITION<\/span><\/th><th><span class=\"gpc-text-color-primary\">CONTACT<\/span><\/th><\/tr><\/thead><tbody><tr><td>Elizabeth May<\/td><td>Cheffe<\/td><td><a href=\"mailto:emay@elizabeth-may.ca\">emay@elizabeth-may.ca<\/a><\/td><\/tr><tr><td>Anne-Marie Zajdlik<\/td><td>Pr\u00e9sident\u00b7e<\/td><td><a href=\"mailto:amz@greenparty.ca\">amz@greenparty.ca<\/a><\/td><\/tr><tr><td>Naomi Hunter<\/td><td>Vice-pr\u00e9sident (Anglais)<\/td><td><a href=\"mailto:naomi.hunter@greenparty.ca\">naomi.hunter@greenparty.ca<\/a><\/td><\/tr><tr><td>Vincent J. Carbonneau<\/td><td>Vice-pr\u00e9sident (Fran\u00e7ais)<\/td><td><a href=\"mailto:president@greenparty.ca\">vincent.carbonneau@partivert.ca<\/a><\/td><\/tr><tr><td>Lindsay Grillet<\/td><td>Repr\u00e9sentante du Fonds<\/td><td><a href=\"mailto:lindsay.grillet@greenparty.ca\">lindsay.grillet@greenparty.ca<\/a><\/td><\/tr><\/tbody><\/table><\/figure>\n\n\n\n<h2 class=\"wp-block-heading has-text-align-center gpc-typography-primary-xxlarge gpc-font-weight-bold gpc-top-gutter-xl gpc-bottom-gutter-md\">Sans droit de vote<\/h2>\n\n\n\n<figure class=\"wp-block-table is-style-gpc-table\"><table><thead><tr><th><span class=\"gpc-text-color-primary\">NOM<\/span><\/th><th><span class=\"gpc-text-color-primary\">POSITION<\/span><\/th><th><span class=\"gpc-text-color-primary\">CONTACT<\/span><\/th><\/tr><\/thead><tbody><tr><td>Robin Marty<\/td><td>Directeur ex\u00e9cutif par int\u00e9rim<\/td><td><a href=\"mailto:robin.marty@greenparty.ca\">robin.marty@greenparty.ca<\/a><\/td><\/tr><tr><td>Mike Morrice<\/td><td>Chef adjoint<\/td><td><a href=\"mailto:angela-sue.davidson@greenparty.ca\">mike.morrice@partivert.ca<\/a><\/td><\/tr><\/tbody><\/table><\/figure>\n<\/div><\/div>\n\n\n\n<div style=\"--gpc-min-height:auto;--gpc-max-height:100%\" class=\"wp-block-gpc-wrapper wrapper wrapper-wide a-padding-t-large a-padding-b-none a-vertical-align-center\"><div class=\"inner-wrapper\">\n<div class=\"wp-block-gpc-grid grid grid-1 row-gap-2 column-gap-1 a-vertical-align-center no-reorder-tablet reorder-mobile no-stack-tablet  stack-mobile\">\n<div class=\"wp-block-columns is-layout-flex wp-container-core-columns-is-layout-28f84493 wp-block-columns-is-layout-flex\">\n<div class=\"wp-block-column is-vertically-aligned-top is-layout-flow wp-block-column-is-layout-flow\" style=\"border-radius:0px;padding-top:0;padding-right:0;padding-bottom:0;padding-left:0;flex-basis:33%\">\n<h2 class=\"wp-block-heading has-text-align-left gpc-typography-body gpc-font-weight-semibold\">GOUVERNANCE<\/h2>\n\n\n\n<p class=\"\"><strong>Janice Harvey<br>Simon Guthrie<br>Lindsay Grillet<br>Stuart Hunter<br>Steve Kisby<br>Elizabeth May<br>Pearson Singbeil Montgomery (Pr\u00e9s.)<br>Maria Rodriguez<\/strong><\/p>\n<\/div>\n\n\n\n<div class=\"wp-block-column is-vertically-aligned-top is-layout-flow wp-block-column-is-layout-flow\" style=\"border-radius:0px;padding-top:0;padding-right:0;padding-bottom:0;padding-left:0;flex-basis:33%\">\n<h2 class=\"wp-block-heading has-text-align-left gpc-typography-body gpc-font-weight-semibold\">FINANCES<\/h2>\n\n\n\n<p class=\"\"><strong>Bill Matheson (Co-Pr\u00e9s.)<br>Lindsay Grillet<br>Elizabeth May<br>Bob Mackie (Co.Pr\u00e9s)<br>Maria Rodriguez<br>Farrell Gilmour<br>Ron Parker<\/strong><br><strong>Peter Mehling<\/strong><\/p>\n<\/div>\n<\/div>\n\n\n\n<div class=\"wp-block-columns is-layout-flex wp-container-core-columns-is-layout-28f84493 wp-block-columns-is-layout-flex\">\n<div class=\"wp-block-column is-vertically-aligned-top is-layout-flow wp-block-column-is-layout-flow\" style=\"border-radius:0px;padding-top:0;padding-right:0;padding-bottom:0;padding-left:0;flex-basis:33%\">\n<h2 class=\"wp-block-heading has-text-align-left gpc-typography-body gpc-font-weight-semibold\">RESSOURCES HUMAINES<\/h2>\n\n\n\n<p class=\"\"><strong>Rainbow Eyes<br>Steve Kisby<br>Elizabeth May<br>Nick Poppell<br>Maria Rodriguez (Pr\u00e9s.)<br>Carey Rutherford<\/strong><br><strong>Youri Cormier<\/strong><br><strong>Bill Matheson<\/strong><\/p>\n<\/div>\n\n\n\n<div class=\"wp-block-column is-vertically-aligned-top is-layout-flow wp-block-column-is-layout-flow\" style=\"border-radius:0px;padding-top:0;padding-right:0;padding-bottom:0;padding-left:0;flex-basis:33%\">\n<h2 class=\"wp-block-heading has-text-align-left gpc-typography-body gpc-font-weight-semibold\">PLANIFICATION STRAT\u00c9GIQUE<\/h2>\n\n\n\n<p class=\"\"><strong><strong>Lilian Barraclough<\/strong><br><strong>Vincent J. Carbonneau<\/strong><br><strong>Alison Lam<\/strong><br><strong>Elizabeth May<\/strong><br><strong><strong>Pearson Singbeil Montgomery<\/strong><\/strong><\/strong> <strong>(Pr\u00e9s.)<\/strong><br><strong>Naomi Hunter<br>Jan Norris<br>Anne-Marie Zajdlik<\/strong><\/p>\n<\/div>\n<\/div>\n\n\n\n<div class=\"wp-block-columns is-layout-flex wp-container-core-columns-is-layout-28f84493 wp-block-columns-is-layout-flex\">\n<div class=\"wp-block-column is-vertically-aligned-top is-layout-flow wp-block-column-is-layout-flow\" style=\"border-radius:0px;padding-top:0;padding-right:0;padding-bottom:0;padding-left:0;flex-basis:33%\">\n<h2 class=\"wp-block-heading has-text-align-left gpc-typography-body gpc-font-weight-semibold\">PR\u00c9PARATION AUX \u00c9LECTIONS<\/h2>\n\n\n\n<p class=\"\"><strong>Naomi Hunter<br>Vincent J. Carbonneau<br>Drew Fenwick<br>Alison Lam<br>Robin Marty<br>Bill Matheson (Pr\u00e9s.)<br>Elizabeth May<br>Nick Poppell<br>Carey Rutherford<br>Marlene Wells<\/strong><\/p>\n\n\n\n<h2 class=\"wp-block-heading gpc-typography-body gpc-font-weight-semibold\">ASSEMBL\u00c9ES G\u00c9N\u00c9RALES<\/h2>\n\n\n\n<p class=\"\"><strong>Carey Rutherford (Pr\u00e9s.)<br>Drew Fenwick<br>Jan Norris<br>Marlene Wells<br>Sandy Crawley<br>Luke Angelo Santiago<\/strong><\/p>\n<\/div>\n\n\n\n<div class=\"wp-block-column is-vertically-aligned-top is-layout-flow wp-block-column-is-layout-flow\" style=\"border-radius:0px;padding-top:0;padding-right:0;padding-bottom:0;padding-left:0;flex-basis:33%\">\n<h2 class=\"wp-block-heading has-text-align-left gpc-typography-body gpc-font-weight-semibold\">SECR\u00c9TARIAT INTERNATIONAL<\/h2>\n\n\n\n<p class=\"\"><strong><strong>Stuart Hunter<br>Alison Lam<br>Pearson Singbeil Montgomery<br>Maria Rodriguez<\/strong><\/strong><\/p>\n<\/div>\n<\/div>\n<\/div>\n<\/div><\/div>\n\n\n\n<div style=\"--gpc-min-height:auto;--gpc-max-height:100%\" class=\"wp-block-gpc-wrapper wrapper wrapper-wide a-padding-t-medium a-padding-b-xlarge a-vertical-align-center\"><div class=\"inner-wrapper\">\n<h2 class=\"wp-block-heading gpc-typography-body gpc-font-weight-semibold gpc-bottom-gutter-sm\">DOCUMENTS IMPORTANTS<\/h2>\n\n\n\n<ul class=\"wp-block-list is-style-gpc-pdf\">\n<li class=\"\"><a href=\"https:\/\/www.greenparty.ca\/fr\/code-de-conduite-du-conseil-federal\" data-type=\"page\" data-id=\"3995\">Code de conduite du Conseil f\u00e9d\u00e9ral<\/a><\/li>\n\n\n\n<li class=\"\"><a href=\"https:\/\/cdn.greenparty.ca\/wp-content\/uploads\/2025\/10\/Federal-Council-Handbook-6.0.1-Approved.pdf\" data-type=\"link\" data-id=\"https:\/\/cdn.greenparty.ca\/wp-content\/uploads\/2025\/02\/fc_handbook_-_edition_5.1_-_en.pdf\">Manuel du Conseil f\u00e9d\u00e9ral (PDF)<\/a><\/li>\n<\/ul>\n<\/div><\/div>\n","protected":false},"excerpt":{"rendered":"","protected":false},"author":1,"featured_media":0,"parent":5115,"menu_order":0,"comment_status":"closed","ping_status":"closed","template":"page-templates\/boxed-width-template.php","meta":{"_acf_changed":false,"inline_featured_image":false,"site-sidebar-layout":"default","site-content-layout":"","ast-site-content-layout":"","site-content-style":"default","site-sidebar-style":"default","ast-global-header-display":"","ast-banner-title-visibility":"","ast-main-header-display":"","ast-hfb-above-header-display":"","ast-hfb-below-header-display":"","ast-hfb-mobile-header-display":"","site-post-title":"disabled","ast-breadcrumbs-content":"","ast-featured-img":"","footer-sml-layout":"","ast-disable-related-posts":"","theme-transparent-header-meta":"","adv-header-id-meta":"","stick-header-meta":"","header-above-stick-meta":"","header-main-stick-meta":"","header-below-stick-meta":"","astra-migrate-meta-layouts":"default","ast-page-background-enabled":"default","ast-page-background-meta":{"desktop":{"background-color":"var(--ast-global-color-5)","background-image":"","background-repeat":"repeat","background-position":"center center","background-size":"auto","background-attachment":"scroll","background-type":"","background-media":"","overlay-type":"","overlay-color":"","overlay-opacity":"","overlay-gradient":""},"tablet":{"background-color":"","background-image":"","background-repeat":"repeat","background-position":"center center","background-size":"auto","background-attachment":"scroll","background-type":"","background-media":"","overlay-type":"","overlay-color":"","overlay-opacity":"","overlay-gradient":""},"mobile":{"background-color":"","background-image":"","background-repeat":"repeat","background-position":"center center","background-size":"auto","background-attachment":"scroll","background-type":"","background-media":"","overlay-type":"","overlay-color":"","overlay-opacity":"","overlay-gradient":""}},"ast-content-background-meta":{"desktop":{"background-color":"var(--ast-global-color-4)","background-image":"","background-repeat":"repeat","background-position":"center center","background-size":"auto","background-attachment":"scroll","background-type":"","background-media":"","overlay-type":"","overlay-color":"","overlay-opacity":"","overlay-gradient":""},"tablet":{"background-color":"var(--ast-global-color-4)","background-image":"","background-repeat":"repeat","background-position":"center center","background-size":"auto","background-attachment":"scroll","background-type":"","background-media":"","overlay-type":"","overlay-color":"","overlay-opacity":"","overlay-gradient":""},"mobile":{"background-color":"var(--ast-global-color-4)","background-image":"","background-repeat":"repeat","background-position":"center center","background-size":"auto","background-attachment":"scroll","background-type":"","background-media":"","overlay-type":"","overlay-color":"","overlay-opacity":"","overlay-gradient":""}},"_price":"","_stock":"","_tribe_ticket_header":"","_tribe_default_ticket_provider":"","_tribe_ticket_capacity":"0","_ticket_start_date":"","_ticket_end_date":"","_tribe_ticket_show_description":"","_tribe_ticket_show_not_going":false,"_tribe_ticket_use_global_stock":"","_tribe_ticket_global_stock_level":"","_global_stock_mode":"","_global_stock_cap":"","_tribe_rsvp_for_event":"","_tribe_ticket_going_count":"","_tribe_ticket_not_going_count":"","_tribe_tickets_list":"[]","_tribe_ticket_has_attendee_info_fields":false,"footnotes":"","_tec_slr_enabled":"","_tec_slr_layout":""},"class_list":["post-5773","page","type-page","status-publish","hentry"],"acf":[],"ticketed":false,"_links":{"self":[{"href":"https:\/\/www.greenparty.ca\/fr\/wp-json\/wp\/v2\/pages\/5773","targetHints":{"allow":["GET"]}}],"collection":[{"href":"https:\/\/www.greenparty.ca\/fr\/wp-json\/wp\/v2\/pages"}],"about":[{"href":"https:\/\/www.greenparty.ca\/fr\/wp-json\/wp\/v2\/types\/page"}],"author":[{"embeddable":true,"href":"https:\/\/www.greenparty.ca\/fr\/wp-json\/wp\/v2\/users\/1"}],"replies":[{"embeddable":true,"href":"https:\/\/www.greenparty.ca\/fr\/wp-json\/wp\/v2\/comments?post=5773"}],"version-history":[{"count":25,"href":"https:\/\/www.greenparty.ca\/fr\/wp-json\/wp\/v2\/pages\/5773\/revisions"}],"predecessor-version":[{"id":22996,"href":"https:\/\/www.greenparty.ca\/fr\/wp-json\/wp\/v2\/pages\/5773\/revisions\/22996"}],"up":[{"embeddable":true,"href":"https:\/\/www.greenparty.ca\/fr\/wp-json\/wp\/v2\/pages\/5115"}],"wp:attachment":[{"href":"https:\/\/www.greenparty.ca\/fr\/wp-json\/wp\/v2\/media?parent=5773"}],"curies":[{"name":"wp","href":"https:\/\/api.w.org\/{rel}","templated":true}]}}