{"id":5626,"date":"2025-02-04T15:58:40","date_gmt":"2025-02-04T20:58:40","guid":{"rendered":"https:\/\/www.greenparty.ca\/gouvernance\/conseil-jvc"},"modified":"2026-01-09T15:06:56","modified_gmt":"2026-01-09T20:06:56","slug":"conseil-jvc","status":"publish","type":"page","link":"https:\/\/www.greenparty.ca\/fr\/gouvernance\/conseil-jvc","title":{"rendered":"Conseil des Jeunes verts"},"content":{"rendered":"\n<p class=\"gpc-bottom-gutter-sm\">Le Conseil des Jeunes verts est responsable de la gouvernance et de la surveillance op\u00e9rationnelle des Jeunes verts du Canada, une unit\u00e9 du Parti vert qui comprend et repr\u00e9sente tous les membres \u00e2g\u00e9s de 12 \u00e0 29 ans. Le CJV cherche \u00e0 garantir que le Parti vert est conscient et r\u00e9actif aux besoins et priorit\u00e9s uniques et diversifi\u00e9s de la jeunesse progressiste au Canada, de sorte que les Verts puissent se d\u00e9marquer comme une meilleure option pour les jeunes \u00e9lecteurs. <\/p>\n\n\n\n<p class=\"gpc-bottom-gutter-sm\">Le Conseil des Jeunes verts se r\u00e9unit environ une fois par mois pour discuter de la gouvernance, des op\u00e9rations, des finances et des priorit\u00e9s strat\u00e9giques des Jeunes verts. Le conseil dans son ensemble peut \u00eatre contact\u00e9 \u00e0 <a href=\"mailto:ygc@greenparty.ca\"><span class=\"gpc-text-color-primary\"><strong>ygc@greenparty.ca<\/strong><\/span><\/a>. <\/p>\n\n\n\n<p class=\"\"><\/p>\n\n\n\n<figure class=\"wp-block-table is-style-gpc-table\"><table class=\"has-fixed-layout\"><tbody><tr><td>Pearson Singbeil Montgomery<\/td><td>Copr\u00e9sident<\/td><td><a href=\"mailto:pearson.singbeil@greenparty.ca\">pearson.singbeil@partivert.ca<\/a><\/td><\/tr><tr><td>Vacant<\/td><td>Copr\u00e9sident<\/td><td><\/td><\/tr><tr><td>Lily Yangliu<\/td><td>Coordonatrice du plaidoyer<\/td><td><a href=\"mailto:lily.yangliu@greenparty.ca\">lily.yangliu@partivert.ca<\/a><\/td><\/tr><tr><td>Vacant<\/td><td>Coordonnateur de l\u2019engagement<\/td><td><\/td><\/tr><tr><td>Lien Huynh<\/td><td>Coordonnatrice des finances<\/td><td><a href=\"mailto:lien.huynh@greenparty.ca\">lien.huynh@partivert.ca<\/a><\/td><\/tr><tr><td>Vacant<\/td><td>Repr\u00e9sentant de l&rsquo;Atlantique<\/td><td><\/td><\/tr><tr><td>Vacant<\/td><td>Repr\u00e9sentant de la C-B<\/td><td><\/td><\/tr><tr><td>Vacant<\/td><td>Repr\u00e9sentant du Nord<\/td><td><\/td><\/tr><tr><td>Vacant<\/td><td>Repr\u00e9sentante de l&rsquo;Ontario<\/td><td><\/td><\/tr><tr><td>Vacant<\/td><td>Repr\u00e9sentant des Prairies<\/td><td><\/td><\/tr><tr><td>Vacant<\/td><td>Repr\u00e9sentant du Qu\u00e9bec<\/td><td><\/td><\/tr><tr><td>Kiara Nazon<\/td><td>Conseil aux JV (non-votant)<\/td><td><a href=\"mailto:kiara.nazon@greenparty.ca\">kiara.nazon@partivert.ca<\/a><\/td><\/tr><tr><td>Stuart Hunter<\/td><td>Conseil aux JV (non-votant)<\/td><td><a href=\"mailto:stuart.hunter@greenparty.ca\">stuart.hunter@partivert.ca<\/a><\/td><\/tr><\/tbody><\/table><\/figure>\n\n\n\n<h2 class=\"wp-block-heading gpc-typography-body gpc-font-weight-semibold gpc-top-gutter-md gpc-bottom-gutter-sm\">RESSOURCES<\/h2>\n\n\n\n<ul class=\"wp-block-list is-style-gpc-pdf\">\n<li class=\"gpc-bottom-gutter-md\"><a href=\"https:\/\/www.greenparty.ca\/fr\/gouvernance\/conseil-jvc\/reglements-des-jeunes-verts-du-canada\" data-type=\"page\" data-id=\"3948\">R\u00e8glements des Jeunes verts du Canada<\/a><\/li>\n<\/ul>\n","protected":false},"excerpt":{"rendered":"<p>Le Conseil des Jeunes verts est responsable de la gouvernance et de la surveillance op\u00e9rationnelle des Jeunes verts du Canada, une unit\u00e9 du Parti vert qui comprend et repr\u00e9sente tous [&hellip;]<\/p>\n","protected":false},"author":6,"featured_media":0,"parent":5115,"menu_order":0,"comment_status":"closed","ping_status":"closed","template":"","meta":{"_acf_changed":false,"inline_featured_image":false,"site-sidebar-layout":"default","site-content-layout":"","ast-site-content-layout":"default","site-content-style":"default","site-sidebar-style":"default","ast-global-header-display":"","ast-banner-title-visibility":"","ast-main-header-display":"","ast-hfb-above-header-display":"","ast-hfb-below-header-display":"","ast-hfb-mobile-header-display":"","site-post-title":"","ast-breadcrumbs-content":"","ast-featured-img":"","footer-sml-layout":"","ast-disable-related-posts":"","theme-transparent-header-meta":"","adv-header-id-meta":"","stick-header-meta":"","header-above-stick-meta":"","header-main-stick-meta":"","header-below-stick-meta":"","astra-migrate-meta-layouts":"default","ast-page-background-enabled":"default","ast-page-background-meta":{"desktop":{"background-color":"var(--ast-global-color-5)","background-image":"","background-repeat":"repeat","background-position":"center center","background-size":"auto","background-attachment":"scroll","background-type":"","background-media":"","overlay-type":"","overlay-color":"","overlay-opacity":"","overlay-gradient":""},"tablet":{"background-color":"","background-image":"","background-repeat":"repeat","background-position":"center center","background-size":"auto","background-attachment":"scroll","background-type":"","background-media":"","overlay-type":"","overlay-color":"","overlay-opacity":"","overlay-gradient":""},"mobile":{"background-color":"","background-image":"","background-repeat":"repeat","background-position":"center center","background-size":"auto","background-attachment":"scroll","background-type":"","background-media":"","overlay-type":"","overlay-color":"","overlay-opacity":"","overlay-gradient":""}},"ast-content-background-meta":{"desktop":{"background-color":"var(--ast-global-color-4)","background-image":"","background-repeat":"repeat","background-position":"center center","background-size":"auto","background-attachment":"scroll","background-type":"","background-media":"","overlay-type":"","overlay-color":"","overlay-opacity":"","overlay-gradient":""},"tablet":{"background-color":"var(--ast-global-color-4)","background-image":"","background-repeat":"repeat","background-position":"center center","background-size":"auto","background-attachment":"scroll","background-type":"","background-media":"","overlay-type":"","overlay-color":"","overlay-opacity":"","overlay-gradient":""},"mobile":{"background-color":"var(--ast-global-color-4)","background-image":"","background-repeat":"repeat","background-position":"center center","background-size":"auto","background-attachment":"scroll","background-type":"","background-media":"","overlay-type":"","overlay-color":"","overlay-opacity":"","overlay-gradient":""}},"_price":"","_stock":"","_tribe_ticket_header":"","_tribe_default_ticket_provider":"","_tribe_ticket_capacity":"0","_ticket_start_date":"","_ticket_end_date":"","_tribe_ticket_show_description":"","_tribe_ticket_show_not_going":false,"_tribe_ticket_use_global_stock":"","_tribe_ticket_global_stock_level":"","_global_stock_mode":"","_global_stock_cap":"","_tribe_rsvp_for_event":"","_tribe_ticket_going_count":"","_tribe_ticket_not_going_count":"","_tribe_tickets_list":"[]","_tribe_ticket_has_attendee_info_fields":false,"footnotes":"","_tec_slr_enabled":"","_tec_slr_layout":""},"class_list":["post-5626","page","type-page","status-publish","hentry"],"acf":[],"ticketed":false,"_links":{"self":[{"href":"https:\/\/www.greenparty.ca\/fr\/wp-json\/wp\/v2\/pages\/5626","targetHints":{"allow":["GET"]}}],"collection":[{"href":"https:\/\/www.greenparty.ca\/fr\/wp-json\/wp\/v2\/pages"}],"about":[{"href":"https:\/\/www.greenparty.ca\/fr\/wp-json\/wp\/v2\/types\/page"}],"author":[{"embeddable":true,"href":"https:\/\/www.greenparty.ca\/fr\/wp-json\/wp\/v2\/users\/6"}],"replies":[{"embeddable":true,"href":"https:\/\/www.greenparty.ca\/fr\/wp-json\/wp\/v2\/comments?post=5626"}],"version-history":[{"count":11,"href":"https:\/\/www.greenparty.ca\/fr\/wp-json\/wp\/v2\/pages\/5626\/revisions"}],"predecessor-version":[{"id":22235,"href":"https:\/\/www.greenparty.ca\/fr\/wp-json\/wp\/v2\/pages\/5626\/revisions\/22235"}],"up":[{"embeddable":true,"href":"https:\/\/www.greenparty.ca\/fr\/wp-json\/wp\/v2\/pages\/5115"}],"wp:attachment":[{"href":"https:\/\/www.greenparty.ca\/fr\/wp-json\/wp\/v2\/media?parent=5626"}],"curies":[{"name":"wp","href":"https:\/\/api.w.org\/{rel}","templated":true}]}}