{"id":5213,"date":"2025-02-04T15:53:38","date_gmt":"2025-02-04T20:53:38","guid":{"rendered":"https:\/\/www.greenparty.ca\/gouvernance\/fonds-pvc"},"modified":"2025-12-03T16:32:55","modified_gmt":"2025-12-03T21:32:55","slug":"fonds-pvc","status":"publish","type":"page","link":"https:\/\/www.greenparty.ca\/fr\/gouvernance\/fonds-pvc","title":{"rendered":"Fonds du PVC"},"content":{"rendered":"\n<p class=\"gpc-bottom-gutter-md\">Le Fonds du Parti vert du Canada est une soci\u00e9t\u00e9 \u00e0 but non lucratif qui, conform\u00e9ment \u00e0 la Loi \u00e9lectorale du Canada, est l\u2019agent principal enregistr\u00e9 du Parti vert du Canada. En tant qu\u2019agent principal, le Fonds du PVC est responsable de l\u2019administration des finances du parti, ce qui comprend l\u2019engagement et le paiement de toutes les d\u00e9penses, l\u2019emploi du personnel et la location de bureaux.<br><br> Les membres votants du Fonds du PVC sont les membres votants du Conseil f\u00e9d\u00e9ral. En tant que soci\u00e9t\u00e9 anonyme, le Fonds du PVC est dot\u00e9 d\u2019un conseil d\u2019administration et d\u2019un bureau. Les dirigeants et les cadres r\u00e9mun\u00e9r\u00e9s sont responsables des op\u00e9rations quotidiennes qui soutiennent le Parti.<br><br> Les documents r\u00e9gissant le Fonds PVC sont la Loi canadienne sur les organisations \u00e0 but non lucratif et ses r\u00e8glements, le certificat de prorogation et le r\u00e8glement du Fonds du PVC.<\/p>\n\n\n\n<div style=\"--gpc-min-height:auto;--gpc-max-height:100%\" class=\"wp-block-gpc-wrapper wrapper wrapper-boxed a-padding-t-small a-padding-b-none a-vertical-align-center has-gpc-color-misc-2-background-color has-background\"><div class=\"inner-wrapper\">\n<h2 class=\"wp-block-heading gpc-bottom-gutter-sm\">Joignez-vous au conseil du Fonds du Parti vert du Canada<\/h2>\n\n\n\n<p class=\"\">Le Fonds du Parti vert du Canada recherche des personnes engag\u00e9es et qualifi\u00e9es pour si\u00e9ger \u00e0 son conseil. Consultez <a href=\"https:\/\/www.greenparty.ca\/fr\/fonds-appel-de-candidatures\" data-type=\"page\" data-id=\"21671\"><strong>notre appel de candidatures<\/strong><\/a> pour plus de d\u00e9tails. La date limite pour soumettre une candidature est le 7 janvier 2026.<\/p>\n<\/div><\/div>\n\n\n\n<hr class=\"wp-block-separator has-text-color has-gpc-color-primary-dark-color has-alpha-channel-opacity has-gpc-color-primary-dark-background-color has-background is-style-gpc-thin-divider\"\/>\n\n\n\n<div style=\"--gpc-min-height:auto;--gpc-max-height:100%\" class=\"wp-block-gpc-wrapper wrapper wrapper-full a-padding-t-small a-padding-b-small a-vertical-align-top\"><div class=\"inner-wrapper\">\n<div class=\"wp-block-gpc-grid grid grid-2 row-gap-3 column-gap-3 a-vertical-align-top no-reorder-tablet no-reorder-mobile no-stack-tablet  stack-mobile grid-2-2\">\n<div style=\"--gpc-max-width:100%\" class=\"wp-block-gpc-column  inner_col align-left\">\n<h2 class=\"wp-block-heading gpc-typography-body gpc-font-weight-semibold gpc-bottom-gutter-sm\">DIRECTEURS DU FONDS<\/h2>\n\n\n\n<p class=\"gpc-bottom-gutter-none\"><strong>Stephen Hazell<\/strong><\/p>\n\n\n\n<p class=\"gpc-bottom-gutter-none\"><strong>Farrell Gilmour<\/strong><\/p>\n\n\n\n<p class=\"gpc-bottom-gutter-none\"><strong>Ron Parker<\/strong><\/p>\n\n\n\n<p class=\"gpc-bottom-gutter-none\"><strong>Steve Kisby<\/strong><\/p>\n\n\n\n<p class=\"gpc-bottom-gutter-none\"><strong>Lindsay Grillet<\/strong><\/p>\n<\/div>\n\n\n\n<div style=\"--gpc-max-width:100%\" class=\"wp-block-gpc-column  inner_col align-left\">\n<h2 class=\"wp-block-heading gpc-typography-body gpc-font-weight-semibold gpc-bottom-gutter-sm\">OFFICIERS DU FONDS<\/h2>\n\n\n\n<p class=\"gpc-bottom-gutter-sm\"><strong>Lindsay Grillet<\/strong><br>\nCopr\u00e9sidente et Repr\u00e9sentante du Fonds<\/p>\n\n\n\n<p class=\"gpc-bottom-gutter-sm\"><strong>Steve Kisby<\/strong><br>\nCopr\u00e9sident<\/p>\n\n\n\n<p class=\"gpc-bottom-gutter-sm\"><strong>Ron Parker<\/strong><br>\nVice-pr\u00e9sident<\/p>\n\n\n\n<p class=\"gpc-bottom-gutter-sm\"><strong>Farrell Gilmour<\/strong><br>\nTr\u00e9sorier<\/p>\n\n\n\n<p class=\"gpc-bottom-gutter-sm\"><strong>Stephen Hazell<\/strong><br>\nSecr\u00e9taire<\/p>\n<\/div>\n<\/div>\n<\/div><\/div>\n\n\n\n<hr class=\"wp-block-separator has-text-color has-gpc-color-primary-dark-color has-alpha-channel-opacity has-gpc-color-primary-dark-background-color has-background is-style-gpc-thin-divider\"\/>\n\n\n\n<div style=\"--gpc-min-height:auto;--gpc-max-height:100%\" class=\"wp-block-gpc-wrapper wrapper wrapper-full a-padding-t-small a-padding-b-small a-vertical-align-center\"><div class=\"inner-wrapper\">\n<div class=\"wp-block-gpc-grid grid grid-1 row-gap-2 column-gap-1 a-vertical-align-top no-reorder-tablet no-reorder-mobile no-stack-tablet  stack-mobile grid-2-2\">\n<div style=\"--gpc-max-width:100%\" class=\"wp-block-gpc-column  inner_col align-left\">\n<h2 class=\"wp-block-heading gpc-typography-body gpc-font-weight-semibold gpc-bottom-gutter-sm\">RESSOURCES<\/h2>\n\n\n\n<ul class=\"wp-block-list is-style-gpc-pdf\">\n<li class=\"\"><a href=\"https:\/\/cdn.greenparty.ca\/wp-content\/uploads\/2025\/02\/gpc_fund_financial_statements_2022.pdf.pdf\" data-type=\"link\" data-id=\"https:\/\/cdn.greenparty.ca\/wp-content\/uploads\/2025\/02\/gpc_fund_financial_statements_2022.pdf.pdf\">\u00c9tats financiers audit\u00e9s 2022 (PDF, en anglais)<\/a><\/li>\n\n\n\n<li class=\"\"><a href=\"https:\/\/cdn.greenparty.ca\/wp-content\/uploads\/2025\/02\/gpc_fund_financial_statements_2021_0.pdf\" data-type=\"link\" data-id=\"https:\/\/cdn.greenparty.ca\/wp-content\/uploads\/2025\/02\/gpc_fund_financial_statements_2021_0.pdf\">\u00c9tats financiers audit\u00e9s 2021 (PDF, en anglais)<\/a><\/li>\n<\/ul>\n<\/div>\n<\/div>\n<\/div><\/div>\n\n\n\n<hr class=\"wp-block-separator has-text-color has-gpc-color-primary-dark-color has-alpha-channel-opacity has-gpc-color-primary-dark-background-color has-background is-style-gpc-thin-divider\"\/>\n\n\n\n<div style=\"--gpc-min-height:auto;--gpc-max-height:100%\" class=\"wp-block-gpc-wrapper wrapper wrapper-full a-padding-t-small a-padding-b-xlarge a-vertical-align-center\"><div class=\"inner-wrapper\">\n<div class=\"wp-block-gpc-grid grid grid-1 row-gap-2 column-gap-1 a-vertical-align-top no-reorder-tablet no-reorder-mobile no-stack-tablet  stack-mobile grid-2-2\">\n<div style=\"--gpc-max-width:100%\" class=\"wp-block-gpc-column  inner_col align-left\">\n<h2 class=\"wp-block-heading gpc-typography-body gpc-font-weight-semibold gpc-bottom-gutter-sm\">DOCUMENTS IMPORTANTS<\/h2>\n\n\n\n<ul class=\"wp-block-list is-style-gpc-pdf\">\n<li class=\"\"><a href=\"https:\/\/cdn.greenparty.ca\/wp-content\/uploads\/2025\/02\/gpc-fund-v7-by-law_no_1_schedule_a-5.pdf\" data-type=\"link\" data-id=\"https:\/\/cdn.greenparty.ca\/wp-content\/uploads\/2025\/02\/gpc-fund-v7-by-law_no_1_schedule_a-5.pdf\">R\u00e8glements du Fonds du PVC (PDF, en anglais)<\/a><\/li>\n\n\n\n<li class=\"\"><a href=\"https:\/\/laws.justice.gc.ca\/fra\/lois\/c-7.75\/\" data-type=\"link\" data-id=\"https:\/\/laws.justice.gc.ca\/eng\/acts\/c-7.75\/\">Loi canadienne sur les organisations \u00e0 but non lucratif<\/a><\/li>\n\n\n\n<li class=\"\"><a href=\"https:\/\/cdn.greenparty.ca\/wp-content\/uploads\/2025\/02\/continuance.pdf\" data-type=\"link\" data-id=\"https:\/\/cdn.greenparty.ca\/wp-content\/uploads\/2025\/02\/continuance.pdf\">Certificat de prorogation<\/a><\/li>\n\n\n\n<li class=\"\"><a href=\"https:\/\/cdn.greenparty.ca\/wp-content\/uploads\/2025\/11\/2025-GPC-Fund-Report-for-GPC-SGM.pdf\">Fonds du Parti vert du Canada Rapport 2025<\/a><\/li>\n<\/ul>\n<\/div>\n<\/div>\n<\/div><\/div>\n","protected":false},"excerpt":{"rendered":"<p>Le Fonds du Parti vert du Canada est une soci\u00e9t\u00e9 \u00e0 but non lucratif qui, conform\u00e9ment \u00e0 la Loi \u00e9lectorale du Canada, est l\u2019agent principal enregistr\u00e9 du Parti vert du [&hellip;]<\/p>\n","protected":false},"author":6,"featured_media":0,"parent":5115,"menu_order":0,"comment_status":"closed","ping_status":"closed","template":"","meta":{"_acf_changed":false,"inline_featured_image":false,"site-sidebar-layout":"default","site-content-layout":"","ast-site-content-layout":"default","site-content-style":"default","site-sidebar-style":"default","ast-global-header-display":"","ast-banner-title-visibility":"","ast-main-header-display":"","ast-hfb-above-header-display":"","ast-hfb-below-header-display":"","ast-hfb-mobile-header-display":"","site-post-title":"","ast-breadcrumbs-content":"","ast-featured-img":"","footer-sml-layout":"","ast-disable-related-posts":"","theme-transparent-header-meta":"","adv-header-id-meta":"","stick-header-meta":"","header-above-stick-meta":"","header-main-stick-meta":"","header-below-stick-meta":"","astra-migrate-meta-layouts":"default","ast-page-background-enabled":"default","ast-page-background-meta":{"desktop":{"background-color":"var(--ast-global-color-5)","background-image":"","background-repeat":"repeat","background-position":"center center","background-size":"auto","background-attachment":"scroll","background-type":"","background-media":"","overlay-type":"","overlay-color":"","overlay-opacity":"","overlay-gradient":""},"tablet":{"background-color":"","background-image":"","background-repeat":"repeat","background-position":"center center","background-size":"auto","background-attachment":"scroll","background-type":"","background-media":"","overlay-type":"","overlay-color":"","overlay-opacity":"","overlay-gradient":""},"mobile":{"background-color":"","background-image":"","background-repeat":"repeat","background-position":"center center","background-size":"auto","background-attachment":"scroll","background-type":"","background-media":"","overlay-type":"","overlay-color":"","overlay-opacity":"","overlay-gradient":""}},"ast-content-background-meta":{"desktop":{"background-color":"var(--ast-global-color-4)","background-image":"","background-repeat":"repeat","background-position":"center center","background-size":"auto","background-attachment":"scroll","background-type":"","background-media":"","overlay-type":"","overlay-color":"","overlay-opacity":"","overlay-gradient":""},"tablet":{"background-color":"var(--ast-global-color-4)","background-image":"","background-repeat":"repeat","background-position":"center center","background-size":"auto","background-attachment":"scroll","background-type":"","background-media":"","overlay-type":"","overlay-color":"","overlay-opacity":"","overlay-gradient":""},"mobile":{"background-color":"var(--ast-global-color-4)","background-image":"","background-repeat":"repeat","background-position":"center center","background-size":"auto","background-attachment":"scroll","background-type":"","background-media":"","overlay-type":"","overlay-color":"","overlay-opacity":"","overlay-gradient":""}},"_price":"","_stock":"","_tribe_ticket_header":"","_tribe_default_ticket_provider":"","_tribe_ticket_capacity":"0","_ticket_start_date":"","_ticket_end_date":"","_tribe_ticket_show_description":"","_tribe_ticket_show_not_going":false,"_tribe_ticket_use_global_stock":"","_tribe_ticket_global_stock_level":"","_global_stock_mode":"","_global_stock_cap":"","_tribe_rsvp_for_event":"","_tribe_ticket_going_count":"","_tribe_ticket_not_going_count":"","_tribe_tickets_list":"[]","_tribe_ticket_has_attendee_info_fields":false,"footnotes":"","_tec_slr_enabled":"","_tec_slr_layout":""},"class_list":["post-5213","page","type-page","status-publish","hentry"],"acf":[],"ticketed":false,"_links":{"self":[{"href":"https:\/\/www.greenparty.ca\/fr\/wp-json\/wp\/v2\/pages\/5213","targetHints":{"allow":["GET"]}}],"collection":[{"href":"https:\/\/www.greenparty.ca\/fr\/wp-json\/wp\/v2\/pages"}],"about":[{"href":"https:\/\/www.greenparty.ca\/fr\/wp-json\/wp\/v2\/types\/page"}],"author":[{"embeddable":true,"href":"https:\/\/www.greenparty.ca\/fr\/wp-json\/wp\/v2\/users\/6"}],"replies":[{"embeddable":true,"href":"https:\/\/www.greenparty.ca\/fr\/wp-json\/wp\/v2\/comments?post=5213"}],"version-history":[{"count":19,"href":"https:\/\/www.greenparty.ca\/fr\/wp-json\/wp\/v2\/pages\/5213\/revisions"}],"predecessor-version":[{"id":21678,"href":"https:\/\/www.greenparty.ca\/fr\/wp-json\/wp\/v2\/pages\/5213\/revisions\/21678"}],"up":[{"embeddable":true,"href":"https:\/\/www.greenparty.ca\/fr\/wp-json\/wp\/v2\/pages\/5115"}],"wp:attachment":[{"href":"https:\/\/www.greenparty.ca\/fr\/wp-json\/wp\/v2\/media?parent=5213"}],"curies":[{"name":"wp","href":"https:\/\/api.w.org\/{rel}","templated":true}]}}