{"id":5204,"date":"2025-01-30T15:44:59","date_gmt":"2025-01-30T20:44:59","guid":{"rendered":"https:\/\/www.greenparty.ca\/joignez-le-mouvement"},"modified":"2025-10-07T19:56:41","modified_gmt":"2025-10-07T23:56:41","slug":"devenir-membre","status":"publish","type":"page","link":"https:\/\/www.greenparty.ca\/fr\/devenir-membre","title":{"rendered":"Devenir membre"},"content":{"rendered":"\n<h1 class=\"wp-block-heading has-text-align-center gpc-typography-secondary-xxxlarge gpc-font-weight-bold gpc-bottom-gutter-md\" style=\"line-height:1\">Devenir<br\/>membre<\/h1>\n\n<p class=\"gpc-typography-secondary-medium gpc-font-weight-light\">Croyez-vous en une action climatique audacieuse, en la justice sociale et en un avenir durable pour le Canada? En devenant membre du Parti vert du Canada, vous ne faites pas qu&rsquo;appuyer un parti politique en pleine croissance, vous vous joignez \u00e0 un mouvement qui s&rsquo;engage \u00e0 cr\u00e9er un monde meilleur pour tous. <\/p>\n\n<h2 class=\"wp-block-heading gpc-typography-body gpc-font-weight-bold gpc-bottom-gutter-sm\">Pourquoi adh\u00e9rer au Parti vert?<\/h2>\n\n<p class=\"\">En tant que membre, vous \u00eates au c\u0153ur de notre mouvement. Votre voix compte et ensemble, nous pouvons : <\/p>\n\n<ul class=\"wp-block-list\">\n<li class=\"\"><strong>Participez \u00e0 l&rsquo;\u00e9laboration des politiques<\/strong> : Donnez votre avis sur les questions les plus importantes en votant et en participant aux discussions.<\/li>\n\n\n\n<li class=\"\"><strong>Participez \u00e0 des webinaires et \u00e0 des \u00e9v\u00e9nements exclusifs<\/strong> : Acc\u00e9dez \u00e0 des s\u00e9ances de r\u00e9flexion avec des leaders et des experts verts.<\/li>\n\n\n\n<li class=\"\"><strong>Votez sur les d\u00e9cisions cl\u00e9<\/strong>s : Influencez notre structure de gouvernance interne, les concours de leadership et d&rsquo;autres d\u00e9cisions cruciales qui d\u00e9terminent l&rsquo;orientation de notre parti.<\/li>\n<\/ul>\n\n<h2 class=\"wp-block-heading gpc-typography-body gpc-font-weight-bold gpc-bottom-gutter-sm\">Options d&rsquo;adh\u00e9sion flexibles<\/h2>\n\n<p class=\"\">L&rsquo;adh\u00e9sion est abordable et accessible :<\/p>\n\n<ul class=\"wp-block-list\">\n<li class=\"\">Une adh\u00e9sion d&rsquo;un an est possible avec un don de 10$ ou plus.<\/li>\n\n\n\n<li class=\"\">Une adh\u00e9sion de trois ans est possible avec un don de 25$ ou plus.<\/li>\n<\/ul>\n\n<p class=\"\">Vous avez entre 14 et 29 ans ? Profitez de notre programme sp\u00e9cial d&rsquo;adh\u00e9sion pour les jeunes ! <a href=\"https:\/\/www.greenparty.ca\/fr\/application-pour-une-adhesion-aux-jeunes-verts\" data-type=\"link\" data-id=\"https:\/\/www.greenparty.ca\/en\/youth-membership-application\">\n  <strong>\n    <span class=\"gpc-text-color-primary\">Cliquez ici pour en savoir plus et demander votre adh\u00e9sion gratuite d\u00e8s aujourd&rsquo;hui.<\/span>\n  <\/strong>\n<\/a> pour en savoir plus et demander votre adh\u00e9sion gratuite d\u00e8s aujourd&rsquo;hui.<\/p>\n<p>[civicrm component=\u00a0\u00bbcontribution\u00a0\u00bb id=\u00a0\u00bb43&Prime; mode=\u00a0\u00bblive\u00a0\u00bb  ]<\/p>\n","protected":false},"excerpt":{"rendered":"<p>Devenirmembre Croyez-vous en une action climatique audacieuse, en la justice sociale et en un avenir durable pour le Canada? En devenant membre du Parti vert du Canada, vous ne faites [&hellip;]<\/p>\n","protected":false},"author":6,"featured_media":0,"parent":0,"menu_order":0,"comment_status":"closed","ping_status":"closed","template":"page-templates\/large-heading.php","meta":{"_acf_changed":false,"inline_featured_image":false,"site-sidebar-layout":"default","site-content-layout":"","ast-site-content-layout":"","site-content-style":"default","site-sidebar-style":"default","ast-global-header-display":"","ast-banner-title-visibility":"","ast-main-header-display":"","ast-hfb-above-header-display":"","ast-hfb-below-header-display":"","ast-hfb-mobile-header-display":"","site-post-title":"disabled","ast-breadcrumbs-content":"","ast-featured-img":"","footer-sml-layout":"","ast-disable-related-posts":"","theme-transparent-header-meta":"","adv-header-id-meta":"","stick-header-meta":"","header-above-stick-meta":"","header-main-stick-meta":"","header-below-stick-meta":"","astra-migrate-meta-layouts":"default","ast-page-background-enabled":"default","ast-page-background-meta":{"desktop":{"background-color":"var(--ast-global-color-5)","background-image":"","background-repeat":"repeat","background-position":"center center","background-size":"auto","background-attachment":"scroll","background-type":"","background-media":"","overlay-type":"","overlay-color":"","overlay-opacity":"","overlay-gradient":""},"tablet":{"background-color":"","background-image":"","background-repeat":"repeat","background-position":"center center","background-size":"auto","background-attachment":"scroll","background-type":"","background-media":"","overlay-type":"","overlay-color":"","overlay-opacity":"","overlay-gradient":""},"mobile":{"background-color":"","background-image":"","background-repeat":"repeat","background-position":"center center","background-size":"auto","background-attachment":"scroll","background-type":"","background-media":"","overlay-type":"","overlay-color":"","overlay-opacity":"","overlay-gradient":""}},"ast-content-background-meta":{"desktop":{"background-color":"var(--ast-global-color-4)","background-image":"","background-repeat":"repeat","background-position":"center center","background-size":"auto","background-attachment":"scroll","background-type":"","background-media":"","overlay-type":"","overlay-color":"","overlay-opacity":"","overlay-gradient":""},"tablet":{"background-color":"var(--ast-global-color-4)","background-image":"","background-repeat":"repeat","background-position":"center center","background-size":"auto","background-attachment":"scroll","background-type":"","background-media":"","overlay-type":"","overlay-color":"","overlay-opacity":"","overlay-gradient":""},"mobile":{"background-color":"var(--ast-global-color-4)","background-image":"","background-repeat":"repeat","background-position":"center center","background-size":"auto","background-attachment":"scroll","background-type":"","background-media":"","overlay-type":"","overlay-color":"","overlay-opacity":"","overlay-gradient":""}},"_price":"","_stock":"","_tribe_ticket_header":"","_tribe_default_ticket_provider":"","_tribe_ticket_capacity":"0","_ticket_start_date":"","_ticket_end_date":"","_tribe_ticket_show_description":"","_tribe_ticket_show_not_going":false,"_tribe_ticket_use_global_stock":"","_tribe_ticket_global_stock_level":"","_global_stock_mode":"","_global_stock_cap":"","_tribe_rsvp_for_event":"","_tribe_ticket_going_count":"","_tribe_ticket_not_going_count":"","_tribe_tickets_list":"[]","_tribe_ticket_has_attendee_info_fields":false,"footnotes":"","_tec_slr_enabled":"","_tec_slr_layout":""},"class_list":["post-5204","page","type-page","status-publish","hentry"],"acf":[],"ticketed":false,"_links":{"self":[{"href":"https:\/\/www.greenparty.ca\/fr\/wp-json\/wp\/v2\/pages\/5204","targetHints":{"allow":["GET"]}}],"collection":[{"href":"https:\/\/www.greenparty.ca\/fr\/wp-json\/wp\/v2\/pages"}],"about":[{"href":"https:\/\/www.greenparty.ca\/fr\/wp-json\/wp\/v2\/types\/page"}],"author":[{"embeddable":true,"href":"https:\/\/www.greenparty.ca\/fr\/wp-json\/wp\/v2\/users\/6"}],"replies":[{"embeddable":true,"href":"https:\/\/www.greenparty.ca\/fr\/wp-json\/wp\/v2\/comments?post=5204"}],"version-history":[{"count":14,"href":"https:\/\/www.greenparty.ca\/fr\/wp-json\/wp\/v2\/pages\/5204\/revisions"}],"predecessor-version":[{"id":20518,"href":"https:\/\/www.greenparty.ca\/fr\/wp-json\/wp\/v2\/pages\/5204\/revisions\/20518"}],"wp:attachment":[{"href":"https:\/\/www.greenparty.ca\/fr\/wp-json\/wp\/v2\/media?parent=5204"}],"curies":[{"name":"wp","href":"https:\/\/api.w.org\/{rel}","templated":true}]}}