{"id":5115,"date":"2025-02-04T14:16:03","date_gmt":"2025-02-04T19:16:03","guid":{"rendered":"https:\/\/www.greenparty.ca\/gouvernance"},"modified":"2025-09-24T15:09:32","modified_gmt":"2025-09-24T19:09:32","slug":"gouvernance","status":"publish","type":"page","link":"https:\/\/www.greenparty.ca\/fr\/gouvernance","title":{"rendered":"Gouvernance"},"content":{"rendered":"\n<div style=\"--gpc-min-height:auto;--gpc-max-height:100%\" class=\"wp-block-gpc-wrapper wrapper wrapper-narrow a-padding-t-none a-padding-b-none a-vertical-align-center\"><div class=\"inner-wrapper\">\n<h2 class=\"wp-block-heading has-text-align-center gpc-typography-primary-xxlarge gpc-font-weight-bold\" style=\"line-height:0.6\"><strong>Gouvernance<\/strong><\/h2>\n\n\n\n<div style=\"height:50px\" aria-hidden=\"true\" class=\"wp-block-spacer\"><\/div>\n\n\n\n<p class=\"gpc-typography-secondary-medium gpc-font-weight-light gpc-bottom-gutter-none\">Au Parti vert, notre engagement en faveur de la d\u00e9mocratie de proximit\u00e9 va au-del\u00e0 de la politique. C&rsquo;est la fa\u00e7on dont nous nous gouvernons nous-m\u00eames. Voici les entit\u00e9s qui guident notre parti, chacune d&rsquo;entre elles \u00e9tant motiv\u00e9e par un attachement commun \u00e0 nos valeurs fondamentales.<\/p>\n\n\n\n<div class=\"wp-block-buttons is-content-justification-center is-layout-flex wp-container-core-buttons-is-layout-a89b3969 wp-block-buttons-is-layout-flex\">\n<div class=\"wp-block-button gpc-top-gutter-sm-2\"><a class=\"wp-block-button__link wp-element-button\" href=\"https:\/\/www.greenparty.ca\/fr\/elections-des-conseils-2025-profils-des-candidatures\">\u00c9lections des conseils<\/a><\/div>\n<\/div>\n<\/div><\/div>\n\n\n\n<div style=\"--gpc-min-height:auto;--gpc-max-height:100%\" class=\"wp-block-gpc-wrapper wrapper wrapper-full a-padding-t-large a-padding-b-small a-vertical-align-center\"><div class=\"inner-wrapper\">\n<div class=\"wp-block-gpc-grid grid grid-1 row-gap-3 column-gap-3 a-vertical-align-center no-reorder-tablet reorder-mobile no-stack-tablet  stack-mobile\">\n<div style=\"--gpc-max-width:100%\" class=\"wp-block-gpc-column  inner_col align-left\">\n<div style=\"--box-padding-y:2.5rem;--box-padding-x:2.5rem;--box-max-width:40%;--box-min-height:420px;border-radius:25px\" class=\"wp-block-gpc-ctabox  gpc-cta-box box-no-img stack-img has-gpc-color-misc-2-background-color has-background\"><div class=\"box-wrapper\"><div class=\"box-content\">\n<h2 class=\"wp-block-heading gpc-typography-secondary-xxlarge gpc-font-weight-bold gpc-bottom-gutter-sm\">Conseil f\u00e9d\u00e9ral<\/h2>\n\n\n\n<p class=\"gpc-bottom-gutter-sm\">Le Conseil du Parti vert du Canada veille \u00e0 ce que le Parti reste fid\u00e8le \u00e0 son objectif et g\u00e8re ses ressources de mani\u00e8re responsable.<\/p>\n\n\n\n<div class=\"wp-block-buttons is-layout-flex wp-block-buttons-is-layout-flex\">\n<div class=\"wp-block-button\"><a class=\"wp-block-button__link wp-element-button\" href=\"https:\/\/www.greenparty.ca\/fr\/gouvernance\/conseil-federal\">D\u00e9couvrez comment<\/a><\/div>\n<\/div>\n<\/div><\/div><\/div>\n<\/div>\n\n\n\n<div style=\"--gpc-max-width:100%\" class=\"wp-block-gpc-column  inner_col align-left\">\n<div style=\"--box-padding-y:2.5rem;--box-padding-x:2.5rem;--box-max-width:40%;--box-min-height:420px;border-radius:25px\" class=\"wp-block-gpc-ctabox  gpc-cta-box box-no-img stack-img\"><div class=\"box-wrapper\"><div class=\"box-content\">\n<h2 class=\"wp-block-heading gpc-typography-primary-xxlarge gpc-font-weight-bold gpc-bottom-gutter-sm\">Fonds du PVC<\/h2>\n\n\n\n<p class=\"gpc-bottom-gutter-sm\">Le Fonds du PVC est l&rsquo;agent principal du Parti vert du Canada et est responsable de l&rsquo;administration des finances du Parti.<\/p>\n\n\n\n<div class=\"wp-block-buttons is-layout-flex wp-block-buttons-is-layout-flex\">\n<div class=\"wp-block-button\"><a class=\"wp-block-button__link wp-element-button\" href=\"https:\/\/www.greenparty.ca\/fr\/gouvernance\/fonds-pvc\">D\u00e9couvrez comment<\/a><\/div>\n<\/div>\n<\/div><\/div><\/div>\n<\/div>\n\n\n\n<div style=\"--gpc-max-width:100%\" class=\"wp-block-gpc-column  inner_col align-left\">\n<div style=\"--box-padding-y:2.5rem;--box-padding-x:2.5rem;--box-max-width:44%;--box-min-height:420px;border-radius:25px\" class=\"wp-block-gpc-ctabox  gpc-cta-box box-no-img stack-img has-gpc-color-primary-dark-background-color has-background\"><div class=\"box-wrapper\"><div class=\"box-content\">\n<h2 class=\"wp-block-heading gpc-typography-secondary-xxlarge gpc-font-weight-bold gpc-bottom-gutter-sm\">Jeunes verts<\/h2>\n\n\n\n<p class=\"gpc-bottom-gutter-sm\"><span class=\"gpc-text-color-primary\">Les Jeunes verts sont une unit\u00e9 du PVC repr\u00e9sentant les jeunes membres \u00e2g\u00e9s de 12 \u00e0 29 ans.<\/span><\/p>\n\n\n\n<div class=\"wp-block-buttons is-layout-flex wp-block-buttons-is-layout-flex\">\n<div class=\"wp-block-button\"><a class=\"wp-block-button__link wp-element-button\" href=\"https:\/\/www.greenparty.ca\/fr\/gouvernance\/conseil-jvc\">D\u00e9couvrez comment<\/a><\/div>\n<\/div>\n<\/div><\/div><\/div>\n<\/div>\n<\/div>\n<\/div><\/div>\n\n\n\n<div style=\"--gpc-min-height:auto;--gpc-max-height:100%\" class=\"wp-block-gpc-wrapper wrapper wrapper-wide a-padding-t-large a-padding-b-xlarge a-vertical-align-center\"><div class=\"inner-wrapper\">\n<h2 class=\"wp-block-heading gpc-typography-body gpc-font-weight-semibold gpc-bottom-gutter-sm\"><span class=\"gpc-text-color-dark\"><span class=\"gpc-text-color-primary\">DOCUMENTS IMPORTANTS<\/span><\/span><\/h2>\n\n\n\n<ul class=\"wp-block-list is-style-gpc-pdf\">\n<li class=\"\"><a href=\"https:\/\/www.greenparty.ca\/fr\/constitution-du-parti-vert-du-canada\" data-type=\"page\" data-id=\"3964\">Constitution du Parti vert du Canada<\/a><\/li>\n\n\n\n<li class=\"\"><strong><a href=\"https:\/\/cdn.greenparty.ca\/wp-content\/uploads\/2025\/09\/GPC-Policy-Book-FR-Juillet-2023.pdf\">Politiques du Parti vert du Canada approuv\u00e9es par les membres<\/a><\/strong><\/li>\n\n\n\n<li class=\"\"><a href=\"https:\/\/www.greenparty.ca\/fr\/regles-de-procedure\" data-type=\"page\" data-id=\"3997\">R\u00e8gles de proc\u00e9dure pour les Assembl\u00e9es g\u00e9n\u00e9rales<\/a><\/li>\n<\/ul>\n<\/div><\/div>\n\n\n\n<p class=\"\"><\/p>\n","protected":false},"excerpt":{"rendered":"","protected":false},"author":6,"featured_media":0,"parent":0,"menu_order":0,"comment_status":"closed","ping_status":"closed","template":"page-templates\/boxed-width-template.php","meta":{"_acf_changed":false,"inline_featured_image":false,"site-sidebar-layout":"default","site-content-layout":"","ast-site-content-layout":"","site-content-style":"default","site-sidebar-style":"default","ast-global-header-display":"","ast-banner-title-visibility":"","ast-main-header-display":"","ast-hfb-above-header-display":"","ast-hfb-below-header-display":"","ast-hfb-mobile-header-display":"","site-post-title":"disabled","ast-breadcrumbs-content":"","ast-featured-img":"","footer-sml-layout":"","ast-disable-related-posts":"","theme-transparent-header-meta":"","adv-header-id-meta":"","stick-header-meta":"","header-above-stick-meta":"","header-main-stick-meta":"","header-below-stick-meta":"","astra-migrate-meta-layouts":"default","ast-page-background-enabled":"default","ast-page-background-meta":{"desktop":{"background-color":"var(--ast-global-color-5)","background-image":"","background-repeat":"repeat","background-position":"center center","background-size":"auto","background-attachment":"scroll","background-type":"","background-media":"","overlay-type":"","overlay-color":"","overlay-opacity":"","overlay-gradient":""},"tablet":{"background-color":"","background-image":"","background-repeat":"repeat","background-position":"center center","background-size":"auto","background-attachment":"scroll","background-type":"","background-media":"","overlay-type":"","overlay-color":"","overlay-opacity":"","overlay-gradient":""},"mobile":{"background-color":"","background-image":"","background-repeat":"repeat","background-position":"center center","background-size":"auto","background-attachment":"scroll","background-type":"","background-media":"","overlay-type":"","overlay-color":"","overlay-opacity":"","overlay-gradient":""}},"ast-content-background-meta":{"desktop":{"background-color":"var(--ast-global-color-4)","background-image":"","background-repeat":"repeat","background-position":"center center","background-size":"auto","background-attachment":"scroll","background-type":"","background-media":"","overlay-type":"","overlay-color":"","overlay-opacity":"","overlay-gradient":""},"tablet":{"background-color":"var(--ast-global-color-4)","background-image":"","background-repeat":"repeat","background-position":"center center","background-size":"auto","background-attachment":"scroll","background-type":"","background-media":"","overlay-type":"","overlay-color":"","overlay-opacity":"","overlay-gradient":""},"mobile":{"background-color":"var(--ast-global-color-4)","background-image":"","background-repeat":"repeat","background-position":"center center","background-size":"auto","background-attachment":"scroll","background-type":"","background-media":"","overlay-type":"","overlay-color":"","overlay-opacity":"","overlay-gradient":""}},"_price":"","_stock":"","_tribe_ticket_header":"","_tribe_default_ticket_provider":"","_tribe_ticket_capacity":"0","_ticket_start_date":"","_ticket_end_date":"","_tribe_ticket_show_description":"","_tribe_ticket_show_not_going":false,"_tribe_ticket_use_global_stock":"","_tribe_ticket_global_stock_level":"","_global_stock_mode":"","_global_stock_cap":"","_tribe_rsvp_for_event":"","_tribe_ticket_going_count":"","_tribe_ticket_not_going_count":"","_tribe_tickets_list":"[]","_tribe_ticket_has_attendee_info_fields":false,"footnotes":"","_tec_slr_enabled":"","_tec_slr_layout":""},"class_list":["post-5115","page","type-page","status-publish","hentry"],"acf":[],"ticketed":false,"_links":{"self":[{"href":"https:\/\/www.greenparty.ca\/fr\/wp-json\/wp\/v2\/pages\/5115","targetHints":{"allow":["GET"]}}],"collection":[{"href":"https:\/\/www.greenparty.ca\/fr\/wp-json\/wp\/v2\/pages"}],"about":[{"href":"https:\/\/www.greenparty.ca\/fr\/wp-json\/wp\/v2\/types\/page"}],"author":[{"embeddable":true,"href":"https:\/\/www.greenparty.ca\/fr\/wp-json\/wp\/v2\/users\/6"}],"replies":[{"embeddable":true,"href":"https:\/\/www.greenparty.ca\/fr\/wp-json\/wp\/v2\/comments?post=5115"}],"version-history":[{"count":19,"href":"https:\/\/www.greenparty.ca\/fr\/wp-json\/wp\/v2\/pages\/5115\/revisions"}],"predecessor-version":[{"id":20247,"href":"https:\/\/www.greenparty.ca\/fr\/wp-json\/wp\/v2\/pages\/5115\/revisions\/20247"}],"wp:attachment":[{"href":"https:\/\/www.greenparty.ca\/fr\/wp-json\/wp\/v2\/media?parent=5115"}],"curies":[{"name":"wp","href":"https:\/\/api.w.org\/{rel}","templated":true}]}}