{"id":5068,"date":"2025-02-07T15:06:32","date_gmt":"2025-02-07T20:06:32","guid":{"rendered":"https:\/\/www.greenparty.ca\/application-pour-une-adhesion-aux-jeunes-verts"},"modified":"2025-04-05T15:44:21","modified_gmt":"2025-04-05T19:44:21","slug":"application-pour-une-adhesion-aux-jeunes-verts","status":"publish","type":"page","link":"https:\/\/www.greenparty.ca\/fr\/application-pour-une-adhesion-aux-jeunes-verts","title":{"rendered":"Application pour une adh\u00e9sion aux Jeunes verts"},"content":{"rendered":"\n<p class=\"\">Vous avez entre 14 et 29 ans ? Voulez-vous devenir membre du Parti vert du Canada ? Remplissez ce formulaire pour devenir membre &#8211; et Jeune Vert aussi !<\/p>\n\n<p class=\"\">Si vous avez des questions, n&rsquo;h\u00e9sitez pas \u00e0 contacter <a href=\"mailto:e-info@greenparty.ca\"><strong><span class=\"gpc-text-color-primary\">e-info@partivert.ca<\/span><\/strong><\/a>.<\/p>\n\n<p class=\"\">Vous avez plus de 30 ans ? <a href=\"https:\/\/www.greenparty.ca\/en\/join-the-movement\" data-type=\"page\" data-id=\"2758\"><strong><span class=\"gpc-text-color-primary\">Cliquez ici pour demander votre adh\u00e9sion<\/span><\/strong><\/a> !<\/p>\n<form class=\"af-form acf-form\" method=\"POST\" action=\"https:\/\/www.greenparty.ca\/fr\/wp-json\/wp\/v2\/pages\/5068\" id=\"form_67a63e512ca46\" data-key=\"form_67a63e512ca46\"><div class=\"af-fields acf-fields acf-form-fields -top\">\t<div id=\"acf-form-data\" class=\"acf-hidden\">\n\t\t<input type=\"hidden\" id=\"_acf_screen\" name=\"_acf_screen\" value=\"acf_form\"\/><input type=\"hidden\" id=\"_acf_post_id\" name=\"_acf_post_id\" value=\"0\"\/><input type=\"hidden\" id=\"_acf_validation\" name=\"_acf_validation\" value=\"1\"\/><input type=\"hidden\" id=\"_acf_form\" name=\"_acf_form\" value=\"0\"\/><input type=\"hidden\" id=\"_acf_nonce\" name=\"_acf_nonce\" value=\"39f60f8b76\"\/><input type=\"hidden\" id=\"_acf_changed\" name=\"_acf_changed\" value=\"0\"\/>\t<\/div>\n\t<div class=\"acf-hidden\"><input type=\"hidden\" name=\"_acfnonce\" value=\"2585772d78\"><input type=\"hidden\" name=\"nonce\" value=\"2585772d78\"><input type=\"hidden\" name=\"af_form\" value=\"form_67a63e512ca46\"><input type=\"hidden\" name=\"af_form_args\" value=\"eyJhamF4IjpmYWxzZSwiZGlzcGxheV90aXRsZSI6ZmFsc2UsImRpc3BsYXlfZGVzY3JpcHRpb24iOmZhbHNlLCJpZCI6ImZvcm1fNjdhNjNlNTEyY2E0NiIsInZhbHVlcyI6W10sInN1Ym1pdF90ZXh0IjoiU3VibWl0IiwicmVkaXJlY3QiOm51bGwsInRhcmdldCI6Imh0dHBzOlwvXC93d3cuZ3JlZW5wYXJ0eS5jYVwvZnJcL3dwLWpzb25cL3dwXC92MlwvcGFnZXNcLzUwNjgiLCJlY2hvIjp0cnVlLCJleGNsdWRlX2ZpZWxkcyI6W10sInVwbG9hZGVyIjoid3AiLCJmaWx0ZXJfbW9kZSI6ZmFsc2UsImxhYmVsX3BsYWNlbWVudCI6InRvcCIsImluc3RydWN0aW9uX3BsYWNlbWVudCI6ImxhYmVsIiwiaG9uZXlwb3QiOnRydWV9\"><input type=\"hidden\" name=\"_acf_form\" value=\"eyJhamF4IjpmYWxzZSwiZGlzcGxheV90aXRsZSI6ZmFsc2UsImRpc3BsYXlfZGVzY3JpcHRpb24iOmZhbHNlLCJpZCI6ImZvcm1fNjdhNjNlNTEyY2E0NiIsInZhbHVlcyI6W10sInN1Ym1pdF90ZXh0IjoiU3VibWl0IiwicmVkaXJlY3QiOm51bGwsInRhcmdldCI6Imh0dHBzOlwvXC93d3cuZ3JlZW5wYXJ0eS5jYVwvZnJcL3dwLWpzb25cL3dwXC92MlwvcGFnZXNcLzUwNjgiLCJlY2hvIjp0cnVlLCJleGNsdWRlX2ZpZWxkcyI6W10sInVwbG9hZGVyIjoid3AiLCJmaWx0ZXJfbW9kZSI6ZmFsc2UsImxhYmVsX3BsYWNlbWVudCI6InRvcCIsImluc3RydWN0aW9uX3BsYWNlbWVudCI6ImxhYmVsIiwiaG9uZXlwb3QiOnRydWV9\"><input type=\"hidden\" name=\"af_form_nonce\" value=\"e74d8bba71\"><label for=\"af_email_for_non_humans_form_67a63e512ca46\" aria-hidden=\"true\">Email for non-humans<\/label><input type=\"text\" name=\"email_for_non_humans\" id=\"af_email_for_non_humans_form_67a63e512ca46\" tabindex=\"-1\" autocomplete=\"off\" \/><input type=\"hidden\" name=\"af_origin_url\" value=\"https:\/\/www.greenparty.ca\/fr\/wp-json\/wp\/v2\/pages\/5068\" \/><input type=\"hiddden\" name=\"language\" value=\"fr\"><\/div><div class=\"af-field af-field-type-text af-field-first-name acf-field acf-field-text acf-field-67a664a590887\" data-name=\"first_name\" data-key=\"field_67a664a590887\" data-type=\"text\"><div class=\"af-label acf-label\"><label for=\"acf-field_67a664a590887\">Pr\u00e9nom<\/label><\/div><div class=\"af-input acf-input\"><div class=\"acf-input-wrap\"><input type=\"text\" id=\"acf-field_67a664a590887\" name=\"acf[field_67a664a590887]\"\/><\/div><\/div><\/div><div class=\"af-field af-field-type-text af-field-last-name acf-field acf-field-text acf-field-67a664d190888\" data-name=\"last_name\" data-key=\"field_67a664d190888\" data-type=\"text\"><div class=\"af-label acf-label\"><label for=\"acf-field_67a664d190888\">Nom<\/label><\/div><div class=\"af-input acf-input\"><div class=\"acf-input-wrap\"><input type=\"text\" id=\"acf-field_67a664d190888\" name=\"acf[field_67a664d190888]\"\/><\/div><\/div><\/div><div class=\"af-field af-field-type-date-picker af-field-birth-date acf-field acf-field-date-picker acf-field-67a664d890889\" data-name=\"birth_date\" data-key=\"field_67a664d890889\" data-type=\"date_picker\"><div class=\"af-label acf-label\"><label for=\"acf-field_67a664d890889\">Date de naissance<\/label><\/div><div class=\"af-input acf-input\">\t\t<div class=\"acf-date-picker acf-input-wrap\" data-date_format=\"yy\/mm\/dd\" data-first_day=\"0\">\n\t\t\t<input type=\"hidden\" id=\"acf-field_67a664d890889\" name=\"acf[field_67a664d890889]\" value=\"\"\/>\t\t\t<input type=\"text\" class=\"input\" value=\"\" data-default-to-today=\"0\"\/>\t\t<\/div>\n\t\t\t<\/div><\/div><div class=\"af-field af-field-type-email af-field-email acf-field acf-field-email acf-field-67a664ec9088a\" data-name=\"email\" data-key=\"field_67a664ec9088a\" data-type=\"email\"><div class=\"af-label acf-label\"><label for=\"acf-field_67a664ec9088a\">Courriel<\/label><\/div><div class=\"af-input acf-input\"><div class=\"acf-input-wrap\"><input type=\"email\" id=\"acf-field_67a664ec9088a\" name=\"acf[field_67a664ec9088a]\"\/><\/div><\/div><\/div><div class=\"af-field af-field-type-text af-field-street-address acf-field acf-field-text acf-field-67a664fa9088b\" data-name=\"street_address\" data-key=\"field_67a664fa9088b\" data-type=\"text\"><div class=\"af-label acf-label\"><label for=\"acf-field_67a664fa9088b\">Adresse<\/label><\/div><div class=\"af-input acf-input\"><div class=\"acf-input-wrap\"><input type=\"text\" id=\"acf-field_67a664fa9088b\" name=\"acf[field_67a664fa9088b]\"\/><\/div><\/div><\/div><div class=\"af-field af-field-type-text af-field-city acf-field acf-field-text acf-field-67a665099088c\" data-name=\"city\" data-key=\"field_67a665099088c\" data-type=\"text\"><div class=\"af-label acf-label\"><label for=\"acf-field_67a665099088c\">Ville<\/label><\/div><div class=\"af-input acf-input\"><div class=\"acf-input-wrap\"><input type=\"text\" id=\"acf-field_67a665099088c\" name=\"acf[field_67a665099088c]\"\/><\/div><\/div><\/div><div class=\"af-field af-field-type-text af-field-postal-code acf-field acf-field-text acf-field-67a6650f9088d\" data-name=\"postal_code\" data-key=\"field_67a6650f9088d\" data-type=\"text\"><div class=\"af-label acf-label\"><label for=\"acf-field_67a6650f9088d\">Code postal<\/label><\/div><div class=\"af-input acf-input\"><div class=\"acf-input-wrap\"><input type=\"text\" id=\"acf-field_67a6650f9088d\" name=\"acf[field_67a6650f9088d]\"\/><\/div><\/div><\/div><div class=\"af-field af-field-type-gpc-form-civicrm-address-state af-field-stateprovince-new acf-field acf-field-gpc-form-civicrm-address-state acf-field-67aae396bb64e\" data-name=\"stateprovince_new\" data-key=\"field_67aae396bb64e\" data-type=\"gpc_form_civicrm_address_state\"><div class=\"af-label acf-label\"><label for=\"acf-field_67aae396bb64e\">Province<\/label><\/div><div class=\"af-input acf-input\"><select id=\"acf-field_67aae396bb64e\" class=\"\" name=\"acf[field_67aae396bb64e]\" data-ui=\"\" data-ajax=\"\" data-multiple=\"\" data-placeholder=\"Select\" data-allow_null=\"0\"><option value=\"0\">Votre province\/territoire<\/option><option value=\"1100\">Alberta<\/option><option value=\"1101\">British Columbia<\/option><option value=\"1102\">Manitoba<\/option><option value=\"1103\">New Brunswick<\/option><option value=\"1104\">Newfoundland and Labrador<\/option><option value=\"1105\">Northwest Territories<\/option><option value=\"1106\">Nova Scotia<\/option><option value=\"1107\">Nunavut<\/option><option value=\"1108\">Ontario<\/option><option value=\"1109\">Prince Edward Island<\/option><option value=\"1110\">Qu\u00e9bec<\/option><option value=\"1111\">Saskatchewan<\/option><option value=\"1112\">Yukon Territory<\/option><\/select><\/div><\/div><div class=\"af-field af-field-type-civicrm-phone-single af-field-phone-number acf-field acf-field-civicrm-phone-single acf-field-67a6653a9088f\" data-name=\"phone_number\" data-key=\"field_67a6653a9088f\" data-type=\"civicrm_phone_single\"><div class=\"af-label acf-label\"><label for=\"acf-field_67a6653a9088f\">T\u00e9l\u00e9phone<\/label><\/div><div class=\"af-input acf-input\"><div class=\"acf-input-wrap\"><input type=\"text\" id=\"acf-field_67a6653a9088f\" name=\"acf[field_67a6653a9088f]\"\/><\/div><\/div><\/div><div class=\"af-field af-field-type-checkbox af-field-declaration acf-field acf-field-checkbox acf-field-67a665ac90890\" data-name=\"declaration\" data-key=\"field_67a665ac90890\" data-type=\"checkbox\"><div class=\"af-label acf-label\"><label for=\"acf-field_67a665ac90890\">D\u00e9claration<\/label><\/div><div class=\"af-input acf-input\"><input type=\"hidden\" name=\"acf[field_67a665ac90890]\"\/><ul class=\"acf-checkbox-list acf-bl\" role=\"group\" aria-labelledby=\"acf-field_67a665ac90890-label\">\n<li><label><input type=\"checkbox\" id=\"acf-field_67a665ac90890-I-certify-that-I-am-a-Canadian-citizen-or-permanent-resident-of-Canada.-I-would-like-to-join-the-Green-Party-of-Canada.-I-promise-to-abide-by-the-constitution,-member-Code-of-Conduct,-policies-and-principles-of-the-GPC.-I-declare-that-I-am-not-a-member-of-another-federal-political-party.\" name=\"acf[field_67a665ac90890][]\" value=\"I certify that I am a Canadian citizen or permanent resident of Canada. I would like to join the Green Party of Canada. I promise to abide by the constitution, member Code of Conduct, policies and principles of the GPC. I declare that I am not a member of another federal political party.\"\/> Je certifie que je suis citoyen canadien ou r\u00e9sident permanent du Canada. J&rsquo;aimerais me joindre au Parti vert du Canada. Je m&rsquo;engage \u00e0 respecter la constitution, le code de conduite des membres, les politiques et les principes du PVC. Je d\u00e9clare que je ne suis pas membre d&rsquo;un autre parti politique f\u00e9d\u00e9ral.<\/label><\/li>\n<\/ul>\n<\/div><\/div><div class=\"af-submit acf-form-submit\"><button type=\"submit\" class=\"acf-button af-submit-button\">Submit<\/button><span class=\"acf-spinner af-spinner\"><\/span><\/div><\/div><\/form>\n<p class=\"\"><\/p>\n","protected":false},"excerpt":{"rendered":"<p>Vous avez entre 14 et 29 ans ? Voulez-vous devenir membre du Parti vert du Canada ? Remplissez ce formulaire pour devenir membre &#8211; et Jeune Vert aussi ! Si [&hellip;]<\/p>\n","protected":false},"author":63,"featured_media":0,"parent":0,"menu_order":0,"comment_status":"closed","ping_status":"closed","template":"","meta":{"_acf_changed":false,"inline_featured_image":false,"site-sidebar-layout":"default","site-content-layout":"","ast-site-content-layout":"default","site-content-style":"default","site-sidebar-style":"default","ast-global-header-display":"","ast-banner-title-visibility":"","ast-main-header-display":"","ast-hfb-above-header-display":"","ast-hfb-below-header-display":"","ast-hfb-mobile-header-display":"","site-post-title":"","ast-breadcrumbs-content":"","ast-featured-img":"","footer-sml-layout":"","ast-disable-related-posts":"","theme-transparent-header-meta":"","adv-header-id-meta":"","stick-header-meta":"","header-above-stick-meta":"","header-main-stick-meta":"","header-below-stick-meta":"","astra-migrate-meta-layouts":"default","ast-page-background-enabled":"default","ast-page-background-meta":{"desktop":{"background-color":"var(--ast-global-color-5)","background-image":"","background-repeat":"repeat","background-position":"center center","background-size":"auto","background-attachment":"scroll","background-type":"","background-media":"","overlay-type":"","overlay-color":"","overlay-opacity":"","overlay-gradient":""},"tablet":{"background-color":"","background-image":"","background-repeat":"repeat","background-position":"center center","background-size":"auto","background-attachment":"scroll","background-type":"","background-media":"","overlay-type":"","overlay-color":"","overlay-opacity":"","overlay-gradient":""},"mobile":{"background-color":"","background-image":"","background-repeat":"repeat","background-position":"center center","background-size":"auto","background-attachment":"scroll","background-type":"","background-media":"","overlay-type":"","overlay-color":"","overlay-opacity":"","overlay-gradient":""}},"ast-content-background-meta":{"desktop":{"background-color":"var(--ast-global-color-4)","background-image":"","background-repeat":"repeat","background-position":"center center","background-size":"auto","background-attachment":"scroll","background-type":"","background-media":"","overlay-type":"","overlay-color":"","overlay-opacity":"","overlay-gradient":""},"tablet":{"background-color":"var(--ast-global-color-4)","background-image":"","background-repeat":"repeat","background-position":"center center","background-size":"auto","background-attachment":"scroll","background-type":"","background-media":"","overlay-type":"","overlay-color":"","overlay-opacity":"","overlay-gradient":""},"mobile":{"background-color":"var(--ast-global-color-4)","background-image":"","background-repeat":"repeat","background-position":"center center","background-size":"auto","background-attachment":"scroll","background-type":"","background-media":"","overlay-type":"","overlay-color":"","overlay-opacity":"","overlay-gradient":""}},"_price":"","_stock":"","_tribe_ticket_header":"","_tribe_default_ticket_provider":"","_tribe_ticket_capacity":"0","_ticket_start_date":"","_ticket_end_date":"","_tribe_ticket_show_description":"","_tribe_ticket_show_not_going":false,"_tribe_ticket_use_global_stock":"","_tribe_ticket_global_stock_level":"","_global_stock_mode":"","_global_stock_cap":"","_tribe_rsvp_for_event":"","_tribe_ticket_going_count":"","_tribe_ticket_not_going_count":"","_tribe_tickets_list":"[]","_tribe_ticket_has_attendee_info_fields":false,"footnotes":"","_tec_slr_enabled":"","_tec_slr_layout":""},"class_list":["post-5068","page","type-page","status-publish","hentry"],"acf":[],"ticketed":false,"_links":{"self":[{"href":"https:\/\/www.greenparty.ca\/fr\/wp-json\/wp\/v2\/pages\/5068","targetHints":{"allow":["GET"]}}],"collection":[{"href":"https:\/\/www.greenparty.ca\/fr\/wp-json\/wp\/v2\/pages"}],"about":[{"href":"https:\/\/www.greenparty.ca\/fr\/wp-json\/wp\/v2\/types\/page"}],"author":[{"embeddable":true,"href":"https:\/\/www.greenparty.ca\/fr\/wp-json\/wp\/v2\/users\/63"}],"replies":[{"embeddable":true,"href":"https:\/\/www.greenparty.ca\/fr\/wp-json\/wp\/v2\/comments?post=5068"}],"version-history":[{"count":3,"href":"https:\/\/www.greenparty.ca\/fr\/wp-json\/wp\/v2\/pages\/5068\/revisions"}],"predecessor-version":[{"id":15734,"href":"https:\/\/www.greenparty.ca\/fr\/wp-json\/wp\/v2\/pages\/5068\/revisions\/15734"}],"wp:attachment":[{"href":"https:\/\/www.greenparty.ca\/fr\/wp-json\/wp\/v2\/media?parent=5068"}],"curies":[{"name":"wp","href":"https:\/\/api.w.org\/{rel}","templated":true}]}}