{"id":4984,"date":"2025-02-04T18:27:13","date_gmt":"2025-02-04T23:27:13","guid":{"rendered":"https:\/\/www.greenparty.ca\/conditions-generales-dutilisation"},"modified":"2025-02-07T15:47:58","modified_gmt":"2025-02-07T20:47:58","slug":"conditions-generales-dutilisation","status":"publish","type":"page","link":"https:\/\/www.greenparty.ca\/fr\/conditions-generales-dutilisation","title":{"rendered":"Conditions g\u00e9n\u00e9rales d&rsquo;utilisation"},"content":{"rendered":"\n<h2 class=\"wp-block-heading\">Introduction<\/h2>\n\n<p class=\"\"><\/p>\n\n<p class=\"\">L&rsquo;acc\u00e8s au compte greenparty.ca est un service de communication et de collaboration pour les membres en r\u00e8gle. Les outils communautaires sociaux de greenparty.ca (blogs, forums, etc.) augmentent la disponibilit\u00e9 de l&rsquo;information, encouragent les d\u00e9bats sains et permettent de meilleures connexions entre les membres, les b\u00e9n\u00e9voles, le personnel et les conseillers f\u00e9d\u00e9raux. <\/p>\n\n<p class=\"\">Nous respectons le fait que nos membres sont propri\u00e9taires et responsables du contenu qu&rsquo;ils choisissent de partager. Nous pensons que la censure de ce contenu est contraire \u00e0 un service fond\u00e9 sur la libert\u00e9 d&rsquo;expression. <\/p>\n\n<p class=\"\">Afin de pr\u00e9server ces valeurs, nous devons mettre un frein aux abus qui menacent notre capacit\u00e9 \u00e0 fournir ce service et la libert\u00e9 d&rsquo;expression qu&rsquo;il encourage. Par cons\u00e9quent, le type de contenu qui peut \u00eatre h\u00e9berg\u00e9 sur votre compte greenparty.ca est soumis \u00e0 certaines limites. Les limites que nous avons d\u00e9finies sont celles qui servent \u00e0 am\u00e9liorer le service dans son ensemble.  <\/p>\n\n<h2 class=\"wp-block-heading\">Utilisation correcte<\/h2>\n\n<p class=\"\"><\/p>\n\n<p class=\"\">Vous acceptez d&rsquo;\u00eatre responsable de votre propre utilisation des privil\u00e8ges de votre compte greenparty.ca, des messages que vous publiez et des cons\u00e9quences qui en d\u00e9coulent.<\/p>\n\n<p class=\"\">Vous acceptez que l&rsquo;acc\u00e8s \u00e0 votre compte greenparty.ca d\u00e9pende de votre statut de membre en r\u00e8gle, et que ces privil\u00e8ges peuvent \u00eatre suspendus et\/ou r\u00e9sili\u00e9s si votre adh\u00e9sion n&rsquo;est pas renouvel\u00e9e \u00e0 sa date d&rsquo;expiration.<\/p>\n\n<p class=\"\">Vous acceptez de respecter la politique de contenu de greenparty.ca, le code de conduite des GPC et l&rsquo;accord de confidentialit\u00e9 des GPC (le cas \u00e9ch\u00e9ant).<\/p>\n\n<p class=\"\">Toute violation de ces conditions de service peut entra\u00eener la suspension et\/ou la r\u00e9siliation du compte de greenparty.ca.<\/p>\n\n<p class=\"\">La communaut\u00e9 sociale greenparty.ca contient des opinions personnelles et peut ne pas refl\u00e9ter la position du Parti Vert du Canada. Pour conna\u00eetre la politique officielle du parti, veuillez consulter les sections politiques et communiqu\u00e9s de presse. <\/p>\n\n<p class=\"\">Le Parti Vert du Canada ne revendique aucun droit de propri\u00e9t\u00e9 sur tout contenu soumis, affich\u00e9 ou affich\u00e9 par vous en utilisant votre compte greenparty.ca. Vous pouvez choisir de soumettre, de publier et d&rsquo;afficher tout mat\u00e9riel sur votre compte greenparty.ca sous une licence publique (par exemple, une licence Creative Commons), en marquant manuellement votre mat\u00e9riel comme tel. <\/p>\n\n<p class=\"\">Le Parti vert du Canada se r\u00e9serve le droit d&rsquo;apporter des modifications \u00e0 ce document de temps \u00e0 autre, au besoin. Nous tenterons d&rsquo;aviser les utilisateurs du compte du parti vert.ca par voie \u00e9lectronique en temps opportun. <\/p>\n\n<h2 class=\"wp-block-heading\">Politique de contenu<\/h2>\n\n<p class=\"\"><\/p>\n\n<p class=\"\">Nos politiques de contenu jouent un r\u00f4le important dans le maintien d&rsquo;une bonne exp\u00e9rience de greenparty.ca pour vous, les membres. Veuillez respecter ces directives. De temps en temps, nous pouvons modifier nos politiques de contenu, veuillez donc les consulter \u00e0 nouveau ici.  <\/p>\n\n<p class=\"\">Votre compte greenparty.ca est un privil\u00e8ge. Des abus r\u00e9p\u00e9t\u00e9s peuvent entra\u00eener la suspension et\/ou la r\u00e9siliation de votre compte. <\/p>\n\n<h3 class=\"wp-block-heading\">EN RESPECTANT 6 VALEURS CL\u00c9S :<\/h3>\n\n<p class=\"\"><\/p>\n\n<p class=\"\">Les membres doivent accepter et respecter le code de conduite du GPC ainsi que les 6 valeurs cl\u00e9s :<\/p>\n\n<p class=\"\">1. <strong>La sagesse \u00e9cologique<\/strong> &#8211; Comme dans la nature, les membres du Parti vert viennent de diff\u00e9rents horizons, mais tous les membres sont respect\u00e9s et leurs contributions au Parti sont appr\u00e9ci\u00e9es ;<br\/>2. <strong>La justice sociale<\/strong> &#8211; Toutes les personnes sont \u00e9gales en droits et ont les m\u00eames possibilit\u00e9s d&rsquo;exprimer librement leurs opinions et leurs pens\u00e9es ;<br\/>3. <strong>La d\u00e9mocratie participative <\/strong>&#8211; La transparence et la responsabilit\u00e9 envers l&rsquo;ensemble des membres sont pratiqu\u00e9es, et les membres du Parti sont encourag\u00e9s \u00e0 participer au processus d\u00e9mocratique ;<br\/>4. <strong>La non-violence<\/strong> &#8211; Pas d&rsquo;agression verbale ou \u00e9crite. Les insultes, les menaces et autres comportements n\u00e9gatifs ne sont pas tol\u00e9r\u00e9s ;<br\/>5. <strong>Le d\u00e9veloppement durable<\/strong> &#8211; Toutes les d\u00e9cisions sont prises pour sept g\u00e9n\u00e9rations ; et<br\/>6. <strong>Le respect de la diversit\u00e9<\/strong> &#8211; Le PVC encourage l&rsquo;expression d&rsquo;id\u00e9es et d&rsquo;opinions diverses. <\/p>\n\n<p class=\"\">CONTENU HACHERE : Personne ne doit publier de mat\u00e9riel qui encourage la haine envers des groupes bas\u00e9s sur la race, l&rsquo;origine nationale ou ethnique, la couleur, la religion, le handicap, le sexe, l&rsquo;\u00e2ge, le statut de v\u00e9t\u00e9ran, l&rsquo;orientation sexuelle ou l&rsquo;identit\u00e9 de genre. Il est interdit d&rsquo;utiliser un langage blasph\u00e9matoire, insultant, harcelant ou autrement offensant, ou de critiquer publiquement les autres b\u00e9n\u00e9voles, le personnel ou les membres du parti GPC. <\/p>\n\n<p class=\"\">CONTENU VIOLENT : Il est interdit de publier des menaces directes de violence \u00e0 l&rsquo;encontre d&rsquo;une personne ou d&rsquo;un groupe de personnes.<\/p>\n\n<p class=\"\">DROIT D&rsquo;AUTEUR : Nous avons pour politique de r\u00e9pondre aux avis clairs de violation pr\u00e9sum\u00e9e du droit d&rsquo;auteur.<\/p>\n\n<p class=\"\">INFORMATIONS PRIVIL\u00c9GI\u00c9ES : Les membres doivent accepter et respecter l&rsquo;accord de confidentialit\u00e9 du GPC et ne pas publier les informations qui en d\u00e9coulent.<\/p>\n\n<p class=\"\">INFORMATIONS PRIV\u00c9ES ET CONFIDENTIELLES : nous n&rsquo;autorisons pas la publication non autoris\u00e9e d&rsquo;informations priv\u00e9es et confidentielles, telles que les num\u00e9ros de carte de cr\u00e9dit, les num\u00e9ros d&rsquo;assurance sociale, les num\u00e9ros de permis de conduire et autres num\u00e9ros de licence.<\/p>\n\n<p class=\"\">IMPERSONATION : Nous n&rsquo;autorisons pas l&rsquo;usurpation de l&rsquo;identit\u00e9 d&rsquo;autres personnes par le biais de nos services d&rsquo;une mani\u00e8re qui vise \u00e0 induire les autres en erreur ou \u00e0 les confondre, ou qui le fait.<\/p>\n\n<p class=\"\">UTILISATION ILLICITE DES SERVICES : Les services du compte Greenparty.ca ne doivent pas \u00eatre utilis\u00e9s \u00e0 des fins ill\u00e9gales ou pour la promotion d&rsquo;activit\u00e9s dangereuses et ill\u00e9gales.<\/p>\n\n<p class=\"\">SPAM, CODES MALICIOUS ET VIRUSES : Nous n&rsquo;autorisons pas le spamming ni la transmission de codes malveillants et de virus.<\/p>\n\n<p class=\"\">PORNOGRAPHIE ET OBSCENIT\u00c9 : Nous avons une politique de tol\u00e9rance z\u00e9ro \u00e0 l&rsquo;\u00e9gard de la pornographie. Le compte de Greenparty.ca peut \u00eatre r\u00e9sili\u00e9 d\u00e8s la premi\u00e8re infraction. <\/p>\n","protected":false},"excerpt":{"rendered":"<p>Introduction L&rsquo;acc\u00e8s au compte greenparty.ca est un service de communication et de collaboration pour les membres en r\u00e8gle. Les outils communautaires sociaux de greenparty.ca (blogs, forums, etc.) augmentent la disponibilit\u00e9 [&hellip;]<\/p>\n","protected":false},"author":63,"featured_media":0,"parent":0,"menu_order":0,"comment_status":"closed","ping_status":"closed","template":"","meta":{"_acf_changed":false,"inline_featured_image":false,"site-sidebar-layout":"default","site-content-layout":"","ast-site-content-layout":"default","site-content-style":"default","site-sidebar-style":"default","ast-global-header-display":"","ast-banner-title-visibility":"","ast-main-header-display":"","ast-hfb-above-header-display":"","ast-hfb-below-header-display":"","ast-hfb-mobile-header-display":"","site-post-title":"","ast-breadcrumbs-content":"","ast-featured-img":"","footer-sml-layout":"","ast-disable-related-posts":"","theme-transparent-header-meta":"","adv-header-id-meta":"","stick-header-meta":"","header-above-stick-meta":"","header-main-stick-meta":"","header-below-stick-meta":"","astra-migrate-meta-layouts":"default","ast-page-background-enabled":"default","ast-page-background-meta":{"desktop":{"background-color":"var(--ast-global-color-5)","background-image":"","background-repeat":"repeat","background-position":"center center","background-size":"auto","background-attachment":"scroll","background-type":"","background-media":"","overlay-type":"","overlay-color":"","overlay-opacity":"","overlay-gradient":""},"tablet":{"background-color":"","background-image":"","background-repeat":"repeat","background-position":"center center","background-size":"auto","background-attachment":"scroll","background-type":"","background-media":"","overlay-type":"","overlay-color":"","overlay-opacity":"","overlay-gradient":""},"mobile":{"background-color":"","background-image":"","background-repeat":"repeat","background-position":"center center","background-size":"auto","background-attachment":"scroll","background-type":"","background-media":"","overlay-type":"","overlay-color":"","overlay-opacity":"","overlay-gradient":""}},"ast-content-background-meta":{"desktop":{"background-color":"var(--ast-global-color-4)","background-image":"","background-repeat":"repeat","background-position":"center center","background-size":"auto","background-attachment":"scroll","background-type":"","background-media":"","overlay-type":"","overlay-color":"","overlay-opacity":"","overlay-gradient":""},"tablet":{"background-color":"var(--ast-global-color-4)","background-image":"","background-repeat":"repeat","background-position":"center center","background-size":"auto","background-attachment":"scroll","background-type":"","background-media":"","overlay-type":"","overlay-color":"","overlay-opacity":"","overlay-gradient":""},"mobile":{"background-color":"var(--ast-global-color-4)","background-image":"","background-repeat":"repeat","background-position":"center center","background-size":"auto","background-attachment":"scroll","background-type":"","background-media":"","overlay-type":"","overlay-color":"","overlay-opacity":"","overlay-gradient":""}},"_price":"","_stock":"","_tribe_ticket_header":"","_tribe_default_ticket_provider":"","_tribe_ticket_capacity":"0","_ticket_start_date":"","_ticket_end_date":"","_tribe_ticket_show_description":"","_tribe_ticket_show_not_going":false,"_tribe_ticket_use_global_stock":"","_tribe_ticket_global_stock_level":"","_global_stock_mode":"","_global_stock_cap":"","_tribe_rsvp_for_event":"","_tribe_ticket_going_count":"","_tribe_ticket_not_going_count":"","_tribe_tickets_list":"[]","_tribe_ticket_has_attendee_info_fields":false,"footnotes":"","_tec_slr_enabled":"","_tec_slr_layout":""},"class_list":["post-4984","page","type-page","status-publish","hentry"],"acf":[],"ticketed":false,"_links":{"self":[{"href":"https:\/\/www.greenparty.ca\/fr\/wp-json\/wp\/v2\/pages\/4984","targetHints":{"allow":["GET"]}}],"collection":[{"href":"https:\/\/www.greenparty.ca\/fr\/wp-json\/wp\/v2\/pages"}],"about":[{"href":"https:\/\/www.greenparty.ca\/fr\/wp-json\/wp\/v2\/types\/page"}],"author":[{"embeddable":true,"href":"https:\/\/www.greenparty.ca\/fr\/wp-json\/wp\/v2\/users\/63"}],"replies":[{"embeddable":true,"href":"https:\/\/www.greenparty.ca\/fr\/wp-json\/wp\/v2\/comments?post=4984"}],"version-history":[{"count":3,"href":"https:\/\/www.greenparty.ca\/fr\/wp-json\/wp\/v2\/pages\/4984\/revisions"}],"predecessor-version":[{"id":5093,"href":"https:\/\/www.greenparty.ca\/fr\/wp-json\/wp\/v2\/pages\/4984\/revisions\/5093"}],"wp:attachment":[{"href":"https:\/\/www.greenparty.ca\/fr\/wp-json\/wp\/v2\/media?parent=4984"}],"curies":[{"name":"wp","href":"https:\/\/api.w.org\/{rel}","templated":true}]}}