{"id":4387,"date":"2025-02-05T13:27:47","date_gmt":"2025-02-05T18:27:47","guid":{"rendered":"https:\/\/www.greenparty.ca\/regles-de-procedure"},"modified":"2025-02-07T15:58:43","modified_gmt":"2025-02-07T20:58:43","slug":"regles-de-procedure","status":"publish","type":"page","link":"https:\/\/www.greenparty.ca\/fr\/regles-de-procedure","title":{"rendered":"R\u00e8gles de Proc\u00e9dure"},"content":{"rendered":"\n<p class=\"\">Ci-dessous sont les r\u00e8gles de proc\u00e9dure qui r\u00e9gissent toutes les s\u00e9ances pl\u00e9ni\u00e8res des assembl\u00e9es (conventions, rassemblements) du Parti Vert du Canada.<\/p>\n\n<ul class=\"wp-block-list\">\n<li class=\"\"><a href=\"https:\/\/www.greenparty.ca\/fr\/regles-de-procedure-version-complete\" data-type=\"page\" data-id=\"4001\">R\u00e8gles de Proc\u00e9dure (version compl\u00e8te)<\/a><\/li>\n\n\n\n<li class=\"\"><a href=\"https:\/\/www.greenparty.ca\/fr\/regles-de-procedure-version-abregee\" data-type=\"page\" data-id=\"3999\">R\u00e8gles de Proc\u00e9dure (version abr\u00e9g\u00e9e)<\/a><\/li>\n\n\n\n<li class=\"\"><a href=\"https:\/\/cdn.greenparty.ca\/wp-content\/uploads\/2025\/02\/green-party-rules-of-procedure-flow.pdf\" target=\"_blank\" rel=\"noreferrer noopener\">Organigramme des r\u00e8gles de proc\u00e9dure (PDF) &#8211; en anglais seulement<\/a><\/li>\n\n\n\n<li class=\"\"><a href=\"https:\/\/www.greenparty.ca\/fr\/methode-bonser\" data-type=\"page\" data-id=\"4186\">M\u00e9thode Bonser<\/a><\/li>\n\n\n\n<li class=\"\"><a href=\"https:\/\/www.greenparty.ca\/fr\/conseils-et-techniques-pour-les-facilitateurs\" data-type=\"page\" data-id=\"4188\">Conseils et techniques pour les facilitateurs<\/a><\/li>\n<\/ul>\n\n<p class=\"\"><\/p>\n","protected":false},"excerpt":{"rendered":"<p>Ci-dessous sont les r\u00e8gles de proc\u00e9dure qui r\u00e9gissent toutes les s\u00e9ances pl\u00e9ni\u00e8res des assembl\u00e9es (conventions, rassemblements) du Parti Vert du Canada.<\/p>\n","protected":false},"author":63,"featured_media":0,"parent":0,"menu_order":0,"comment_status":"closed","ping_status":"closed","template":"","meta":{"_acf_changed":false,"inline_featured_image":false,"site-sidebar-layout":"default","site-content-layout":"","ast-site-content-layout":"default","site-content-style":"default","site-sidebar-style":"default","ast-global-header-display":"","ast-banner-title-visibility":"","ast-main-header-display":"","ast-hfb-above-header-display":"","ast-hfb-below-header-display":"","ast-hfb-mobile-header-display":"","site-post-title":"","ast-breadcrumbs-content":"","ast-featured-img":"","footer-sml-layout":"","ast-disable-related-posts":"","theme-transparent-header-meta":"","adv-header-id-meta":"","stick-header-meta":"","header-above-stick-meta":"","header-main-stick-meta":"","header-below-stick-meta":"","astra-migrate-meta-layouts":"default","ast-page-background-enabled":"default","ast-page-background-meta":{"desktop":{"background-color":"var(--ast-global-color-5)","background-image":"","background-repeat":"repeat","background-position":"center center","background-size":"auto","background-attachment":"scroll","background-type":"","background-media":"","overlay-type":"","overlay-color":"","overlay-opacity":"","overlay-gradient":""},"tablet":{"background-color":"","background-image":"","background-repeat":"repeat","background-position":"center center","background-size":"auto","background-attachment":"scroll","background-type":"","background-media":"","overlay-type":"","overlay-color":"","overlay-opacity":"","overlay-gradient":""},"mobile":{"background-color":"","background-image":"","background-repeat":"repeat","background-position":"center center","background-size":"auto","background-attachment":"scroll","background-type":"","background-media":"","overlay-type":"","overlay-color":"","overlay-opacity":"","overlay-gradient":""}},"ast-content-background-meta":{"desktop":{"background-color":"var(--ast-global-color-4)","background-image":"","background-repeat":"repeat","background-position":"center center","background-size":"auto","background-attachment":"scroll","background-type":"","background-media":"","overlay-type":"","overlay-color":"","overlay-opacity":"","overlay-gradient":""},"tablet":{"background-color":"var(--ast-global-color-4)","background-image":"","background-repeat":"repeat","background-position":"center center","background-size":"auto","background-attachment":"scroll","background-type":"","background-media":"","overlay-type":"","overlay-color":"","overlay-opacity":"","overlay-gradient":""},"mobile":{"background-color":"var(--ast-global-color-4)","background-image":"","background-repeat":"repeat","background-position":"center center","background-size":"auto","background-attachment":"scroll","background-type":"","background-media":"","overlay-type":"","overlay-color":"","overlay-opacity":"","overlay-gradient":""}},"_price":"","_stock":"","_tribe_ticket_header":"","_tribe_default_ticket_provider":"","_tribe_ticket_capacity":"0","_ticket_start_date":"","_ticket_end_date":"","_tribe_ticket_show_description":"","_tribe_ticket_show_not_going":false,"_tribe_ticket_use_global_stock":"","_tribe_ticket_global_stock_level":"","_global_stock_mode":"","_global_stock_cap":"","_tribe_rsvp_for_event":"","_tribe_ticket_going_count":"","_tribe_ticket_not_going_count":"","_tribe_tickets_list":"[]","_tribe_ticket_has_attendee_info_fields":false,"footnotes":"","_tec_slr_enabled":"","_tec_slr_layout":""},"class_list":["post-4387","page","type-page","status-publish","hentry"],"acf":[],"ticketed":false,"_links":{"self":[{"href":"https:\/\/www.greenparty.ca\/fr\/wp-json\/wp\/v2\/pages\/4387","targetHints":{"allow":["GET"]}}],"collection":[{"href":"https:\/\/www.greenparty.ca\/fr\/wp-json\/wp\/v2\/pages"}],"about":[{"href":"https:\/\/www.greenparty.ca\/fr\/wp-json\/wp\/v2\/types\/page"}],"author":[{"embeddable":true,"href":"https:\/\/www.greenparty.ca\/fr\/wp-json\/wp\/v2\/users\/63"}],"replies":[{"embeddable":true,"href":"https:\/\/www.greenparty.ca\/fr\/wp-json\/wp\/v2\/comments?post=4387"}],"version-history":[{"count":3,"href":"https:\/\/www.greenparty.ca\/fr\/wp-json\/wp\/v2\/pages\/4387\/revisions"}],"predecessor-version":[{"id":5100,"href":"https:\/\/www.greenparty.ca\/fr\/wp-json\/wp\/v2\/pages\/4387\/revisions\/5100"}],"wp:attachment":[{"href":"https:\/\/www.greenparty.ca\/fr\/wp-json\/wp\/v2\/media?parent=4387"}],"curies":[{"name":"wp","href":"https:\/\/api.w.org\/{rel}","templated":true}]}}