{"id":4383,"date":"2025-02-05T13:23:36","date_gmt":"2025-02-05T18:23:36","guid":{"rendered":"https:\/\/www.greenparty.ca\/regles-de-procedure-version-abregee"},"modified":"2025-02-06T10:55:31","modified_gmt":"2025-02-06T15:55:31","slug":"regles-de-procedure-version-abregee","status":"publish","type":"page","link":"https:\/\/www.greenparty.ca\/fr\/regles-de-procedure-version-abregee","title":{"rendered":"R\u00e8gles de Proc\u00e9dure &#8211; Version abr\u00e9g\u00e9e"},"content":{"rendered":"\n<p class=\"\"><a href=\"https:\/\/www.greenparty.ca\/fr\/regles-de-procedure-version-complete\" data-type=\"page\" data-id=\"4001\">Version compl\u00e8te<\/a><\/p>\n\n<p class=\"\"><strong>INTRODUCTION<\/strong><\/p>\n\n<p class=\"\"><\/p>\n\n<p class=\"\">Le Parti Vert du Canada utilise une proc\u00e9dure de recherche de consensus : dans la mesure du possible, nous nous effor\u00e7ons de pr\u00e9senter une motion acceptable par tous les participants, et non par une majorit\u00e9 simple. Nous n&rsquo;utilisons pas les r\u00e8gles de Robert ou de Bourinot pour prendre des d\u00e9cisions. Au contraire, nous, les Verts, pensons que chaque personne impliqu\u00e9e dans une d\u00e9cision d\u00e9tient une part de la v\u00e9rit\u00e9. Par cons\u00e9quent, les Verts estiment que les amendements \u00e0 une motion la renforcent, contrairement \u00e0 la croyance traditionnelle selon laquelle ils diluent la force de la motion.<\/p>\n\n<p class=\"\">Cela ne signifie pas qu&rsquo;il faille \u00eatre totalement d&rsquo;accord sur tout. Si une personne n&rsquo;est pas satisfaite d&rsquo;une motion, mais qu&rsquo;elle n&rsquo;est pas suffisamment oppos\u00e9e pour l&#8217;emp\u00eacher de se poursuivre, elle peut se retirer. Les raisons pour lesquelles cette personne s&rsquo;est oppos\u00e9e \u00e0 la motion sont not\u00e9es pour r\u00e9f\u00e9rence future. Si une personne est suffisamment oppos\u00e9e \u00e0 une motion en l&rsquo;\u00e9tat pour l&#8217;emp\u00eacher de suivre son cours, elle peut bloquer la motion \u00e0 condition d&rsquo;\u00eatre un membre en r\u00e8gle et que le principe du blocage soit compatible avec les statuts et les valeurs du parti. Une motion bloqu\u00e9e est soit d\u00e9pos\u00e9e, soit amend\u00e9e, soit renvoy\u00e9e \u00e0 une commission pour un travail plus approfondi, soit soumise \u00e0 un vote d\u00e9cisif.<\/p>\n\n<p class=\"\">Dans une grande s\u00e9ance pl\u00e9ni\u00e8re, des cartes de couleur peuvent \u00eatre utilis\u00e9es pour indiquer les intentions des participants \u00e0 l&rsquo;\u00e9gard d&rsquo;une motion : Un carton jaune indique qu&rsquo;ils ont besoin de plus de clarifications ou d&rsquo;informations avant d&rsquo;accepter ou de rejeter la motion. Un carton vert indique que la personne a compris la proposition et qu&rsquo;elle y consent. Un carton rouge indique qu&rsquo;il comprend le mouvement et s&rsquo;y oppose.<br\/> <\/p>\n\n<h2 class=\"wp-block-heading\">Quelques d\u00e9finitions de proc\u00e9dures<\/h2>\n\n<p class=\"\"><\/p>\n\n<p class=\"\"><strong>Facilitateur :<\/strong> Cette personne a un r\u00f4le similaire \u00e0 celui d&rsquo;un pr\u00e9sident dans le cadre des Robert&rsquo;s Rules of Order. Il incombe \u00e0 l&rsquo;animateur de mod\u00e9rer la discussion et le sort des propositions. En cas d&rsquo;\u00e9galit\u00e9 des voix, le facilitateur n&rsquo;a pas de voix pr\u00e9pond\u00e9rante. Au lieu de cela, la r\u00e9solution n&rsquo;est pas adopt\u00e9e.  <\/p>\n\n<p class=\"\"><strong>Co-facilitateur : <\/strong>Cette personne doit \u00eatre du sexe oppos\u00e9 \u00e0 celui du facilitateur et est charg\u00e9e de tenir la liste des orateurs et d&rsquo;assumer le r\u00f4le du facilitateur si ce dernier souhaite l&rsquo;impliquer dans la discussion. Les facilitateurs ne peuvent ni bloquer ni voter.  <\/p>\n\n<p class=\"\"><strong>Enregistreur : <\/strong>Cette personne est charg\u00e9e de consigner toutes les r\u00e9solutions et tous les amendements propos\u00e9s, adopt\u00e9s ou annul\u00e9s, ainsi que leur contexte. Le greffier lit \u00e9galement la r\u00e9solution chaque fois qu&rsquo;une clarification ou une confirmation est demand\u00e9e.  <\/p>\n\n<p class=\"\"><strong>Chronom\u00e9treur :<\/strong> Cette personne est charg\u00e9e de noter le temps que le groupe passe sur chaque sujet et de rappeler \u00e0 l&rsquo;animateur si un point particulier est sur le point de d\u00e9passer sa limite de temps ou l&rsquo;a d\u00e9j\u00e0 d\u00e9pass\u00e9e.  <\/p>\n\n<p class=\"\"><strong>Liste d&rsquo;orateurs :<\/strong> Il peut s&rsquo;agir de deux listes, l&rsquo;une de femmes souhaitant s&rsquo;exprimer sur un sujet et l&rsquo;autre d&rsquo;hommes souhaitant le faire. L&rsquo;animateur alterne entre ces deux listes lorsqu&rsquo;il demande aux participants de s&rsquo;exprimer.  <\/p>\n\n<p class=\"\"><strong>Vote de paille :<\/strong> ce n&rsquo;est pas la m\u00eame chose qu&rsquo;un vote d\u00e9cisif, car un vote de paille n&rsquo;est pas contraignant pour une d\u00e9cision. Les facilitateurs ont parfois recours \u00e0 des votes de paille pour d\u00e9terminer la volont\u00e9 du groupe sur une id\u00e9e ou une proc\u00e9dure particuli\u00e8re.  <\/p>\n\n<p class=\"\"><strong>Se tenir \u00e0 l&rsquo;\u00e9cart :<\/strong> Une personne qui s&rsquo;abstient de voter sur une motion ou qui ne s&rsquo;oppose pas \u00e0 une motion avec suffisamment de force pour l&#8217;emp\u00eacher d&rsquo;\u00eatre adopt\u00e9e peut se tenir \u00e0 l&rsquo;\u00e9cart. Les membres qui se retirent peuvent demander que les raisons de leur retrait soient consign\u00e9es dans le proc\u00e8s-verbal.<\/p>\n\n<h2 class=\"wp-block-heading\">R\u00e9sum\u00e9 de la proc\u00e9dure<\/h2>\n\n<p class=\"\"><\/p>\n\n<ol class=\"wp-block-list\">\n<li class=\"\">Un parrain ou le facilitateur pr\u00e9sente la r\u00e9solution \u00e0 l&rsquo;assembl\u00e9e pour discussion.<br\/><\/li>\n\n\n\n<li class=\"\">Le facilitateur demande ensuite un moment de silence pendant lequel chacun r\u00e9fl\u00e9chit \u00e0 la r\u00e9solution et note les informations dont il dispose ou dont il a besoin.<br\/><\/li>\n\n\n\n<li class=\"\">Le facilitateur demande ensuite si quelqu&rsquo;un a besoin d&rsquo;\u00e9claircissements sur la r\u00e9solution pr\u00e9sent\u00e9e. Ces pr\u00e9cisions sont apport\u00e9es soit par le facilitateur, soit par le rapporteur, soit par l&rsquo;auteur de la r\u00e9solution, soit par une autre personne pr\u00e9sente \u00e0 la r\u00e9union.<br\/><\/li>\n\n\n\n<li class=\"\">Une discussion s&rsquo;engage alors jusqu&rsquo;\u00e0 ce que\n<ol style=\"list-style-type:lower-alpha\" class=\"wp-block-list\">\n<li class=\"\">un consensus est atteint,<\/li>\n\n\n\n<li class=\"\">il devient \u00e9vident qu&rsquo;aucun consensus ne peut \u00eatre atteint, ou<\/li>\n\n\n\n<li class=\"\">il est convenu que la r\u00e9solution soit renvoy\u00e9e \u00e0 un groupe de travail ou \u00e0 ses sponsors pour un travail plus approfondi.<\/li>\n<\/ol>\n<\/li>\n\n\n\n<li class=\"\">S&rsquo;il n&rsquo;y a pas de consensus, un vote de paille est organis\u00e9 pour d\u00e9terminer le soutien apport\u00e9 \u00e0\n<ol style=\"list-style-type:lower-alpha\" class=\"wp-block-list\">\n<li class=\"\">le d\u00e9p\u00f4t de la r\u00e9solution,<\/li>\n\n\n\n<li class=\"\">renvoyer la r\u00e9solution pour qu&rsquo;elle soit retravaill\u00e9e, ou<\/li>\n\n\n\n<li class=\"\">qui sera soumis \u00e0 un vote d\u00e9cisif.<\/li>\n<\/ol>\n<\/li>\n\n\n\n<li class=\"\">Si un vote d\u00e9cisif a lieu et que plus de 2\/3 (66,6 %) sont en faveur de la motion, celle-ci est adopt\u00e9e. Seuls les membres en r\u00e8gle peuvent participer \u00e0 un vote d\u00e9cisif.<br\/><\/li>\n\n\n\n<li class=\"\">Les r\u00e9solutions renvoy\u00e9es pour un travail plus approfondi peuvent \u00eatre repr\u00e9sent\u00e9es lors d&rsquo;une pl\u00e9ni\u00e8re ou d&rsquo;une r\u00e9union ult\u00e9rieure.<br\/><\/li>\n<\/ol>\n\n<p class=\"gpc-typography-caption gpc-font-weight-light\"><em>(Remarque : cette proc\u00e9dure est utilis\u00e9e en s\u00e9ance pl\u00e9ni\u00e8re. Les groupes de travail utilisent une approche plus informelle, en omettant les \u00e9tapes 5 \u00e0 7).<\/em><\/p>\n","protected":false},"excerpt":{"rendered":"<p>Version compl\u00e8te INTRODUCTION Le Parti Vert du Canada utilise une proc\u00e9dure de recherche de consensus : dans la mesure du possible, nous nous effor\u00e7ons de pr\u00e9senter une motion acceptable par [&hellip;]<\/p>\n","protected":false},"author":63,"featured_media":0,"parent":0,"menu_order":0,"comment_status":"closed","ping_status":"closed","template":"","meta":{"_acf_changed":false,"inline_featured_image":false,"site-sidebar-layout":"default","site-content-layout":"","ast-site-content-layout":"default","site-content-style":"default","site-sidebar-style":"default","ast-global-header-display":"","ast-banner-title-visibility":"","ast-main-header-display":"","ast-hfb-above-header-display":"","ast-hfb-below-header-display":"","ast-hfb-mobile-header-display":"","site-post-title":"","ast-breadcrumbs-content":"","ast-featured-img":"","footer-sml-layout":"","ast-disable-related-posts":"","theme-transparent-header-meta":"","adv-header-id-meta":"","stick-header-meta":"","header-above-stick-meta":"","header-main-stick-meta":"","header-below-stick-meta":"","astra-migrate-meta-layouts":"default","ast-page-background-enabled":"default","ast-page-background-meta":{"desktop":{"background-color":"var(--ast-global-color-5)","background-image":"","background-repeat":"repeat","background-position":"center center","background-size":"auto","background-attachment":"scroll","background-type":"","background-media":"","overlay-type":"","overlay-color":"","overlay-opacity":"","overlay-gradient":""},"tablet":{"background-color":"","background-image":"","background-repeat":"repeat","background-position":"center center","background-size":"auto","background-attachment":"scroll","background-type":"","background-media":"","overlay-type":"","overlay-color":"","overlay-opacity":"","overlay-gradient":""},"mobile":{"background-color":"","background-image":"","background-repeat":"repeat","background-position":"center center","background-size":"auto","background-attachment":"scroll","background-type":"","background-media":"","overlay-type":"","overlay-color":"","overlay-opacity":"","overlay-gradient":""}},"ast-content-background-meta":{"desktop":{"background-color":"var(--ast-global-color-4)","background-image":"","background-repeat":"repeat","background-position":"center center","background-size":"auto","background-attachment":"scroll","background-type":"","background-media":"","overlay-type":"","overlay-color":"","overlay-opacity":"","overlay-gradient":""},"tablet":{"background-color":"var(--ast-global-color-4)","background-image":"","background-repeat":"repeat","background-position":"center center","background-size":"auto","background-attachment":"scroll","background-type":"","background-media":"","overlay-type":"","overlay-color":"","overlay-opacity":"","overlay-gradient":""},"mobile":{"background-color":"var(--ast-global-color-4)","background-image":"","background-repeat":"repeat","background-position":"center center","background-size":"auto","background-attachment":"scroll","background-type":"","background-media":"","overlay-type":"","overlay-color":"","overlay-opacity":"","overlay-gradient":""}},"_price":"","_stock":"","_tribe_ticket_header":"","_tribe_default_ticket_provider":"","_tribe_ticket_capacity":"0","_ticket_start_date":"","_ticket_end_date":"","_tribe_ticket_show_description":"","_tribe_ticket_show_not_going":false,"_tribe_ticket_use_global_stock":"","_tribe_ticket_global_stock_level":"","_global_stock_mode":"","_global_stock_cap":"","_tribe_rsvp_for_event":"","_tribe_ticket_going_count":"","_tribe_ticket_not_going_count":"","_tribe_tickets_list":"[]","_tribe_ticket_has_attendee_info_fields":false,"footnotes":"","_tec_slr_enabled":"","_tec_slr_layout":""},"class_list":["post-4383","page","type-page","status-publish","hentry"],"acf":[],"ticketed":false,"_links":{"self":[{"href":"https:\/\/www.greenparty.ca\/fr\/wp-json\/wp\/v2\/pages\/4383","targetHints":{"allow":["GET"]}}],"collection":[{"href":"https:\/\/www.greenparty.ca\/fr\/wp-json\/wp\/v2\/pages"}],"about":[{"href":"https:\/\/www.greenparty.ca\/fr\/wp-json\/wp\/v2\/types\/page"}],"author":[{"embeddable":true,"href":"https:\/\/www.greenparty.ca\/fr\/wp-json\/wp\/v2\/users\/63"}],"replies":[{"embeddable":true,"href":"https:\/\/www.greenparty.ca\/fr\/wp-json\/wp\/v2\/comments?post=4383"}],"version-history":[{"count":3,"href":"https:\/\/www.greenparty.ca\/fr\/wp-json\/wp\/v2\/pages\/4383\/revisions"}],"predecessor-version":[{"id":4391,"href":"https:\/\/www.greenparty.ca\/fr\/wp-json\/wp\/v2\/pages\/4383\/revisions\/4391"}],"wp:attachment":[{"href":"https:\/\/www.greenparty.ca\/fr\/wp-json\/wp\/v2\/media?parent=4383"}],"curies":[{"name":"wp","href":"https:\/\/api.w.org\/{rel}","templated":true}]}}