{"id":4381,"date":"2025-02-05T13:22:35","date_gmt":"2025-02-05T18:22:35","guid":{"rendered":"https:\/\/www.greenparty.ca\/conseils-et-techniques-pour-les-facilitateurs"},"modified":"2025-02-07T16:11:23","modified_gmt":"2025-02-07T21:11:23","slug":"conseils-et-techniques-pour-les-facilitateurs","status":"publish","type":"page","link":"https:\/\/www.greenparty.ca\/fr\/conseils-et-techniques-pour-les-facilitateurs","title":{"rendered":"Conseils et techniques pour les facilitateurs"},"content":{"rendered":"\n<ul class=\"wp-block-list\">\n<li class=\"\">Pour les r\u00e9unions du parti, les pr\u00e9sidents ou chefs de commission ou d&rsquo;unit\u00e9 ne sont pas oblig\u00e9s d&rsquo;\u00eatre les animateurs d&rsquo;une r\u00e9union donn\u00e9e. Les pr\u00e9sidents ou responsables de comit\u00e9s ou d&rsquo;unit\u00e9s sont encourag\u00e9s \u00e0 demander \u00e0 d&rsquo;autres personnes d&rsquo;animer et de coanimer des r\u00e9unions afin qu&rsquo;elles acqui\u00e8rent des comp\u00e9tences en mati\u00e8re d&rsquo;animation de r\u00e9unions.<\/li>\n\n\n\n<li class=\"\">Dans les r\u00e8gles vertes, les motions et les amendements aux motions n&rsquo;ont pas besoin d&rsquo;\u00eatre appuy\u00e9s, peuvent \u00eatre pr\u00e9sent\u00e9s par le facilitateur ou le cofacilitateur et ne peuvent \u00eatre accept\u00e9s comme \u00e9tant soumis \u00e0 l&rsquo;assembl\u00e9e que si la majorit\u00e9 des membres votants pr\u00e9sents y consentent. En fait, toutes les d\u00e9cisions prises dans le cadre de la proc\u00e9dure de prise de d\u00e9cision des r\u00e8gles vertes sont d\u00e9termin\u00e9es par la \u00ab\u00a0volont\u00e9 du groupe\u00a0\u00bb, c&rsquo;est-\u00e0-dire par la volont\u00e9 de la majorit\u00e9 des membres pr\u00e9sents ayant le droit de vote. En d&rsquo;autres termes, pour que la r\u00e9union se d\u00e9roule de mani\u00e8re harmonieuse et efficace, le facilitateur peut prendre des d\u00e9cisions dans le cadre de la proc\u00e9dure de prise de d\u00e9cision lorsque la volont\u00e9 du groupe est \u00e9vidente. Toutefois, lorsque cette volont\u00e9 n&rsquo;est pas \u00e9vidente (ou a \u00e9t\u00e9 contest\u00e9e par un ou plusieurs participants au vote), un sondage formel, qui pourrait comporter deux ou plusieurs options sur la mani\u00e8re de proc\u00e9der, devrait \u00eatre organis\u00e9 parmi les membres votants pr\u00e9sents.<\/li>\n\n\n\n<li class=\"\">Voici quelques exemples de d\u00e9cisions prises dans le cadre de la proc\u00e9dure de prise de d\u00e9cision : d\u00e9cider du temps de parole des orateurs, d\u00e9cider de \u00ab\u00a0clore la liste des orateurs\u00a0\u00bb, d\u00e9cider du moment o\u00f9 l&rsquo;on demande un accord, d\u00e9cider de passer au vote (au cas o\u00f9 l&rsquo;on ne parviendrait pas \u00e0 un accord), d\u00e9cider d&rsquo;adopter une autre ligne de conduite (en fonction de l&rsquo;importance de la situation), etc.<\/li>\n\n\n\n<li class=\"\">Pendant le tour de parole d&rsquo;une personne, les animateurs doivent permettre aux autres de r\u00e9pondre aux questions dans le cadre du tour de parole de cette personne. Lorsque vous avez r\u00e9pondu \u00e0 ces questions, revenez au tour de l&rsquo;auteur de la question.<\/li>\n\n\n\n<li class=\"\">Anticipant le fait que certains participants \u00e0 la r\u00e9union peuvent avoir des opinions tranch\u00e9es sur certaines parties des motions et que d&rsquo;autres participants ne sont pas d&rsquo;accord avec ces opinions, il est sugg\u00e9r\u00e9 aux facilitateurs de respecter les r\u00e8gles vertes afin de proc\u00e9der de mani\u00e8re ordonn\u00e9e :<br\/><br\/><ol><li>Orientez l&rsquo;assembl\u00e9e vers le traitement de ces objections comme des amendements \u00e0 une motion principale, o\u00f9 l&rsquo;assembl\u00e9e peut alors \u00eatre sond\u00e9e pour d\u00e9terminer si chaque amendement \u00e0 la motion principale est acceptable pour l&rsquo;assembl\u00e9e ou non (ce qu&rsquo;est la \u00ab\u00a0volont\u00e9 du groupe\u00a0\u00bb). Si un ou plusieurs participants s&rsquo;opposent fermement \u00e0 la motion principale lorsque l&rsquo;accord est test\u00e9, demandez-leur s&rsquo;ils sont pr\u00eats \u00e0 se retirer avec la possibilit\u00e9 de voir leur nom et leurs raisons consign\u00e9s dans le proc\u00e8s-verbal pour r\u00e9f\u00e9rence ult\u00e9rieure sur les raisons de leur retrait. Si la r\u00e9union se heurte \u00e0 une ou plusieurs objections fermes alors qu&rsquo;elle s&rsquo;est d\u00e9j\u00e0 d\u00e9roul\u00e9e dans les conditions suivantes (a) et (b) ci-dessus, proc\u00e9der \u00e0 un vote sur l&rsquo;acceptation de la proposition principale ou son renvoi pour un travail plus approfondi (l\u00e0 encore, en fonction de la \u00ab\u00a0volont\u00e9 du groupe\u00a0\u00bb).<\/li><\/ol><strong>Pour plus d&rsquo;informations, voir la <a href=\"https:\/\/www.greenparty.ca\/fr\/regles-de-procedure-version-complete#rules-section-iii\">section III PROC\u00c9DURE<\/a> du <a href=\"https:\/\/www.greenparty.ca\/fr\/regles-de-procedure-version-complete\" data-type=\"page\" data-id=\"4001\">r\u00e8glement du parti vert<\/a>.<\/strong><\/li>\n\n\n\n<li class=\"\">Les r\u00e9unions durent trop longtemps ? Utilisez le courrier \u00e9lectronique et le t\u00e9l\u00e9phone pour parler aux participants avant le d\u00e9but de la r\u00e9union. Fournissez les informations de base n\u00e9cessaires et essayez de parvenir \u00e0 un accord sur le plus grand nombre possible de points \u00e0 traiter avant le d\u00e9but de la r\u00e9union.<\/li>\n\n\n\n<li class=\"\">Les r\u00e8gles vertes permettent des proc\u00e9dures alternatives de prise de d\u00e9cision pour des t\u00e2ches, des sessions ou des unit\u00e9s sp\u00e9cialis\u00e9es. Les \u00e9lections et la <a href=\"https:\/\/www.greenparty.ca\/fr\/methode-bonser\" data-type=\"page\" data-id=\"4186\">m\u00e9thode Bonser<\/a> sont deux proc\u00e9dures alternatives de prise de d\u00e9cision. Pour plus d&rsquo;informations, voir la <a href=\"https:\/\/www.greenparty.ca\/fr\/regles-de-procedure-version-complete#rules-section-xi\">section XI POINTS DE PROC\u00c9DURE NON COUVERTS PAR LES PR\u00c9SENTES PROC\u00c9DURES<\/a> et la <a href=\"https:\/\/www.greenparty.ca\/fr\/regles-de-procedure-version-complete#rules-section-v\">partie (j) de la section V FACILITATION<\/a> du <a href=\"https:\/\/www.greenparty.ca\/fr\/regles-de-procedure\" data-type=\"page\" data-id=\"3997\">r\u00e8glement du parti vert<\/a>.<\/li>\n\n\n\n<li class=\"\">R\u00e9solution vs. motion : Les \u00ab\u00a0r\u00e9solutions\u00a0\u00bb sont celles qui sont g\u00e9n\u00e9ralement adopt\u00e9es lors des r\u00e9unions, c&rsquo;est-\u00e0-dire \u00ab\u00a0l&rsquo;assembl\u00e9e a d\u00e9cid\u00e9 de &#8230;\u00a0\u00bb. Les \u00ab\u00a0motions\u00a0\u00bb sont celles qui sont soumises et d\u00e9lib\u00e9r\u00e9es lors des r\u00e9unions (avant d&rsquo;\u00eatre adopt\u00e9es et de devenir des r\u00e9solutions).<\/li>\n<\/ul>\n","protected":false},"excerpt":{"rendered":"","protected":false},"author":63,"featured_media":0,"parent":0,"menu_order":0,"comment_status":"closed","ping_status":"closed","template":"","meta":{"_acf_changed":false,"inline_featured_image":false,"site-sidebar-layout":"default","site-content-layout":"","ast-site-content-layout":"default","site-content-style":"default","site-sidebar-style":"default","ast-global-header-display":"","ast-banner-title-visibility":"","ast-main-header-display":"","ast-hfb-above-header-display":"","ast-hfb-below-header-display":"","ast-hfb-mobile-header-display":"","site-post-title":"","ast-breadcrumbs-content":"","ast-featured-img":"","footer-sml-layout":"","ast-disable-related-posts":"","theme-transparent-header-meta":"","adv-header-id-meta":"","stick-header-meta":"","header-above-stick-meta":"","header-main-stick-meta":"","header-below-stick-meta":"","astra-migrate-meta-layouts":"default","ast-page-background-enabled":"default","ast-page-background-meta":{"desktop":{"background-color":"var(--ast-global-color-5)","background-image":"","background-repeat":"repeat","background-position":"center center","background-size":"auto","background-attachment":"scroll","background-type":"","background-media":"","overlay-type":"","overlay-color":"","overlay-opacity":"","overlay-gradient":""},"tablet":{"background-color":"","background-image":"","background-repeat":"repeat","background-position":"center center","background-size":"auto","background-attachment":"scroll","background-type":"","background-media":"","overlay-type":"","overlay-color":"","overlay-opacity":"","overlay-gradient":""},"mobile":{"background-color":"","background-image":"","background-repeat":"repeat","background-position":"center center","background-size":"auto","background-attachment":"scroll","background-type":"","background-media":"","overlay-type":"","overlay-color":"","overlay-opacity":"","overlay-gradient":""}},"ast-content-background-meta":{"desktop":{"background-color":"var(--ast-global-color-4)","background-image":"","background-repeat":"repeat","background-position":"center center","background-size":"auto","background-attachment":"scroll","background-type":"","background-media":"","overlay-type":"","overlay-color":"","overlay-opacity":"","overlay-gradient":""},"tablet":{"background-color":"var(--ast-global-color-4)","background-image":"","background-repeat":"repeat","background-position":"center center","background-size":"auto","background-attachment":"scroll","background-type":"","background-media":"","overlay-type":"","overlay-color":"","overlay-opacity":"","overlay-gradient":""},"mobile":{"background-color":"var(--ast-global-color-4)","background-image":"","background-repeat":"repeat","background-position":"center center","background-size":"auto","background-attachment":"scroll","background-type":"","background-media":"","overlay-type":"","overlay-color":"","overlay-opacity":"","overlay-gradient":""}},"_price":"","_stock":"","_tribe_ticket_header":"","_tribe_default_ticket_provider":"","_tribe_ticket_capacity":"0","_ticket_start_date":"","_ticket_end_date":"","_tribe_ticket_show_description":"","_tribe_ticket_show_not_going":false,"_tribe_ticket_use_global_stock":"","_tribe_ticket_global_stock_level":"","_global_stock_mode":"","_global_stock_cap":"","_tribe_rsvp_for_event":"","_tribe_ticket_going_count":"","_tribe_ticket_not_going_count":"","_tribe_tickets_list":"[]","_tribe_ticket_has_attendee_info_fields":false,"footnotes":"","_tec_slr_enabled":"","_tec_slr_layout":""},"class_list":["post-4381","page","type-page","status-publish","hentry"],"acf":[],"ticketed":false,"_links":{"self":[{"href":"https:\/\/www.greenparty.ca\/fr\/wp-json\/wp\/v2\/pages\/4381","targetHints":{"allow":["GET"]}}],"collection":[{"href":"https:\/\/www.greenparty.ca\/fr\/wp-json\/wp\/v2\/pages"}],"about":[{"href":"https:\/\/www.greenparty.ca\/fr\/wp-json\/wp\/v2\/types\/page"}],"author":[{"embeddable":true,"href":"https:\/\/www.greenparty.ca\/fr\/wp-json\/wp\/v2\/users\/63"}],"replies":[{"embeddable":true,"href":"https:\/\/www.greenparty.ca\/fr\/wp-json\/wp\/v2\/comments?post=4381"}],"version-history":[{"count":5,"href":"https:\/\/www.greenparty.ca\/fr\/wp-json\/wp\/v2\/pages\/4381\/revisions"}],"predecessor-version":[{"id":5105,"href":"https:\/\/www.greenparty.ca\/fr\/wp-json\/wp\/v2\/pages\/4381\/revisions\/5105"}],"wp:attachment":[{"href":"https:\/\/www.greenparty.ca\/fr\/wp-json\/wp\/v2\/media?parent=4381"}],"curies":[{"name":"wp","href":"https:\/\/api.w.org\/{rel}","templated":true}]}}