{"id":4342,"date":"2025-02-05T13:19:51","date_gmt":"2025-02-05T18:19:51","guid":{"rendered":"https:\/\/www.greenparty.ca\/code-de-conduite-du-conseil-federal"},"modified":"2025-02-06T17:14:42","modified_gmt":"2025-02-06T22:14:42","slug":"code-de-conduite-du-conseil-federal","status":"publish","type":"page","link":"https:\/\/www.greenparty.ca\/fr\/code-de-conduite-du-conseil-federal","title":{"rendered":"Code de conduite du Conseil f\u00e9d\u00e9ral"},"content":{"rendered":"\n<p class=\"\">La raison d&rsquo;\u00eatre du Conseil f\u00e9d\u00e9ral est la prise de d\u00e9cisions \u00e9thiques et socialement responsables. \u00c0 cette fin, en plus d&rsquo;adh\u00e9rer aux six valeurs \u00e9cologiques de base du Parti vert, les membres du Conseil f\u00e9d\u00e9ral doivent r\u00e9pondre aux attentes d\u00e9crites ci-dessous en mati\u00e8re d&rsquo;\u00e9thique, de proc\u00e9dures et de comportement, et agir avec honn\u00eatet\u00e9, respect, professionnalisme et sens des responsabilit\u00e9s. En signant la pr\u00e9sente d\u00e9claration, les membres du Conseil f\u00e9d\u00e9ral s&rsquo;engagent \u00e0 v\u00e9hiculer ces valeurs et \u00e0 r\u00e9pondre \u00e0 ces attentes. Les membres du Conseil f\u00e9d\u00e9ral s&rsquo;engagent \u00e0 r\u00e9pondre aux attentes ci-dessous.  <\/p>\n\n<p class=\"\">La responsabilit\u00e9 fiduciaire signifie que les conseillers sont tenus de faire passer les int\u00e9r\u00eats du parti avant les int\u00e9r\u00eats individuels. Ils doivent donc agir \u00e0 tout moment dans l&rsquo;int\u00e9r\u00eat du parti, en \u00e9vitant les conflits d&rsquo;int\u00e9r\u00eats. En signant la D\u00e9claration du conseiller f\u00e9d\u00e9ral, les membres du Conseil f\u00e9d\u00e9ral d\u00e9clarent qu&rsquo;ils s&rsquo;engagent \u00e0 respecter ces valeurs, ces attentes et ces responsabilit\u00e9s juridiques.  <\/p>\n\n<h2 class=\"wp-block-heading\">Honn\u00eatet\u00e9<\/h2>\n\n<p class=\"\"><\/p>\n\n<ol class=\"wp-block-list\">\n<li class=\"\">Se conduire de mani\u00e8re \u00e0 favoriser le maintien et le renforcement de la confiance du public en l&rsquo;int\u00e9grit\u00e9 du Parti vert de Canada.<\/li>\n\n\n\n<li class=\"\">Faire preuve d&rsquo;int\u00e9grit\u00e9 dans mes interactions officielles et informelles avec les autres conseill\u00e8res et conseillers.<\/li>\n\n\n\n<li class=\"\">Ne pas d\u00e9former volontairement les objectifs, les valeurs et les politiques officiels du PVC.<\/li>\n<\/ol>\n\n<h2 class=\"wp-block-heading\">Respect<\/h2>\n\n<p class=\"\"><\/p>\n\n<ol class=\"wp-block-list\">\n<li class=\"\">\u00catre courtois(e) au cours des d\u00e9bats politiques (y compris au cours des discussions du Conseil), respecterai les int\u00e9r\u00eats d\u00e9mocratiques l\u00e9gitimes de tous, et veiller \u00e0 critiquer les politiques et les points de vue plut\u00f4t que les personnes.<\/li>\n\n\n\n<li class=\"\">S&rsquo;abstenir de d\u00e9poser des plaintes fond\u00e9es sur de faux motifs, ou encore des plaintes futiles ou vexatoires \u00e0 l&rsquo;endroit d&rsquo;autres membres du PVC.<\/li>\n\n\n\n<li class=\"\">Ne pas porter volontairement pr\u00e9judice \u00e0 une autre personne en commettant un acte de harc\u00e8lement physique, mental ou social, et \u00e9viter tout langage ou comportement offensant ou harcelant.<\/li>\n<\/ol>\n\n<h2 class=\"wp-block-heading\">Professionnalisme<\/h2>\n\n<p class=\"\"><\/p>\n\n<ol class=\"wp-block-list\">\n<li class=\"\">Exercer les pouvoirs conf\u00e9r\u00e9s par mon poste avec la diligence appropri\u00e9e, de mani\u00e8re raisonnable et prudente, dans l&rsquo;int\u00e9r\u00eat sup\u00e9rieur du parti, avec le sens de mes responsabilit\u00e9s envers les citoyens du Canada.<\/li>\n\n\n\n<li class=\"\">Agir avec int\u00e9grit\u00e9 et j&rsquo;accepterai de me soumettre \u00e0 un niveau d&rsquo;examen sup\u00e9rieur, appropri\u00e9 \u00e0 mon poste de membre du Conseil du PVC.<\/li>\n\n\n\n<li class=\"\">Respecter et appuyer la Constitution du parti, les r\u00e8glements, les politiques, le Code de conduite et la politique sur les conflits d&rsquo;int\u00e9r\u00eats.<\/li>\n\n\n\n<li class=\"\">\u00catre solidaire des autres membres du Conseil relativement aux d\u00e9cisions prises de bonne foi au cours d&rsquo;une r\u00e9union l\u00e9galement tenue.<\/li>\n\n\n\n<li class=\"\">Travailler dans un esprit de coll\u00e9gialit\u00e9 et respecter les d\u00e9cisions prises collectivement par les membres du Conseil, et subordonner mes points de vue personnels \u00e0 l&rsquo;int\u00e9r\u00eat du parti.<\/li>\n\n\n\n<li class=\"\">Garder toute l&rsquo;information confidentielle, \u00e0 moins que le Conseil f\u00e9d\u00e9ral n&rsquo;\u00e9tablisse que telle ou telle information est du domaine public. L&rsquo;information confidentielle inclut \u2014 sans s&rsquo;y limiter \u2014 l&rsquo;information relative au personnel, aux plans de campagne, aux listes de membres et de donateurs, aux \u00e9tats financiers, aux plans strat\u00e9giques et aux plans annuels, ainsi qu&rsquo;aux questions abord\u00e9es au cours des r\u00e9unions \u00e0 huis clos du Conseil f\u00e9d\u00e9ral. <\/li>\n\n\n\n<li class=\"\">M&rsquo;abstenir de commettre tout m\u00e9fait ou acte de diffamation.<\/li>\n\n\n\n<li class=\"\">\u00c9viter d&rsquo;agir de mani\u00e8re \u00e0 jeter le discr\u00e9dit sur le Parti vert du Canada ou sur ses membres.<\/li>\n<\/ol>\n\n<h2 class=\"wp-block-heading\">Responsabilit\u00e9<\/h2>\n\n<p class=\"\"><\/p>\n\n<ol class=\"wp-block-list\">\n<li class=\"\">Respecter les structures et les proc\u00e9dures \u00e9tablies du parti et r\u00e9pondre en temps opportun aux demandes des autres dirigeants du parti, du personnel du parti ou des repr\u00e9sentants d&rsquo;\u00c9lections Canada.<\/li>\n\n\n\n<li class=\"\">D\u00e9clarer imm\u00e9diatement tout conflit d&rsquo;int\u00e9r\u00eats personnels pouvant \u00eatre port\u00e9 \u00e0 mon attention.<\/li>\n\n\n\n<li class=\"\">Toujours agir selon les normes \u00e9thiques les plus \u00e9lev\u00e9es et dans l&rsquo;int\u00e9r\u00eat l\u00e9gitime et \u00e0 l&rsquo;avantage des membres du PVC et des citoyens canadiens.<\/li>\n<\/ol>\n\n<h2 class=\"wp-block-heading\">R\u00f4le de gouvernance<\/h2>\n\n<p class=\"\"><\/p>\n\n<h3 class=\"wp-block-heading\">R\u00f4le<\/h3>\n\n<ol class=\"wp-block-list\">\n<li class=\"\">\u00c9tablir la vision strat\u00e9gique \u00e0 long terme du parti.<\/li>\n\n\n\n<li class=\"\">Veiller \u00e0 ce que le travail du directeur g\u00e9n\u00e9ral ou de la directrice g\u00e9n\u00e9rale corresponde bien au plan annuel \u00e9tabli.<\/li>\n\n\n\n<li class=\"\">Agir comme protecteur des ressources du parti, r\u00e9pondre aux attentes des membres.<\/li>\n\n\n\n<li class=\"\">Servir les membres en veillant \u00e0 faire respecter la constitution.<\/li>\n\n\n\n<li class=\"\">Rendre compte aux membres des activit\u00e9s du parti.<\/li>\n<\/ol>\n\n<h3 class=\"wp-block-heading\">Obligations<\/h3>\n\n<ol class=\"wp-block-list\">\n<li class=\"\">Devoir de diligence : examiner les activit\u00e9s et les documents du parti, d\u00e9battre dans le respect et agir avec prudence.<\/li>\n\n\n\n<li class=\"\">Devoir de comp\u00e9tence : respecter la norme de diligence associ\u00e9e \u00e0 leurs comp\u00e9tences personnelles et agir avec prudence.<\/li>\n\n\n\n<li class=\"\">Devoir de loyaut\u00e9 : placer l&rsquo;int\u00e9r\u00eat du parti au premier plan, agir avec honn\u00eatet\u00e9 et en toute bonne foi, soutenir les d\u00e9cisions du Conseil et d\u00e9clarer tout conflit d&rsquo;int\u00e9r\u00eats potentiel ou r\u00e9el.<\/li>\n\n\n\n<li class=\"\">Devoir de conformit\u00e9 : respecter les lois du Canada et agir conform\u00e9ment aux \u00e0 la Constitution, aux R\u00e8glements, aux proc\u00e9dures et aux d\u00e9cisions du parti.<\/li>\n\n\n\n<li class=\"\">Obligation de conformit\u00e9 : Les conseillers doivent respecter les lois du Canada et agir dans le cadre de la Constitution, des r\u00e8glements, des proc\u00e9dures et des d\u00e9cisions du Parti.<\/li>\n<\/ol>\n\n<h3 class=\"wp-block-heading\">Reddition de comptes<\/h3>\n\n<p class=\"\">L&rsquo;observance des principes du Code de conduite est une condition sine qua non de l&rsquo;exercice des fonctions de conseiller f\u00e9d\u00e9ral ou de conseill\u00e8re f\u00e9d\u00e9rale. Je comprends qu&rsquo;une violation de ces principes pourrait entra\u00eener des sanctions administratives ou disciplinaires pouvant aller jusqu&rsquo;au renvoi du Conseil f\u00e9d\u00e9ral, l&rsquo;expulsion du PVC et la prise d&rsquo;actions en justice. Je comprends que mon obligation l\u00e9gale \u00e0 cet \u00e9gard ne prendra pas fin \u00e0 la fin de mon mandat au sein du Conseil f\u00e9d\u00e9ral, et qu&rsquo;elle subsistera \u00e0 perp\u00e9tuit\u00e9.   <\/p>\n\n<p class=\"\">Dans le cas o\u00f9 un conseiller enfreint le code de conduite, le pr\u00e9sident du PVC, en collaboration avec l&rsquo;ex\u00e9cutif, \u00e9valuera le degr\u00e9 de risque et\/ou les dommages caus\u00e9s au parti et d\u00e9terminera la marche \u00e0 suivre. En fonction de la gravit\u00e9 des circonstances, l&rsquo;Ex\u00e9cutif peut : <\/p>\n\n<ol class=\"wp-block-list\">\n<li class=\"\">Demander au conseiller des \u00e9claircissements sur ses actions ;<\/li>\n\n\n\n<li class=\"\">Donner un avertissement verbal ;<\/li>\n\n\n\n<li class=\"\">Demander une correction, une r\u00e9tractation et\/ou des excuses \u00e9crites ;<\/li>\n\n\n\n<li class=\"\">Recommander au Conseil d&rsquo;\u00e9mettre un bl\u00e2me \u00e9crit ;<\/li>\n\n\n\n<li class=\"\">recommander au Conseil de suspendre temporairement ou d\u00e9finitivement les privil\u00e8ges du conseiller ; ou<\/li>\n\n\n\n<li class=\"\">Recommander au Conseil d&rsquo;exclure le conseiller (conform\u00e9ment aux r\u00e8glements 1.3.2, 2.1.5.1 et 2.1.5.3).<\/li>\n<\/ol>\n\n<p class=\"\">Le Conseil ex\u00e9cutif ou f\u00e9d\u00e9ral peut \u00e9galement d\u00e9cider de nommer une commission ad hoc, d&rsquo;un commun accord, charg\u00e9e de formuler des recommandations. Un registre des infractions sera tenu et les infractions r\u00e9p\u00e9t\u00e9es seront prises en compte pour d\u00e9cider des cons\u00e9quences. <\/p>\n\n<h3 class=\"wp-block-heading\">D\u00e9claration<\/h3>\n\n<p class=\"\">Je m&rsquo;engage \u00e0 assumer fid\u00e8lement mes devoirs et responsabilit\u00e9s conform\u00e9ment aux normes \u00e9thiques et l\u00e9gales les plus \u00e9lev\u00e9es, et \u00e0 travailler au mieux de mes capacit\u00e9s \u00e0 maintenir et \u00e0 renforcer la confiance du public en l&rsquo;int\u00e9grit\u00e9 du Parti vert du Canada.<\/p>\n\n<p class=\"\">Je m&rsquo;engage \u00e0 exercer les pouvoirs que me conf\u00e8re mon poste au mieux de mes capacit\u00e9s, et dans le respect des valeurs, de la Constitution, des R\u00e8glements et des lignes directrices du PVC en mati\u00e8re de conflit d&rsquo;int\u00e9r\u00eats.<\/p>\n\n<p class=\"\">Je d\u00e9clare avoir lu et compris les obligations \u00e9thiques et l\u00e9gales li\u00e9es au Code de conduite du Conseil f\u00e9d\u00e9ral, et je m&rsquo;engage \u00e0 les respecter.<\/p>\n","protected":false},"excerpt":{"rendered":"<p>La raison d&rsquo;\u00eatre du Conseil f\u00e9d\u00e9ral est la prise de d\u00e9cisions \u00e9thiques et socialement responsables. \u00c0 cette fin, en plus d&rsquo;adh\u00e9rer aux six valeurs \u00e9cologiques de base du Parti vert, [&hellip;]<\/p>\n","protected":false},"author":63,"featured_media":0,"parent":0,"menu_order":0,"comment_status":"closed","ping_status":"closed","template":"","meta":{"_acf_changed":false,"inline_featured_image":false,"site-sidebar-layout":"default","site-content-layout":"","ast-site-content-layout":"default","site-content-style":"default","site-sidebar-style":"default","ast-global-header-display":"","ast-banner-title-visibility":"","ast-main-header-display":"","ast-hfb-above-header-display":"","ast-hfb-below-header-display":"","ast-hfb-mobile-header-display":"","site-post-title":"","ast-breadcrumbs-content":"","ast-featured-img":"","footer-sml-layout":"","ast-disable-related-posts":"","theme-transparent-header-meta":"","adv-header-id-meta":"","stick-header-meta":"","header-above-stick-meta":"","header-main-stick-meta":"","header-below-stick-meta":"","astra-migrate-meta-layouts":"default","ast-page-background-enabled":"default","ast-page-background-meta":{"desktop":{"background-color":"var(--ast-global-color-5)","background-image":"","background-repeat":"repeat","background-position":"center center","background-size":"auto","background-attachment":"scroll","background-type":"","background-media":"","overlay-type":"","overlay-color":"","overlay-opacity":"","overlay-gradient":""},"tablet":{"background-color":"","background-image":"","background-repeat":"repeat","background-position":"center center","background-size":"auto","background-attachment":"scroll","background-type":"","background-media":"","overlay-type":"","overlay-color":"","overlay-opacity":"","overlay-gradient":""},"mobile":{"background-color":"","background-image":"","background-repeat":"repeat","background-position":"center center","background-size":"auto","background-attachment":"scroll","background-type":"","background-media":"","overlay-type":"","overlay-color":"","overlay-opacity":"","overlay-gradient":""}},"ast-content-background-meta":{"desktop":{"background-color":"var(--ast-global-color-4)","background-image":"","background-repeat":"repeat","background-position":"center center","background-size":"auto","background-attachment":"scroll","background-type":"","background-media":"","overlay-type":"","overlay-color":"","overlay-opacity":"","overlay-gradient":""},"tablet":{"background-color":"var(--ast-global-color-4)","background-image":"","background-repeat":"repeat","background-position":"center center","background-size":"auto","background-attachment":"scroll","background-type":"","background-media":"","overlay-type":"","overlay-color":"","overlay-opacity":"","overlay-gradient":""},"mobile":{"background-color":"var(--ast-global-color-4)","background-image":"","background-repeat":"repeat","background-position":"center center","background-size":"auto","background-attachment":"scroll","background-type":"","background-media":"","overlay-type":"","overlay-color":"","overlay-opacity":"","overlay-gradient":""}},"_price":"","_stock":"","_tribe_ticket_header":"","_tribe_default_ticket_provider":"","_tribe_ticket_capacity":"0","_ticket_start_date":"","_ticket_end_date":"","_tribe_ticket_show_description":"","_tribe_ticket_show_not_going":false,"_tribe_ticket_use_global_stock":"","_tribe_ticket_global_stock_level":"","_global_stock_mode":"","_global_stock_cap":"","_tribe_rsvp_for_event":"","_tribe_ticket_going_count":"","_tribe_ticket_not_going_count":"","_tribe_tickets_list":"[]","_tribe_ticket_has_attendee_info_fields":false,"footnotes":"","_tec_slr_enabled":"","_tec_slr_layout":""},"class_list":["post-4342","page","type-page","status-publish","hentry"],"acf":[],"ticketed":false,"_links":{"self":[{"href":"https:\/\/www.greenparty.ca\/fr\/wp-json\/wp\/v2\/pages\/4342","targetHints":{"allow":["GET"]}}],"collection":[{"href":"https:\/\/www.greenparty.ca\/fr\/wp-json\/wp\/v2\/pages"}],"about":[{"href":"https:\/\/www.greenparty.ca\/fr\/wp-json\/wp\/v2\/types\/page"}],"author":[{"embeddable":true,"href":"https:\/\/www.greenparty.ca\/fr\/wp-json\/wp\/v2\/users\/63"}],"replies":[{"embeddable":true,"href":"https:\/\/www.greenparty.ca\/fr\/wp-json\/wp\/v2\/comments?post=4342"}],"version-history":[{"count":3,"href":"https:\/\/www.greenparty.ca\/fr\/wp-json\/wp\/v2\/pages\/4342\/revisions"}],"predecessor-version":[{"id":4549,"href":"https:\/\/www.greenparty.ca\/fr\/wp-json\/wp\/v2\/pages\/4342\/revisions\/4549"}],"wp:attachment":[{"href":"https:\/\/www.greenparty.ca\/fr\/wp-json\/wp\/v2\/media?parent=4342"}],"curies":[{"name":"wp","href":"https:\/\/api.w.org\/{rel}","templated":true}]}}