{"id":4340,"date":"2025-02-05T10:06:31","date_gmt":"2025-02-05T15:06:31","guid":{"rendered":"https:\/\/www.greenparty.ca\/methode-bonser"},"modified":"2025-02-07T15:43:06","modified_gmt":"2025-02-07T20:43:06","slug":"methode-bonser","status":"publish","type":"page","link":"https:\/\/www.greenparty.ca\/fr\/methode-bonser","title":{"rendered":"M\u00e9thode Bonser"},"content":{"rendered":"\n<p class=\"\">Le Parti Vert du Canada utilise la m\u00e9thode Bonser, un processus de vote par code de couleurs, pour classer par ordre de priorit\u00e9 les motions soumises \u00e0 l&rsquo;avance \u00e0 une convention nationale. Dans ce processus, les \u00e9lecteurs choisissent le rouge, le jaune ou le vert pour chaque motion. Le rouge signifie \u00ab\u00a0Je comprends cette motion et je m&rsquo;y oppose\u00a0\u00bb, le vert signifie \u00ab\u00a0Je comprends cette motion et j&rsquo;y suis favorable\u00a0\u00bb, et le jaune signifie soit \u00ab\u00a0Je souhaite en savoir plus sur cette motion\u00a0\u00bb, soit \u00ab\u00a0Je n&rsquo;aime pas la formulation actuelle de cette motion, mais je pense que le concept a du m\u00e9rite\u00a0\u00bb.  <\/p>\n\n<p class=\"\">Lors d&rsquo;un vote selon la m\u00e9thode Bonser, la proportion de votes verts n\u00e9cessaires \u00e0 l&rsquo;adoption d&rsquo;une motion et la proportion de votes rouges n\u00e9cessaires au rejet d&rsquo;une motion sont sup\u00e9rieures \u00e0 60 % des suffrages exprim\u00e9s.<\/p>\n\n<p class=\"\">Ce seuil est appliqu\u00e9 aux r\u00e9sultats du vote Bonser et d\u00e9termine quelles motions sont recommand\u00e9es pour \u00eatre adopt\u00e9es, rejet\u00e9es ou envoy\u00e9es en atelier. Conform\u00e9ment au seuil de la m\u00e9thode Bonser, les motions vot\u00e9es \u00ab\u00a0vertes\u00a0\u00bb seront recommand\u00e9es pour \u00eatre adopt\u00e9es sans autre discussion et les motions vot\u00e9es \u00ab\u00a0rouges\u00a0\u00bb seront recommand\u00e9es pour \u00eatre rejet\u00e9es sans autre discussion. Toutes les autres motions sont \u00ab\u00a0jaunes\u00a0\u00bb et sont donc renvoy\u00e9es aux groupes de travail pour un d\u00e9bat plus approfondi et d&rsquo;\u00e9ventuels amendements, avant de revenir en session pl\u00e9ni\u00e8re pour un vote d&rsquo;acceptation ou de rejet de la motion. Les motions ayant obtenu le plus grand pourcentage de votes \u00ab\u00a0jaunes\u00a0\u00bb seront prioritaires dans les ateliers.   <\/p>\n","protected":false},"excerpt":{"rendered":"<p>Le Parti Vert du Canada utilise la m\u00e9thode Bonser, un processus de vote par code de couleurs, pour classer par ordre de priorit\u00e9 les motions soumises \u00e0 l&rsquo;avance \u00e0 une [&hellip;]<\/p>\n","protected":false},"author":63,"featured_media":0,"parent":0,"menu_order":0,"comment_status":"closed","ping_status":"closed","template":"","meta":{"_acf_changed":false,"inline_featured_image":false,"site-sidebar-layout":"default","site-content-layout":"","ast-site-content-layout":"default","site-content-style":"default","site-sidebar-style":"default","ast-global-header-display":"","ast-banner-title-visibility":"","ast-main-header-display":"","ast-hfb-above-header-display":"","ast-hfb-below-header-display":"","ast-hfb-mobile-header-display":"","site-post-title":"","ast-breadcrumbs-content":"","ast-featured-img":"","footer-sml-layout":"","ast-disable-related-posts":"","theme-transparent-header-meta":"","adv-header-id-meta":"","stick-header-meta":"","header-above-stick-meta":"","header-main-stick-meta":"","header-below-stick-meta":"","astra-migrate-meta-layouts":"default","ast-page-background-enabled":"default","ast-page-background-meta":{"desktop":{"background-color":"var(--ast-global-color-5)","background-image":"","background-repeat":"repeat","background-position":"center center","background-size":"auto","background-attachment":"scroll","background-type":"","background-media":"","overlay-type":"","overlay-color":"","overlay-opacity":"","overlay-gradient":""},"tablet":{"background-color":"","background-image":"","background-repeat":"repeat","background-position":"center center","background-size":"auto","background-attachment":"scroll","background-type":"","background-media":"","overlay-type":"","overlay-color":"","overlay-opacity":"","overlay-gradient":""},"mobile":{"background-color":"","background-image":"","background-repeat":"repeat","background-position":"center center","background-size":"auto","background-attachment":"scroll","background-type":"","background-media":"","overlay-type":"","overlay-color":"","overlay-opacity":"","overlay-gradient":""}},"ast-content-background-meta":{"desktop":{"background-color":"var(--ast-global-color-4)","background-image":"","background-repeat":"repeat","background-position":"center center","background-size":"auto","background-attachment":"scroll","background-type":"","background-media":"","overlay-type":"","overlay-color":"","overlay-opacity":"","overlay-gradient":""},"tablet":{"background-color":"var(--ast-global-color-4)","background-image":"","background-repeat":"repeat","background-position":"center center","background-size":"auto","background-attachment":"scroll","background-type":"","background-media":"","overlay-type":"","overlay-color":"","overlay-opacity":"","overlay-gradient":""},"mobile":{"background-color":"var(--ast-global-color-4)","background-image":"","background-repeat":"repeat","background-position":"center center","background-size":"auto","background-attachment":"scroll","background-type":"","background-media":"","overlay-type":"","overlay-color":"","overlay-opacity":"","overlay-gradient":""}},"_price":"","_stock":"","_tribe_ticket_header":"","_tribe_default_ticket_provider":"","_tribe_ticket_capacity":"0","_ticket_start_date":"","_ticket_end_date":"","_tribe_ticket_show_description":"","_tribe_ticket_show_not_going":false,"_tribe_ticket_use_global_stock":"","_tribe_ticket_global_stock_level":"","_global_stock_mode":"","_global_stock_cap":"","_tribe_rsvp_for_event":"","_tribe_ticket_going_count":"","_tribe_ticket_not_going_count":"","_tribe_tickets_list":"[]","_tribe_ticket_has_attendee_info_fields":false,"footnotes":"","_tec_slr_enabled":"","_tec_slr_layout":""},"class_list":["post-4340","page","type-page","status-publish","hentry"],"acf":[],"ticketed":false,"_links":{"self":[{"href":"https:\/\/www.greenparty.ca\/fr\/wp-json\/wp\/v2\/pages\/4340","targetHints":{"allow":["GET"]}}],"collection":[{"href":"https:\/\/www.greenparty.ca\/fr\/wp-json\/wp\/v2\/pages"}],"about":[{"href":"https:\/\/www.greenparty.ca\/fr\/wp-json\/wp\/v2\/types\/page"}],"author":[{"embeddable":true,"href":"https:\/\/www.greenparty.ca\/fr\/wp-json\/wp\/v2\/users\/63"}],"replies":[{"embeddable":true,"href":"https:\/\/www.greenparty.ca\/fr\/wp-json\/wp\/v2\/comments?post=4340"}],"version-history":[{"count":7,"href":"https:\/\/www.greenparty.ca\/fr\/wp-json\/wp\/v2\/pages\/4340\/revisions"}],"predecessor-version":[{"id":5085,"href":"https:\/\/www.greenparty.ca\/fr\/wp-json\/wp\/v2\/pages\/4340\/revisions\/5085"}],"wp:attachment":[{"href":"https:\/\/www.greenparty.ca\/fr\/wp-json\/wp\/v2\/media?parent=4340"}],"curies":[{"name":"wp","href":"https:\/\/api.w.org\/{rel}","templated":true}]}}