{"id":4075,"date":"2025-02-04T18:30:24","date_gmt":"2025-02-04T23:30:24","guid":{"rendered":"https:\/\/www.greenparty.ca\/politique-medias-sociaux"},"modified":"2025-02-16T20:44:07","modified_gmt":"2025-02-17T01:44:07","slug":"politique-medias-sociaux","status":"publish","type":"page","link":"https:\/\/www.greenparty.ca\/fr\/politique-medias-sociaux","title":{"rendered":"Politique m\u00e9dias sociaux"},"content":{"rendered":"\n<h2 class=\"wp-block-heading\">S\u00e9curit\u00e9 de la communaut\u00e9<\/h2>\n\n<p class=\"\"><\/p>\n\n<p class=\"has-gpc-color-primary-dark-color has-text-color has-link-color wp-elements-7227565f79723009187f53e706513f3b\">Nous souhaitons que nos plateformes de m\u00e9dias sociaux soient des lieux de discussions et d&rsquo;interactions respectueuses. Nous encourageons volontiers les questions, les commentaires et les r\u00e9ponses qui contribuent aux discussions et les am\u00e9liorent.<\/p>\n\n<p class=\"has-gpc-color-primary-dark-color has-text-color has-link-color wp-elements-2aade34665a42dd64d7dfac38fe001f6\">Cependant, nous n\u2019avons aucune tol\u00e9rance pour :<\/p>\n\n<ul class=\"wp-block-list has-gpc-color-primary-dark-color has-text-color has-link-color wp-elements-a18625bedf2dfc0fcb735cc40be9db75\">\n<li class=\"\">Le blasph\u00e8me<\/li>\n\n\n\n<li class=\"\">Le harc\u00e8lement<\/li>\n\n\n\n<li class=\"\">La discrimination <\/li>\n\n\n\n<li class=\"\">Le trolling<\/li>\n\n\n\n<li class=\"\">Le spam<\/li>\n\n\n\n<li class=\"\">Le contenu qui contrevient aux conditions d&rsquo;utilisation des plateformes de m\u00e9dias sociaux<\/li>\n\n\n\n<li class=\"\">Tout autre contenu qui rend nos espaces de m\u00e9dias sociaux dangereux pour les membres de la communaut\u00e9<\/li>\n<\/ul>\n\n<p class=\"has-gpc-color-primary-dark-color has-text-color has-link-color wp-elements-4525ff5c16d6d412cd681842eaae67e6\">Les contenus entrant dans les cat\u00e9gories mentionn\u00e9es plus haut seront supprim\u00e9s et, en fonction de leur nature, les comptes qui y sont associ\u00e9s pourront \u00eatre bannis de nos communaut\u00e9s de m\u00e9dias sociaux. Nous pouvons \u00e9galement signaler des contenus ou des comptes \u00e0 la plateforme de m\u00e9dias sociaux.<\/p>\n\n<p class=\"has-gpc-color-primary-dark-color has-text-color has-link-color wp-elements-e3019d418b50aebe94858a070e8bf5af\">Si vous constatez un contenu ou un comportement inappropri\u00e9 sur nos plateformes de m\u00e9dias sociaux, veuillez nous le signaler directement \u00e0 l&rsquo;adresse <a href=\"mailto:comms@partivert.ca\">comms@partivert.ca<\/a>. Nous examinerons toutes les demandes et prendrons les mesures qui s&rsquo;imposent.<\/p>\n\n<p class=\"has-gpc-color-primary-dark-color has-text-color has-link-color wp-elements-d6b8d6c965f8897054a6e1c26046c69e\">Si vous avez des questions ou des inqui\u00e9tudes concernant la mod\u00e9ration en ligne du Parti vert du Canada (PVC), vous pouvez envoyer un courriel \u00e0<a href=\"mailto:comms@partivert.ca\">comms@partivert.ca<\/a>. Pour plus d&rsquo;informations, veuillez lire notre <a href=\"https:\/\/www.greenparty.ca\/fr\/code-de-conduite-des-membres\" data-type=\"page\" data-id=\"3991\">Code de conduite des membres<\/a> et les <a href=\"https:\/\/www.greenparty.ca\/party\/values\">valeurs du Parti vert<\/a>.<\/p>\n\n<h2 class=\"wp-block-heading\">Plateformes<\/h2>\n\n<p class=\"\"><\/p>\n\n<p class=\"\">Veuillez noter qu&rsquo;il n&rsquo;existe que six (6) comptes officiels de m\u00e9dias sociaux du PVC.<\/p>\n\n<ul class=\"wp-block-list\">\n<li class=\"has-gpc-color-primary-dark-color has-text-color has-link-color wp-elements-ccdf235fef9c67e972921a45a399f2a8\"><strong>Facebook<\/strong> \u2013 <a href=\"https:\/\/www.facebook.com\/GreenPartyofCanada\" target=\"_blank\" rel=\"noreferrer noopener\">https:\/\/www.facebook.com\/GreenPartyofCanada<\/a><\/li>\n\n\n\n<li class=\"has-gpc-color-primary-dark-color has-text-color has-link-color wp-elements-3d1f2d894eeeb7eea62b1cdb604e8ef2\"><strong>Twitter (anglais)<\/strong> \u2013 <a href=\"https:\/\/twitter.com\/CanadianGreens\" target=\"_blank\" rel=\"noreferrer noopener\">https:\/\/twitter.com\/CanadianGreens<\/a><\/li>\n\n\n\n<li class=\"has-gpc-color-primary-dark-color has-text-color has-link-color wp-elements-fe59412823b7376dc7a555d8f9dd7c5e\"><strong>Twitter (fran\u00e7ais)<\/strong> \u2013 <a href=\"https:\/\/twitter.com\/LesVertsCanada\" target=\"_blank\" rel=\"noreferrer noopener\">https:\/\/twitter.com\/LesVertsCanada<\/a><\/li>\n\n\n\n<li class=\"has-gpc-color-primary-dark-color has-text-color has-link-color wp-elements-5a9bd05c680f2a5ef558570803bebdec\"><strong>Instagram <\/strong>\u2013 <a href=\"https:\/\/www.instagram.com\/thegreenparty_canada\/\" target=\"_blank\" rel=\"noreferrer noopener\">https:\/\/www.instagram.com\/thegreenparty_canada\/<\/a><\/li>\n\n\n\n<li class=\"\"><strong>Bluesky<\/strong> \u2013 <a href=\"https:\/\/bsky.app\/profile\/canadiangreens.bsky.social\">https:\/\/bsky.app\/profile\/canadiangreens.bsky.social<\/a><\/li>\n\n\n\n<li class=\"\"><strong>LinkedIn<\/strong> \u2013 <a href=\"https:\/\/www.linkedin.com\/company\/34784\/\">https:\/\/www.linkedin.com\/company\/34784\/<\/a><\/li>\n<\/ul>\n\n<p class=\"\">Bien qu&rsquo;il existe de nombreux autres comptes qui semblent \u00ab officiels \u00bb, le PVC ne les a pas cr\u00e9\u00e9s, ne les administre pas, ne les mod\u00e8re pas et ne les approuve pas.<\/p>\n\n<h2 class=\"wp-block-heading\">R\u00e9ponses et confidentialit\u00e9<\/h2>\n\n<p class=\"has-gpc-color-primary-dark-color has-text-color has-link-color wp-elements-afa2fdddfebeffbd905c73847fc121be\"><\/p>\n\n<p class=\"has-gpc-color-primary-dark-color has-text-color has-link-color wp-elements-d689d168ff9ac37ba8a52b22674d7cf1\">En raison du volume de messages que nous recevons, nous ne pouvons pas nous engager \u00e0 r\u00e9pondre \u00e0 chacun d&rsquo;entre eux. Si vous avez une question ou un probl\u00e8me sp\u00e9cifique, veuillez l&rsquo;envoyer \u00e0 <a href=\"mailto:soutien@partivert.ca\">soutien@partivert.ca<\/a> en indiquant votre adresse, votre code postal et votre num\u00e9ro de t\u00e9l\u00e9phone. Cela garantira la confidentialit\u00e9 de votre message et nous permettra de d\u00e9terminer la meilleure fa\u00e7on de vous aider.<\/p>\n\n<p class=\"has-gpc-color-primary-dark-color has-text-color has-link-color wp-elements-dd67295034bb234fa92f38f64316046c\">Merci de faire partie de notre communaut\u00e9 en ligne et de nous aider \u00e0 maintenir un environnement s\u00e9curitaire et accueillant pour tout le monde.<\/p>\n\n<p class=\"has-gpc-color-primary-dark-color has-text-color has-link-color wp-elements-afa2fdddfebeffbd905c73847fc121be\"><\/p>\n","protected":false},"excerpt":{"rendered":"<p>S\u00e9curit\u00e9 de la communaut\u00e9 Nous souhaitons que nos plateformes de m\u00e9dias sociaux soient des lieux de discussions et d&rsquo;interactions respectueuses. Nous encourageons volontiers les questions, les commentaires et les r\u00e9ponses [&hellip;]<\/p>\n","protected":false},"author":63,"featured_media":0,"parent":0,"menu_order":0,"comment_status":"closed","ping_status":"closed","template":"","meta":{"_acf_changed":false,"inline_featured_image":false,"site-sidebar-layout":"default","site-content-layout":"","ast-site-content-layout":"default","site-content-style":"default","site-sidebar-style":"default","ast-global-header-display":"","ast-banner-title-visibility":"","ast-main-header-display":"","ast-hfb-above-header-display":"","ast-hfb-below-header-display":"","ast-hfb-mobile-header-display":"","site-post-title":"","ast-breadcrumbs-content":"","ast-featured-img":"","footer-sml-layout":"","ast-disable-related-posts":"","theme-transparent-header-meta":"","adv-header-id-meta":"","stick-header-meta":"","header-above-stick-meta":"","header-main-stick-meta":"","header-below-stick-meta":"","astra-migrate-meta-layouts":"default","ast-page-background-enabled":"default","ast-page-background-meta":{"desktop":{"background-color":"var(--ast-global-color-5)","background-image":"","background-repeat":"repeat","background-position":"center center","background-size":"auto","background-attachment":"scroll","background-type":"","background-media":"","overlay-type":"","overlay-color":"","overlay-opacity":"","overlay-gradient":""},"tablet":{"background-color":"","background-image":"","background-repeat":"repeat","background-position":"center center","background-size":"auto","background-attachment":"scroll","background-type":"","background-media":"","overlay-type":"","overlay-color":"","overlay-opacity":"","overlay-gradient":""},"mobile":{"background-color":"","background-image":"","background-repeat":"repeat","background-position":"center center","background-size":"auto","background-attachment":"scroll","background-type":"","background-media":"","overlay-type":"","overlay-color":"","overlay-opacity":"","overlay-gradient":""}},"ast-content-background-meta":{"desktop":{"background-color":"var(--ast-global-color-4)","background-image":"","background-repeat":"repeat","background-position":"center center","background-size":"auto","background-attachment":"scroll","background-type":"","background-media":"","overlay-type":"","overlay-color":"","overlay-opacity":"","overlay-gradient":""},"tablet":{"background-color":"var(--ast-global-color-4)","background-image":"","background-repeat":"repeat","background-position":"center center","background-size":"auto","background-attachment":"scroll","background-type":"","background-media":"","overlay-type":"","overlay-color":"","overlay-opacity":"","overlay-gradient":""},"mobile":{"background-color":"var(--ast-global-color-4)","background-image":"","background-repeat":"repeat","background-position":"center center","background-size":"auto","background-attachment":"scroll","background-type":"","background-media":"","overlay-type":"","overlay-color":"","overlay-opacity":"","overlay-gradient":""}},"_price":"","_stock":"","_tribe_ticket_header":"","_tribe_default_ticket_provider":"","_tribe_ticket_capacity":"0","_ticket_start_date":"","_ticket_end_date":"","_tribe_ticket_show_description":"","_tribe_ticket_show_not_going":false,"_tribe_ticket_use_global_stock":"","_tribe_ticket_global_stock_level":"","_global_stock_mode":"","_global_stock_cap":"","_tribe_rsvp_for_event":"","_tribe_ticket_going_count":"","_tribe_ticket_not_going_count":"","_tribe_tickets_list":"[]","_tribe_ticket_has_attendee_info_fields":false,"footnotes":"","_tec_slr_enabled":"","_tec_slr_layout":""},"class_list":["post-4075","page","type-page","status-publish","hentry"],"acf":[],"ticketed":false,"_links":{"self":[{"href":"https:\/\/www.greenparty.ca\/fr\/wp-json\/wp\/v2\/pages\/4075","targetHints":{"allow":["GET"]}}],"collection":[{"href":"https:\/\/www.greenparty.ca\/fr\/wp-json\/wp\/v2\/pages"}],"about":[{"href":"https:\/\/www.greenparty.ca\/fr\/wp-json\/wp\/v2\/types\/page"}],"author":[{"embeddable":true,"href":"https:\/\/www.greenparty.ca\/fr\/wp-json\/wp\/v2\/users\/63"}],"replies":[{"embeddable":true,"href":"https:\/\/www.greenparty.ca\/fr\/wp-json\/wp\/v2\/comments?post=4075"}],"version-history":[{"count":9,"href":"https:\/\/www.greenparty.ca\/fr\/wp-json\/wp\/v2\/pages\/4075\/revisions"}],"predecessor-version":[{"id":7467,"href":"https:\/\/www.greenparty.ca\/fr\/wp-json\/wp\/v2\/pages\/4075\/revisions\/7467"}],"wp:attachment":[{"href":"https:\/\/www.greenparty.ca\/fr\/wp-json\/wp\/v2\/media?parent=4075"}],"curies":[{"name":"wp","href":"https:\/\/api.w.org\/{rel}","templated":true}]}}