{"id":4045,"date":"2025-02-04T17:53:07","date_gmt":"2025-02-04T22:53:07","guid":{"rendered":"https:\/\/www.greenparty.ca\/reglements-des-jeunes-verts-du-canada"},"modified":"2025-02-10T09:52:32","modified_gmt":"2025-02-10T14:52:32","slug":"reglements-des-jeunes-verts-du-canada","status":"publish","type":"page","link":"https:\/\/www.greenparty.ca\/fr\/gouvernance\/conseil-jvc\/reglements-des-jeunes-verts-du-canada","title":{"rendered":"R\u00e8glements des Jeunes verts du Canada"},"content":{"rendered":"\n<p class=\"gpc-typography-caption gpc-font-weight-light\"><em>Adopt\u00e9s en 2018 par les membres des Jeunes verts du Canada et modifi\u00e9s en 2022 et en 2024.<\/em><\/p>\n\n<h2 class=\"wp-block-heading\">1. G\u00e9n\u00e9ral<\/h2>\n\n<p class=\"\"><\/p>\n\n<p class=\"\">1.1. Les Jeunes verts du Canada (\u00abJVC\u00bb) constituent une des entit\u00e9s du Parti central du Parti vert du Canada (le \u00abParti\u00bb), et sont tenus \u00e0 respecter la constitution et les r\u00e8glements du Parti.<\/p>\n\n<p class=\"\">1.2. Les Jeunes verts ont comme objectif de :<\/p>\n\n<p class=\"\">1.2.1. 1.2.1 Soutenir le Parti dans ses efforts pour \u00e9lire des candidat(e)s \u00e0 la Chambre des communes;<\/p>\n\n<p class=\"\">1.2.2. 1.2.2 Veiller \u00e0 ce que les jeunes aient voix au chapitre lors de la discussion et l\u2019\u00e9laboration des l\u00e9gislations au Parlement du Canada ;<\/p>\n\n<p class=\"\">1.2.3. 1.2.3 Veiller \u00e0 ce que les jeunes participent \u00e0 l\u2019\u00e9laboration des politiques, des positions et des programmes du Parti ;<\/p>\n\n<p class=\"\">1.2.4. 1.2.4 Faciliter la participation des jeunes canadien(ne)s et promouvoir des structures et une atmosph\u00e8re favorables aux jeunes au sein du JVC et du Parti de mani\u00e8re g\u00e9n\u00e9rale ;<\/p>\n\n<p class=\"\">1.2.5. 1.2.5. Veiller \u00e0 ce que les principes de la Charte des Verts mondiaux, qui constituent une r\u00e9f\u00e9rence pour les jeunes, soient prioritairement respect\u00e9s.<\/p>\n\n<p class=\"\">1.3. Tous les membres en r\u00e8gle du Parti, \u00e2g\u00e9s de 12 \u00e0 29 ans inclusivement, font partie des JVC. Seuls les membres des JCV \u00e2g\u00e9s de 14 \u00e0 29 ans inclusivement ont le droit de voter en tant que membres du JVC. <\/p>\n\n<p class=\"\">1.4. En tant qu\u2019entit\u00e9 du Parti central, l\u2019entit\u00e9 des JVC est responsable devant :<\/p>\n\n<p class=\"\">1.4.1.les membres des JVC lors d\u2019une Assembl\u00e9e g\u00e9n\u00e9rale ou lors des \u00e9lections du Conseil des JVC ;<\/p>\n\n<p class=\"\">1.4.2. le Conseil f\u00e9d\u00e9ral quand les membres des JVC ne sont pas dans l\u2019Assembl\u00e9e g\u00e9n\u00e9rale ou ne votent pas aux \u00e9lections du Conseil du JVC.<\/p>\n\n<p class=\"\">1.5 Le pr\u00e9sent r\u00e8glement peut \u00eatre modifi\u00e9 :<\/p>\n\n<p class=\"\">1.5.1 Par une motion adopt\u00e9e par un vote par bulletin secret envoy\u00e9 \u00e0 chaque membre des JVC o\u00f9 le vote est ouvert pendant au moins quatorze (14) jours, par un vote d\u2019approbation d\u2019au moins 60 %. Au moins vingt-cinq (25) membres repr\u00e9sentant au moins trois (3) r\u00e9gions telles que d\u00e9finies dans les R\u00e8glements du Parti doivent participer au vote.<\/p>\n\n<p class=\"\">1.5.2 Par une motion adopt\u00e9e lors d\u2019une assembl\u00e9e g\u00e9n\u00e9rale soit par consensus, soit par un vote d\u2019approbation de 60 % si le consensus est inatteignable.<\/p>\n\n<p class=\"\">1.5.2.1 Les motions visant \u00e0 modifier les r\u00e8glements adopt\u00e9es lors d&rsquo;une assembl\u00e9e g\u00e9n\u00e9rale ne deviendront effectives que si plus de 50 % des bulletins sont favorables lors d&rsquo;un vote de ratification envoy\u00e9 \u00e0 tous les membres des JVC, le vote \u00e9tant ouvert pendant au moins quatorze (14) jours.<\/p>\n\n<p class=\"\">1.5.2.2 Toute modification aux r\u00e8glements affectant la structure du Conseil des JVC ou les proc\u00e9dures d&rsquo;\u00e9lection du Conseil prendra effet lors des premi\u00e8res \u00e9lections au Conseil suivant l\u2019approbation compl\u00e8te de la modification.<\/p>\n\n<p class=\"\">1.6. Les JVC ne peuvent changer de nom ou \u00eatre dissous par le Conseil f\u00e9d\u00e9ral ou par une Assembl\u00e9e g\u00e9n\u00e9rale du Parti, tel qu\u2019il est d\u00e9crit dans la constitution ou les r\u00e8glements du Parti pour radier une entit\u00e9 du Parti central.<\/p>\n\n<h2 class=\"wp-block-heading\">2.Assembl\u00e9es g\u00e9n\u00e9rales des JVC<\/h2>\n\n<p class=\"\"><\/p>\n\n<p class=\"\">2.1. Les membres individuel.le.s des JVC ont le droit d\u2019assister et de voter aux assembl\u00e9es g\u00e9n\u00e9rales des JVC.<\/p>\n\n<p class=\"\">2.2. Le quorum d\u2019une assembl\u00e9e g\u00e9n\u00e9rale est de vingt-cinq (25) membres des JVC repr\u00e9sentant au moins trois (3) r\u00e9gions d\u00e9finies dans les r\u00e8glements du Parti.<\/p>\n\n<p class=\"\">2.3 Les assembl\u00e9es g\u00e9n\u00e9rales peuvent \u00eatre virtuelles ou en personne.<\/p>\n\n<p class=\"\">2.4. Les assembl\u00e9es g\u00e9n\u00e9rales peuvent \u00eatre convoqu\u00e9es par le Conseil.<\/p>\n\n<p class=\"\">2.5. Tou.te.s les membres des JVC doivent \u00eatre inform\u00e9.e.s de la date, de l\u2019heure et de l\u2019objet d\u2019une assembl\u00e9e g\u00e9n\u00e9rale au plus tard trente (30) jours avant sa tenue, et doivent \u00eatre inform\u00e9 du lieu et de l\u2019ordre du jour provisoire de l\u2019assembl\u00e9e au plus tard quatorze (14) jours avant sa tenue.<\/p>\n\n<h2 class=\"wp-block-heading\">3. Conseil du JVC<\/h2>\n\n<p class=\"\"><\/p>\n\n<p class=\"\">3.1. Le Conseil des Jeunes verts du Canada (\u00able Conseil\u00bb) est l\u2019organe directeur des JVC, charg\u00e9 :<\/p>\n\n<p class=\"\">3.1.1 De la mise en \u0153uvre globale des actions pr\u00e9vues par ces r\u00e8glements ou par d&rsquo;autres d\u00e9cisions des membres des JVC;<\/p>\n\n<p class=\"\">3.1.2 De la gestion des finances et de la pr\u00e9sentation des rapports financiers des JVC;<\/p>\n\n<p class=\"\">3.1.3 Du d\u00e9veloppement et de l&rsquo;approbation des r\u00e8gles, non incompatibles avec ces r\u00e8glements, qui r\u00e9gissent les JVC et le Conseil;<\/p>\n\n<p class=\"\">3.1.4 De la fourniture de conseils strat\u00e9giques au Parti.<\/p>\n\n<p class=\"\">3.2. Le Conseil est compos\u00e9 de :<\/p>\n\n<p class=\"\">3.2.1 Deux (2) copr\u00e9sident.e.s,<\/p>\n\n<p class=\"\">3.2.2 Trois (3) coordonnateurs de projet :<\/p>\n\n<ul class=\"wp-block-list\">\n<li class=\"\">Un (1) coordonnateur des finances,<\/li>\n\n\n\n<li class=\"\">Un (1) coordonnateur de l&rsquo;engagement,<\/li>\n\n\n\n<li class=\"\">Un (1) coordonnateur de la d\u00e9fense des int\u00e9r\u00eats, et<\/li>\n<\/ul>\n\n<p class=\"\">3.2.3 Six (6) repr\u00e9sentant.e.s de r\u00e9gions :<\/p>\n\n<ul class=\"wp-block-list\">\n<li class=\"\">Un.e (1) repr\u00e9sentant.e de la Colombie-Britannique,<\/li>\n\n\n\n<li class=\"\">Un.e (1) repr\u00e9sentant.e des Prairies,<\/li>\n\n\n\n<li class=\"\">Un.e (1) repr\u00e9sentant.e de l&rsquo;Ontario,<\/li>\n\n\n\n<li class=\"\">Un.e (1) repr\u00e9sentant.e du Qu\u00e9bec,<\/li>\n\n\n\n<li class=\"\">Un.e (1) repr\u00e9sentant.e de l&rsquo;Atlantique, et<\/li>\n\n\n\n<li class=\"\">Un.e (1) repr\u00e9sentant.e du Nord.<\/li>\n<\/ul>\n\n<p class=\"\">3.3. Un maximum d&rsquo;une (1) position de copr\u00e9sident.e peut \u00eatre occup\u00e9e par un homme cisgenre \u00e0 tout moment.<\/p>\n\n<p class=\"\">3.3.1 Nonobstant le point 3.3, s\u2019il n\u2019y a aucun membre qui n\u2019est pas un homme cisgenre qui peut et veut servir en tant que copr\u00e9sident.e, il sera permis que deux hommes cisgenres soient \u00e9lus ou nomm\u00e9s aux deux postes de copr\u00e9sident.<\/p>\n\n<p class=\"\">3.4. Les repr\u00e9sentant.e.s r\u00e9gionaux doivent r\u00e9sider principalement dans la r\u00e9gion qu&rsquo;ils repr\u00e9sentent.<\/p>\n\n<p class=\"\">3.5. Le Conseil, lors de la premi\u00e8re r\u00e9union suivant l&rsquo;\u00e9lection du Conseil ou selon les besoins, s\u00e9lectionnera deux membres du Conseil pour servir en tant que Repr\u00e9sentant.e.s jeunesse au Conseil f\u00e9d\u00e9ral.<\/p>\n\n<p class=\"\">3.5.1 Seuls les conseillers occupant l&rsquo;une des postes \u00e9num\u00e9r\u00e9s au r\u00e8glement 3.2 sont \u00e9ligibles pour \u00eatre s\u00e9lectionn\u00e9s comme repr\u00e9sentant.e jeunesse.<\/p>\n\n<p class=\"\">3.5.1.1 Nonobstant le point 3.5.1 s\u2019il n\u2019y a aucun conseiller occupant un poste mentionn\u00e9 au r\u00e8glement 3.2 qui peut et veut servir en tant que repr\u00e9sentant.e jeunesse, les membres g\u00e9n\u00e9raux du Conseil peuvent \u00eatre nomm\u00e9s.<\/p>\n\n<p class=\"\">3.5.2 Un maximum d&rsquo;une (1) position de repr\u00e9sentant.e jeunesse peut \u00eatre occup\u00e9e par un homme cisgenre \u00e0 tout moment.<\/p>\n\n<p class=\"\">3.5.2.1 Nonobstant le point 3.5.2 et suivant le point 3.5.1.1, s\u2019il n\u2019y a aucun membre qui n\u2019est pas un homme cisgenre qui peut et veut servir en tant que repr\u00e9sentant.e jeunesse, il sera permis que deux hommes cisgenres soient \u00e9lus ou nomm\u00e9s aux deux postes de repr\u00e9sentant jeunesse.<\/p>\n\n<p class=\"\">3.6. Le Conseil est autoris\u00e9 \u00e0 nommer des membres g\u00e9n\u00e9raux, de mani\u00e8re \u00e0 ce que le nombre total de membres du Conseil n&rsquo;exc\u00e8de pas quinze (15) membres.<\/p>\n\n<p class=\"\">3.6.1 Les membres g\u00e9n\u00e9raux sont des membres votants du Conseil.<\/p>\n\n<p class=\"\">3.6.2 Les membres g\u00e9n\u00e9raux sont nomm\u00e9s de mani\u00e8re int\u00e9rimaire et servent jusqu&rsquo;aux prochaines \u00e9lections r\u00e9guli\u00e8res du Conseil.<\/p>\n\n<p class=\"\">3.6.3 Dans la mesure du possible, le Conseil s&rsquo;efforcera de pourvoir les postes vacants mentionn\u00e9s au r\u00e8glement 3.2 avant de nommer des membres g\u00e9n\u00e9raux.<\/p>\n\n<p class=\"\">3.7. Le mandat d&rsquo;un conseiller \u00e9lu prend fin \u00e0 la conclusion de toute \u00e9lection appel\u00e9e pour son poste.<\/p>\n\n<p class=\"\">3.8. Les postes vacants au Conseil peuvent \u00eatre pourvus par une \u00e9lection partielle, ou le Conseil des JVC peut nommer des membres int\u00e9rimaires.<\/p>\n\n<p class=\"\">3.8.1 Les personnes \u00e9lues lors des \u00e9lections partielles servent pour le reste du mandat r\u00e9gulier de leur poste.<\/p>\n\n<p class=\"\">3.8.2 Les personnes nomm\u00e9es de mani\u00e8re int\u00e9rimaire servent jusqu&rsquo;aux prochaines \u00e9lections r\u00e9guli\u00e8res du Conseil, apr\u00e8s quoi le poste est mis en \u00e9lection partielle.<\/p>\n\n<p class=\"\">3.9. Les membres du Conseil ne peuvent servir qu&rsquo;un total de trois (3) mandats dans le m\u00eame poste du conseil.<\/p>\n\n<p class=\"\">3.10 Un.e membre du Conseil qui est absent.e de trois (3) r\u00e9unions cons\u00e9cutives ou votes du Conseil sans cause apparente sera retir\u00e9 du Conseil. Si le membre fournit une documentation \u00e9crite satisfaisante expliquant les absences et est permis de se r\u00e9int\u00e9grer par un vote majoritaire des membres restants du Conseil dans le mois suivant leur retrait, il peut \u00eatre r\u00e9int\u00e9gr\u00e9. <\/p>\n\n<p class=\"\">3.11 Les membres du Conseil peuvent \u00eatre r\u00e9voqu\u00e9s pour un motif valable, par un vote \u00e0 la majorit\u00e9 de 75 % du Conseil lors d\u2019une r\u00e9union convoqu\u00e9e \u00e0 cette fin.<\/p>\n\n<p class=\"\">3.11.1 Aux fins du pr\u00e9sent article, la cause est d\u00e9finie comme tout comportement qui contrevient aux normes \u00e9nonc\u00e9es dans le Code de conduite des membres du PVC, la Constitution et les r\u00e8glements du PVC, les r\u00e8glements des JVC, ou d&rsquo;autres r\u00e8gles approuv\u00e9es par le Conseil des JVC.<\/p>\n\n<p class=\"\">3.11.1 Aux fins du pr\u00e9sent article, la cause est d\u00e9finie comme tout comportement qui contrevient aux normes \u00e9nonc\u00e9es dans le Code de conduite des membres du PVC, la Constitution et les r\u00e8glements du PVC, les r\u00e8glements des JVC, ou d&rsquo;autres r\u00e8gles approuv\u00e9es par le Conseil des JVC.<\/p>\n\n<p class=\"\">3.11.3 Un membre du Conseil faisant l\u2019objet d\u2019une motion de destitution est autoris\u00e9 \u00e0 pr\u00e9senter sa position et\/ou sa d\u00e9fense lors de la r\u00e9union o\u00f9 la motion de destitution est discut\u00e9e. Apr\u00e8s leur pr\u00e9sentation, le membre du Conseil se retirera de la r\u00e9union. <\/p>\n\n<p class=\"\">3.11.4 Les motions de destitution doivent \u00eatre vot\u00e9es par scrutin secret.<\/p>\n\n<p class=\"\">3.11.5 Si une motion de destitution est accept\u00e9e, les membres restants du Conseil peuvent \u00e9galement soumettre une demande de r\u00e9vision de l\u2019adh\u00e9sion au Parti du membre du Conseil r\u00e9voqu\u00e9 au Comit\u00e9 de conduite.<\/p>\n\n<p class=\"\">3.12 Si un membre du Conseil cesse d&rsquo;\u00eatre membre des JVC, il cesse d&rsquo;\u00eatre membre du Conseil des JVC.<\/p>\n\n<p class=\"\">3.13 Le Conseil sera responsable de d\u00e9velopper et de g\u00e9rer le budget des JVC sur une base annuelle et conseillera le Parti sur les questions budg\u00e9taires relatives aux JVC.<\/p>\n\n<p class=\"\">3.14 Le Conseil peut cr\u00e9er des comit\u00e9s en fonction des besoins. Le mandat de ces comit\u00e9s sera d\u00e9termin\u00e9 par le Conseil et tout comit\u00e9 de ce genre rel\u00e8ve du Conseil. <\/p>\n\n<p class=\"\">3.15 Le Conseil, \u00e0 sa premi\u00e8re r\u00e9union suivant son \u00e9lection ou au besoin, recommandera des membres des JVC :<\/p>\n\n<p class=\"\">3.15.1 au Chef du parti pour servir en tant que porte-parole des Jeunes ou dans d\u2019autres positions au sein du Cabinet fant\u00f4me, et<\/p>\n\n<p class=\"\">3.15.2 au Conseil f\u00e9d\u00e9ral pour servir en tant que membres des comit\u00e9s du Parti, des groupes de travail ou d\u2019autres organes de gouvernance selon les besoins.<\/p>\n\n<h2 class=\"wp-block-heading\">4. \u00c9lection des membres du Conseil<\/h2>\n\n<p class=\"\"><\/p>\n\n<p class=\"\">4.1. Les \u00e9lections r\u00e9guli\u00e8res au conseil des JVC se tiendront annuellement.<\/p>\n\n<p class=\"\">4.1.1 Les ann\u00e9es impaires, les positions suivantes seront \u00e9lues :<\/p>\n\n<ul class=\"wp-block-list\">\n<li class=\"\">Un.e copr\u00e9sident.e<\/li>\n\n\n\n<li class=\"\">Coordonnateur des finances<\/li>\n\n\n\n<li class=\"\">Repr\u00e9sentant.e de la C.-B.<\/li>\n\n\n\n<li class=\"\">Repr\u00e9sentant.e du Qu\u00e9bec<\/li>\n\n\n\n<li class=\"\">Repr\u00e9sentant.e de l&rsquo;Atlantique.<\/li>\n<\/ul>\n\n<p class=\"\">4.1.2 Les ann\u00e9es paires, les positions suivantes seront \u00e9lues :<\/p>\n\n<ul class=\"wp-block-list\">\n<li class=\"\">Un.e copr\u00e9sident.e<\/li>\n\n\n\n<li class=\"\">Coordonnateur de l&rsquo;engagement<\/li>\n\n\n\n<li class=\"\">Coordonnateur de la d\u00e9fense des int\u00e9r\u00eats<\/li>\n\n\n\n<li class=\"\">Repr\u00e9sentant.e des Prairies<\/li>\n\n\n\n<li class=\"\">Repr\u00e9sentant.e de l&rsquo;Ontario<\/li>\n\n\n\n<li class=\"\">Repr\u00e9sentant.e du Nord.<\/li>\n<\/ul>\n\n<p class=\"\">4.2. Les candidat.e.s aux postes de repr\u00e9sentant.e de r\u00e9gion n\u00e9cessitent au moins deux (2) nominations de membres des JVC r\u00e9sidant dans la r\u00e9gion qu&rsquo;ils cherchent \u00e0 repr\u00e9senter.<\/p>\n\n<p class=\"\">4.3. Les candidats aux postes de coordonnateur des finances, coordonnateur de l&rsquo;engagement ou coordonnateur de la d\u00e9fense des int\u00e9r\u00eats n\u00e9cessitent au moins cinq (5) nominations de membres des JVC.<\/p>\n\n<p class=\"\">4.4. Les candidats aux postes de copr\u00e9sident.e n\u00e9cessitent au moins huit (8) nominations de membres des JVC r\u00e9sidant dans au moins deux (2) r\u00e9gions.<\/p>\n\n<p class=\"\">4.5. Les nominations pour les \u00e9lections du conseil des JVC doivent \u00eatre ouvertes pendant au moins quatorze (14) jours et le vote doit \u00eatre ouvert pendant au moins sept (7) jours.<\/p>\n\n<p class=\"\">4.6. Les membres des JVC doivent recevoir un avis des \u00e9lections au plus tard lors de l&rsquo;ouverture des nominations pour toute \u00e9lection en cours, qui inclura :<\/p>\n\n<p class=\"\">4.6.1 Une liste des postes mis en \u00e9lection, y compris les proc\u00e9dures de nomination pour chaque poste;<\/p>\n\n<p class=\"\">4.6.2 Le calendrier des \u00e9lections; et<\/p>\n\n<p class=\"\">4.6.3 Les instructions pour acc\u00e9der aux r\u00e8gles des \u00e9lections.<\/p>\n\n<p class=\"\">4.7. Le vote pour le Conseil inclura l\u2019option \u201cAucun(e) des candidat(e)s ci-dessus\u201d et sera par scrutin \u00e0 vote unique transf\u00e9rable.<\/p>\n\n<h2 class=\"wp-block-heading\">5. R\u00e9unions du Conseil<\/h2>\n\n<p class=\"\"><\/p>\n\n<p class=\"\">5.1. Le Conseil tient des r\u00e9unions au moins six (6) fois par ann\u00e9e.<\/p>\n\n<p class=\"\">5.2 Le quorum aux r\u00e9unions du Conseil sera la majorit\u00e9 des membres en fonction votants.<\/p>\n\n<p class=\"\">5.3 Le Conseil peut se r\u00e9unir par voie \u00e9lectronique.<\/p>\n\n<p class=\"\">5.4 Toutes les d\u00e9cisions du Conseil doivent \u00eatre prises par consensus ou, si un consensus ne peut \u00eatre atteint parmi les personnes pr\u00e9sentes, \u00e0 la majorit\u00e9 des voix des personnes pr\u00e9sentes et votantes, sauf stipulation expresse contraire dans le pr\u00e9sent R\u00e8glement.<\/p>\n\n<p class=\"\">5.5 Les r\u00e9unions du Conseil sont fix\u00e9es par le Conseil, et peuvent \u00eatre convoqu\u00e9es par le pr\u00e9sident ou par tout groupe de conseillers constituant le tiers des membres du Conseil. L\u2019avis de la r\u00e9union doit \u00eatre donn\u00e9 au moins deux (2) semaines avant la date de la r\u00e9union \u00e0 tous les membres du Conseil. <\/p>\n\n<p class=\"\">5.6 Le Conseil peut prendre des d\u00e9cisions entre les r\u00e9unions r\u00e9guli\u00e8res par courriel et par d\u2019autres moyens \u00e9lectroniques, et le r\u00e9sultat de ces votes doit \u00eatre ratifi\u00e9 et lu dans le proc\u00e8s-verbal lors de la r\u00e9union suivante.<\/p>\n\n<p class=\"\">5.7 Tous les membres du Conseil peuvent voter aux r\u00e9unions du Conseil. Le (la) repr\u00e9sentant(e) du Parti est pr\u00e9sent(e) \u00e0 toutes les r\u00e9unions, autant que possible, mais ne doit pas avoir le droit de vote. <\/p>\n\n<p class=\"\">5.8 Le Conseil peut adopter des r\u00e8gles de proc\u00e9dure, compatibles avec les pr\u00e9sents r\u00e8glements, pour la conduite de ses r\u00e9unions.<\/p>\n\n<h2 class=\"wp-block-heading\">6. Clubs de campus<\/h2>\n\n<p class=\"\"><\/p>\n\n<p class=\"\">6.1. Le JVC encouragera la mise sur pied, la reconnaissance et le soutien des clubs de campus JVC (\u00abclubs de campus\u00bb).<\/p>\n\n<p class=\"\">6.2. Pour \u00eatre reconnu par les JVC, les clubs de campus doivent r\u00e9pondre aux crit\u00e8res suivants :<\/p>\n\n<p class=\"\">6.2.1. Respecter l\u2019objectif des Jeunes verts du Canada ;<\/p>\n\n<p class=\"\">6.2.2. Respecter les r\u00e8glements du syndicat \u00e9tudiant concern\u00e9 (le cas \u00e9ch\u00e9ant)\u2009;<\/p>\n\n<p class=\"\">6.2.3. Avoir eu leur constitution approuv\u00e9e par le Conseil\u2009;<\/p>\n\n<p class=\"\">6.2.4. Avoir signal\u00e9 au moins le nom de son\/ses pr\u00e9sident (es) et ses coordonn\u00e9es au Parti chaque semestre; et<\/p>\n\n<p class=\"\">6.2.5. Les dirigeants des clubs de campus doivent \u00eatre membres du Parti, le cas \u00e9ch\u00e9ant.<br\/><\/p>\n","protected":false},"excerpt":{"rendered":"<p>Adopt\u00e9s en 2018 par les membres des Jeunes verts du Canada et modifi\u00e9s en 2022 et en 2024. 1. G\u00e9n\u00e9ral 1.1. Les Jeunes verts du Canada (\u00abJVC\u00bb) constituent une des [&hellip;]<\/p>\n","protected":false},"author":63,"featured_media":0,"parent":5626,"menu_order":0,"comment_status":"closed","ping_status":"closed","template":"","meta":{"_acf_changed":false,"inline_featured_image":false,"site-sidebar-layout":"default","site-content-layout":"","ast-site-content-layout":"default","site-content-style":"default","site-sidebar-style":"default","ast-global-header-display":"","ast-banner-title-visibility":"","ast-main-header-display":"","ast-hfb-above-header-display":"","ast-hfb-below-header-display":"","ast-hfb-mobile-header-display":"","site-post-title":"","ast-breadcrumbs-content":"","ast-featured-img":"","footer-sml-layout":"","ast-disable-related-posts":"","theme-transparent-header-meta":"","adv-header-id-meta":"","stick-header-meta":"","header-above-stick-meta":"","header-main-stick-meta":"","header-below-stick-meta":"","astra-migrate-meta-layouts":"default","ast-page-background-enabled":"default","ast-page-background-meta":{"desktop":{"background-color":"var(--ast-global-color-5)","background-image":"","background-repeat":"repeat","background-position":"center center","background-size":"auto","background-attachment":"scroll","background-type":"","background-media":"","overlay-type":"","overlay-color":"","overlay-opacity":"","overlay-gradient":""},"tablet":{"background-color":"","background-image":"","background-repeat":"repeat","background-position":"center center","background-size":"auto","background-attachment":"scroll","background-type":"","background-media":"","overlay-type":"","overlay-color":"","overlay-opacity":"","overlay-gradient":""},"mobile":{"background-color":"","background-image":"","background-repeat":"repeat","background-position":"center center","background-size":"auto","background-attachment":"scroll","background-type":"","background-media":"","overlay-type":"","overlay-color":"","overlay-opacity":"","overlay-gradient":""}},"ast-content-background-meta":{"desktop":{"background-color":"var(--ast-global-color-4)","background-image":"","background-repeat":"repeat","background-position":"center center","background-size":"auto","background-attachment":"scroll","background-type":"","background-media":"","overlay-type":"","overlay-color":"","overlay-opacity":"","overlay-gradient":""},"tablet":{"background-color":"var(--ast-global-color-4)","background-image":"","background-repeat":"repeat","background-position":"center center","background-size":"auto","background-attachment":"scroll","background-type":"","background-media":"","overlay-type":"","overlay-color":"","overlay-opacity":"","overlay-gradient":""},"mobile":{"background-color":"var(--ast-global-color-4)","background-image":"","background-repeat":"repeat","background-position":"center center","background-size":"auto","background-attachment":"scroll","background-type":"","background-media":"","overlay-type":"","overlay-color":"","overlay-opacity":"","overlay-gradient":""}},"_price":"","_stock":"","_tribe_ticket_header":"","_tribe_default_ticket_provider":"","_tribe_ticket_capacity":"0","_ticket_start_date":"","_ticket_end_date":"","_tribe_ticket_show_description":"","_tribe_ticket_show_not_going":false,"_tribe_ticket_use_global_stock":"","_tribe_ticket_global_stock_level":"","_global_stock_mode":"","_global_stock_cap":"","_tribe_rsvp_for_event":"","_tribe_ticket_going_count":"","_tribe_ticket_not_going_count":"","_tribe_tickets_list":"[]","_tribe_ticket_has_attendee_info_fields":false,"footnotes":"","_tec_slr_enabled":"","_tec_slr_layout":""},"class_list":["post-4045","page","type-page","status-publish","hentry"],"acf":[],"ticketed":false,"_links":{"self":[{"href":"https:\/\/www.greenparty.ca\/fr\/wp-json\/wp\/v2\/pages\/4045","targetHints":{"allow":["GET"]}}],"collection":[{"href":"https:\/\/www.greenparty.ca\/fr\/wp-json\/wp\/v2\/pages"}],"about":[{"href":"https:\/\/www.greenparty.ca\/fr\/wp-json\/wp\/v2\/types\/page"}],"author":[{"embeddable":true,"href":"https:\/\/www.greenparty.ca\/fr\/wp-json\/wp\/v2\/users\/63"}],"replies":[{"embeddable":true,"href":"https:\/\/www.greenparty.ca\/fr\/wp-json\/wp\/v2\/comments?post=4045"}],"version-history":[{"count":7,"href":"https:\/\/www.greenparty.ca\/fr\/wp-json\/wp\/v2\/pages\/4045\/revisions"}],"predecessor-version":[{"id":5114,"href":"https:\/\/www.greenparty.ca\/fr\/wp-json\/wp\/v2\/pages\/4045\/revisions\/5114"}],"up":[{"embeddable":true,"href":"https:\/\/www.greenparty.ca\/fr\/wp-json\/wp\/v2\/pages\/5626"}],"wp:attachment":[{"href":"https:\/\/www.greenparty.ca\/fr\/wp-json\/wp\/v2\/media?parent=4045"}],"curies":[{"name":"wp","href":"https:\/\/api.w.org\/{rel}","templated":true}]}}