{"id":2808,"date":"2025-01-30T01:36:42","date_gmt":"2025-01-30T06:36:42","guid":{"rendered":"https:\/\/www.greenparty.ca\/faites-du-benevolat-avec-nous"},"modified":"2025-04-05T13:45:40","modified_gmt":"2025-04-05T17:45:40","slug":"benevolat","status":"publish","type":"page","link":"https:\/\/www.greenparty.ca\/fr\/benevolat","title":{"rendered":"B\u00e9n\u00e9volat"},"content":{"rendered":"\n<p class=\"gpc-typography-secondary-medium\"><span class=\"has-gpc-alternate-font-family\">Les b\u00e9n\u00e9voles sont le c\u0153ur du Parti vert du Canada. Partout au pays, ils travaillent sans rel\u00e2che dans leurs communaut\u00e9s, mobilisant la base et b\u00e2tissant des organisations locales solides.<\/span><\/p>\n\n<p class=\"\">Nous avons besoin de votre aide pour que notre mouvement continue de cro\u00eetre. En faisant du b\u00e9n\u00e9volat, vous vous joignez \u00e0 une communaut\u00e9 de personnes passionn\u00e9es qui s&rsquo;engagent \u00e0 lutter pour un avenir durable. Qu&rsquo;il s&rsquo;agisse de participer \u00e0 des campagnes locales, d&rsquo;aller \u00e0 la rencontre des \u00e9lecteurs ou d&rsquo;apporter vos comp\u00e9tences uniques \u00e0 des initiatives nationales, il y a une place pour vous dans notre \u00e9quipe.<\/p>\n\n<h2 class=\"wp-block-heading gpc-typography-secondary-medium gpc-bottom-gutter-sm\">Pourquoi devenir b\u00e9n\u00e9vole au sein du Parti vert?<\/h2>\n\n<ul class=\"wp-block-list\">\n<li class=\"\"><strong>Faire la diff\u00e9rence :<\/strong> Vos efforts contribueront directement \u00e0 faire progresser les politiques qui prot\u00e8gent l&rsquo;environnement, s&rsquo;attaquent aux in\u00e9galit\u00e9s et cr\u00e9ent une soci\u00e9t\u00e9 juste.<\/li>\n\n\n\n<li class=\"\"><strong>Renforcer votre communaut\u00e9 :<\/strong> Aidez-nous \u00e0 entrer en contact avec les \u00e9lecteurs, \u00e0 organiser des \u00e9v\u00e9nements et \u00e0 plaider en faveur d&rsquo;un changement significatif dans vos communaut\u00e9s.<\/li>\n\n\n\n<li class=\"\"><strong>Acqu\u00e9rir une exp\u00e9rience pr\u00e9cieuse :<\/strong> D\u00e9veloppez vos comp\u00e9tences en mati\u00e8re d&rsquo;organisation, de communication et de plaidoyer tout en travaillant avec des personnes passionn\u00e9es qui partagent vos valeurs.<\/li>\n\n\n\n<li class=\"\"><strong>Faire partie de quelque chose de plus grand :<\/strong> Joignez-vous \u00e0 un mouvement avec des gens qui partagent les m\u00eames id\u00e9es et qui s&rsquo;engagent \u00e0 b\u00e2tir un avenir meilleur.<\/li>\n<\/ul>\n\n<h2 class=\"wp-block-heading gpc-typography-secondary-medium gpc-bottom-gutter-sm\">Faites le premier pas<\/h2>\n\n<p class=\"\">S&rsquo;impliquer est facile. Remplissez ce formulaire et faites-nous savoir comment vous souhaitez contribuer. Que vous puissiez consacrer une heure par semaine ou quelques jours par mois, votre temps fait la diff\u00e9rence.<\/p>\n\n<p class=\"gpc-bottom-gutter-md\">Rejoignez-nous pour construire un Canada qui donne la priorit\u00e9 aux gens, \u00e0 la plan\u00e8te et \u00e0 un avenir prosp\u00e8re pour tous. Ensemble, \u00e9crivons l&rsquo;histoire.<\/p>\n<form class=\"af-form acf-form\" method=\"POST\" action=\"https:\/\/www.greenparty.ca\/fr\/wp-json\/wp\/v2\/pages\/2808\" id=\"form_679ac2c136812\" data-key=\"form_679ac2c136812\"><div class=\"af-fields acf-fields acf-form-fields -top\">\t<div id=\"acf-form-data\" class=\"acf-hidden\">\n\t\t<input type=\"hidden\" id=\"_acf_screen\" name=\"_acf_screen\" value=\"acf_form\"\/><input type=\"hidden\" id=\"_acf_post_id\" name=\"_acf_post_id\" value=\"0\"\/><input type=\"hidden\" id=\"_acf_validation\" name=\"_acf_validation\" value=\"1\"\/><input type=\"hidden\" id=\"_acf_form\" name=\"_acf_form\" value=\"0\"\/><input type=\"hidden\" id=\"_acf_nonce\" name=\"_acf_nonce\" value=\"39f60f8b76\"\/><input type=\"hidden\" id=\"_acf_changed\" name=\"_acf_changed\" value=\"0\"\/>\t<\/div>\n\t<div class=\"acf-hidden\"><input type=\"hidden\" name=\"_acfnonce\" value=\"2585772d78\"><input type=\"hidden\" name=\"nonce\" value=\"2585772d78\"><input type=\"hidden\" name=\"af_form\" value=\"form_679ac2c136812\"><input type=\"hidden\" name=\"af_form_args\" value=\"eyJhamF4IjpmYWxzZSwiZGlzcGxheV90aXRsZSI6ZmFsc2UsImRpc3BsYXlfZGVzY3JpcHRpb24iOmZhbHNlLCJpZCI6ImZvcm1fNjc5YWMyYzEzNjgxMiIsInZhbHVlcyI6W10sInN1Ym1pdF90ZXh0IjoiTSdpbnNjcmlyZSIsInJlZGlyZWN0IjpudWxsLCJ0YXJnZXQiOiJodHRwczpcL1wvd3d3LmdyZWVucGFydHkuY2FcL2ZyXC93cC1qc29uXC93cFwvdjJcL3BhZ2VzXC8yODA4IiwiZWNobyI6dHJ1ZSwiZXhjbHVkZV9maWVsZHMiOltdLCJ1cGxvYWRlciI6IndwIiwiZmlsdGVyX21vZGUiOmZhbHNlLCJsYWJlbF9wbGFjZW1lbnQiOiJ0b3AiLCJpbnN0cnVjdGlvbl9wbGFjZW1lbnQiOiJsYWJlbCIsImhvbmV5cG90Ijp0cnVlfQ==\"><input type=\"hidden\" name=\"_acf_form\" value=\"eyJhamF4IjpmYWxzZSwiZGlzcGxheV90aXRsZSI6ZmFsc2UsImRpc3BsYXlfZGVzY3JpcHRpb24iOmZhbHNlLCJpZCI6ImZvcm1fNjc5YWMyYzEzNjgxMiIsInZhbHVlcyI6W10sInN1Ym1pdF90ZXh0IjoiTSdpbnNjcmlyZSIsInJlZGlyZWN0IjpudWxsLCJ0YXJnZXQiOiJodHRwczpcL1wvd3d3LmdyZWVucGFydHkuY2FcL2ZyXC93cC1qc29uXC93cFwvdjJcL3BhZ2VzXC8yODA4IiwiZWNobyI6dHJ1ZSwiZXhjbHVkZV9maWVsZHMiOltdLCJ1cGxvYWRlciI6IndwIiwiZmlsdGVyX21vZGUiOmZhbHNlLCJsYWJlbF9wbGFjZW1lbnQiOiJ0b3AiLCJpbnN0cnVjdGlvbl9wbGFjZW1lbnQiOiJsYWJlbCIsImhvbmV5cG90Ijp0cnVlfQ==\"><input type=\"hidden\" name=\"af_form_nonce\" value=\"15056af0fd\"><label for=\"af_email_for_non_humans_form_679ac2c136812\" aria-hidden=\"true\">Email for non-humans<\/label><input type=\"text\" name=\"email_for_non_humans\" id=\"af_email_for_non_humans_form_679ac2c136812\" tabindex=\"-1\" autocomplete=\"off\" \/><input type=\"hidden\" name=\"af_origin_url\" value=\"https:\/\/www.greenparty.ca\/fr\/wp-json\/wp\/v2\/pages\/2808\" \/><input type=\"hiddden\" name=\"language\" value=\"fr\"><\/div><div class=\"af-field af-field-type-text af-field-first-name acf-field acf-field-text acf-field-679ac2311dde9\" data-width=\"50\" style=\"width: 50%;\" data-name=\"first_name\" data-key=\"field_679ac2311dde9\" data-type=\"text\"><div class=\"af-label acf-label\"><label for=\"acf-field_679ac2311dde9\">Pr\u00e9nom<\/label><\/div><div class=\"af-input acf-input\"><div class=\"acf-input-wrap\"><input type=\"text\" id=\"acf-field_679ac2311dde9\" name=\"acf[field_679ac2311dde9]\"\/><\/div><\/div><\/div><div class=\"af-field af-field-type-text af-field-last-name acf-field acf-field-text acf-field-679ac2411ddea\" data-width=\"50\" style=\"width: 50%;\" data-name=\"last_name\" data-key=\"field_679ac2411ddea\" data-type=\"text\"><div class=\"af-label acf-label\"><label for=\"acf-field_679ac2411ddea\">Nom<\/label><\/div><div class=\"af-input acf-input\"><div class=\"acf-input-wrap\"><input type=\"text\" id=\"acf-field_679ac2411ddea\" name=\"acf[field_679ac2411ddea]\"\/><\/div><\/div><\/div><div class=\"af-field af-field-type-text af-field-postal-code acf-field acf-field-text acf-field-679ac2471ddeb\" data-width=\"50\" style=\"width: 50%;\" data-name=\"postal_code\" data-key=\"field_679ac2471ddeb\" data-type=\"text\"><div class=\"af-label acf-label\"><label for=\"acf-field_679ac2471ddeb\">Code postal<\/label><\/div><div class=\"af-input acf-input\"><div class=\"acf-input-wrap\"><input type=\"text\" id=\"acf-field_679ac2471ddeb\" name=\"acf[field_679ac2471ddeb]\"\/><\/div><\/div><\/div><div class=\"af-field af-field-type-text af-field-phone-number acf-field acf-field-text acf-field-679ac2551ddec\" data-width=\"50\" style=\"width: 50%;\" data-name=\"phone_number\" data-key=\"field_679ac2551ddec\" data-type=\"text\"><div class=\"af-label acf-label\"><label for=\"acf-field_679ac2551ddec\">T\u00e9l\u00e9phone<\/label><\/div><div class=\"af-input acf-input\"><div class=\"acf-input-wrap\"><input type=\"text\" id=\"acf-field_679ac2551ddec\" name=\"acf[field_679ac2551ddec]\"\/><\/div><\/div><\/div><div class=\"af-field af-field-type-email af-field-email acf-field acf-field-email acf-field-679ac27d1dded\" data-name=\"email\" data-key=\"field_679ac27d1dded\" data-type=\"email\"><div class=\"af-label acf-label\"><label for=\"acf-field_679ac27d1dded\">Courriel <\/label><\/div><div class=\"af-input acf-input\"><div class=\"acf-input-wrap\"><input type=\"email\" id=\"acf-field_679ac27d1dded\" name=\"acf[field_679ac27d1dded]\"\/><\/div><\/div><\/div><div class=\"af-field af-field-type-textarea af-field-how-you-can-help acf-field acf-field-textarea acf-field-679ac2841ddee\" data-name=\"how_you_can_help\" data-key=\"field_679ac2841ddee\" data-type=\"textarea\"><div class=\"af-label acf-label\"><label for=\"acf-field_679ac2841ddee\">Parlez-nous de vous et dites-nous comment vous pouvez aider<\/label><\/div><div class=\"af-input acf-input\"><textarea id=\"acf-field_679ac2841ddee\" name=\"acf[field_679ac2841ddee]\" rows=\"8\"><\/textarea><\/div><\/div><div class=\"af-submit acf-form-submit\"><button type=\"submit\" class=\"acf-button af-submit-button\">M&rsquo;inscrire<\/button><span class=\"acf-spinner af-spinner\"><\/span><\/div><\/div><\/form>\n<div style=\"--gpc-min-height:auto;--gpc-max-height:100%\" class=\"wp-block-gpc-wrapper wrapper wrapper-full a-padding-t-large a-padding-b-large a-vertical-align-center\"><div class=\"inner-wrapper\">\n<div class=\"wp-block-gpc-grid grid grid-1 row-gap-0 column-gap-0 a-vertical-align-center no-reorder-tablet reorder-mobile stack-tablet  stack-mobile grid-2-2\">\n<div style=\"--gpc-max-width:100%\" class=\"wp-block-gpc-column  inner_col align-left inline-form\">\n<div style=\"--box-padding-y:4.6875rem;--box-padding-x:4.6875rem;--box-max-width:60%;--box-min-height:350px;border-radius:25px\" class=\"wp-block-gpc-ctabox  gpc-cta-box box-no-img has-gpc-color-misc-2-background-color has-background\"><div class=\"box-wrapper\"><div class=\"box-content\">\n<h2 class=\"wp-block-heading gpc-typography-secondary-xlarge gpc-font-weight-semibold gpc-bottom-gutter-none\"><span class=\"gpc-text-color-dark\">Bo\u00eete \u00e0 outils<\/span><\/h2>\n\n\n\n<p class=\"gpc-top-gutter-xs\">Voulez-vous en savoir plus sur la cr\u00e9ation d&rsquo;une association de circonscription (ACE) ou sur la pr\u00e9paration d&rsquo;une campagne \u00e9lectorale?<\/p>\n\n\n\n<div class=\"wp-block-buttons is-layout-flex wp-block-buttons-is-layout-flex\">\n<div class=\"wp-block-button\"><a class=\"wp-block-button__link wp-element-button\" href=\"https:\/\/sites.google.com\/greenparty.ca\/boite-outils-organisation\/accueil?authuser=0\">Bo\u00eete \u00e0 outils<\/a><\/div>\n<\/div>\n<\/div><\/div><\/div>\n<\/div>\n<\/div>\n<\/div><\/div>\n","protected":false},"excerpt":{"rendered":"<p>Les b\u00e9n\u00e9voles sont le c\u0153ur du Parti vert du Canada. Partout au pays, ils travaillent sans rel\u00e2che dans leurs communaut\u00e9s, mobilisant la base et b\u00e2tissant des organisations locales solides. Nous [&hellip;]<\/p>\n","protected":false},"author":1,"featured_media":0,"parent":0,"menu_order":0,"comment_status":"closed","ping_status":"closed","template":"page-templates\/large-heading.php","meta":{"_acf_changed":false,"inline_featured_image":false,"site-sidebar-layout":"default","site-content-layout":"","ast-site-content-layout":"","site-content-style":"default","site-sidebar-style":"default","ast-global-header-display":"","ast-banner-title-visibility":"","ast-main-header-display":"","ast-hfb-above-header-display":"","ast-hfb-below-header-display":"","ast-hfb-mobile-header-display":"","site-post-title":"","ast-breadcrumbs-content":"","ast-featured-img":"","footer-sml-layout":"","ast-disable-related-posts":"","theme-transparent-header-meta":"","adv-header-id-meta":"","stick-header-meta":"","header-above-stick-meta":"","header-main-stick-meta":"","header-below-stick-meta":"","astra-migrate-meta-layouts":"default","ast-page-background-enabled":"default","ast-page-background-meta":{"desktop":{"background-color":"var(--ast-global-color-5)","background-image":"","background-repeat":"repeat","background-position":"center center","background-size":"auto","background-attachment":"scroll","background-type":"","background-media":"","overlay-type":"","overlay-color":"","overlay-opacity":"","overlay-gradient":""},"tablet":{"background-color":"","background-image":"","background-repeat":"repeat","background-position":"center center","background-size":"auto","background-attachment":"scroll","background-type":"","background-media":"","overlay-type":"","overlay-color":"","overlay-opacity":"","overlay-gradient":""},"mobile":{"background-color":"","background-image":"","background-repeat":"repeat","background-position":"center center","background-size":"auto","background-attachment":"scroll","background-type":"","background-media":"","overlay-type":"","overlay-color":"","overlay-opacity":"","overlay-gradient":""}},"ast-content-background-meta":{"desktop":{"background-color":"var(--ast-global-color-4)","background-image":"","background-repeat":"repeat","background-position":"center center","background-size":"auto","background-attachment":"scroll","background-type":"","background-media":"","overlay-type":"","overlay-color":"","overlay-opacity":"","overlay-gradient":""},"tablet":{"background-color":"var(--ast-global-color-4)","background-image":"","background-repeat":"repeat","background-position":"center center","background-size":"auto","background-attachment":"scroll","background-type":"","background-media":"","overlay-type":"","overlay-color":"","overlay-opacity":"","overlay-gradient":""},"mobile":{"background-color":"var(--ast-global-color-4)","background-image":"","background-repeat":"repeat","background-position":"center center","background-size":"auto","background-attachment":"scroll","background-type":"","background-media":"","overlay-type":"","overlay-color":"","overlay-opacity":"","overlay-gradient":""}},"_price":"","_stock":"","_tribe_ticket_header":"","_tribe_default_ticket_provider":"","_tribe_ticket_capacity":"0","_ticket_start_date":"","_ticket_end_date":"","_tribe_ticket_show_description":"","_tribe_ticket_show_not_going":false,"_tribe_ticket_use_global_stock":"","_tribe_ticket_global_stock_level":"","_global_stock_mode":"","_global_stock_cap":"","_tribe_rsvp_for_event":"","_tribe_ticket_going_count":"","_tribe_ticket_not_going_count":"","_tribe_tickets_list":"[]","_tribe_ticket_has_attendee_info_fields":false,"footnotes":"","_tec_slr_enabled":"","_tec_slr_layout":""},"class_list":["post-2808","page","type-page","status-publish","hentry"],"acf":[],"ticketed":false,"_links":{"self":[{"href":"https:\/\/www.greenparty.ca\/fr\/wp-json\/wp\/v2\/pages\/2808","targetHints":{"allow":["GET"]}}],"collection":[{"href":"https:\/\/www.greenparty.ca\/fr\/wp-json\/wp\/v2\/pages"}],"about":[{"href":"https:\/\/www.greenparty.ca\/fr\/wp-json\/wp\/v2\/types\/page"}],"author":[{"embeddable":true,"href":"https:\/\/www.greenparty.ca\/fr\/wp-json\/wp\/v2\/users\/1"}],"replies":[{"embeddable":true,"href":"https:\/\/www.greenparty.ca\/fr\/wp-json\/wp\/v2\/comments?post=2808"}],"version-history":[{"count":12,"href":"https:\/\/www.greenparty.ca\/fr\/wp-json\/wp\/v2\/pages\/2808\/revisions"}],"predecessor-version":[{"id":15710,"href":"https:\/\/www.greenparty.ca\/fr\/wp-json\/wp\/v2\/pages\/2808\/revisions\/15710"}],"wp:attachment":[{"href":"https:\/\/www.greenparty.ca\/fr\/wp-json\/wp\/v2\/media?parent=2808"}],"curies":[{"name":"wp","href":"https:\/\/api.w.org\/{rel}","templated":true}]}}