{"id":21671,"date":"2025-12-03T15:40:25","date_gmt":"2025-12-03T20:40:25","guid":{"rendered":"https:\/\/www.greenparty.ca\/fonds-appel-de-candidatures"},"modified":"2025-12-03T16:24:45","modified_gmt":"2025-12-03T21:24:45","slug":"fonds-appel-de-candidatures","status":"publish","type":"page","link":"https:\/\/www.greenparty.ca\/fr\/fonds-appel-de-candidatures","title":{"rendered":"Fonds du Parti vert du Canada &#8211; Appel de candidatures"},"content":{"rendered":"\n<p class=\"\">Avez-vous, ou connaissez-vous un membre du Parti vert du Canada qui poss\u00e8de de l\u2019exp\u00e9rience en finances, en droit, en gestion d\u2019entreprise ou en ressources humaines? Le conseil du Fonds du Parti vert du Canada souhaite accueillir de nouveaux administrateurs et administratrices pour un mandat qui se terminera en juin 2028.  <\/p>\n\n<p class=\"\">L\u2019une des principales responsabilit\u00e9s du Fonds est d\u2019assumer le r\u00f4le d\u2019agent principal du parti, un r\u00f4le comparable \u00e0 celui d\u2019agent officiel pour une campagne \u00e9lectorale. Le conseil du Fonds supervise le travail juridique, financier et en relations de travail du parti, afin de s\u2019assurer que les contrats sont conformes, que le budget est respect\u00e9 et que la v\u00e9rification financi\u00e8re annuelle est compl\u00e9t\u00e9e.  <\/p>\n\n<p class=\"\">Les membres du conseil doivent \u00eatre membres du parti et disponibles pour participer \u00e0 une r\u00e9union du conseil par mois, en plus des engagements li\u00e9s aux comit\u00e9s.<\/p>\n\n<p class=\"\">La date limite pour soumettre une candidature est <strong>le 7 janvier 2026<\/strong>. Les personnes candidates doivent \u00eatre disponibles pour des entrevues <strong>du 12 au 16 janvier 2026<\/strong>. <\/p>\n\n<p class=\"\">Les nouveaux membres du conseil du Fonds seront \u00e9lus par les membres votants du Conseil f\u00e9d\u00e9ral et les r\u00e9sultats seront annonc\u00e9s au d\u00e9but de la nouvelle ann\u00e9e. Pour poser votre candidature, veuillez remplir le formulaire accessible au moyen du bouton ci-dessous. <\/p>\n\n<div class=\"wp-block-buttons is-layout-flex wp-block-buttons-is-layout-flex\">\n<div class=\"wp-block-button\"><a class=\"wp-block-button__link wp-element-button\" href=\"https:\/\/docs.google.com\/forms\/d\/e\/1FAIpQLSeiXWMxQV2KRosnrFyg-kYxugdB9p_NXlG66fG_OKANt0Re4w\/viewform\">Poser sa candidature<\/a><\/div>\n<\/div>\n\n<hr class=\"wp-block-separator has-text-color has-gpc-color-primary-dark-color has-alpha-channel-opacity has-gpc-color-primary-dark-background-color has-background is-style-gpc-thin-divider\"\/>\n\n<h2 class=\"wp-block-heading\">Chronologie :<\/h2>\n\n<figure class=\"wp-block-table is-style-stripes\"><table class=\"has-fixed-layout\"><tbody><tr><td>3 D\u00e9cembre 2025<\/td><td>Appel aux nominations<\/td><\/tr><tr><td>7 Janvier 2026<\/td><td>Fermeture des nominations<\/td><\/tr><tr><td>9 Janvier 2026<\/td><td>Courriel \u00e0 tous les candidats<\/td><\/tr><tr><td>13-16 Janvier 2026<\/td><td>Entrevues des candidats<\/td><\/tr><tr><td>Fin Janvier 2026<\/td><td>Nomination par le Conseil F\u00e9d\u00e9ral<\/td><\/tr><tr><td>4 F\u00e9vrier 2026<\/td><td>Courriel \u00e0 tous les candidats avec la liste des nouveaux directeurs du conseil du Fonds<\/td><\/tr><\/tbody><\/table><\/figure>\n","protected":false},"excerpt":{"rendered":"<p>Avez-vous, ou connaissez-vous un membre du Parti vert du Canada qui poss\u00e8de de l\u2019exp\u00e9rience en finances, en droit, en gestion d\u2019entreprise ou en ressources humaines? Le conseil du Fonds du [&hellip;]<\/p>\n","protected":false},"author":41,"featured_media":0,"parent":0,"menu_order":0,"comment_status":"closed","ping_status":"closed","template":"","meta":{"_acf_changed":false,"inline_featured_image":false,"site-sidebar-layout":"default","site-content-layout":"","ast-site-content-layout":"default","site-content-style":"default","site-sidebar-style":"default","ast-global-header-display":"","ast-banner-title-visibility":"","ast-main-header-display":"","ast-hfb-above-header-display":"","ast-hfb-below-header-display":"","ast-hfb-mobile-header-display":"","site-post-title":"","ast-breadcrumbs-content":"","ast-featured-img":"","footer-sml-layout":"","ast-disable-related-posts":"","theme-transparent-header-meta":"","adv-header-id-meta":"","stick-header-meta":"","header-above-stick-meta":"","header-main-stick-meta":"","header-below-stick-meta":"","astra-migrate-meta-layouts":"default","ast-page-background-enabled":"default","ast-page-background-meta":{"desktop":{"background-color":"var(--ast-global-color-5)","background-image":"","background-repeat":"repeat","background-position":"center center","background-size":"auto","background-attachment":"scroll","background-type":"","background-media":"","overlay-type":"","overlay-color":"","overlay-opacity":"","overlay-gradient":""},"tablet":{"background-color":"","background-image":"","background-repeat":"repeat","background-position":"center center","background-size":"auto","background-attachment":"scroll","background-type":"","background-media":"","overlay-type":"","overlay-color":"","overlay-opacity":"","overlay-gradient":""},"mobile":{"background-color":"","background-image":"","background-repeat":"repeat","background-position":"center center","background-size":"auto","background-attachment":"scroll","background-type":"","background-media":"","overlay-type":"","overlay-color":"","overlay-opacity":"","overlay-gradient":""}},"ast-content-background-meta":{"desktop":{"background-color":"var(--ast-global-color-4)","background-image":"","background-repeat":"repeat","background-position":"center center","background-size":"auto","background-attachment":"scroll","background-type":"","background-media":"","overlay-type":"","overlay-color":"","overlay-opacity":"","overlay-gradient":""},"tablet":{"background-color":"var(--ast-global-color-4)","background-image":"","background-repeat":"repeat","background-position":"center center","background-size":"auto","background-attachment":"scroll","background-type":"","background-media":"","overlay-type":"","overlay-color":"","overlay-opacity":"","overlay-gradient":""},"mobile":{"background-color":"var(--ast-global-color-4)","background-image":"","background-repeat":"repeat","background-position":"center center","background-size":"auto","background-attachment":"scroll","background-type":"","background-media":"","overlay-type":"","overlay-color":"","overlay-opacity":"","overlay-gradient":""}},"_price":"","_stock":"","_tribe_ticket_header":"","_tribe_default_ticket_provider":"","_tribe_ticket_capacity":"0","_ticket_start_date":"","_ticket_end_date":"","_tribe_ticket_show_description":"","_tribe_ticket_show_not_going":false,"_tribe_ticket_use_global_stock":"","_tribe_ticket_global_stock_level":"","_global_stock_mode":"","_global_stock_cap":"","_tribe_rsvp_for_event":"","_tribe_ticket_going_count":"","_tribe_ticket_not_going_count":"","_tribe_tickets_list":"[]","_tribe_ticket_has_attendee_info_fields":false,"footnotes":"","_tec_slr_enabled":"","_tec_slr_layout":""},"class_list":["post-21671","page","type-page","status-publish","hentry"],"acf":[],"ticketed":false,"_links":{"self":[{"href":"https:\/\/www.greenparty.ca\/fr\/wp-json\/wp\/v2\/pages\/21671","targetHints":{"allow":["GET"]}}],"collection":[{"href":"https:\/\/www.greenparty.ca\/fr\/wp-json\/wp\/v2\/pages"}],"about":[{"href":"https:\/\/www.greenparty.ca\/fr\/wp-json\/wp\/v2\/types\/page"}],"author":[{"embeddable":true,"href":"https:\/\/www.greenparty.ca\/fr\/wp-json\/wp\/v2\/users\/41"}],"replies":[{"embeddable":true,"href":"https:\/\/www.greenparty.ca\/fr\/wp-json\/wp\/v2\/comments?post=21671"}],"version-history":[{"count":3,"href":"https:\/\/www.greenparty.ca\/fr\/wp-json\/wp\/v2\/pages\/21671\/revisions"}],"predecessor-version":[{"id":21674,"href":"https:\/\/www.greenparty.ca\/fr\/wp-json\/wp\/v2\/pages\/21671\/revisions\/21674"}],"wp:attachment":[{"href":"https:\/\/www.greenparty.ca\/fr\/wp-json\/wp\/v2\/media?parent=21671"}],"curies":[{"name":"wp","href":"https:\/\/api.w.org\/{rel}","templated":true}]}}