{"id":14979,"date":"2025-04-01T17:17:48","date_gmt":"2025-04-01T21:17:48","guid":{"rendered":"https:\/\/www.greenparty.ca\/?page_id=14979"},"modified":"2025-04-08T17:08:31","modified_gmt":"2025-04-08T21:08:31","slug":"policy-briefs","status":"publish","type":"page","link":"https:\/\/www.greenparty.ca\/fr\/bibliotheque-campagne\/policy-briefs","title":{"rendered":"Policy Briefs"},"content":{"rendered":"\n<div class=\"wp-block-columns is-layout-flex wp-container-core-columns-is-layout-28f84493 wp-block-columns-is-layout-flex\">\n<div class=\"wp-block-column is-layout-flow wp-block-column-is-layout-flow\">\n<figure class=\"wp-block-image size-large has-custom-border\"><img decoding=\"async\" src=\"https:\/\/cdn.greenparty.ca\/wp-content\/uploads\/2025\/04\/BRIEFING_-ECONOMIC-SOVEREIGNTY-ANNOUNCEMENT_Page_1.png\" alt=\"\" class=\"has-border-color has-gpc-color-light-border-color\" style=\"border-width:4px\"\/><\/figure>\n\n\n\n<p class=\"\"><\/p>\n\n\n\n<p class=\"has-text-align-center\">BRIEFING: ECONOMIC SOVEREIGNTY<\/p>\n\n\n\n<p class=\"has-text-align-center\"><strong><a href=\"https:\/\/cdn.greenparty.ca\/wp-content\/uploads\/2025\/04\/BRIEFING_-ECONOMIC-SOVEREIGNTY-ANNOUNCEMENT.pdf\" data-type=\"attachment\" data-id=\"9864\" target=\"_blank\" rel=\"noreferrer noopener\"><span class=\"gpc-text-color-primary\">T\u00e9l\u00e9chargez ce dossier<\/span><\/a><\/strong><\/p>\n<\/div>\n\n\n\n<div class=\"wp-block-column is-layout-flow wp-block-column-is-layout-flow\">\n<figure class=\"wp-block-image size-large has-custom-border\"><img decoding=\"async\" src=\"https:\/\/cdn.greenparty.ca\/wp-content\/uploads\/2025\/04\/BRIEFING_-GREEN-TAX-REFORM-ANNOUNCEMENT_Page_1.png\" alt=\"\" class=\"has-border-color has-gpc-color-light-border-color\" style=\"border-width:4px\"\/><\/figure>\n\n\n\n<p class=\"\"><\/p>\n\n\n\n<p class=\"has-text-align-center\">BRIEFING: GREEN TAX REFORM<\/p>\n\n\n\n<p class=\"has-text-align-center\"><strong><a href=\"https:\/\/cdn.greenparty.ca\/wp-content\/uploads\/2025\/04\/BRIEFING_-GREEN-TAX-REFORM-ANNOUNCEMENT.pdf\" data-type=\"attachment\" data-id=\"9868\" target=\"_blank\" rel=\"noreferrer noopener\"><span class=\"gpc-text-color-primary\">T\u00e9l\u00e9chargez ce dossier<\/span><\/a><\/strong><\/p>\n<\/div>\n\n\n\n<div class=\"wp-block-column is-layout-flow wp-block-column-is-layout-flow\">\n<figure class=\"wp-block-image size-large has-custom-border\"><img decoding=\"async\" src=\"https:\/\/cdn.greenparty.ca\/wp-content\/uploads\/2025\/04\/BRIEFING_-NATIONAL-CIVIL-DEFENCE-CORPS-POLICY-ANNOUNCEMENT_Page_1.png\" alt=\"\" class=\"has-border-color has-gpc-color-light-border-color\" style=\"border-width:4px\"\/><\/figure>\n\n\n\n<p class=\"\"><\/p>\n\n\n\n<p class=\"has-text-align-center\">BRIEFING: NATIONAL CIVIL DEFENCE CORPS POLICY<\/p>\n\n\n\n<p class=\"has-text-align-center\"><strong><a href=\"https:\/\/cdn.greenparty.ca\/wp-content\/uploads\/2025\/04\/BRIEFING_-NATIONAL-CIVIL-DEFENCE-CORPS-POLICY-ANNOUNCEMENT-APR03.pdf\" data-type=\"attachment\" data-id=\"9864\" target=\"_blank\" rel=\"noreferrer noopener\"><span class=\"gpc-text-color-primary\">T\u00e9l\u00e9chargez ce dossier<\/span><\/a><\/strong><\/p>\n<\/div>\n\n\n\n<div class=\"wp-block-column is-layout-flow wp-block-column-is-layout-flow\">\n<figure class=\"wp-block-image size-large has-custom-border\"><img decoding=\"async\" src=\"https:\/\/cdn.greenparty.ca\/wp-content\/uploads\/2025\/04\/BRIEFING_-HEALTHCARE-POLICY-ANNOUNCEMENT_Page_1.png\" alt=\"\" class=\"has-border-color has-gpc-color-light-border-color\" style=\"border-width:4px\"\/><\/figure>\n\n\n\n<p class=\"\"><\/p>\n\n\n\n<p class=\"has-text-align-center\">BRIEFING: HEALTHCARE POLICY<\/p>\n\n\n\n<p class=\"has-text-align-center\"><strong><a href=\"https:\/\/cdn.greenparty.ca\/wp-content\/uploads\/2025\/04\/BRIEFING_-HEALTHCARE-POLICY-ANNOUNCEMENT.pdf\" data-type=\"attachment\" data-id=\"9864\" target=\"_blank\" rel=\"noreferrer noopener\"><span class=\"gpc-text-color-primary\">T\u00e9l\u00e9chargez ce dossier<\/span><\/a><\/strong><\/p>\n<\/div>\n<\/div>\n\n<div style=\"height:60px\" aria-hidden=\"true\" class=\"wp-block-spacer\"><\/div>\n\n<div class=\"wp-block-columns is-layout-flex wp-container-core-columns-is-layout-28f84493 wp-block-columns-is-layout-flex\">\n<div class=\"wp-block-column is-layout-flow wp-block-column-is-layout-flow\">\n<figure class=\"wp-block-image size-large has-custom-border\"><img decoding=\"async\" src=\"https:\/\/cdn.greenparty.ca\/wp-content\/uploads\/2025\/04\/BRIEFING_ANNONCE-PORTANT-SUR-LA-SOUVERAINETE-ECONOMIQUE_Page_1.png\" alt=\"\" class=\"has-border-color has-gpc-color-light-border-color\" style=\"border-width:4px\"\/><\/figure>\n\n\n\n<p class=\"\"><\/p>\n\n\n\n<p class=\"has-text-align-center\">BRIEFING : ANNONCE PORTANT SUR LA SOUVERAINET\u00c9 \u00c9CONOMIQUE<\/p>\n\n\n\n<p class=\"has-text-align-center\"><strong><a href=\"https:\/\/cdn.greenparty.ca\/wp-content\/uploads\/2025\/04\/BRIEFING_ANNONCE-PORTANT-SUR-LA-SOUVERAINETE-ECONOMIQUE.pdf\" data-type=\"attachment\" data-id=\"9864\" target=\"_blank\" rel=\"noreferrer noopener\"><span class=\"gpc-text-color-primary\">T\u00e9l\u00e9chargez ce dossier<\/span><\/a><\/strong><\/p>\n<\/div>\n\n\n\n<div class=\"wp-block-column is-layout-flow wp-block-column-is-layout-flow\">\n<figure class=\"wp-block-image size-large has-custom-border\"><img decoding=\"async\" src=\"https:\/\/cdn.greenparty.ca\/wp-content\/uploads\/2025\/04\/BRIEFING_-ANNONCE-DE-LA-REFORME-FISCALE_Page_1.png\" alt=\"\" class=\"has-border-color has-gpc-color-light-border-color\" style=\"border-width:4px\"\/><\/figure>\n\n\n\n<p class=\"\"><\/p>\n\n\n\n<p class=\"has-text-align-center\">BRIEFING : ANNONCE DE LA R\u00c9FORME FISCALE DU PARTI VERT<\/p>\n\n\n\n<p class=\"has-text-align-center\"><strong><a href=\"https:\/\/cdn.greenparty.ca\/wp-content\/uploads\/2025\/04\/BRIEFING_-ANNONCE-DE-LA-REFORME-FISCALE.pdf\" data-type=\"attachment\" data-id=\"9868\" target=\"_blank\" rel=\"noreferrer noopener\"><span class=\"gpc-text-color-primary\">T\u00e9l\u00e9chargez ce dossier<\/span><\/a><\/strong><\/p>\n<\/div>\n\n\n\n<div class=\"wp-block-column is-layout-flow wp-block-column-is-layout-flow\">\n<figure class=\"wp-block-image size-large has-custom-border\"><img decoding=\"async\" src=\"https:\/\/cdn.greenparty.ca\/wp-content\/uploads\/2025\/04\/BRIEFING_-ANNONCE-SUR-LE-CORPS-NATIONAL-DE-DEFENSE-CIVILE_Page_1.png\" alt=\"\" class=\"has-border-color has-gpc-color-light-border-color\" style=\"border-width:4px\"\/><\/figure>\n\n\n\n<p class=\"\"><\/p>\n\n\n\n<p class=\"has-text-align-center\">BRIEFING : ANNONCE SUR LE CORPS NATIONAL DE D\u00c9FENSE CIVILE<\/p>\n\n\n\n<p class=\"has-text-align-center\"><strong><a href=\"https:\/\/cdn.greenparty.ca\/wp-content\/uploads\/2025\/04\/BRIEFING_-ANNONCE-SUR-LE-CORPS-NATIONAL-DE-DEFENSE-CIVILE-APR03.pdf\" data-type=\"attachment\" data-id=\"9864\" target=\"_blank\" rel=\"noreferrer noopener\"><span class=\"gpc-text-color-primary\">T\u00e9l\u00e9chargez ce dossier<\/span><\/a><\/strong><\/p>\n<\/div>\n\n\n\n<div class=\"wp-block-column is-layout-flow wp-block-column-is-layout-flow\">\n<figure class=\"wp-block-image size-large has-custom-border\"><img decoding=\"async\" src=\"https:\/\/cdn.greenparty.ca\/wp-content\/uploads\/2025\/04\/BRIEFING_ANNONCE-DE-POLITIQUE-RELATIVE-A-LA-SANTE_Page_1.png\" alt=\"\" class=\"has-border-color has-gpc-color-light-border-color\" style=\"border-width:4px\"\/><\/figure>\n\n\n\n<p class=\"\"><\/p>\n\n\n\n<p class=\"has-text-align-center\">BRIEFING : ANNONCE DE POLITIQUE RELATIVE A\u0300 LA SANTE\u0301<\/p>\n\n\n\n<p class=\"has-text-align-center\"><strong><a href=\"https:\/\/cdn.greenparty.ca\/wp-content\/uploads\/2025\/04\/BRIEFING_ANNONCE-DE-POLITIQUE-RELATIVE-A-LA-SANTE.pdf\" data-type=\"attachment\" data-id=\"9864\" target=\"_blank\" rel=\"noreferrer noopener\"><span class=\"gpc-text-color-primary\">T\u00e9l\u00e9chargez ce dossier<\/span><\/a><\/strong><\/p>\n<\/div>\n<\/div>\n\n<div style=\"height:60px\" aria-hidden=\"true\" class=\"wp-block-spacer\"><\/div>\n\n<div class=\"wp-block-buttons is-layout-flex wp-block-buttons-is-layout-flex\">\n<div class=\"wp-block-button\"><a class=\"wp-block-button__link wp-element-button\" href=\"https:\/\/www.greenparty.ca\/fr\/bibliotheque-campagne\">Retourner \u00e0 la biblioth\u00e8que de campagne<\/a><\/div>\n<\/div>\n","protected":false},"excerpt":{"rendered":"<p>BRIEFING: ECONOMIC SOVEREIGNTY T\u00e9l\u00e9chargez ce dossier BRIEFING: GREEN TAX REFORM T\u00e9l\u00e9chargez ce dossier BRIEFING: NATIONAL CIVIL DEFENCE CORPS POLICY T\u00e9l\u00e9chargez ce dossier BRIEFING: HEALTHCARE POLICY T\u00e9l\u00e9chargez ce dossier BRIEFING : [&hellip;]<\/p>\n","protected":false},"author":63,"featured_media":0,"parent":10079,"menu_order":0,"comment_status":"closed","ping_status":"closed","template":"","meta":{"_acf_changed":false,"inline_featured_image":false,"site-sidebar-layout":"default","site-content-layout":"","ast-site-content-layout":"default","site-content-style":"default","site-sidebar-style":"default","ast-global-header-display":"","ast-banner-title-visibility":"","ast-main-header-display":"","ast-hfb-above-header-display":"","ast-hfb-below-header-display":"","ast-hfb-mobile-header-display":"","site-post-title":"","ast-breadcrumbs-content":"","ast-featured-img":"","footer-sml-layout":"","ast-disable-related-posts":"","theme-transparent-header-meta":"","adv-header-id-meta":"","stick-header-meta":"","header-above-stick-meta":"","header-main-stick-meta":"","header-below-stick-meta":"","astra-migrate-meta-layouts":"default","ast-page-background-enabled":"default","ast-page-background-meta":{"desktop":{"background-color":"var(--ast-global-color-5)","background-image":"","background-repeat":"repeat","background-position":"center center","background-size":"auto","background-attachment":"scroll","background-type":"","background-media":"","overlay-type":"","overlay-color":"","overlay-opacity":"","overlay-gradient":""},"tablet":{"background-color":"","background-image":"","background-repeat":"repeat","background-position":"center center","background-size":"auto","background-attachment":"scroll","background-type":"","background-media":"","overlay-type":"","overlay-color":"","overlay-opacity":"","overlay-gradient":""},"mobile":{"background-color":"","background-image":"","background-repeat":"repeat","background-position":"center center","background-size":"auto","background-attachment":"scroll","background-type":"","background-media":"","overlay-type":"","overlay-color":"","overlay-opacity":"","overlay-gradient":""}},"ast-content-background-meta":{"desktop":{"background-color":"var(--ast-global-color-4)","background-image":"","background-repeat":"repeat","background-position":"center center","background-size":"auto","background-attachment":"scroll","background-type":"","background-media":"","overlay-type":"","overlay-color":"","overlay-opacity":"","overlay-gradient":""},"tablet":{"background-color":"var(--ast-global-color-4)","background-image":"","background-repeat":"repeat","background-position":"center center","background-size":"auto","background-attachment":"scroll","background-type":"","background-media":"","overlay-type":"","overlay-color":"","overlay-opacity":"","overlay-gradient":""},"mobile":{"background-color":"var(--ast-global-color-4)","background-image":"","background-repeat":"repeat","background-position":"center center","background-size":"auto","background-attachment":"scroll","background-type":"","background-media":"","overlay-type":"","overlay-color":"","overlay-opacity":"","overlay-gradient":""}},"_price":"","_stock":"","_tribe_ticket_header":"","_tribe_default_ticket_provider":"","_tribe_ticket_capacity":"0","_ticket_start_date":"","_ticket_end_date":"","_tribe_ticket_show_description":"","_tribe_ticket_show_not_going":false,"_tribe_ticket_use_global_stock":"","_tribe_ticket_global_stock_level":"","_global_stock_mode":"","_global_stock_cap":"","_tribe_rsvp_for_event":"","_tribe_ticket_going_count":"","_tribe_ticket_not_going_count":"","_tribe_tickets_list":"[]","_tribe_ticket_has_attendee_info_fields":false,"footnotes":"","_tec_slr_enabled":"","_tec_slr_layout":""},"class_list":["post-14979","page","type-page","status-publish","hentry"],"acf":[],"ticketed":false,"_links":{"self":[{"href":"https:\/\/www.greenparty.ca\/fr\/wp-json\/wp\/v2\/pages\/14979","targetHints":{"allow":["GET"]}}],"collection":[{"href":"https:\/\/www.greenparty.ca\/fr\/wp-json\/wp\/v2\/pages"}],"about":[{"href":"https:\/\/www.greenparty.ca\/fr\/wp-json\/wp\/v2\/types\/page"}],"author":[{"embeddable":true,"href":"https:\/\/www.greenparty.ca\/fr\/wp-json\/wp\/v2\/users\/63"}],"replies":[{"embeddable":true,"href":"https:\/\/www.greenparty.ca\/fr\/wp-json\/wp\/v2\/comments?post=14979"}],"version-history":[{"count":7,"href":"https:\/\/www.greenparty.ca\/fr\/wp-json\/wp\/v2\/pages\/14979\/revisions"}],"predecessor-version":[{"id":16091,"href":"https:\/\/www.greenparty.ca\/fr\/wp-json\/wp\/v2\/pages\/14979\/revisions\/16091"}],"up":[{"embeddable":true,"href":"https:\/\/www.greenparty.ca\/fr\/wp-json\/wp\/v2\/pages\/10079"}],"wp:attachment":[{"href":"https:\/\/www.greenparty.ca\/fr\/wp-json\/wp\/v2\/media?parent=14979"}],"curies":[{"name":"wp","href":"https:\/\/api.w.org\/{rel}","templated":true}]}}