{"id":13107,"date":"2025-03-24T11:27:37","date_gmt":"2025-03-24T15:27:37","guid":{"rendered":"https:\/\/www.greenparty.ca\/?page_id=13107"},"modified":"2025-04-07T18:24:08","modified_gmt":"2025-04-07T22:24:08","slug":"epinglettes","status":"publish","type":"page","link":"https:\/\/www.greenparty.ca\/fr\/bibliotheque-campagne\/epinglettes","title":{"rendered":"\u00c9pinglettes"},"content":{"rendered":"\n<h3 class=\"wp-block-heading\"><span class=\"gpc-text-color-primary\">\u00c9TAPE 1<\/span>: <strong>Choisissez votre mod\u00e8le.<\/strong><\/h3>\n\n<p class=\"\"><\/p>\n\n<p class=\"\"><span class=\"gpc-text-color-dark\">T\u00e9l\u00e9chargez nos \u00e9pinglettes en cliquant sur les liens ci-dessous. Les mod\u00e8les seront t\u00e9l\u00e9charg\u00e9s au format <strong>PDF<\/strong>, que vous pourrez envoyer \u00e0 votre imprimeur local. <\/span><\/p>\n\n<p class=\"\"><\/p>\n\n<div class=\"wp-block-columns is-layout-flex wp-container-core-columns-is-layout-28f84493 wp-block-columns-is-layout-flex\">\n<div class=\"wp-block-column is-layout-flow wp-block-column-is-layout-flow\">\n<figure class=\"wp-block-image size-large has-custom-border\"><img decoding=\"async\" src=\"https:\/\/cdn.greenparty.ca\/wp-content\/uploads\/2025\/03\/GP-BIL-Button-2in-Green.png\" alt=\"\" class=\"has-border-color has-gpc-color-white-border-color\" style=\"border-width:4px\"\/><\/figure>\n\n\n\n<ul class=\"wp-block-list\">\n<li class=\"\"><a href=\"https:\/\/cdn.greenparty.ca\/wp-content\/uploads\/2025\/03\/GP-BIL-Button-2in-Green.pdf\" data-type=\"link\" data-id=\"https:\/\/www.greenparty.ca\/wp-content\/uploads\/2025\/03\/GP_Hand-Flags_6x4_outlined-01-ai.zip\" target=\"_blank\" rel=\"noreferrer noopener\"><span class=\"gpc-text-color-primary\">T\u00e9l\u00e9chargez l&rsquo;autocollant 2 po<\/span><\/a><\/li>\n<\/ul>\n<\/div>\n\n\n\n<div class=\"wp-block-column is-layout-flow wp-block-column-is-layout-flow\">\n<figure class=\"wp-block-image size-large has-custom-border\"><img decoding=\"async\" src=\"https:\/\/cdn.greenparty.ca\/wp-content\/uploads\/2025\/03\/GP-BIL-Button-2in-White.png\" alt=\"\" class=\"has-border-color has-gpc-color-white-border-color\" style=\"border-width:4px\"\/><\/figure>\n\n\n\n<ul class=\"wp-block-list\">\n<li class=\"\"><a href=\"https:\/\/cdn.greenparty.ca\/wp-content\/uploads\/2025\/03\/GP-BIL-Button-2in-White.pdf\" data-type=\"link\" data-id=\"https:\/\/www.greenparty.ca\/wp-content\/uploads\/2025\/03\/GP_Hand-Flags_6x4_outlined-01-ai.zip\" target=\"_blank\" rel=\"noreferrer noopener\"><span class=\"gpc-text-color-primary\">T\u00e9l\u00e9chargez l&rsquo;autocollant 2 po<\/span><\/a><\/li>\n<\/ul>\n<\/div>\n\n\n\n<div class=\"wp-block-column is-layout-flow wp-block-column-is-layout-flow\">\n<figure class=\"wp-block-image size-large has-custom-border\"><img decoding=\"async\" src=\"https:\/\/cdn.greenparty.ca\/wp-content\/uploads\/2025\/03\/GP-Button-Colour-Only.png\" alt=\"\" class=\"has-border-color has-gpc-color-white-border-color\" style=\"border-width:4px\"\/><\/figure>\n\n\n\n<ul class=\"wp-block-list\">\n<li class=\"\"><a href=\"https:\/\/cdn.greenparty.ca\/wp-content\/uploads\/2025\/03\/GP-Button-Colour-Only.pdf\" data-type=\"link\" data-id=\"https:\/\/www.greenparty.ca\/wp-content\/uploads\/2025\/03\/GP_Hand-Flags_6x4_outlined-01-ai.zip\" target=\"_blank\" rel=\"noreferrer noopener\"><span class=\"gpc-text-color-primary\">T\u00e9l\u00e9chargez l&rsquo;autocollant 2 po<\/span><\/a><\/li>\n<\/ul>\n<\/div>\n\n\n\n<div class=\"wp-block-column is-layout-flow wp-block-column-is-layout-flow\">\n<ul class=\"wp-block-list\"><\/ul>\n<\/div>\n<\/div>\n\n<div style=\"height:25px\" aria-hidden=\"true\" class=\"wp-block-spacer\"><\/div>\n\n<div class=\"wp-block-columns is-layout-flex wp-container-core-columns-is-layout-28f84493 wp-block-columns-is-layout-flex\">\n<div class=\"wp-block-column is-layout-flow wp-block-column-is-layout-flow\">\n<figure class=\"wp-block-image size-large has-custom-border\"><img decoding=\"async\" src=\"https:\/\/cdn.greenparty.ca\/wp-content\/uploads\/2025\/03\/GP-EN-Button-2in-Vote-Green-Green.png\" alt=\"\" class=\"has-border-color has-gpc-color-white-border-color\" style=\"border-width:4px\"\/><\/figure>\n\n\n\n<ul class=\"wp-block-list\">\n<li class=\"\"><a href=\"https:\/\/cdn.greenparty.ca\/wp-content\/uploads\/2025\/03\/GP-EN-Button-2in-Vote-Green-Green.pdf\" data-type=\"link\" data-id=\"https:\/\/www.greenparty.ca\/wp-content\/uploads\/2025\/03\/GP_Hand-Flags_6x4_outlined-01-ai.zip\" target=\"_blank\" rel=\"noreferrer noopener\"><span class=\"gpc-text-color-primary\">T\u00e9l\u00e9chargez l&rsquo;autocollant 2 po<\/span><\/a><\/li>\n<\/ul>\n<\/div>\n\n\n\n<div class=\"wp-block-column is-layout-flow wp-block-column-is-layout-flow\">\n<figure class=\"wp-block-image size-large has-custom-border\"><img decoding=\"async\" src=\"https:\/\/cdn.greenparty.ca\/wp-content\/uploads\/2025\/03\/GP-EN-Button-2in-Vote-Green-White.png\" alt=\"\" class=\"has-border-color has-gpc-color-white-border-color\" style=\"border-width:4px\"\/><\/figure>\n\n\n\n<ul class=\"wp-block-list\">\n<li class=\"\"><a href=\"https:\/\/cdn.greenparty.ca\/wp-content\/uploads\/2025\/03\/GP-EN-Button-2in-Vote-Green-White.pdf\" data-type=\"link\" data-id=\"https:\/\/www.greenparty.ca\/wp-content\/uploads\/2025\/03\/GP_Hand-Flags_6x4_outlined-01-ai.zip\" target=\"_blank\" rel=\"noreferrer noopener\"><span class=\"gpc-text-color-primary\">T\u00e9l\u00e9chargez l&rsquo;autocollant 2 po<\/span><\/a><\/li>\n<\/ul>\n<\/div>\n\n\n\n<div class=\"wp-block-column is-layout-flow wp-block-column-is-layout-flow\">\n<figure class=\"wp-block-image size-large has-custom-border\"><img decoding=\"async\" src=\"https:\/\/cdn.greenparty.ca\/wp-content\/uploads\/2025\/03\/GP-FR-Button-2in-Vote-Green-Green.png\" alt=\"\" class=\"has-border-color has-gpc-color-white-border-color\" style=\"border-width:4px\"\/><\/figure>\n\n\n\n<ul class=\"wp-block-list\">\n<li class=\"\"><a href=\"https:\/\/cdn.greenparty.ca\/wp-content\/uploads\/2025\/03\/GP-FR-Button-2in-Vote-Green-Green.pdf\" data-type=\"link\" data-id=\"https:\/\/www.greenparty.ca\/wp-content\/uploads\/2025\/03\/GP_Hand-Flags_6x4_outlined-01-ai.zip\" target=\"_blank\" rel=\"noreferrer noopener\"><span class=\"gpc-text-color-primary\">T\u00e9l\u00e9chargez l&rsquo;autocollant 2 po<\/span><\/a><\/li>\n<\/ul>\n<\/div>\n\n\n\n<div class=\"wp-block-column is-layout-flow wp-block-column-is-layout-flow\">\n<figure class=\"wp-block-image size-large has-custom-border\"><img decoding=\"async\" src=\"https:\/\/cdn.greenparty.ca\/wp-content\/uploads\/2025\/03\/GP-FR-Button-2in-Vote-Green-White.png\" alt=\"\" class=\"has-border-color has-gpc-color-white-border-color\" style=\"border-width:4px\"\/><\/figure>\n\n\n\n<ul class=\"wp-block-list\">\n<li class=\"\"><a href=\"https:\/\/cdn.greenparty.ca\/wp-content\/uploads\/2025\/03\/GP-FR-Button-2in-Vote-Green-White.pdf\" data-type=\"link\" data-id=\"https:\/\/www.greenparty.ca\/wp-content\/uploads\/2025\/03\/GP_Hand-Flags_6x4_outlined-01-ai.zip\" target=\"_blank\" rel=\"noreferrer noopener\"><span class=\"gpc-text-color-primary\">T\u00e9l\u00e9chargez l&rsquo;autocollant 2 po<\/span><\/a><\/li>\n<\/ul>\n<\/div>\n<\/div>\n\n<div style=\"height:25px\" aria-hidden=\"true\" class=\"wp-block-spacer\"><\/div>\n\n<div class=\"wp-block-columns is-layout-flex wp-container-core-columns-is-layout-28f84493 wp-block-columns-is-layout-flex\">\n<div class=\"wp-block-column is-layout-flow wp-block-column-is-layout-flow\">\n<figure class=\"wp-block-image size-large has-custom-border\"><img decoding=\"async\" src=\"https:\/\/cdn.greenparty.ca\/wp-content\/uploads\/2025\/03\/GP-EN-Button-2in-Take-Action-Green-A.png\" alt=\"\" class=\"has-border-color has-gpc-color-white-border-color\" style=\"border-width:4px\"\/><\/figure>\n\n\n\n<ul class=\"wp-block-list\">\n<li class=\"\"><a href=\"https:\/\/cdn.greenparty.ca\/wp-content\/uploads\/2025\/03\/GP-EN-Button-2in-Take-Action-Green-A.pdf\" data-type=\"link\" data-id=\"https:\/\/www.greenparty.ca\/wp-content\/uploads\/2025\/03\/GP_Hand-Flags_6x4_outlined-01-ai.zip\" target=\"_blank\" rel=\"noreferrer noopener\"><span class=\"gpc-text-color-primary\">T\u00e9l\u00e9chargez l&rsquo;autocollant 2 po<\/span><\/a><\/li>\n<\/ul>\n<\/div>\n\n\n\n<div class=\"wp-block-column is-layout-flow wp-block-column-is-layout-flow\">\n<figure class=\"wp-block-image size-large has-custom-border\"><img decoding=\"async\" src=\"https:\/\/cdn.greenparty.ca\/wp-content\/uploads\/2025\/03\/GP-EN-Button-2in-Take-Action-Green-B.png\" alt=\"\" class=\"has-border-color has-gpc-color-white-border-color\" style=\"border-width:4px\"\/><\/figure>\n\n\n\n<ul class=\"wp-block-list\">\n<li class=\"\"><a href=\"https:\/\/cdn.greenparty.ca\/wp-content\/uploads\/2025\/03\/GP-EN-Button-2in-Take-Action-Green-B.pdf\" data-type=\"link\" data-id=\"https:\/\/www.greenparty.ca\/wp-content\/uploads\/2025\/03\/GP_Hand-Flags_6x4_outlined-01-ai.zip\" target=\"_blank\" rel=\"noreferrer noopener\"><span class=\"gpc-text-color-primary\">T\u00e9l\u00e9chargez l&rsquo;autocollant 2 po<\/span><\/a><\/li>\n<\/ul>\n<\/div>\n\n\n\n<div class=\"wp-block-column is-layout-flow wp-block-column-is-layout-flow\">\n<figure class=\"wp-block-image size-large has-custom-border\"><img decoding=\"async\" src=\"https:\/\/cdn.greenparty.ca\/wp-content\/uploads\/2025\/03\/GP-EN-Button-2in-Take-Action-White-B.png\" alt=\"\" class=\"has-border-color has-gpc-color-white-border-color\" style=\"border-width:4px\"\/><\/figure>\n\n\n\n<ul class=\"wp-block-list\">\n<li class=\"\"><a href=\"https:\/\/cdn.greenparty.ca\/wp-content\/uploads\/2025\/03\/GP-EN-Button-2in-Take-Action-White-B.pdf\" data-type=\"link\" data-id=\"https:\/\/www.greenparty.ca\/wp-content\/uploads\/2025\/03\/GP_Hand-Flags_6x4_outlined-01-ai.zip\" target=\"_blank\" rel=\"noreferrer noopener\"><span class=\"gpc-text-color-primary\">T\u00e9l\u00e9chargez l&rsquo;autocollant 2 po<\/span><\/a><\/li>\n<\/ul>\n<\/div>\n\n\n\n<div class=\"wp-block-column is-layout-flow wp-block-column-is-layout-flow\">\n<figure class=\"wp-block-image size-large has-custom-border\"><img decoding=\"async\" src=\"https:\/\/cdn.greenparty.ca\/wp-content\/uploads\/2025\/03\/GP-EN-Button-2in-Take-Action-White.png\" alt=\"\" class=\"has-border-color has-gpc-color-white-border-color\" style=\"border-width:4px\"\/><\/figure>\n\n\n\n<ul class=\"wp-block-list\">\n<li class=\"\"><a href=\"https:\/\/cdn.greenparty.ca\/wp-content\/uploads\/2025\/03\/GP-EN-Button-2in-Take-Action-White-A.pdf\" data-type=\"link\" data-id=\"https:\/\/www.greenparty.ca\/wp-content\/uploads\/2025\/03\/GP_Hand-Flags_6x4_outlined-01-ai.zip\" target=\"_blank\" rel=\"noreferrer noopener\"><span class=\"gpc-text-color-primary\">T\u00e9l\u00e9chargez l&rsquo;autocollant 2 po<\/span><\/a><\/li>\n<\/ul>\n<\/div>\n<\/div>\n\n<div style=\"height:25px\" aria-hidden=\"true\" class=\"wp-block-spacer\"><\/div>\n\n<div class=\"wp-block-columns is-layout-flex wp-container-core-columns-is-layout-28f84493 wp-block-columns-is-layout-flex\">\n<div class=\"wp-block-column is-layout-flow wp-block-column-is-layout-flow\">\n<figure class=\"wp-block-image size-large has-custom-border\"><img decoding=\"async\" src=\"https:\/\/cdn.greenparty.ca\/wp-content\/uploads\/2025\/03\/GP-FR-Button-2in-Take-Action-Green-A.png\" alt=\"\" class=\"has-border-color has-gpc-color-white-border-color\" style=\"border-width:4px\"\/><\/figure>\n\n\n\n<ul class=\"wp-block-list\">\n<li class=\"\"><a href=\"https:\/\/cdn.greenparty.ca\/wp-content\/uploads\/2025\/03\/GP-FR-Button-2in-Take-Action-Green-A.pdf\" data-type=\"link\" data-id=\"https:\/\/www.greenparty.ca\/wp-content\/uploads\/2025\/03\/GP_Hand-Flags_6x4_outlined-01-ai.zip\" target=\"_blank\" rel=\"noreferrer noopener\"><span class=\"gpc-text-color-primary\">T\u00e9l\u00e9chargez l&rsquo;autocollant 2 po<\/span><\/a><\/li>\n<\/ul>\n<\/div>\n\n\n\n<div class=\"wp-block-column is-layout-flow wp-block-column-is-layout-flow\">\n<figure class=\"wp-block-image size-large has-custom-border\"><img decoding=\"async\" src=\"https:\/\/cdn.greenparty.ca\/wp-content\/uploads\/2025\/03\/GP-FR-Button-2in-Take-Action-Green-B.png\" alt=\"\" class=\"has-border-color has-gpc-color-white-border-color\" style=\"border-width:4px\"\/><\/figure>\n\n\n\n<ul class=\"wp-block-list\">\n<li class=\"\"><a href=\"https:\/\/cdn.greenparty.ca\/wp-content\/uploads\/2025\/03\/GP-FR-Button-2in-Take-Action-Green-B.pdf\" data-type=\"link\" data-id=\"https:\/\/www.greenparty.ca\/wp-content\/uploads\/2025\/03\/GP_Hand-Flags_6x4_outlined-01-ai.zip\" target=\"_blank\" rel=\"noreferrer noopener\"><span class=\"gpc-text-color-primary\">T\u00e9l\u00e9chargez l&rsquo;autocollant 2 po<\/span><\/a><\/li>\n<\/ul>\n<\/div>\n\n\n\n<div class=\"wp-block-column is-layout-flow wp-block-column-is-layout-flow\">\n<figure class=\"wp-block-image size-large has-custom-border\"><img decoding=\"async\" src=\"https:\/\/cdn.greenparty.ca\/wp-content\/uploads\/2025\/03\/GP-FR-Button-2in-Take-Action-White-B.png\" alt=\"\" class=\"has-border-color has-gpc-color-white-border-color\" style=\"border-width:4px\"\/><\/figure>\n\n\n\n<ul class=\"wp-block-list\">\n<li class=\"\"><a href=\"https:\/\/cdn.greenparty.ca\/wp-content\/uploads\/2025\/03\/GP-FR-Button-2in-Take-Action-White-B.pdf\" data-type=\"link\" data-id=\"https:\/\/www.greenparty.ca\/wp-content\/uploads\/2025\/03\/GP_Hand-Flags_6x4_outlined-01-ai.zip\" target=\"_blank\" rel=\"noreferrer noopener\"><span class=\"gpc-text-color-primary\">T\u00e9l\u00e9chargez l&rsquo;autocollant 2 po<\/span><\/a><\/li>\n<\/ul>\n<\/div>\n\n\n\n<div class=\"wp-block-column is-layout-flow wp-block-column-is-layout-flow\">\n<figure class=\"wp-block-image size-large has-custom-border\"><img decoding=\"async\" src=\"https:\/\/cdn.greenparty.ca\/wp-content\/uploads\/2025\/03\/GP-FR-Button-2in-Take-Action-White-A.png\" alt=\"\" class=\"has-border-color has-gpc-color-white-border-color\" style=\"border-width:4px\"\/><\/figure>\n\n\n\n<ul class=\"wp-block-list\">\n<li class=\"\"><a href=\"https:\/\/cdn.greenparty.ca\/wp-content\/uploads\/2025\/03\/GP-FR-Button-2in-Take-Action-White-A.pdf\" data-type=\"link\" data-id=\"https:\/\/www.greenparty.ca\/wp-content\/uploads\/2025\/03\/GP_Hand-Flags_6x4_outlined-01-ai.zip\" target=\"_blank\" rel=\"noreferrer noopener\"><span class=\"gpc-text-color-primary\">T\u00e9l\u00e9chargez l&rsquo;autocollant 2 po<\/span><\/a><\/li>\n<\/ul>\n<\/div>\n<\/div>\n\n<div style=\"height:25px\" aria-hidden=\"true\" class=\"wp-block-spacer\"><\/div>\n\n<div class=\"wp-block-columns is-layout-flex wp-container-core-columns-is-layout-28f84493 wp-block-columns-is-layout-flex\">\n<div class=\"wp-block-column is-layout-flow wp-block-column-is-layout-flow\">\n<figure class=\"wp-block-image size-large has-custom-border\"><img decoding=\"async\" src=\"https:\/\/cdn.greenparty.ca\/wp-content\/uploads\/2025\/03\/GP-EN-Sticker-3in-I-Voted-Green-01.png\" alt=\"\" class=\"has-border-color has-gpc-color-white-border-color\" style=\"border-width:4px\"\/><\/figure>\n\n\n\n<ul class=\"wp-block-list\">\n<li class=\"\"><a href=\"https:\/\/cdn.greenparty.ca\/wp-content\/uploads\/2025\/03\/GP-EN-Button-2in-I-Voted-Green.pdf\" data-type=\"link\" data-id=\"https:\/\/www.greenparty.ca\/wp-content\/uploads\/2025\/03\/GP_Hand-Flags_6x4_outlined-01-ai.zip\" target=\"_blank\" rel=\"noreferrer noopener\"><span class=\"gpc-text-color-primary\">T\u00e9l\u00e9chargez l&rsquo;autocollant 2 po<\/span><\/a><\/li>\n<\/ul>\n<\/div>\n\n\n\n<div class=\"wp-block-column is-layout-flow wp-block-column-is-layout-flow\">\n<figure class=\"wp-block-image size-large has-custom-border\"><img decoding=\"async\" src=\"https:\/\/cdn.greenparty.ca\/wp-content\/uploads\/2025\/03\/GP-EN-Sticker-3in-I-Voted-White-01.png\" alt=\"\" class=\"has-border-color has-gpc-color-white-border-color\" style=\"border-width:4px\"\/><\/figure>\n\n\n\n<ul class=\"wp-block-list\">\n<li class=\"\"><a href=\"https:\/\/cdn.greenparty.ca\/wp-content\/uploads\/2025\/03\/GP-EN-Button-2in-I-Voted-White.pdf\" data-type=\"link\" data-id=\"https:\/\/www.greenparty.ca\/wp-content\/uploads\/2025\/03\/GP_Hand-Flags_6x4_outlined-01-ai.zip\" target=\"_blank\" rel=\"noreferrer noopener\"><span class=\"gpc-text-color-primary\">T\u00e9l\u00e9chargez l&rsquo;autocollant 2 po<\/span><\/a><\/li>\n<\/ul>\n<\/div>\n\n\n\n<div class=\"wp-block-column is-layout-flow wp-block-column-is-layout-flow\">\n<figure class=\"wp-block-image size-large has-custom-border\"><img decoding=\"async\" src=\"https:\/\/cdn.greenparty.ca\/wp-content\/uploads\/2025\/03\/GP-FR-Sticker-3in-I-Voted-Green-01.png\" alt=\"\" class=\"has-border-color has-gpc-color-white-border-color\" style=\"border-width:4px\"\/><\/figure>\n\n\n\n<ul class=\"wp-block-list\">\n<li class=\"\"><a href=\"https:\/\/cdn.greenparty.ca\/wp-content\/uploads\/2025\/03\/GP-FR-Button-2in-I-Voted-Green.pdf\" data-type=\"link\" data-id=\"https:\/\/www.greenparty.ca\/wp-content\/uploads\/2025\/03\/GP_Hand-Flags_6x4_outlined-01-ai.zip\" target=\"_blank\" rel=\"noreferrer noopener\"><span class=\"gpc-text-color-primary\">T\u00e9l\u00e9chargez l&rsquo;autocollant 2 po<\/span><\/a><\/li>\n<\/ul>\n<\/div>\n\n\n\n<div class=\"wp-block-column is-layout-flow wp-block-column-is-layout-flow\">\n<figure class=\"wp-block-image size-large has-custom-border\"><img decoding=\"async\" src=\"https:\/\/cdn.greenparty.ca\/wp-content\/uploads\/2025\/03\/GP-FR-Sticker-3in-I-Voted-White-01.png\" alt=\"\" class=\"has-border-color has-gpc-color-white-border-color\" style=\"border-width:4px\"\/><\/figure>\n\n\n\n<ul class=\"wp-block-list\">\n<li class=\"\"><a href=\"https:\/\/cdn.greenparty.ca\/wp-content\/uploads\/2025\/03\/GP-FR-Button-2in-I-Voted-White.pdf\" data-type=\"link\" data-id=\"https:\/\/www.greenparty.ca\/wp-content\/uploads\/2025\/03\/GP_Hand-Flags_6x4_outlined-01-ai.zip\" target=\"_blank\" rel=\"noreferrer noopener\"><span class=\"gpc-text-color-primary\">T\u00e9l\u00e9chargez l&rsquo;autocollant 2 po<\/span><\/a><\/li>\n<\/ul>\n<\/div>\n<\/div>\n\n<div style=\"height:25px\" aria-hidden=\"true\" class=\"wp-block-spacer\"><\/div>\n\n<h3 class=\"wp-block-heading\">\u00c9TAPE 2 : <strong>Trouver une imprimerie locale.<\/strong><\/h3>\n\n<p class=\"\"><\/p>\n\n<p class=\"\">Pour trouver un atelier d&rsquo;impression local proposant des \u00e9pinglettes, allez sur Google et recherchez des termes tels que <strong>\u00ab impression d&rsquo;\u00e9pinglettes pr\u00e8s de chez moi \u00bb<\/strong> ou <strong>\u00ab \u00e9pinglettes personnalis\u00e9es [votre ville] \u00bb<\/strong>. Consultez les r\u00e9sultats de Google Maps pour trouver les entreprises les plus proches, lisez les commentaires et visitez leurs sites web pour conna\u00eetre les prix. <\/p>\n\n<h3 class=\"wp-block-heading\">\u00c9TAPE 3 : <strong>T\u00e9l\u00e9charger et envoyer \u00e0 l&rsquo;imprimerie.<\/strong><\/h3>\n\n<p class=\"\"><\/p>\n\n<p class=\"\"><strong>Quantit\u00e9 :<\/strong> Pour obtenir le meilleur prix unitaire, nous vous recommandons de commander toutes les \u00e9pingles en une seule fois. Si vous n&rsquo;\u00eates pas s\u00fbr du nombre des \u00e9pinglettes \u00e0 commander, contactez notre \u00e9quipe de mobilisation \u00e0 l&rsquo;adresse <strong><a href=\"mailto:support@greenparty.ca\"><span class=\"gpc-text-color-primary\">support@greenparty.ca<\/span><\/a><\/strong>. Conseil &#8211; Si vous menez une petite campagne, 150 \u00e9pinglettes suffisent.  <\/p>\n\n<p class=\"\"><\/p>\n\n<h3 class=\"wp-block-heading\">\u00c9TAPE 4: <strong>Demandez \u00e0 l&rsquo;imprimerie des \u00e9preuves et un d\u00e9lai.<\/strong><\/h3>\n\n<p class=\"\"><\/p>\n\n<p class=\"\">Une fois que vous \u00eates satisfait des \u00e9preuves, approuvez les designs et attendez votre mat\u00e9riel vert. Si vous avez besoin d&rsquo;aide avec nos produits de campagne, veuillez nous contacter \u00e0 <a href=\"mailto:comms@greenparty.ca\"><strong><span class=\"gpc-text-color-primary\">comms@greenparty.ca<\/span><\/strong><\/a>. <\/p>\n\n<div style=\"height:60px\" aria-hidden=\"true\" class=\"wp-block-spacer\"><\/div>\n\n<div class=\"wp-block-buttons is-layout-flex wp-block-buttons-is-layout-flex\">\n<div class=\"wp-block-button\"><a class=\"wp-block-button__link wp-element-button\" href=\"https:\/\/www.greenparty.ca\/fr\/bibliotheque-campagne\">Retourner \u00e0 la biblioth\u00e8que de campagne<\/a><\/div>\n<\/div>\n","protected":false},"excerpt":{"rendered":"<p>\u00c9TAPE 1: Choisissez votre mod\u00e8le. T\u00e9l\u00e9chargez nos \u00e9pinglettes en cliquant sur les liens ci-dessous. Les mod\u00e8les seront t\u00e9l\u00e9charg\u00e9s au format PDF, que vous pourrez envoyer \u00e0 votre imprimeur local. \u00c9TAPE [&hellip;]<\/p>\n","protected":false},"author":63,"featured_media":0,"parent":10079,"menu_order":0,"comment_status":"closed","ping_status":"closed","template":"","meta":{"_acf_changed":false,"inline_featured_image":false,"site-sidebar-layout":"default","site-content-layout":"","ast-site-content-layout":"default","site-content-style":"default","site-sidebar-style":"default","ast-global-header-display":"","ast-banner-title-visibility":"","ast-main-header-display":"","ast-hfb-above-header-display":"","ast-hfb-below-header-display":"","ast-hfb-mobile-header-display":"","site-post-title":"","ast-breadcrumbs-content":"","ast-featured-img":"","footer-sml-layout":"","ast-disable-related-posts":"","theme-transparent-header-meta":"","adv-header-id-meta":"","stick-header-meta":"","header-above-stick-meta":"","header-main-stick-meta":"","header-below-stick-meta":"","astra-migrate-meta-layouts":"default","ast-page-background-enabled":"default","ast-page-background-meta":{"desktop":{"background-color":"var(--ast-global-color-5)","background-image":"","background-repeat":"repeat","background-position":"center center","background-size":"auto","background-attachment":"scroll","background-type":"","background-media":"","overlay-type":"","overlay-color":"","overlay-opacity":"","overlay-gradient":""},"tablet":{"background-color":"","background-image":"","background-repeat":"repeat","background-position":"center center","background-size":"auto","background-attachment":"scroll","background-type":"","background-media":"","overlay-type":"","overlay-color":"","overlay-opacity":"","overlay-gradient":""},"mobile":{"background-color":"","background-image":"","background-repeat":"repeat","background-position":"center center","background-size":"auto","background-attachment":"scroll","background-type":"","background-media":"","overlay-type":"","overlay-color":"","overlay-opacity":"","overlay-gradient":""}},"ast-content-background-meta":{"desktop":{"background-color":"var(--ast-global-color-4)","background-image":"","background-repeat":"repeat","background-position":"center center","background-size":"auto","background-attachment":"scroll","background-type":"","background-media":"","overlay-type":"","overlay-color":"","overlay-opacity":"","overlay-gradient":""},"tablet":{"background-color":"var(--ast-global-color-4)","background-image":"","background-repeat":"repeat","background-position":"center center","background-size":"auto","background-attachment":"scroll","background-type":"","background-media":"","overlay-type":"","overlay-color":"","overlay-opacity":"","overlay-gradient":""},"mobile":{"background-color":"var(--ast-global-color-4)","background-image":"","background-repeat":"repeat","background-position":"center center","background-size":"auto","background-attachment":"scroll","background-type":"","background-media":"","overlay-type":"","overlay-color":"","overlay-opacity":"","overlay-gradient":""}},"_price":"","_stock":"","_tribe_ticket_header":"","_tribe_default_ticket_provider":"","_tribe_ticket_capacity":"0","_ticket_start_date":"","_ticket_end_date":"","_tribe_ticket_show_description":"","_tribe_ticket_show_not_going":false,"_tribe_ticket_use_global_stock":"","_tribe_ticket_global_stock_level":"","_global_stock_mode":"","_global_stock_cap":"","_tribe_rsvp_for_event":"","_tribe_ticket_going_count":"","_tribe_ticket_not_going_count":"","_tribe_tickets_list":"[]","_tribe_ticket_has_attendee_info_fields":false,"footnotes":"","_tec_slr_enabled":"","_tec_slr_layout":""},"class_list":["post-13107","page","type-page","status-publish","hentry"],"acf":[],"ticketed":false,"_links":{"self":[{"href":"https:\/\/www.greenparty.ca\/fr\/wp-json\/wp\/v2\/pages\/13107","targetHints":{"allow":["GET"]}}],"collection":[{"href":"https:\/\/www.greenparty.ca\/fr\/wp-json\/wp\/v2\/pages"}],"about":[{"href":"https:\/\/www.greenparty.ca\/fr\/wp-json\/wp\/v2\/types\/page"}],"author":[{"embeddable":true,"href":"https:\/\/www.greenparty.ca\/fr\/wp-json\/wp\/v2\/users\/63"}],"replies":[{"embeddable":true,"href":"https:\/\/www.greenparty.ca\/fr\/wp-json\/wp\/v2\/comments?post=13107"}],"version-history":[{"count":3,"href":"https:\/\/www.greenparty.ca\/fr\/wp-json\/wp\/v2\/pages\/13107\/revisions"}],"predecessor-version":[{"id":15697,"href":"https:\/\/www.greenparty.ca\/fr\/wp-json\/wp\/v2\/pages\/13107\/revisions\/15697"}],"up":[{"embeddable":true,"href":"https:\/\/www.greenparty.ca\/fr\/wp-json\/wp\/v2\/pages\/10079"}],"wp:attachment":[{"href":"https:\/\/www.greenparty.ca\/fr\/wp-json\/wp\/v2\/media?parent=13107"}],"curies":[{"name":"wp","href":"https:\/\/api.w.org\/{rel}","templated":true}]}}