{"id":12990,"date":"2025-03-24T09:46:48","date_gmt":"2025-03-24T13:46:48","guid":{"rendered":"https:\/\/www.greenparty.ca\/?page_id=12990"},"modified":"2025-04-09T11:40:43","modified_gmt":"2025-04-09T15:40:43","slug":"outil-ia-pour-naviguer-nos-politiques","status":"publish","type":"page","link":"https:\/\/www.greenparty.ca\/fr\/bibliotheque-campagne\/outil-ia-pour-naviguer-nos-politiques","title":{"rendered":"Outil d&rsquo;IA pour naviguer nos politiques"},"content":{"rendered":"\n<h2 class=\"wp-block-heading has-text-align-left\">Configuration de NotebookLM pour les candidat\u00b7e\u00b7s du Parti vert<\/h2>\n\n<p class=\"\">NotebookLM est un outil d\u2019intelligence artificielle qui permet de rechercher de l\u2019information dans des sources s\u00e9lectionn\u00e9es. Cet outil facilite l\u2019acc\u00e8s \u00e0 l\u2019information sur les politiques du Parti vert selon des sujets pr\u00e9cis. <\/p>\n\n<h3 class=\"wp-block-heading\"><strong>\u00c9tape 1 : S&rsquo;inscrire \u00e0 NotebookLM<\/strong><\/h3>\n\n<ol class=\"wp-block-list\">\n<li class=\"\">Aller \u00e0 <a href=\"http:\/\/notebooklm.google.com\/\"><span class=\"gpc-text-color-primary\">NotebookLM<\/span><\/a>.<\/li>\n\n\n\n<li class=\"\">Cliquez sur <strong>Connexion<\/strong> et connectez-vous \u00e0 l&rsquo;aide de votre adresse courriel <strong>@partivert.ca<\/strong> (ou de tout autre compte Google).<\/li>\n<\/ol>\n\n<p class=\"\">Activer le soutien pour lecteur d\u2019\u00e9cran<br\/>Pour activer le soutien pour lecteur d\u2019\u00e9cran, appuyez sur Ctrl + Alt + Z<br\/>Pour en savoir plus sur les raccourcis clavier, appuyez sur Ctrl + barre oblique <\/p>\n\n<h3 class=\"wp-block-heading\"><strong>\u00c9tape 2 : Cr\u00e9er un nouveau notebook<\/strong><\/h3>\n\n<p class=\"\">Si vous n\u2019avez jamais utilis\u00e9 NotebookLM, nous vous recommandons de regarder les onze premi\u00e8res minutes de cette <a href=\"https:\/\/youtu.be\/px10ePAossA?si=vGYhhQeWKW0ioHLm\" target=\"_blank\" rel=\"noreferrer noopener\"><span class=\"gpc-text-color-primary\">vid\u00e9o explicative<\/span><\/a> pour d\u00e9butant\u00b7e\u00b7s.<\/p>\n\n<ol class=\"wp-block-list\">\n<li class=\"\">Cliquez sur <strong>\u00ab Nouveau Notebook \u00bb<\/strong> (New Notebook) et donnez-lui un nom (ex. : \u00ab Recherche sur les politiques du Parti vert \u00bb )<\/li>\n<\/ol>\n\n<h3 class=\"wp-block-heading\"><strong>\u00c9tape 3 : Ajouter des sources<\/strong><\/h3>\n\n<ul class=\"wp-block-list\">\n<li class=\"\">Cliquez sur \u00ab Ajouter des sources \u00bb (<strong>Add Sources<\/strong>).\n<ul class=\"wp-block-list\">\n<li class=\"\">Vous ajouterez des sources \u00e0 partir de deux emplacements : Google Drive et le site du Parti vert.<\/li>\n\n\n\n<li class=\"\">Tout ce que vous avez \u00e0 faire est de copier-coller les URL list\u00e9es ci-dessous dans NotebookLM.<\/li>\n<\/ul>\n<\/li>\n\n\n\n<li class=\"\">Pour ajouter des sources \u00e0 partir de <strong>Google Drive<\/strong>, s\u00e9lectionnez \u00ab Google Docs \u00bb dans la fen\u00eatre \u00ab Ajouter des sources (Add Sources) \u00bb.<\/li>\n<\/ul>\n\n<figure class=\"wp-block-image size-large is-resized\"><img loading=\"lazy\" decoding=\"async\" width=\"1024\" height=\"643\" src=\"https:\/\/cdn.greenparty.ca\/wp-content\/uploads\/2025\/04\/add-sources-1024x643.png\" alt=\"\" class=\"wp-image-16165\" style=\"width:790px;height:auto\" srcset=\"https:\/\/cdn.greenparty.ca\/wp-content\/uploads\/2025\/04\/add-sources-1024x643.png 1024w, https:\/\/cdn.greenparty.ca\/wp-content\/uploads\/2025\/04\/add-sources-300x188.png 300w, https:\/\/cdn.greenparty.ca\/wp-content\/uploads\/2025\/04\/add-sources-768x482.png 768w, https:\/\/cdn.greenparty.ca\/wp-content\/uploads\/2025\/04\/add-sources-1536x965.png 1536w, https:\/\/cdn.greenparty.ca\/wp-content\/uploads\/2025\/04\/add-sources.png 1600w\" sizes=\"auto, (max-width: 1024px) 100vw, 1024px\" \/><\/figure>\n\n<p class=\"\"><\/p>\n\n<ul class=\"wp-block-list\">\n<li class=\"\">\u00c0 l\u2019\u00e9cran suivant, copiez-collez les URL dans le champ pr\u00e9vu en haut.<\/li>\n<\/ul>\n\n<figure class=\"wp-block-image size-large is-resized\"><img loading=\"lazy\" decoding=\"async\" width=\"1024\" height=\"511\" src=\"https:\/\/cdn.greenparty.ca\/wp-content\/uploads\/2025\/04\/add-sources-URL-1024x511.png\" alt=\"\" class=\"wp-image-16163\" style=\"width:786px;height:auto\" srcset=\"https:\/\/cdn.greenparty.ca\/wp-content\/uploads\/2025\/04\/add-sources-URL-1024x511.png 1024w, https:\/\/cdn.greenparty.ca\/wp-content\/uploads\/2025\/04\/add-sources-URL-300x150.png 300w, https:\/\/cdn.greenparty.ca\/wp-content\/uploads\/2025\/04\/add-sources-URL-768x383.png 768w, https:\/\/cdn.greenparty.ca\/wp-content\/uploads\/2025\/04\/add-sources-URL-1536x766.png 1536w, https:\/\/cdn.greenparty.ca\/wp-content\/uploads\/2025\/04\/add-sources-URL.png 1600w\" sizes=\"auto, (max-width: 1024px) 100vw, 1024px\" \/><\/figure>\n\n<ul class=\"wp-block-list\">\n<li class=\"\">Pour ajouter des sources \u00e0 partir du <strong>site web du Parti vert<\/strong>, s\u00e9lectionnez \u00ab Google Docs \u00bb dans la fen\u00eatre \u00ab Ajouter des sources \u00bb (Add Sources).<\/li>\n<\/ul>\n\n<figure class=\"wp-block-image size-large is-resized\"><img loading=\"lazy\" decoding=\"async\" width=\"1024\" height=\"573\" src=\"https:\/\/cdn.greenparty.ca\/wp-content\/uploads\/2025\/04\/add-website-sources-1024x573.png\" alt=\"\" class=\"wp-image-16167\" style=\"width:788px;height:auto\" srcset=\"https:\/\/cdn.greenparty.ca\/wp-content\/uploads\/2025\/04\/add-website-sources-1024x573.png 1024w, https:\/\/cdn.greenparty.ca\/wp-content\/uploads\/2025\/04\/add-website-sources-300x168.png 300w, https:\/\/cdn.greenparty.ca\/wp-content\/uploads\/2025\/04\/add-website-sources-768x430.png 768w, https:\/\/cdn.greenparty.ca\/wp-content\/uploads\/2025\/04\/add-website-sources-1536x859.png 1536w, https:\/\/cdn.greenparty.ca\/wp-content\/uploads\/2025\/04\/add-website-sources.png 1600w\" sizes=\"auto, (max-width: 1024px) 100vw, 1024px\" \/><\/figure>\n\n<ul class=\"wp-block-list\">\n<li class=\"\">Puis copiez-collez l\u2019URL du communiqu\u00e9 de presse dans le champ \u00e0 l\u2019\u00e9cran suivant :<\/li>\n<\/ul>\n\n<figure class=\"wp-block-image size-large is-resized\"><img loading=\"lazy\" decoding=\"async\" width=\"1024\" height=\"289\" src=\"https:\/\/cdn.greenparty.ca\/wp-content\/uploads\/2025\/04\/paste-press-release-URL-1-1024x289.png\" alt=\"\" class=\"wp-image-16175\" style=\"width:787px;height:auto\" srcset=\"https:\/\/cdn.greenparty.ca\/wp-content\/uploads\/2025\/04\/paste-press-release-URL-1-1024x289.png 1024w, https:\/\/cdn.greenparty.ca\/wp-content\/uploads\/2025\/04\/paste-press-release-URL-1-300x85.png 300w, https:\/\/cdn.greenparty.ca\/wp-content\/uploads\/2025\/04\/paste-press-release-URL-1-768x217.png 768w, https:\/\/cdn.greenparty.ca\/wp-content\/uploads\/2025\/04\/paste-press-release-URL-1-1536x434.png 1536w, https:\/\/cdn.greenparty.ca\/wp-content\/uploads\/2025\/04\/paste-press-release-URL-1.png 1600w\" sizes=\"auto, (max-width: 1024px) 100vw, 1024px\" \/><\/figure>\n\n<p class=\"\"><\/p>\n\n<h4 class=\"wp-block-heading\"><strong>Liens vers les sources :<\/strong><\/h4>\n\n<p class=\"\">Copiez-collez ces URL dans votre notebook.<\/p>\n\n<ul class=\"wp-block-list\">\n<li class=\"\"><strong>Livre des politiques du Parti vert<\/strong>\n<ul class=\"wp-block-list\">\n<li class=\"\"><a href=\"https:\/\/docs.google.com\/document\/d\/1Zsn25NhDnaK8fm-Ihpoqk7pbPSjqVbr-Q8-2CkAwEIQ\/edit?tab=t.0\" target=\"_blank\" rel=\"noreferrer noopener\"><span class=\"gpc-text-color-primary\">https:\/\/docs.google.com\/document\/d\/1Zsn25NhDnaK8fm-Ihpoqk7pbPSjqVbr-Q8-2CkAwEIQ\/edit?tab=t.0<\/span><\/a><\/li>\n<\/ul>\n<\/li>\n\n\n\n<li class=\"\"><strong><strong>Prot\u00e9ger le Canada<\/strong><\/strong>\n<ul class=\"wp-block-list\">\n<li class=\"\"><a href=\"https:\/\/cdn.greenparty.ca\/wp-content\/uploads\/2025\/02\/Protecting-Canada-FR_3.pdf\" target=\"_blank\" rel=\"noreferrer noopener\"><span class=\"gpc-text-color-primary\">https:\/\/www.greenparty.ca\/wp-content\/uploads\/2025\/02\/Protecting-Canada-FR_3.pdf<\/span><\/a><\/li>\n<\/ul>\n<\/li>\n\n\n\n<li class=\"\"><strong>Notes d&rsquo;information<\/strong>\n<ul class=\"wp-block-list\">\n<li class=\"\"><a href=\"https:\/\/docs.google.com\/document\/d\/1ISvtGpqtN4K-qruaiCA6dF1AV-IF__d2jeDtZST_gkY\/edit?tab=t.0#heading=h.s4a5yxrbnd4i\" target=\"_blank\" rel=\"noreferrer noopener\"><span class=\"gpc-text-color-primary\">https:\/\/docs.google.com\/document\/d\/1ISvtGpqtN4K-qruaiCA6dF1AV-IF__d2jeDtZST_gkY\/edit?tab=t.0#heading=h.s4a5yxrbnd4i<\/span><\/a><\/li>\n\n\n\n<li class=\"\"><a href=\"https:\/\/docs.google.com\/document\/d\/1wZwUNvscJrPa2dp4ZIYqe0N6d5nkG16b8_uGrlUTNwk\/edit?tab=t.0#heading=h.iul8x8vucemm\" target=\"_blank\" rel=\"noreferrer noopener\"><span class=\"gpc-text-color-primary\">https:\/\/docs.google.com\/document\/d\/1wZwUNvscJrPa2dp4ZIYqe0N6d5nkG16b8_uGrlUTNwk\/edit?tab=t.0#heading=h.iul8x8vucemm<\/span><\/a><\/li>\n\n\n\n<li class=\"\"><a href=\"https:\/\/docs.google.com\/document\/d\/1cxE1KO7XYAqg7UZqJTcS618oaZv1EX-zxj24032-4pY\/edit?tab=t.0#heading=h.8yeacn8vmlrv\" target=\"_blank\" rel=\"noreferrer noopener\"><span class=\"gpc-text-color-primary\">https:\/\/docs.google.com\/document\/d\/1cxE1KO7XYAqg7UZqJTcS618oaZv1EX-zxj24032-4pY\/edit?tab=t.0#heading=h.8yeacn8vmlrv<\/span><\/a><\/li>\n<\/ul>\n<\/li>\n<\/ul>\n\n<ul class=\"wp-block-list\">\n<li class=\"\"><strong>Notre plan<\/strong>\n<ul class=\"wp-block-list\">\n<li class=\"\"><a href=\"https:\/\/www.greenparty.ca\/fr\/nos-plans\/logement-abordable\" target=\"_blank\" rel=\"noreferrer noopener\"><span class=\"gpc-text-color-primary\">https:\/\/www.greenparty.ca\/fr\/nos-plans\/logement-abordable<\/span><\/a><\/li>\n\n\n\n<li class=\"\"><a href=\"https:\/\/www.greenparty.ca\/fr\/nos-plans\/prendre-soin-des-canadiens\" target=\"_blank\" rel=\"noreferrer noopener\"><span class=\"gpc-text-color-primary\">https:\/\/www.greenparty.ca\/fr\/nos-plans\/prendre-soin-des-canadiens<\/span><\/a><\/li>\n\n\n\n<li class=\"\"><a href=\"https:\/\/www.greenparty.ca\/fr\/nos-plans\/action-climatique\" target=\"_blank\" rel=\"noreferrer noopener\"><span class=\"gpc-text-color-primary\">https:\/\/www.greenparty.ca\/fr\/nos-plans\/action-climatique<\/span><\/a><\/li>\n\n\n\n<li class=\"\"><a href=\"https:\/\/www.greenparty.ca\/fr\/nos-plans\/justice-handicap\" target=\"_blank\" rel=\"noreferrer noopener\"><span class=\"gpc-text-color-primary\">https:\/\/www.greenparty.ca\/fr\/nos-plans\/justice-handicap<\/span><\/a><\/li>\n\n\n\n<li class=\"\"><a href=\"https:\/\/www.greenparty.ca\/fr\/nos-plans\/preparation-aux-urgences\" target=\"_blank\" rel=\"noreferrer noopener\"><span class=\"gpc-text-color-primary\">https:\/\/www.greenparty.ca\/fr\/nos-plans\/preparation-aux-urgences<\/span><\/a><\/li>\n\n\n\n<li class=\"\"><a href=\"https:\/\/www.greenparty.ca\/fr\/nos-plans\/imposition-equitable\" target=\"_blank\" rel=\"noreferrer noopener\"><span class=\"gpc-text-color-primary\">https:\/\/www.greenparty.ca\/fr\/nos-plans\/imposition-equitable<\/span><\/a><\/li>\n\n\n\n<li class=\"\"><a href=\"https:\/\/www.greenparty.ca\/fr\/nos-plans\/economie-verte\" target=\"_blank\" rel=\"noreferrer noopener\"><span class=\"gpc-text-color-primary\">https:\/\/www.greenparty.ca\/fr\/nos-plans\/economie-verte<\/span><\/a><\/li>\n\n\n\n<li class=\"\"><a href=\"https:\/\/www.greenparty.ca\/fr\/nos-plans\/reconciliation-autochtone\" target=\"_blank\" rel=\"noreferrer noopener\"><span class=\"gpc-text-color-primary\">https:\/\/www.greenparty.ca\/fr\/nos-plans\/reconciliation-autochtone<\/span><\/a><\/li>\n\n\n\n<li class=\"\"><a href=\"https:\/\/www.greenparty.ca\/fr\/nos-plans\/sante\" target=\"_blank\" rel=\"noreferrer noopener\"><span class=\"gpc-text-color-primary\">https:\/\/www.greenparty.ca\/fr\/nos-plans\/sante<\/span><\/a><\/li>\n\n\n\n<li class=\"\"><a href=\"https:\/\/www.greenparty.ca\/fr\/nos-plans\/paix-securite\" target=\"_blank\" rel=\"noreferrer noopener\"><span class=\"gpc-text-color-primary\">https:\/\/www.greenparty.ca\/fr\/nos-plans\/paix-securite<\/span><\/a><\/li>\n\n\n\n<li class=\"\"><a href=\"https:\/\/www.greenparty.ca\/fr\/nos-plans\/fin-a-la-haine\" target=\"_blank\" rel=\"noreferrer noopener\"><span class=\"gpc-text-color-primary\">https:\/\/www.greenparty.ca\/fr\/nos-plans\/fin-a-la-haine<\/span><\/a><\/li>\n\n\n\n<li class=\"\"><a href=\"https:\/\/www.greenparty.ca\/fr\/nos-plans\/democratie-forte\" target=\"_blank\" rel=\"noreferrer noopener\"><span class=\"gpc-text-color-primary\">https:\/\/www.greenparty.ca\/fr\/nos-plans\/democratie-forte<\/span><\/a><\/li>\n<\/ul>\n<\/li>\n<\/ul>\n\n<p class=\"\"><strong>Autres sources :<\/strong><\/p>\n\n<ul class=\"wp-block-list\">\n<li class=\"\">Les communiqu\u00e9s et d\u00e9clarations du Parti vert sont aussi des sources importantes d\u2019information. Pour savoir si le sujet de politique que vous recherchez a \u00e9t\u00e9 couvert par un communiqu\u00e9 de presse ou une d\u00e9claration, utilisez la fonction de recherche cibl\u00e9e de Google pour chercher dans le site du Parti vert. Voici \u00e0 quoi votre requ\u00eate devrait ressembler : <mark style=\"background-color:#ffd61c\" class=\"has-inline-color\"><a href=\"https:\/\/www.greenparty.ca\"><span class=\"gpc-text-color-primary\"><strong>www.greenparty.ca<\/strong><\/span><\/a>, votre sujet<\/mark>  <\/li>\n\n\n\n<li class=\"\">Si vous ne trouvez toujours pas ce que vous cherchez, essayez avec cette requ\u00eate sur Google : <mark style=\"background-color:#ffd61c\" class=\"has-inline-color\">Elizabeth May, votre sujet<\/mark><\/li>\n<\/ul>\n\n<h3 class=\"wp-block-heading\"><strong>\u00c9tape 4 : Poser des questions et trouver de l\u2019information<\/strong><\/h3>\n\n<ol class=\"wp-block-list\">\n<li class=\"\">Utilisez la bo\u00eete de dialogue (<strong>Chat Box<\/strong>) pour poser des questions li\u00e9es aux politiques (ex. : \u00ab Quelle est la position du Parti vert sur le logement abordable? \u00bb).<\/li>\n\n\n\n<li class=\"\">NotebookLM effectuera une recherche dans vos sources import\u00e9es et fournira des <strong>r\u00e9ponses factuelles<\/strong> avec des citations.<\/li>\n\n\n\n<li class=\"\">Cliquez sur les citations pour <strong>v\u00e9rifier les sources<\/strong> ou <strong>reformulez votre question<\/strong> si n\u00e9cessaire.<\/li>\n<\/ol>\n\n<h3 class=\"wp-block-heading\">\u00c9tape 5 : Organiser et sauvegarder les notes cl\u00e9s<\/h3>\n\n<ul class=\"wp-block-list\">\n<li class=\"\">Cliquez sur \u00ab Enregistrer dans les notes \u00bb (<strong>Save to Notes<\/strong>) pour les r\u00e9ponses importantes que vous pourriez vouloir r\u00e9utiliser.<\/li>\n\n\n\n<li class=\"\">Vous pouvez cr\u00e9er des <strong>carnets s\u00e9par\u00e9s<\/strong> selon les sujets (ex. : \u00ab Politique climatique \u00bb, \u00ab Soins de sant\u00e9 \u00bb, \u00ab Logement \u00bb).<\/li>\n\n\n\n<li class=\"\">Utilisez les outils de r\u00e9sum\u00e9 et de surlignement (<strong>summary et highlight tools<\/strong>) de NotebookLM pour balayer rapidement les points cl\u00e9s.<\/li>\n<\/ul>\n\n<h3 class=\"wp-block-heading\">\u00c9tape 6 : Transformer les politiques en r\u00e9ponses claires et engageantes<\/h3>\n\n<p class=\"\">NotebookLM vous aide \u00e0 trouver des r\u00e9ponses, mais <strong>c\u2019est \u00e0 vous de les communiquer clairement.<\/strong> \u00c9vitez de reprendre le langage politique complexe \u2014 <strong>traduisez-le en mots simples<\/strong> que les \u00e9lecteur\u00b7rice\u00b7s comprennent.<\/p>\n\n<p class=\"\"><strong>Simplifier les points cl\u00e9s :<\/strong><\/p>\n\n<ul class=\"wp-block-list\">\n<li class=\"\"><strong>Avant :<\/strong> <em>\u00ab Le Parti vert soutient une \u00e9conomie d\u00e9carbon\u00e9e et r\u00e9g\u00e9n\u00e9ratrice gr\u00e2ce \u00e0 des mesures r\u00e9glementaires ambitieuses et des programmes de transition juste. \u00bb<\/em><\/li>\n\n\n\n<li class=\"\"><strong>Apr\u00e8s :<\/strong><em> \u00ab Nous investirons dans les \u00e9nergies propres et aiderons les travailleur\u00b7se\u00b7s \u00e0 passer \u00e0 des emplois verts bien r\u00e9mun\u00e9r\u00e9s. \u00bb<\/em><\/li>\n<\/ul>\n\n<p class=\"\"><strong>Mettez l\u2019accent sur l\u2019impact dans la vraie vie :<\/strong><\/p>\n\n<ul class=\"wp-block-list\">\n<li class=\"\"><strong>Avant :<\/strong> <em>\u00ab Notre politique en mati\u00e8re de logement priorise les mod\u00e8les coop\u00e9ratifs et non marchands pour contrer les investissements sp\u00e9culatifs. \u00bb<\/em><\/li>\n\n\n\n<li class=\"\"><strong>Apr\u00e8s : <\/strong><em>\u00ab Nous construirons des logements abordables d\u00e9tenus par des organismes \u00e0 but non lucratif, pour que les gens ne soient pas \u00e0 la merci des propri\u00e9taires corporatifs. \u00bb<\/em><\/li>\n<\/ul>\n\n<p class=\"\"><strong>Utilisez le test du \u201cEt alors?\u201d :<\/strong><\/p>\n\n<ul class=\"wp-block-list\">\n<li class=\"\">Si un\u00b7e \u00e9lecteur\u00b7rice demande <em>\u00ab Pourquoi est-ce important pour moi? \u00bb<\/em>, assurez-vous que votre r\u00e9ponse explique comment cette politique s\u2019applique concr\u00e8tement \u00e0 leur <strong>quotidien<\/strong>.<\/li>\n<\/ul>\n\n<p class=\"\"><strong>Astuce :<\/strong> entra\u00eenez-vous \u00e0 transformer les politiques en <strong>r\u00e9ponses conversationnelles<\/strong> \u2013 imaginez que vous devez les expliquer \u00e0 un\u00b7e ami\u00b7e, pas que vous r\u00e9digez un m\u00e9moire!<\/p>\n","protected":false},"excerpt":{"rendered":"<p>Configuration de NotebookLM pour les candidat\u00b7e\u00b7s du Parti vert NotebookLM est un outil d\u2019intelligence artificielle qui permet de rechercher de l\u2019information dans des sources s\u00e9lectionn\u00e9es. Cet outil facilite l\u2019acc\u00e8s \u00e0 [&hellip;]<\/p>\n","protected":false},"author":63,"featured_media":0,"parent":10079,"menu_order":0,"comment_status":"closed","ping_status":"closed","template":"","meta":{"_acf_changed":false,"inline_featured_image":false,"site-sidebar-layout":"default","site-content-layout":"","ast-site-content-layout":"default","site-content-style":"default","site-sidebar-style":"default","ast-global-header-display":"","ast-banner-title-visibility":"","ast-main-header-display":"","ast-hfb-above-header-display":"","ast-hfb-below-header-display":"","ast-hfb-mobile-header-display":"","site-post-title":"","ast-breadcrumbs-content":"","ast-featured-img":"","footer-sml-layout":"","ast-disable-related-posts":"","theme-transparent-header-meta":"","adv-header-id-meta":"","stick-header-meta":"","header-above-stick-meta":"","header-main-stick-meta":"","header-below-stick-meta":"","astra-migrate-meta-layouts":"default","ast-page-background-enabled":"default","ast-page-background-meta":{"desktop":{"background-color":"var(--ast-global-color-5)","background-image":"","background-repeat":"repeat","background-position":"center center","background-size":"auto","background-attachment":"scroll","background-type":"","background-media":"","overlay-type":"","overlay-color":"","overlay-opacity":"","overlay-gradient":""},"tablet":{"background-color":"","background-image":"","background-repeat":"repeat","background-position":"center center","background-size":"auto","background-attachment":"scroll","background-type":"","background-media":"","overlay-type":"","overlay-color":"","overlay-opacity":"","overlay-gradient":""},"mobile":{"background-color":"","background-image":"","background-repeat":"repeat","background-position":"center center","background-size":"auto","background-attachment":"scroll","background-type":"","background-media":"","overlay-type":"","overlay-color":"","overlay-opacity":"","overlay-gradient":""}},"ast-content-background-meta":{"desktop":{"background-color":"var(--ast-global-color-4)","background-image":"","background-repeat":"repeat","background-position":"center center","background-size":"auto","background-attachment":"scroll","background-type":"","background-media":"","overlay-type":"","overlay-color":"","overlay-opacity":"","overlay-gradient":""},"tablet":{"background-color":"var(--ast-global-color-4)","background-image":"","background-repeat":"repeat","background-position":"center center","background-size":"auto","background-attachment":"scroll","background-type":"","background-media":"","overlay-type":"","overlay-color":"","overlay-opacity":"","overlay-gradient":""},"mobile":{"background-color":"var(--ast-global-color-4)","background-image":"","background-repeat":"repeat","background-position":"center center","background-size":"auto","background-attachment":"scroll","background-type":"","background-media":"","overlay-type":"","overlay-color":"","overlay-opacity":"","overlay-gradient":""}},"_price":"","_stock":"","_tribe_ticket_header":"","_tribe_default_ticket_provider":"","_tribe_ticket_capacity":"0","_ticket_start_date":"","_ticket_end_date":"","_tribe_ticket_show_description":"","_tribe_ticket_show_not_going":false,"_tribe_ticket_use_global_stock":"","_tribe_ticket_global_stock_level":"","_global_stock_mode":"","_global_stock_cap":"","_tribe_rsvp_for_event":"","_tribe_ticket_going_count":"","_tribe_ticket_not_going_count":"","_tribe_tickets_list":"[]","_tribe_ticket_has_attendee_info_fields":false,"footnotes":"","_tec_slr_enabled":"","_tec_slr_layout":""},"class_list":["post-12990","page","type-page","status-publish","hentry"],"acf":[],"ticketed":false,"_links":{"self":[{"href":"https:\/\/www.greenparty.ca\/fr\/wp-json\/wp\/v2\/pages\/12990","targetHints":{"allow":["GET"]}}],"collection":[{"href":"https:\/\/www.greenparty.ca\/fr\/wp-json\/wp\/v2\/pages"}],"about":[{"href":"https:\/\/www.greenparty.ca\/fr\/wp-json\/wp\/v2\/types\/page"}],"author":[{"embeddable":true,"href":"https:\/\/www.greenparty.ca\/fr\/wp-json\/wp\/v2\/users\/63"}],"replies":[{"embeddable":true,"href":"https:\/\/www.greenparty.ca\/fr\/wp-json\/wp\/v2\/comments?post=12990"}],"version-history":[{"count":6,"href":"https:\/\/www.greenparty.ca\/fr\/wp-json\/wp\/v2\/pages\/12990\/revisions"}],"predecessor-version":[{"id":16213,"href":"https:\/\/www.greenparty.ca\/fr\/wp-json\/wp\/v2\/pages\/12990\/revisions\/16213"}],"up":[{"embeddable":true,"href":"https:\/\/www.greenparty.ca\/fr\/wp-json\/wp\/v2\/pages\/10079"}],"wp:attachment":[{"href":"https:\/\/www.greenparty.ca\/fr\/wp-json\/wp\/v2\/media?parent=12990"}],"curies":[{"name":"wp","href":"https:\/\/api.w.org\/{rel}","templated":true}]}}