{"id":12457,"date":"2025-03-21T18:14:45","date_gmt":"2025-03-21T22:14:45","guid":{"rendered":"https:\/\/www.greenparty.ca\/?page_id=12457"},"modified":"2025-04-07T18:23:50","modified_gmt":"2025-04-07T22:23:50","slug":"brochures","status":"publish","type":"page","link":"https:\/\/www.greenparty.ca\/fr\/bibliotheque-campagne\/brochures","title":{"rendered":"Brochures"},"content":{"rendered":"\n<h3 class=\"wp-block-heading\"><span class=\"gpc-text-color-primary\">\u00c9TAPE 1<\/span>: <strong>Choisissez votre mod\u00e8le.<\/strong><\/h3>\n\n<p class=\"\"><\/p>\n\n<p class=\"\">\n          <span class=\"gpc-text-color-dark\">T\u00e9l\u00e9charger nos mod\u00e8les de brochures en cliquant sur les liens ci-dessous. Les mod\u00e8les seront t\u00e9l\u00e9charg\u00e9s sous la forme d\u2019un <strong>dossier Zip condens\u00e9<\/strong>, que vous pourrez envoyer \u00e0 votre imprimerie locale avec les informations relatives \u00e0 votre candidat. <\/span>\n        <\/p>\n\n<div style=\"height:25px\" aria-hidden=\"true\" class=\"wp-block-spacer\"><\/div>\n\n<div class=\"wp-block-columns is-layout-flex wp-container-core-columns-is-layout-28f84493 wp-block-columns-is-layout-flex\">\n<div class=\"wp-block-column is-layout-flow wp-block-column-is-layout-flow\">\n<figure class=\"wp-block-image size-large has-custom-border\"><img decoding=\"async\" src=\"https:\/\/cdn.greenparty.ca\/wp-content\/uploads\/2025\/03\/GP_Brochure_EN_11x8.5_Z-Fold-Side1.png\" alt=\"\" class=\"has-border-color has-gpc-color-white-border-color\" style=\"border-width:4px\"\/><\/figure>\n\n\n\n<figure class=\"wp-block-image size-large\"><img decoding=\"async\" src=\"https:\/\/cdn.greenparty.ca\/wp-content\/uploads\/2025\/03\/GP_Brochure_EN_11x8.5_Z-Fold-Side2.png\" alt=\"\"\/><\/figure>\n\n\n\n<p class=\"has-text-align-center\">\n          <strong>\n            <a href=\"https:\/\/www.greenparty.ca\/wp-content\/uploads\/2025\/03\/GP_Brochure_EN_11x8.5_Z-Fold.zip\" data-type=\"attachment\" data-id=\"9864\" target=\"_blank\" rel=\"noreferrer noopener\">\n              <span class=\"gpc-text-color-primary\">T\u00e9l\u00e9chargez ce mod\u00e8le<\/span>\n            <\/a>\n          <\/strong>\n        <\/p>\n<\/div>\n<\/div>\n\n<p class=\"\"><\/p>\n\n<div class=\"wp-block-columns is-layout-flex wp-container-core-columns-is-layout-28f84493 wp-block-columns-is-layout-flex\">\n<div class=\"wp-block-column is-layout-flow wp-block-column-is-layout-flow\">\n<figure class=\"wp-block-image size-large has-custom-border\"><img decoding=\"async\" src=\"https:\/\/cdn.greenparty.ca\/wp-content\/uploads\/2025\/03\/GP_Brochure_FR_11x8.5_Z-Fold-Side1.png\" alt=\"\" class=\"has-border-color has-gpc-color-white-border-color\" style=\"border-width:4px\"\/><\/figure>\n\n\n\n<figure class=\"wp-block-image size-large\"><img decoding=\"async\" src=\"https:\/\/cdn.greenparty.ca\/wp-content\/uploads\/2025\/03\/GP_Brochure_FR_11x8.5_Z-Fold-Side2.png\" alt=\"\"\/><\/figure>\n\n\n\n<p class=\"has-text-align-center\">\n          <strong>\n            <a href=\"https:\/\/www.greenparty.ca\/wp-content\/uploads\/2025\/03\/GP_Brochure_FR_11x8.5_Z-Fold.zip\" data-type=\"attachment\" data-id=\"9864\" target=\"_blank\" rel=\"noreferrer noopener\">\n              <span class=\"gpc-text-color-primary\">T\u00e9l\u00e9chargez ce mod\u00e8le<\/span>\n            <\/a>\n          <\/strong>\n        <\/p>\n<\/div>\n<\/div>\n\n<p class=\"\"><\/p>\n\n<div class=\"wp-block-columns is-layout-flex wp-container-core-columns-is-layout-28f84493 wp-block-columns-is-layout-flex\">\n<div class=\"wp-block-column is-layout-flow wp-block-column-is-layout-flow\">\n<figure class=\"wp-block-image size-large has-custom-border\"><img decoding=\"async\" src=\"https:\/\/cdn.greenparty.ca\/wp-content\/uploads\/2025\/03\/GP_Brochure_BI_11x8.5_Z-Fold-Side1.png\" alt=\"\" class=\"has-border-color has-gpc-color-white-border-color\" style=\"border-width:4px\"\/><\/figure>\n\n\n\n<figure class=\"wp-block-image size-large\"><img decoding=\"async\" src=\"https:\/\/cdn.greenparty.ca\/wp-content\/uploads\/2025\/03\/GP_Brochure_BI_11x8.5_Z-Fold-Side2.png\" alt=\"\"\/><\/figure>\n\n\n\n<p class=\"has-text-align-center\">\n          <strong>\n            <a href=\"https:\/\/www.greenparty.ca\/wp-content\/uploads\/2025\/03\/GP_Brochure_BI_11x8.5_Z-Fold.zip\" data-type=\"attachment\" data-id=\"9864\" target=\"_blank\" rel=\"noreferrer noopener\">\n              <span class=\"gpc-text-color-primary\">T\u00e9l\u00e9chargez ce mod\u00e8le<\/span>\n            <\/a>\n          <\/strong>\n        <\/p>\n<\/div>\n<\/div>\n\n<div style=\"height:40px\" aria-hidden=\"true\" class=\"wp-block-spacer\"><\/div>\n\n<h3 class=\"wp-block-heading\"><span class=\"gpc-text-color-primary\">\u00c9TAPE 2<\/span>: <strong><strong>Trouvez une imprimerie locale qui propose des brochures.<\/strong><\/strong><\/h3>\n\n<p class=\"\"><\/p>\n\n<p class=\"\">Pour trouver une imprimerie locale qui propose des brochures, allez sur Google et cherchez des termes tels que <strong>\u00ab impression de brochures pr\u00e8s de chez moi \u00bb<\/strong> ou <strong>\u00ab brochures personnalis\u00e9es [votre ville] \u00bb<\/strong>. Consultez les r\u00e9sultats de Google Maps pour trouver les entreprises les plus proches, lisez les commentaires et visitez leurs sites web pour conna\u00eetre leurs tarifs. <\/p>\n\n<h3 class=\"wp-block-heading\">\u00c9TAPE 3: <strong>T\u00e9l\u00e9chargez et envoyez \u00e0 l&rsquo;imprimerie avec vos informations.<\/strong><\/h3>\n\n<p class=\"\"><\/p>\n\n<ul class=\"wp-block-list\">\n<li class=\"\">\n          <strong>Nom complet<\/strong>\n        <\/li>\n\n\n\n<li class=\"\">\n          <strong>Circonscription<\/strong>\n        <\/li>\n\n\n\n<li class=\"\">\n          <strong>Votre \u00e9nonc\u00e9 d&rsquo;autorisation<\/strong>\n        <\/li>\n\n\n\n<li class=\"\"><strong>Votre photo<\/strong> (si vous choisissez ce mod\u00e8le)\n<ul class=\"wp-block-list\">\n<li class=\"\">Fichier PNG ou PSD (important pour la transparence)<\/li>\n\n\n\n<li class=\"\">Seul le portrait du candidat doit \u00eatre visible; le fond doit \u00eatre d\u00e9coup\u00e9 autour de lui et transparent (pas blanc!)<\/li>\n\n\n\n<li class=\"\">Taille minimum : 2000px<\/li>\n\n\n\n<li class=\"\">Minimum de 160ppi<\/li>\n<\/ul>\n<\/li>\n<\/ul>\n\n<p class=\"\"><strong>Quantit\u00e9 :<\/strong> Pour obtenir le meilleur prix unitaire, nous recommandons de commander tous les panneaux en une seule fois. Si vous n\u2019\u00eates pas s\u00fbr du nombre de panneaux \u00e0 commander, contactez notre \u00e9quipe de mobilisation \u00e0 l\u2019adresse <strong><a href=\"mailto:support@greenparty.ca\"><span class=\"gpc-text-color-primary\">support@greenparty.ca<\/span><\/a><\/strong>.  Astuce &#8211; Si vous menez une petite campagne, 250 brochures suffisent.<\/p>\n\n<p class=\"\"><strong>Comment cr\u00e9er un code QR personnalis\u00e9 <\/strong>: Utilisez ce <a href=\"https:\/\/freestaticqr.com\/website\" data-type=\"link\" data-id=\"https:\/\/qr.io\/\" target=\"_blank\" rel=\"noreferrer noopener\"><strong><span class=\"gpc-text-color-primary\">g\u00e9n\u00e9rateur de code QR gratuit en ligne<\/span><\/strong><\/a>. Saisissez simplement l\u2019URL vers laquelle le code doit renvoyer (votre <strong><a href=\"https:\/\/www.greenparty.ca\/fr\/candidates\" data-type=\"page\" data-id=\"5483\"><span class=\"gpc-text-color-primary\">page de candidat ici<\/span><\/a><\/strong> ou votre propre site web). Une fois que vous avez termin\u00e9, t\u00e9l\u00e9chargez le code QR au format PNG. Testez toujours le code QR avant de le partager pour vous assurer qu\u2019il se scanne correctement.   <\/p>\n\n<h3 class=\"wp-block-heading\">\u00c9TAPE 4: <strong>Demandez \u00e0 l&rsquo;imprimerie des \u00e9preuves et un d\u00e9lai.<\/strong><\/h3>\n\n<p class=\"\"><\/p>\n\n<p class=\"\">Une fois que vous \u00eates satisfait des \u00e9preuves, approuvez les designs et attendez votre mat\u00e9riel vert. Si vous avez besoin d&rsquo;aide avec nos produits de campagne, veuillez nous contacter \u00e0 <a href=\"mailto:comms@greenparty.ca\"><strong><span class=\"gpc-text-color-primary\">comms@greenparty.ca<\/span><\/strong><\/a>. <\/p>\n\n<div style=\"height:60px\" aria-hidden=\"true\" class=\"wp-block-spacer\"><\/div>\n\n<div class=\"wp-block-buttons is-layout-flex wp-block-buttons-is-layout-flex\">\n<div class=\"wp-block-button\"><a class=\"wp-block-button__link wp-element-button\" href=\"https:\/\/www.greenparty.ca\/fr\/bibliotheque-campagne\">Retourner \u00e0 la biblioth\u00e8que de campagne<\/a><\/div>\n<\/div>\n\n<p class=\"\"><\/p>\n","protected":false},"excerpt":{"rendered":"<p>\u00c9TAPE 1: Choisissez votre mod\u00e8le. T\u00e9l\u00e9charger nos mod\u00e8les de brochures en cliquant sur les liens ci-dessous. Les mod\u00e8les seront t\u00e9l\u00e9charg\u00e9s sous la forme d\u2019un dossier Zip condens\u00e9, que vous pourrez [&hellip;]<\/p>\n","protected":false},"author":63,"featured_media":0,"parent":10079,"menu_order":0,"comment_status":"closed","ping_status":"closed","template":"","meta":{"_acf_changed":false,"inline_featured_image":false,"site-sidebar-layout":"default","site-content-layout":"","ast-site-content-layout":"default","site-content-style":"default","site-sidebar-style":"default","ast-global-header-display":"","ast-banner-title-visibility":"","ast-main-header-display":"","ast-hfb-above-header-display":"","ast-hfb-below-header-display":"","ast-hfb-mobile-header-display":"","site-post-title":"","ast-breadcrumbs-content":"","ast-featured-img":"","footer-sml-layout":"","ast-disable-related-posts":"","theme-transparent-header-meta":"","adv-header-id-meta":"","stick-header-meta":"","header-above-stick-meta":"","header-main-stick-meta":"","header-below-stick-meta":"","astra-migrate-meta-layouts":"default","ast-page-background-enabled":"default","ast-page-background-meta":{"desktop":{"background-color":"var(--ast-global-color-5)","background-image":"","background-repeat":"repeat","background-position":"center center","background-size":"auto","background-attachment":"scroll","background-type":"","background-media":"","overlay-type":"","overlay-color":"","overlay-opacity":"","overlay-gradient":""},"tablet":{"background-color":"","background-image":"","background-repeat":"repeat","background-position":"center center","background-size":"auto","background-attachment":"scroll","background-type":"","background-media":"","overlay-type":"","overlay-color":"","overlay-opacity":"","overlay-gradient":""},"mobile":{"background-color":"","background-image":"","background-repeat":"repeat","background-position":"center center","background-size":"auto","background-attachment":"scroll","background-type":"","background-media":"","overlay-type":"","overlay-color":"","overlay-opacity":"","overlay-gradient":""}},"ast-content-background-meta":{"desktop":{"background-color":"var(--ast-global-color-4)","background-image":"","background-repeat":"repeat","background-position":"center center","background-size":"auto","background-attachment":"scroll","background-type":"","background-media":"","overlay-type":"","overlay-color":"","overlay-opacity":"","overlay-gradient":""},"tablet":{"background-color":"var(--ast-global-color-4)","background-image":"","background-repeat":"repeat","background-position":"center center","background-size":"auto","background-attachment":"scroll","background-type":"","background-media":"","overlay-type":"","overlay-color":"","overlay-opacity":"","overlay-gradient":""},"mobile":{"background-color":"var(--ast-global-color-4)","background-image":"","background-repeat":"repeat","background-position":"center center","background-size":"auto","background-attachment":"scroll","background-type":"","background-media":"","overlay-type":"","overlay-color":"","overlay-opacity":"","overlay-gradient":""}},"_price":"","_stock":"","_tribe_ticket_header":"","_tribe_default_ticket_provider":"","_tribe_ticket_capacity":"0","_ticket_start_date":"","_ticket_end_date":"","_tribe_ticket_show_description":"","_tribe_ticket_show_not_going":false,"_tribe_ticket_use_global_stock":"","_tribe_ticket_global_stock_level":"","_global_stock_mode":"","_global_stock_cap":"","_tribe_rsvp_for_event":"","_tribe_ticket_going_count":"","_tribe_ticket_not_going_count":"","_tribe_tickets_list":"[]","_tribe_ticket_has_attendee_info_fields":false,"footnotes":"","_tec_slr_enabled":"","_tec_slr_layout":""},"class_list":["post-12457","page","type-page","status-publish","hentry"],"acf":[],"ticketed":false,"_links":{"self":[{"href":"https:\/\/www.greenparty.ca\/fr\/wp-json\/wp\/v2\/pages\/12457","targetHints":{"allow":["GET"]}}],"collection":[{"href":"https:\/\/www.greenparty.ca\/fr\/wp-json\/wp\/v2\/pages"}],"about":[{"href":"https:\/\/www.greenparty.ca\/fr\/wp-json\/wp\/v2\/types\/page"}],"author":[{"embeddable":true,"href":"https:\/\/www.greenparty.ca\/fr\/wp-json\/wp\/v2\/users\/63"}],"replies":[{"embeddable":true,"href":"https:\/\/www.greenparty.ca\/fr\/wp-json\/wp\/v2\/comments?post=12457"}],"version-history":[{"count":3,"href":"https:\/\/www.greenparty.ca\/fr\/wp-json\/wp\/v2\/pages\/12457\/revisions"}],"predecessor-version":[{"id":15696,"href":"https:\/\/www.greenparty.ca\/fr\/wp-json\/wp\/v2\/pages\/12457\/revisions\/15696"}],"up":[{"embeddable":true,"href":"https:\/\/www.greenparty.ca\/fr\/wp-json\/wp\/v2\/pages\/10079"}],"wp:attachment":[{"href":"https:\/\/www.greenparty.ca\/fr\/wp-json\/wp\/v2\/media?parent=12457"}],"curies":[{"name":"wp","href":"https:\/\/api.w.org\/{rel}","templated":true}]}}