{"id":12356,"date":"2025-03-20T17:34:40","date_gmt":"2025-03-20T21:34:40","guid":{"rendered":"https:\/\/www.greenparty.ca\/?page_id=12356"},"modified":"2025-04-05T14:33:00","modified_gmt":"2025-04-05T18:33:00","slug":"panneaux-de-protestation","status":"publish","type":"page","link":"https:\/\/www.greenparty.ca\/fr\/bibliotheque-campagne\/panneaux-de-protestation","title":{"rendered":"Panneaux de protestation"},"content":{"rendered":"\n<h3 class=\"wp-block-heading\"><span class=\"gpc-text-color-primary\">\u00c9TAPE 1 <\/span>: <strong>Choisissez votre mod\u00e8le et taille.<\/strong><\/h3>\n\n<p class=\"\"><\/p>\n\n<p class=\"\"><span class=\"gpc-text-color-dark\">T\u00e9l\u00e9chargez nos mod\u00e8les de panneaux de protestation en cliquant sur les liens ci-dessous. Les mod\u00e8les seront t\u00e9l\u00e9charg\u00e9s sous la forme d&rsquo;un <strong>dossier Zip condens\u00e9<\/strong>, que vous pourrez transmettre \u00e0 votre imprimerie locale. <\/span><\/p>\n\n<p class=\"\"><\/p>\n\n<div class=\"wp-block-columns is-layout-flex wp-container-core-columns-is-layout-28f84493 wp-block-columns-is-layout-flex\">\n<div class=\"wp-block-column is-layout-flow wp-block-column-is-layout-flow\">\n<figure class=\"wp-block-image size-large has-custom-border\"><img decoding=\"async\" src=\"https:\/\/cdn.greenparty.ca\/wp-content\/uploads\/2025\/03\/GP-BIL-18x12-Hand-Sign-Logo-Solid-Green_Page_1.png\" alt=\"\" class=\"has-border-color has-gpc-color-white-border-color\" style=\"border-width:4px\"\/><\/figure>\n\n\n\n<figure class=\"wp-block-image size-large\"><img decoding=\"async\" src=\"https:\/\/cdn.greenparty.ca\/wp-content\/uploads\/2025\/03\/GP-BIL-18x12-Hand-Sign-Logo-Solid-Green_Page_2.png\" alt=\"\"\/><\/figure>\n\n\n\n<p class=\"\"><\/p>\n\n\n\n<ul class=\"wp-block-list\">\n<li class=\"\"><a href=\"https:\/\/www.greenparty.ca\/wp-content\/uploads\/2025\/03\/GP-BIL-18x12-Hand-Sign-Logo-Solid-Green.zip\" target=\"_blank\" rel=\"noreferrer noopener\"><span class=\"gpc-text-color-primary\">T\u00e9l\u00e9chargez 18 x 12 po (PDF)<\/span><\/a><\/li>\n\n\n\n<li class=\"\"><a href=\"https:\/\/www.greenparty.ca\/wp-content\/uploads\/2025\/03\/GP-BIL-18x12-Hand-Sign-Logo-Solid-Green.zip\" target=\"_blank\" rel=\"noreferrer noopener\"><span class=\"gpc-text-color-primary\">T\u00e9l\u00e9chargez 24 x 16 po (PDF)<\/span><\/a><\/li>\n<\/ul>\n<\/div>\n\n\n\n<div class=\"wp-block-column is-layout-flow wp-block-column-is-layout-flow\">\n<figure class=\"wp-block-image size-large has-custom-border\"><img decoding=\"async\" src=\"https:\/\/cdn.greenparty.ca\/wp-content\/uploads\/2025\/03\/GP-BIL-18x12-Hand-Sign-Logo-Solid-White_Page_1.png\" alt=\"\" class=\"has-border-color has-gpc-color-white-border-color\" style=\"border-width:4px\"\/><\/figure>\n\n\n\n<figure class=\"wp-block-image size-large\"><img decoding=\"async\" src=\"https:\/\/cdn.greenparty.ca\/wp-content\/uploads\/2025\/03\/GP-BIL-18x12-Hand-Sign-Logo-Solid-White_Page_2.png\" alt=\"\"\/><\/figure>\n\n\n\n<p class=\"\"><\/p>\n\n\n\n<ul class=\"wp-block-list\">\n<li class=\"\"><a href=\"https:\/\/www.greenparty.ca\/wp-content\/uploads\/2025\/03\/GP-BIL-18x12-Hand-Sign-Logo-Solid-White.zip\"><span class=\"gpc-text-color-primary\">T\u00e9l\u00e9chargez 18 x 12 po (PDF)<\/span><\/a><\/li>\n\n\n\n<li class=\"\"><a href=\"https:\/\/www.greenparty.ca\/wp-content\/uploads\/2025\/03\/GP-BIL-24x16-Hand-Sign-Logo-Solid-White.zip\" target=\"_blank\" rel=\"noreferrer noopener\"><\/a><a href=\"https:\/\/www.greenparty.ca\/wp-content\/uploads\/2025\/03\/GP-BIL-18x12-Hand-Sign-Logo-Solid-White.zip\"><span class=\"gpc-text-color-primary\">T\u00e9l\u00e9chargez 24 x 16 po (PDF)<\/span><\/a><\/li>\n<\/ul>\n<\/div>\n<\/div>\n\n<div style=\"height:20px\" aria-hidden=\"true\" class=\"wp-block-spacer\"><\/div>\n\n<div class=\"wp-block-columns is-layout-flex wp-container-core-columns-is-layout-28f84493 wp-block-columns-is-layout-flex\">\n<div class=\"wp-block-column is-layout-flow wp-block-column-is-layout-flow\">\n<figure class=\"wp-block-image size-large has-custom-border\"><img decoding=\"async\" src=\"https:\/\/cdn.greenparty.ca\/wp-content\/uploads\/2025\/03\/GP-BIL-18x12-Hand-Sign-Change-White-Circle_Page_1.png\" alt=\"\" class=\"has-border-color has-gpc-color-white-border-color\" style=\"border-width:4px\"\/><\/figure>\n\n\n\n<figure class=\"wp-block-image size-large\"><img decoding=\"async\" src=\"https:\/\/cdn.greenparty.ca\/wp-content\/uploads\/2025\/03\/GP-BIL-18x12-Hand-Sign-Change-White-Circle_Page_2.png\" alt=\"\"\/><\/figure>\n\n\n\n<p class=\"\"><\/p>\n\n\n\n<ul class=\"wp-block-list\">\n<li class=\"\"><a href=\"https:\/\/www.greenparty.ca\/wp-content\/uploads\/2025\/03\/GP-BIL-18x12-Hand-Sign-Change-White-Circle.zip\" target=\"_blank\" rel=\"noreferrer noopener\"><span class=\"gpc-text-color-primary\">T\u00e9l\u00e9chargez 18 x 12 po (PDF)<\/span><\/a><\/li>\n\n\n\n<li class=\"\"><a href=\"https:\/\/www.greenparty.ca\/wp-content\/uploads\/2025\/03\/GP-BIL-24x16-Hand-Sign-Change-White-Circle.zip\" target=\"_blank\" rel=\"noreferrer noopener\"><span class=\"gpc-text-color-primary\">T\u00e9l\u00e9chargez 24 x 16 po (PDF)<\/span><\/a><\/li>\n<\/ul>\n<\/div>\n\n\n\n<div class=\"wp-block-column is-layout-flow wp-block-column-is-layout-flow\">\n<figure class=\"wp-block-image size-large has-custom-border\"><img decoding=\"async\" src=\"https:\/\/cdn.greenparty.ca\/wp-content\/uploads\/2025\/03\/GP-BIL-18x12-Hand-Sign-Change-Green-Circle_Page_1.png\" alt=\"\" class=\"has-border-color has-gpc-color-white-border-color\" style=\"border-width:4px\"\/><\/figure>\n\n\n\n<figure class=\"wp-block-image size-large\"><img decoding=\"async\" src=\"https:\/\/cdn.greenparty.ca\/wp-content\/uploads\/2025\/03\/GP-BIL-18x12-Hand-Sign-Change-Green-Circle_Page_2.png\" alt=\"\"\/><\/figure>\n\n\n\n<p class=\"\"><\/p>\n\n\n\n<ul class=\"wp-block-list\">\n<li class=\"\"><a href=\"https:\/\/www.greenparty.ca\/wp-content\/uploads\/2025\/03\/GP-BIL-18x12-Hand-Sign-Change-Green-Circle.zip\" target=\"_blank\" rel=\"noreferrer noopener\"><span class=\"gpc-text-color-primary\">T\u00e9l\u00e9chargez 18 x 12 po (PDF)<\/span><\/a><\/li>\n\n\n\n<li class=\"\"><a href=\"https:\/\/www.greenparty.ca\/wp-content\/uploads\/2025\/03\/GP-BIL-24x16-Hand-Sign-Change-Green-Circle.zip\" target=\"_blank\" rel=\"noreferrer noopener\"><span class=\"gpc-text-color-primary\">T\u00e9l\u00e9chargez 24 x 16 po (PDF)<\/span><\/a><\/li>\n<\/ul>\n<\/div>\n<\/div>\n\n<div style=\"height:20px\" aria-hidden=\"true\" class=\"wp-block-spacer\"><\/div>\n\n<div style=\"height:20px\" aria-hidden=\"true\" class=\"wp-block-spacer\"><\/div>\n\n<div class=\"wp-block-columns is-layout-flex wp-container-core-columns-is-layout-28f84493 wp-block-columns-is-layout-flex\">\n<div class=\"wp-block-column is-layout-flow wp-block-column-is-layout-flow\">\n<figure class=\"wp-block-image size-large has-custom-border\"><img decoding=\"async\" src=\"https:\/\/cdn.greenparty.ca\/wp-content\/uploads\/2025\/03\/GP-BIL-18x12-Hand-Sign-Change-Solid-White_Page_1.png\" alt=\"\" class=\"has-border-color has-gpc-color-white-border-color\" style=\"border-width:4px\"\/><\/figure>\n\n\n\n<figure class=\"wp-block-image size-large\"><img decoding=\"async\" src=\"https:\/\/cdn.greenparty.ca\/wp-content\/uploads\/2025\/03\/GP-BIL-18x12-Hand-Sign-Change-Solid-White_Page_2.png\" alt=\"\"\/><\/figure>\n\n\n\n<p class=\"\"><\/p>\n\n\n\n<ul class=\"wp-block-list\">\n<li class=\"\"><a href=\"https:\/\/www.greenparty.ca\/wp-content\/uploads\/2025\/03\/GP-BIL-18x12-Hand-Sign-Change-Solid-White.zip\" target=\"_blank\" rel=\"noreferrer noopener\"><span class=\"gpc-text-color-primary\">T\u00e9l\u00e9chargez 18 x 12 po (PDF)<\/span><\/a><\/li>\n\n\n\n<li class=\"\"><a href=\"https:\/\/www.greenparty.ca\/wp-content\/uploads\/2025\/03\/GP-BIL-24x16-Hand-Sign-Change-Solid-White.zip\" target=\"_blank\" rel=\"noreferrer noopener\"><span class=\"gpc-text-color-primary\">T\u00e9l\u00e9chargez 24 x 16 po (PDF)<\/span><\/a><\/li>\n<\/ul>\n<\/div>\n\n\n\n<div class=\"wp-block-column is-layout-flow wp-block-column-is-layout-flow\">\n<figure class=\"wp-block-image size-large has-custom-border\"><img decoding=\"async\" src=\"https:\/\/cdn.greenparty.ca\/wp-content\/uploads\/2025\/03\/GP-BIL-18x12-Hand-Sign-Change-Solid-Green_Page_1.png\" alt=\"\" class=\"has-border-color has-gpc-color-white-border-color\" style=\"border-width:4px\"\/><\/figure>\n\n\n\n<figure class=\"wp-block-image size-large\"><img decoding=\"async\" src=\"https:\/\/cdn.greenparty.ca\/wp-content\/uploads\/2025\/03\/GP-BIL-18x12-Hand-Sign-Change-Solid-Green_Page_2.png\" alt=\"\"\/><\/figure>\n\n\n\n<p class=\"\"><\/p>\n\n\n\n<ul class=\"wp-block-list\">\n<li class=\"\"><a href=\"https:\/\/www.greenparty.ca\/wp-content\/uploads\/2025\/03\/GP-BIL-18x12-Hand-Sign-Change-Solid-Green.zip\" target=\"_blank\" rel=\"noreferrer noopener\"><span class=\"gpc-text-color-primary\">T\u00e9l\u00e9chargez 18 x 12 po (PDF)<\/span><\/a><\/li>\n\n\n\n<li class=\"\"><a href=\"https:\/\/www.greenparty.ca\/wp-content\/uploads\/2025\/03\/GP-BIL-24x16-Hand-Sign-Change-Solid-Green.zip\" target=\"_blank\" rel=\"noreferrer noopener\"><span class=\"gpc-text-color-primary\">T\u00e9l\u00e9chargez 24 x 16 po (PDF)<\/span><\/a><\/li>\n<\/ul>\n<\/div>\n<\/div>\n\n<div style=\"height:20px\" aria-hidden=\"true\" class=\"wp-block-spacer\"><\/div>\n\n<div class=\"wp-block-columns is-layout-flex wp-container-core-columns-is-layout-28f84493 wp-block-columns-is-layout-flex\">\n<div class=\"wp-block-column is-layout-flow wp-block-column-is-layout-flow\">\n<figure class=\"wp-block-image size-large has-custom-border\"><img decoding=\"async\" src=\"https:\/\/cdn.greenparty.ca\/wp-content\/uploads\/2025\/03\/GP-BIL-18x12-Hand-Sign-Take-Action-White-Circle_Page_1.png\" alt=\"\" class=\"has-border-color has-gpc-color-white-border-color\" style=\"border-width:4px\"\/><\/figure>\n\n\n\n<figure class=\"wp-block-image size-large\"><img decoding=\"async\" src=\"https:\/\/cdn.greenparty.ca\/wp-content\/uploads\/2025\/03\/GP-BIL-18x12-Hand-Sign-Take-Action-White-Circle_Page_2.png\" alt=\"\"\/><\/figure>\n\n\n\n<p class=\"\"><\/p>\n\n\n\n<ul class=\"wp-block-list\">\n<li class=\"\"><a href=\"https:\/\/www.greenparty.ca\/wp-content\/uploads\/2025\/03\/GP-BIL-18x12-Hand-Sign-Take-Action-White-Circle.zip\" target=\"_blank\" rel=\"noreferrer noopener\"><span class=\"gpc-text-color-primary\">T\u00e9l\u00e9chargez 18 x 12 po (PDF)<\/span><\/a><\/li>\n\n\n\n<li class=\"\"><a href=\"https:\/\/www.greenparty.ca\/wp-content\/uploads\/2025\/03\/GP-BIL-24x16-Hand-Sign-Take-Action-White-Circle.zip\" target=\"_blank\" rel=\"noreferrer noopener\"><span class=\"gpc-text-color-primary\">T\u00e9l\u00e9chargez 24 x 16 po (PDF)<\/span><\/a><\/li>\n<\/ul>\n<\/div>\n\n\n\n<div class=\"wp-block-column is-layout-flow wp-block-column-is-layout-flow\">\n<figure class=\"wp-block-image size-large has-custom-border\"><img decoding=\"async\" src=\"https:\/\/cdn.greenparty.ca\/wp-content\/uploads\/2025\/03\/GP-BIL-18x12-Hand-Sign-Take-Action-Green-Circle_Page_1.png\" alt=\"\" class=\"has-border-color has-gpc-color-white-border-color\" style=\"border-width:4px\"\/><\/figure>\n\n\n\n<figure class=\"wp-block-image size-large\"><img decoding=\"async\" src=\"https:\/\/cdn.greenparty.ca\/wp-content\/uploads\/2025\/03\/GP-BIL-18x12-Hand-Sign-Take-Action-Green-Circle_Page_2.png\" alt=\"\"\/><\/figure>\n\n\n\n<p class=\"\"><\/p>\n\n\n\n<ul class=\"wp-block-list\">\n<li class=\"\"><a href=\"https:\/\/www.greenparty.ca\/wp-content\/uploads\/2025\/03\/GP-BIL-18x12-Hand-Sign-Take-Action-Green-Circle.zip\" target=\"_blank\" rel=\"noreferrer noopener\"><span class=\"gpc-text-color-primary\">T\u00e9l\u00e9chargez 18 x 12 po (PDF)<\/span><\/a><\/li>\n\n\n\n<li class=\"\"><a href=\"https:\/\/www.greenparty.ca\/wp-content\/uploads\/2025\/03\/GP-BIL-24x16-Hand-Sign-Take-Action-Green-Circle.zip\" target=\"_blank\" rel=\"noreferrer noopener\"><span class=\"gpc-text-color-primary\">T\u00e9l\u00e9chargez 24 x 16 po (PDF)<\/span><\/a><\/li>\n<\/ul>\n<\/div>\n<\/div>\n\n<div style=\"height:20px\" aria-hidden=\"true\" class=\"wp-block-spacer\"><\/div>\n\n<div class=\"wp-block-columns is-layout-flex wp-container-core-columns-is-layout-28f84493 wp-block-columns-is-layout-flex\">\n<div class=\"wp-block-column is-layout-flow wp-block-column-is-layout-flow\">\n<figure class=\"wp-block-image size-large has-custom-border\"><img decoding=\"async\" src=\"https:\/\/cdn.greenparty.ca\/wp-content\/uploads\/2025\/03\/GP-BIL-18x12-Hand-Sign-Take-Action-Solid-White_Page_1.png\" alt=\"\" class=\"has-border-color has-gpc-color-white-border-color\" style=\"border-width:4px\"\/><\/figure>\n\n\n\n<figure class=\"wp-block-image size-large\"><img decoding=\"async\" src=\"https:\/\/cdn.greenparty.ca\/wp-content\/uploads\/2025\/03\/GP-BIL-18x12-Hand-Sign-Take-Action-Solid-White_Page_2.png\" alt=\"\"\/><\/figure>\n\n\n\n<p class=\"\"><\/p>\n\n\n\n<ul class=\"wp-block-list\">\n<li class=\"\"><a href=\"https:\/\/www.greenparty.ca\/wp-content\/uploads\/2025\/03\/GP-BIL-18x12-Hand-Sign-Take-Action-Solid-White.zip\" target=\"_blank\" rel=\"noreferrer noopener\"><span class=\"gpc-text-color-primary\">T\u00e9l\u00e9chargez 18 x 12 po (PDF)<\/span><\/a><\/li>\n\n\n\n<li class=\"\"><a href=\"https:\/\/www.greenparty.ca\/wp-content\/uploads\/2025\/03\/GP-BIL-24x16-Hand-Sign-Take-Action-White-Circle.zip\" target=\"_blank\" rel=\"noreferrer noopener\"><span class=\"gpc-text-color-primary\">T\u00e9l\u00e9chargez 24 x 16 po (PDF)<\/span><\/a><\/li>\n<\/ul>\n<\/div>\n\n\n\n<div class=\"wp-block-column is-layout-flow wp-block-column-is-layout-flow\">\n<figure class=\"wp-block-image size-large has-custom-border\"><img decoding=\"async\" src=\"https:\/\/cdn.greenparty.ca\/wp-content\/uploads\/2025\/03\/GP-BIL-18x12-Hand-Sign-Take-Action-Solid-Green_Page_1.png\" alt=\"\" class=\"has-border-color has-gpc-color-white-border-color\" style=\"border-width:4px\"\/><\/figure>\n\n\n\n<figure class=\"wp-block-image size-large\"><img decoding=\"async\" src=\"https:\/\/cdn.greenparty.ca\/wp-content\/uploads\/2025\/03\/GP-BIL-18x12-Hand-Sign-Take-Action-Solid-Green_Page_2.png\" alt=\"\"\/><\/figure>\n\n\n\n<p class=\"\"><\/p>\n\n\n\n<ul class=\"wp-block-list\">\n<li class=\"\"><a href=\"https:\/\/www.greenparty.ca\/wp-content\/uploads\/2025\/03\/GP-BIL-18x12-Hand-Sign-Take-Action-Solid-Green.zip\" target=\"_blank\" rel=\"noreferrer noopener\"><span class=\"gpc-text-color-primary\">T\u00e9l\u00e9chargez 18 x 12 po (PDF)<\/span><\/a><\/li>\n\n\n\n<li class=\"\"><a href=\"https:\/\/www.greenparty.ca\/wp-content\/uploads\/2025\/03\/GP-BIL-24x16-Hand-Sign-Take-Action-White-Circle.zip\" target=\"_blank\" rel=\"noreferrer noopener\"><span class=\"gpc-text-color-primary\">T\u00e9l\u00e9chargez 24 x 16 po (PDF)<\/span><\/a><\/li>\n<\/ul>\n<\/div>\n<\/div>\n\n<div style=\"height:25px\" aria-hidden=\"true\" class=\"wp-block-spacer\"><\/div>\n\n<h3 class=\"wp-block-heading\">\u00c9TAPE 2 : <strong>Trouver une imprimerie locale.<\/strong><\/h3>\n\n<p class=\"\"><\/p>\n\n<p class=\"\">Pour trouver une imprimerie locale qui propose des panneaux, allez sur Google et cherchez des termes tels que <strong>\u00ab impression de panneaux pr\u00e8s de chez moi \u00bb<\/strong> ou <strong>\u00ab panneaux personnalis\u00e9s [votre ville] \u00bb<\/strong>. Consultez les r\u00e9sultats de Google Maps pour trouver les entreprises les plus proches, lisez les commentaires et visitez leurs sites web pour conna\u00eetre leurs tarifs. <\/p>\n\n<h3 class=\"wp-block-heading\">\u00c9TAPE 3 : <strong>T\u00e9l\u00e9charger et envoyer \u00e0 l&rsquo;imprimerie.<\/strong><\/h3>\n\n<p class=\"\"><\/p>\n\n<p class=\"\"><strong>Quantit\u00e9 :<\/strong> Pour obtenir le meilleur prix unitaire, nous recommandons de commander tous les panneaux en une seule fois. Si vous n\u2019\u00eates pas s\u00fbr du nombre de panneaux \u00e0 commander, contactez notre \u00e9quipe de mobilisation \u00e0 l\u2019adresse <strong><a href=\"mailto:support@greenparty.ca\"><span class=\"gpc-text-color-primary\">support@greenparty.ca<\/span><\/a><\/strong>. <\/p>\n\n<p class=\"\"><\/p>\n\n<h3 class=\"wp-block-heading\">\u00c9TAPE 4: <strong>Demandez \u00e0 l&rsquo;imprimerie des \u00e9preuves et un d\u00e9lai.<\/strong><\/h3>\n\n<p class=\"\"><\/p>\n\n<p class=\"\">Une fois que vous \u00eates satisfait des \u00e9preuves, approuvez les designs et attendez votre mat\u00e9riel vert. Si vous avez besoin d&rsquo;aide avec nos produits de campagne, veuillez nous contacter \u00e0 <a href=\"mailto:comms@greenparty.ca\"><strong><span class=\"gpc-text-color-primary\">comms@greenparty.ca<\/span><\/strong><\/a>. <\/p>\n\n<div style=\"height:60px\" aria-hidden=\"true\" class=\"wp-block-spacer\"><\/div>\n\n<div class=\"wp-block-buttons is-layout-flex wp-block-buttons-is-layout-flex\">\n<div class=\"wp-block-button\"><a class=\"wp-block-button__link wp-element-button\" href=\"https:\/\/www.greenparty.ca\/fr\/bibliotheque-campagne\">Retourner \u00e0 la biblioth\u00e8que de campagne<\/a><\/div>\n<\/div>\n","protected":false},"excerpt":{"rendered":"<p>\u00c9TAPE 1 : Choisissez votre mod\u00e8le et taille. T\u00e9l\u00e9chargez nos mod\u00e8les de panneaux de protestation en cliquant sur les liens ci-dessous. Les mod\u00e8les seront t\u00e9l\u00e9charg\u00e9s sous la forme d&rsquo;un dossier [&hellip;]<\/p>\n","protected":false},"author":63,"featured_media":0,"parent":10079,"menu_order":0,"comment_status":"closed","ping_status":"closed","template":"","meta":{"_acf_changed":false,"inline_featured_image":false,"site-sidebar-layout":"default","site-content-layout":"","ast-site-content-layout":"default","site-content-style":"default","site-sidebar-style":"default","ast-global-header-display":"","ast-banner-title-visibility":"","ast-main-header-display":"","ast-hfb-above-header-display":"","ast-hfb-below-header-display":"","ast-hfb-mobile-header-display":"","site-post-title":"","ast-breadcrumbs-content":"","ast-featured-img":"","footer-sml-layout":"","ast-disable-related-posts":"","theme-transparent-header-meta":"","adv-header-id-meta":"","stick-header-meta":"","header-above-stick-meta":"","header-main-stick-meta":"","header-below-stick-meta":"","astra-migrate-meta-layouts":"default","ast-page-background-enabled":"default","ast-page-background-meta":{"desktop":{"background-color":"var(--ast-global-color-5)","background-image":"","background-repeat":"repeat","background-position":"center center","background-size":"auto","background-attachment":"scroll","background-type":"","background-media":"","overlay-type":"","overlay-color":"","overlay-opacity":"","overlay-gradient":""},"tablet":{"background-color":"","background-image":"","background-repeat":"repeat","background-position":"center center","background-size":"auto","background-attachment":"scroll","background-type":"","background-media":"","overlay-type":"","overlay-color":"","overlay-opacity":"","overlay-gradient":""},"mobile":{"background-color":"","background-image":"","background-repeat":"repeat","background-position":"center center","background-size":"auto","background-attachment":"scroll","background-type":"","background-media":"","overlay-type":"","overlay-color":"","overlay-opacity":"","overlay-gradient":""}},"ast-content-background-meta":{"desktop":{"background-color":"var(--ast-global-color-4)","background-image":"","background-repeat":"repeat","background-position":"center center","background-size":"auto","background-attachment":"scroll","background-type":"","background-media":"","overlay-type":"","overlay-color":"","overlay-opacity":"","overlay-gradient":""},"tablet":{"background-color":"var(--ast-global-color-4)","background-image":"","background-repeat":"repeat","background-position":"center center","background-size":"auto","background-attachment":"scroll","background-type":"","background-media":"","overlay-type":"","overlay-color":"","overlay-opacity":"","overlay-gradient":""},"mobile":{"background-color":"var(--ast-global-color-4)","background-image":"","background-repeat":"repeat","background-position":"center center","background-size":"auto","background-attachment":"scroll","background-type":"","background-media":"","overlay-type":"","overlay-color":"","overlay-opacity":"","overlay-gradient":""}},"_price":"","_stock":"","_tribe_ticket_header":"","_tribe_default_ticket_provider":"","_tribe_ticket_capacity":"0","_ticket_start_date":"","_ticket_end_date":"","_tribe_ticket_show_description":"","_tribe_ticket_show_not_going":false,"_tribe_ticket_use_global_stock":"","_tribe_ticket_global_stock_level":"","_global_stock_mode":"","_global_stock_cap":"","_tribe_rsvp_for_event":"","_tribe_ticket_going_count":"","_tribe_ticket_not_going_count":"","_tribe_tickets_list":"[]","_tribe_ticket_has_attendee_info_fields":false,"footnotes":"","_tec_slr_enabled":"","_tec_slr_layout":""},"class_list":["post-12356","page","type-page","status-publish","hentry"],"acf":[],"ticketed":false,"_links":{"self":[{"href":"https:\/\/www.greenparty.ca\/fr\/wp-json\/wp\/v2\/pages\/12356","targetHints":{"allow":["GET"]}}],"collection":[{"href":"https:\/\/www.greenparty.ca\/fr\/wp-json\/wp\/v2\/pages"}],"about":[{"href":"https:\/\/www.greenparty.ca\/fr\/wp-json\/wp\/v2\/types\/page"}],"author":[{"embeddable":true,"href":"https:\/\/www.greenparty.ca\/fr\/wp-json\/wp\/v2\/users\/63"}],"replies":[{"embeddable":true,"href":"https:\/\/www.greenparty.ca\/fr\/wp-json\/wp\/v2\/comments?post=12356"}],"version-history":[{"count":5,"href":"https:\/\/www.greenparty.ca\/fr\/wp-json\/wp\/v2\/pages\/12356\/revisions"}],"predecessor-version":[{"id":15722,"href":"https:\/\/www.greenparty.ca\/fr\/wp-json\/wp\/v2\/pages\/12356\/revisions\/15722"}],"up":[{"embeddable":true,"href":"https:\/\/www.greenparty.ca\/fr\/wp-json\/wp\/v2\/pages\/10079"}],"wp:attachment":[{"href":"https:\/\/www.greenparty.ca\/fr\/wp-json\/wp\/v2\/media?parent=12356"}],"curies":[{"name":"wp","href":"https:\/\/api.w.org\/{rel}","templated":true}]}}