{"id":11800,"date":"2025-02-13T15:20:37","date_gmt":"2025-02-13T20:20:37","guid":{"rendered":"https:\/\/www.greenparty.ca\/bibliotheque-campagne\/signature-de-courriel"},"modified":"2025-03-18T17:24:20","modified_gmt":"2025-03-18T21:24:20","slug":"signature-de-courriel","status":"publish","type":"page","link":"https:\/\/www.greenparty.ca\/fr\/bibliotheque-campagne\/signature-de-courriel","title":{"rendered":"Signature de courriel"},"content":{"rendered":"\n<div style=\"height:29px\" aria-hidden=\"true\" class=\"wp-block-spacer\"><\/div>\n\n<h3 class=\"wp-block-heading\">Copiez et collez cette signature dans vos param\u00e8tres de messagerie.<\/h3>\n\n<div style=\"height:50px\" aria-hidden=\"true\" class=\"wp-block-spacer\"><\/div>\n\n<p class=\"\"><strong>SIGNATURE DU COURRIER \u00c9LECTRONIQUE :<br\/><\/strong><br\/><span class=\"gpc-text-color-primary\"><strong>Pr\u00e9nom, Nom<\/strong> <strong>(pronoms)<\/strong><br\/>[Title in English], Green Party of Canada<\/span><br\/><span class=\"gpc-text-color-primary\">[Titre en <span class=\"gpc-text-color-primary\">fran\u00e7ais<\/span>], Parti vert du Canada<br\/><\/span><a href=\"http:\/\/greenparty.ca\/\">greenparty.ca<\/a> <span class=\"gpc-text-color-primary\">\u2022<\/span> <a href=\"http:\/\/partivert.ca\/\">partivert.ca<\/a><\/p>\n\n<p class=\"\"><strong>EXEMPLE :<\/strong><br\/><span class=\"gpc-text-color-primary\"><strong>Audrey-Ann Turcot-Brochu<\/strong> <strong>(she-her-elle)<\/strong><br\/>Communications &amp; Fundraising Director, Green Party of Canada<br\/>Directrice des communications et de la collecte de fonds, Parti vert du Canada<br\/><\/span><a href=\"http:\/\/greenparty.ca\/\">greenparty.ca<\/a><span class=\"gpc-text-color-primary\"> \u2022 <\/span><a href=\"http:\/\/partivert.ca\/\">partivert.ca<\/a><\/p>\n\n<p class=\"\"><strong>PARAM\u00c8TRES :<br\/><\/strong>Couleur : #24B24A<br\/>Police : Helvetica<br\/>Nom et pronoms uniquement en gras<\/p>\n\n<div style=\"height:50px\" aria-hidden=\"true\" class=\"wp-block-spacer\"><\/div>\n\n<div class=\"wp-block-buttons is-layout-flex wp-block-buttons-is-layout-flex\">\n<div class=\"wp-block-button\"><a class=\"wp-block-button__link wp-element-button\" href=\"https:\/\/www.greenparty.ca\/fr\/bibliotheque-campagne\">Retourner \u00e0 la biblioth\u00e8que de campagne<\/a><\/div>\n<\/div>\n","protected":false},"excerpt":{"rendered":"<p>Copiez et collez cette signature dans vos param\u00e8tres de messagerie. SIGNATURE DU COURRIER \u00c9LECTRONIQUE :Pr\u00e9nom, Nom (pronoms)[Title in English], Green Party of Canada[Titre en fran\u00e7ais], Parti vert du Canadagreenparty.ca \u2022 [&hellip;]<\/p>\n","protected":false},"author":8,"featured_media":0,"parent":10079,"menu_order":0,"comment_status":"closed","ping_status":"closed","template":"","meta":{"_acf_changed":false,"inline_featured_image":false,"site-sidebar-layout":"default","site-content-layout":"","ast-site-content-layout":"default","site-content-style":"default","site-sidebar-style":"default","ast-global-header-display":"","ast-banner-title-visibility":"","ast-main-header-display":"","ast-hfb-above-header-display":"","ast-hfb-below-header-display":"","ast-hfb-mobile-header-display":"","site-post-title":"","ast-breadcrumbs-content":"","ast-featured-img":"","footer-sml-layout":"","ast-disable-related-posts":"","theme-transparent-header-meta":"","adv-header-id-meta":"","stick-header-meta":"","header-above-stick-meta":"","header-main-stick-meta":"","header-below-stick-meta":"","astra-migrate-meta-layouts":"default","ast-page-background-enabled":"default","ast-page-background-meta":{"desktop":{"background-color":"var(--ast-global-color-5)","background-image":"","background-repeat":"repeat","background-position":"center center","background-size":"auto","background-attachment":"scroll","background-type":"","background-media":"","overlay-type":"","overlay-color":"","overlay-opacity":"","overlay-gradient":""},"tablet":{"background-color":"","background-image":"","background-repeat":"repeat","background-position":"center center","background-size":"auto","background-attachment":"scroll","background-type":"","background-media":"","overlay-type":"","overlay-color":"","overlay-opacity":"","overlay-gradient":""},"mobile":{"background-color":"","background-image":"","background-repeat":"repeat","background-position":"center center","background-size":"auto","background-attachment":"scroll","background-type":"","background-media":"","overlay-type":"","overlay-color":"","overlay-opacity":"","overlay-gradient":""}},"ast-content-background-meta":{"desktop":{"background-color":"var(--ast-global-color-4)","background-image":"","background-repeat":"repeat","background-position":"center center","background-size":"auto","background-attachment":"scroll","background-type":"","background-media":"","overlay-type":"","overlay-color":"","overlay-opacity":"","overlay-gradient":""},"tablet":{"background-color":"var(--ast-global-color-4)","background-image":"","background-repeat":"repeat","background-position":"center center","background-size":"auto","background-attachment":"scroll","background-type":"","background-media":"","overlay-type":"","overlay-color":"","overlay-opacity":"","overlay-gradient":""},"mobile":{"background-color":"var(--ast-global-color-4)","background-image":"","background-repeat":"repeat","background-position":"center center","background-size":"auto","background-attachment":"scroll","background-type":"","background-media":"","overlay-type":"","overlay-color":"","overlay-opacity":"","overlay-gradient":""}},"_price":"","_stock":"","_tribe_ticket_header":"","_tribe_default_ticket_provider":"","_tribe_ticket_capacity":"0","_ticket_start_date":"","_ticket_end_date":"","_tribe_ticket_show_description":"","_tribe_ticket_show_not_going":false,"_tribe_ticket_use_global_stock":"","_tribe_ticket_global_stock_level":"","_global_stock_mode":"","_global_stock_cap":"","_tribe_rsvp_for_event":"","_tribe_ticket_going_count":"","_tribe_ticket_not_going_count":"","_tribe_tickets_list":"[]","_tribe_ticket_has_attendee_info_fields":false,"footnotes":"","_tec_slr_enabled":"","_tec_slr_layout":""},"class_list":["post-11800","page","type-page","status-publish","hentry"],"acf":[],"ticketed":false,"_links":{"self":[{"href":"https:\/\/www.greenparty.ca\/fr\/wp-json\/wp\/v2\/pages\/11800","targetHints":{"allow":["GET"]}}],"collection":[{"href":"https:\/\/www.greenparty.ca\/fr\/wp-json\/wp\/v2\/pages"}],"about":[{"href":"https:\/\/www.greenparty.ca\/fr\/wp-json\/wp\/v2\/types\/page"}],"author":[{"embeddable":true,"href":"https:\/\/www.greenparty.ca\/fr\/wp-json\/wp\/v2\/users\/8"}],"replies":[{"embeddable":true,"href":"https:\/\/www.greenparty.ca\/fr\/wp-json\/wp\/v2\/comments?post=11800"}],"version-history":[{"count":1,"href":"https:\/\/www.greenparty.ca\/fr\/wp-json\/wp\/v2\/pages\/11800\/revisions"}],"predecessor-version":[{"id":11801,"href":"https:\/\/www.greenparty.ca\/fr\/wp-json\/wp\/v2\/pages\/11800\/revisions\/11801"}],"up":[{"embeddable":true,"href":"https:\/\/www.greenparty.ca\/fr\/wp-json\/wp\/v2\/pages\/10079"}],"wp:attachment":[{"href":"https:\/\/www.greenparty.ca\/fr\/wp-json\/wp\/v2\/media?parent=11800"}],"curies":[{"name":"wp","href":"https:\/\/api.w.org\/{rel}","templated":true}]}}