{"id":10762,"date":"2025-03-06T10:55:51","date_gmt":"2025-03-06T15:55:51","guid":{"rendered":"https:\/\/www.greenparty.ca\/?page_id=10762"},"modified":"2025-04-30T11:48:21","modified_gmt":"2025-04-30T15:48:21","slug":"foire-aux-questions","status":"publish","type":"page","link":"https:\/\/www.greenparty.ca\/fr\/foire-aux-questions","title":{"rendered":"Foire aux questions"},"content":{"rendered":"\n<p class=\"\">Merci pour votre question! Vous trouverez la r\u00e9ponse ci-dessous dans notre FAQ : <\/p>\n\n<div class=\"wp-block-columns is-layout-flex wp-container-core-columns-is-layout-28f84493 wp-block-columns-is-layout-flex\">\n<div class=\"wp-block-column is-layout-flow wp-block-column-is-layout-flow\">\n<ul class=\"wp-block-list\">\n<li class=\"\"><a href=\"#myCandidate\"><span class=\"gpc-text-color-primary\">Qui est mon candidat?<\/span><\/a><\/li>\n\n\n\n<li class=\"\"><a href=\"#talkCandidate\" data-type=\"internal\" data-id=\"#talkCandidate\"><span class=\"gpc-text-color-primary\">Comment puis-je parler \u00e0 mon candidat?<\/span><\/a><\/li>\n\n\n\n<li class=\"\"><a href=\"#volunteer\"><span class=\"gpc-text-color-primary\">Comment puis-je devenir b\u00e9n\u00e9vole?<\/span><\/a><\/li>\n\n\n\n<li class=\"\"><a href=\"#getSign\"><span class=\"gpc-text-color-primary\">Comment obtenir une pancarte de jardin?<\/span><\/a><\/li>\n\n\n\n<li class=\"\"><a href=\"#whereSign\"><span class=\"gpc-text-color-primary\">O\u00f9 est ma pancarte de jardin?<\/span><\/a><\/li>\n\n\n\n<li class=\"\"><a href=\"#whereVote\"><span class=\"gpc-text-color-primary\">O\u00f9 puis-je voter?<\/span><\/a><\/li>\n<\/ul>\n<\/div>\n\n\n\n<div class=\"wp-block-column is-layout-flow wp-block-column-is-layout-flow\">\n<ul class=\"wp-block-list\">\n<li class=\"\"><a href=\"#needToVote\"><span class=\"gpc-text-color-primary\">Que dois-je apporter pour voter?<\/span><\/a><\/li>\n\n\n\n<li class=\"\"><a href=\"#voterCard\"><span class=\"gpc-text-color-primary\">Ai-je besoin de ma carte de votant pour voter?<\/span><\/a><\/li>\n\n\n\n<li class=\"\"><a href=\"#registerToVote\"><span class=\"gpc-text-color-primary\">Dois-je m\u2019inscrire pour voter?<\/span><\/a><\/li>\n\n\n\n<li class=\"\"><a href=\"#pollingStations\"><span class=\"gpc-text-color-primary\">Pouvez-vous me donner un transport jusqu\u2019\u00e0 mon bureau de vote ?<\/span><\/a><\/li>\n\n\n\n<li class=\"\"><a href=\"#donations\"><span class=\"gpc-text-color-primary\">O\u00f9 vont mes dons ?<\/span><\/a><\/li>\n<\/ul>\n<\/div>\n<\/div>\n\n<div style=\"height:26px\" aria-hidden=\"true\" class=\"wp-block-spacer\"><\/div>\n\n<h2 class=\"wp-block-heading\" id=\"myCandidate\">Qui est mon candidat?<\/h2>\n\n<p class=\"\"><a href=\"https:\/\/www.greenparty.ca\/fr\/candidates\"><span class=\"gpc-text-color-primary\">Entrez votre code postal ici<\/span><\/a> pour d\u00e9couvrir qui se pr\u00e9sente dans votre circonscription.<\/p>\n\n<h2 class=\"wp-block-heading\" id=\"talkCandidate\">Comment puis-je parler \u00e0 mon candidat?<\/h2>\n\n<p class=\"\"><a href=\"https:\/\/www.greenparty.ca\/fr\/candidates\"><span class=\"gpc-text-color-primary\">Trouvez votre candidat en ligne ici<\/span><\/a> pour entrer en contact.<\/p>\n\n<h2 class=\"wp-block-heading\" id=\"volunteer\">Comment puis-je devenir b\u00e9n\u00e9vole?<\/h2>\n\n<p class=\"\"><a href=\"https:\/\/www.greenparty.ca\/fr\/benevolat\"><span class=\"gpc-text-color-primary\">Inscrivez-vous en ligne ici<\/span><\/a> ! Nos campagnes ont besoin d\u2019aide pour frapper aux portes, appeler les \u00e9lecteurs, distribuer des documents, installer des pancartes de jardin et encourager la participation au vote.<\/p>\n\n<h2 class=\"wp-block-heading\" id=\"getSign\">Comment obtenir une pancarte de jardin?<\/h2>\n\n<p class=\"\">Demandez une pancarte de jardin <a href=\"https:\/\/www.greenparty.ca\/fr\/pancarte\"><span class=\"gpc-text-color-primary\">en remplissant ce formulaire en ligne.<\/span><\/a><\/p>\n\n<h2 class=\"wp-block-heading\" id=\"whereSign\">O\u00f9 est ma pancarte de jardin?<\/h2>\n\n<p class=\"\">Chaque campagne g\u00e8re la distribution de ses propres pancartes de jardin, donc la disponibilit\u00e9 peut varier. Elles feront de leur mieux pour livrer votre pancarte d\u00e8s que possible. <\/p>\n\n<h2 class=\"wp-block-heading\" id=\"whereVote\">O\u00f9 puis-je voter?<\/h2>\n\n<p class=\"\">Le moyen le plus simple de voter est de se rendre dans un bureau de vote par anticipation, ouvert quatre jours avant le jour de l&rsquo;\u00e9lection. <a href=\"https:\/\/www.elections.ca\/scripts\/vis\/FindED?L=f&amp;PAGEID=20\"><span class=\"gpc-text-color-primary\">Cliquez ici pour trouver le bureau de vote par anticipation le plus proche de chez vous.<\/span><\/a> pour trouver le bureau de vote par anticipation le plus proche, ou appelez \u00c9lections Canada au <a href=\"tel:18004636868\"><span class=\"gpc-text-color-primary\">1-800-463-6868<\/span><\/a> pour obtenir de l&rsquo;aide.<\/p>\n\n<h2 class=\"wp-block-heading\" id=\"needToVote\">Que dois-je apporter pour voter?<\/h2>\n\n<p class=\"\">Pour voter, vous devez pr\u00e9senter une preuve d\u2019identit\u00e9 et d\u2019adresse, comme un permis de conduire ou toute pi\u00e8ce d\u2019identit\u00e9 \u00e9mise par le gouvernement avec votre photo, votre nom et votre adresse actuelle. Si vous n\u2019en avez pas, visitez le <a href=\"https:\/\/www.elections.ca\/content.aspx?section=vot&amp;dir=ids&amp;document=index&amp;lang=f\" target=\"_blank\" rel=\"noreferrer noopener\"><span class=\"gpc-text-color-primary\">site Web d\u2019\u00c9lections Canada<\/span><\/a> ici pour conna\u00eetre d\u2019autres options. <\/p>\n\n<h2 class=\"wp-block-heading\" id=\"voterCard\">Ai-je besoin de ma carte de votant pour voter?<\/h2>\n\n<p class=\"\">Non. Vous devez seulement pr\u00e9senter une preuve d\u2019identit\u00e9 et d\u2019adresse, comme un permis de conduire ou toute pi\u00e8ce d\u2019identit\u00e9 \u00e9mise par le gouvernement avec votre photo, votre nom et votre adresse actuelle. Si vous n\u2019en avez pas, visitez le <a href=\"https:\/\/www.elections.ca\/content.aspx?section=vot&amp;dir=ids&amp;document=index&amp;lang=f\" target=\"_blank\" rel=\"noreferrer noopener\"><span class=\"gpc-text-color-primary\">site Web d\u2019\u00c9lections Canada<\/span><\/a> ici pour conna\u00eetre d\u2019autres options.  <\/p>\n\n<h2 class=\"wp-block-heading\" id=\"registerToVote\">Dois-je m\u2019inscrire pour voter?<\/h2>\n\n<p class=\"\">La plupart des Canadiens admissibles sont d\u00e9j\u00e0 inscrits au Registre national des \u00e9lecteurs. Si vous avez coch\u00e9 les cases d\u2019\u00c9lections Canada sur votre d\u00e9claration de revenus, votre inscription sera mise \u00e0 jour avec votre adresse actuelle. <\/p>\n\n<h2 class=\"wp-block-heading\" id=\"pollingStation\">Pouvez-vous me donner un transport jusqu\u2019\u00e0 mon bureau de vote ?<\/h2>\n\n<p class=\"\">Envoyez un courriel \u00e0 <a href=\"mailto:lift@greenparty.ca\"><span class=\"gpc-text-color-primary\">lift@partivert.ca<\/span><\/a> pour demander un transport, et nous ferons de notre mieux pour vous aider.<\/p>\n\n<h2 class=\"wp-block-heading\" id=\"donations\">O\u00f9 vont mes dons ?<\/h2>\n\n<p class=\"\">Vos dons soutiennent une \u00e9quipe d\u00e9di\u00e9e, incluant :<\/p>\n\n<ul class=\"wp-block-list\">\n<li class=\"\">Une \u00e9quipe de terrain qui se connecte avec des b\u00e9n\u00e9voles locaux \u00e0 travers le Canada et fournit des ressources et du mat\u00e9riel essentiels pour informer les Canadiens sur des enjeux importants.<\/li>\n\n\n\n<li class=\"\">Du personnel en communication pour garder notre cheffe et notre parti sous les projecteurs.<\/li>\n\n\n\n<li class=\"\">Du personnel de collecte de fonds pour s\u2019assurer que nous avons les ressources n\u00e9cessaires pour continuer notre travail.<\/li>\n<\/ul>\n\n<p class=\"\"><\/p>\n","protected":false},"excerpt":{"rendered":"<p>Merci pour votre question! Vous trouverez la r\u00e9ponse ci-dessous dans notre FAQ : Qui est mon candidat? Entrez votre code postal ici pour d\u00e9couvrir qui se pr\u00e9sente dans votre circonscription. [&hellip;]<\/p>\n","protected":false},"author":63,"featured_media":0,"parent":0,"menu_order":0,"comment_status":"closed","ping_status":"closed","template":"","meta":{"_acf_changed":false,"inline_featured_image":false,"site-sidebar-layout":"default","site-content-layout":"","ast-site-content-layout":"default","site-content-style":"default","site-sidebar-style":"default","ast-global-header-display":"","ast-banner-title-visibility":"","ast-main-header-display":"","ast-hfb-above-header-display":"","ast-hfb-below-header-display":"","ast-hfb-mobile-header-display":"","site-post-title":"","ast-breadcrumbs-content":"","ast-featured-img":"","footer-sml-layout":"","ast-disable-related-posts":"","theme-transparent-header-meta":"","adv-header-id-meta":"","stick-header-meta":"","header-above-stick-meta":"","header-main-stick-meta":"","header-below-stick-meta":"","astra-migrate-meta-layouts":"default","ast-page-background-enabled":"default","ast-page-background-meta":{"desktop":{"background-color":"var(--ast-global-color-5)","background-image":"","background-repeat":"repeat","background-position":"center center","background-size":"auto","background-attachment":"scroll","background-type":"","background-media":"","overlay-type":"","overlay-color":"","overlay-opacity":"","overlay-gradient":""},"tablet":{"background-color":"","background-image":"","background-repeat":"repeat","background-position":"center center","background-size":"auto","background-attachment":"scroll","background-type":"","background-media":"","overlay-type":"","overlay-color":"","overlay-opacity":"","overlay-gradient":""},"mobile":{"background-color":"","background-image":"","background-repeat":"repeat","background-position":"center center","background-size":"auto","background-attachment":"scroll","background-type":"","background-media":"","overlay-type":"","overlay-color":"","overlay-opacity":"","overlay-gradient":""}},"ast-content-background-meta":{"desktop":{"background-color":"var(--ast-global-color-4)","background-image":"","background-repeat":"repeat","background-position":"center center","background-size":"auto","background-attachment":"scroll","background-type":"","background-media":"","overlay-type":"","overlay-color":"","overlay-opacity":"","overlay-gradient":""},"tablet":{"background-color":"var(--ast-global-color-4)","background-image":"","background-repeat":"repeat","background-position":"center center","background-size":"auto","background-attachment":"scroll","background-type":"","background-media":"","overlay-type":"","overlay-color":"","overlay-opacity":"","overlay-gradient":""},"mobile":{"background-color":"var(--ast-global-color-4)","background-image":"","background-repeat":"repeat","background-position":"center center","background-size":"auto","background-attachment":"scroll","background-type":"","background-media":"","overlay-type":"","overlay-color":"","overlay-opacity":"","overlay-gradient":""}},"_price":"","_stock":"","_tribe_ticket_header":"","_tribe_default_ticket_provider":"","_tribe_ticket_capacity":"0","_ticket_start_date":"","_ticket_end_date":"","_tribe_ticket_show_description":"","_tribe_ticket_show_not_going":false,"_tribe_ticket_use_global_stock":"","_tribe_ticket_global_stock_level":"","_global_stock_mode":"","_global_stock_cap":"","_tribe_rsvp_for_event":"","_tribe_ticket_going_count":"","_tribe_ticket_not_going_count":"","_tribe_tickets_list":"[]","_tribe_ticket_has_attendee_info_fields":false,"footnotes":"","_tec_slr_enabled":"","_tec_slr_layout":""},"class_list":["post-10762","page","type-page","status-publish","hentry"],"acf":[],"ticketed":false,"_links":{"self":[{"href":"https:\/\/www.greenparty.ca\/fr\/wp-json\/wp\/v2\/pages\/10762","targetHints":{"allow":["GET"]}}],"collection":[{"href":"https:\/\/www.greenparty.ca\/fr\/wp-json\/wp\/v2\/pages"}],"about":[{"href":"https:\/\/www.greenparty.ca\/fr\/wp-json\/wp\/v2\/types\/page"}],"author":[{"embeddable":true,"href":"https:\/\/www.greenparty.ca\/fr\/wp-json\/wp\/v2\/users\/63"}],"replies":[{"embeddable":true,"href":"https:\/\/www.greenparty.ca\/fr\/wp-json\/wp\/v2\/comments?post=10762"}],"version-history":[{"count":4,"href":"https:\/\/www.greenparty.ca\/fr\/wp-json\/wp\/v2\/pages\/10762\/revisions"}],"predecessor-version":[{"id":18355,"href":"https:\/\/www.greenparty.ca\/fr\/wp-json\/wp\/v2\/pages\/10762\/revisions\/18355"}],"wp:attachment":[{"href":"https:\/\/www.greenparty.ca\/fr\/wp-json\/wp\/v2\/media?parent=10762"}],"curies":[{"name":"wp","href":"https:\/\/api.w.org\/{rel}","templated":true}]}}