{"id":10401,"date":"2025-02-26T15:36:42","date_gmt":"2025-02-26T20:36:42","guid":{"rendered":"https:\/\/www.greenparty.ca\/police-assurance-ace"},"modified":"2025-10-22T10:09:54","modified_gmt":"2025-10-22T14:09:54","slug":"police-assurance-ace","status":"publish","type":"page","link":"https:\/\/www.greenparty.ca\/fr\/police-assurance-ace","title":{"rendered":"Politique d\u2019assurance pour ACE"},"content":{"rendered":"\n<p class=\"\">Le PVC d\u00e9tient une assurance responsabilit\u00e9 civile commerciale qui s&rsquo;\u00e9tend \u00e0 toutes les associations de circonscription et \u00e0 tous les candidats\/campagnes. La police d&rsquo;assurance offre une couverture responsabilit\u00e9 civile tout au long de l&rsquo;ann\u00e9e pour toutes les activit\u00e9s de l&rsquo;association de circonscription, telles que les collectes de fonds et les \u00e9v\u00e9nements publics. La couverture s&rsquo;\u00e9tend aux espaces de table lou\u00e9s lors d&rsquo;\u00e9v\u00e9nements organis\u00e9s par d&rsquo;autres ou aux lieux lou\u00e9s par l&rsquo;association de circonscription\/campagne pour des \u00e9v\u00e9nements de l&rsquo;association de circonscription\/campagne. Le certificat ci-joint couvre les associations de circonscription\/campagnes pour ces \u00e9l\u00e9ments.   <\/p>\n\n\n\n<p class=\"\">La couverture ne couvre pas les \u00e9v\u00e9nements o\u00f9 de l&rsquo;alcool est servi. Vous aurez besoin d&rsquo;une couverture suppl\u00e9mentaire de la part de la compagnie pour ces \u00e9v\u00e9nements. <\/p>\n\n\n\n<p class=\"\">Cette police ne couvre que la responsabilit\u00e9 civile g\u00e9n\u00e9rale et n&rsquo;inclut pas l&rsquo;assurance des biens ou du contenu des bureaux ni la responsabilit\u00e9 du propri\u00e9taire\/locataire. Pour ces types de couverture, une assurance distincte devra \u00eatre souscrite.  <\/p>\n\n\n\n<p class=\"\">Nous demandons aux ACE de contacter directement la compagnie d&rsquo;assurance au lieu de passer par le bureau national. Il se peut qu&rsquo;on vous demande une copie de la police d&rsquo;assurance pour prouver la couverture, auquel cas vous pouvez utiliser le certificat ci-joint. <\/p>\n\n\n\n<p class=\"\"><strong>Nom de l\u2019assur\u00e9 :<\/strong> Green Party of Canada<br><strong>Compagnie :<\/strong> Totten Insurance Group<br><strong>Num\u00e9ro de police :<\/strong> #TGC1576<\/p>\n\n\n\n<p class=\"\">Pour obtenir un certificat sp\u00e9cial ou pour plus de pr\u00e9cisions, veuillez contacter :<br>Christine Noble<br>519-661-0200 ext 8107<br><a href=\"mailto:cnoble@preferred-ins.com\">cnoble@preferred-ins.com<\/a><\/p>\n\n\n\n<div data-wp-interactive=\"core\/file\" class=\"wp-block-file\"><object data-wp-bind--hidden=\"!state.hasPdfPreview\" hidden class=\"wp-block-file__embed\" data=\"https:\/\/cdn.greenparty.ca\/wp-content\/uploads\/2025\/10\/Proof-of-Insurance_2526-COMM-Certificate_1666835697-1.pdf\" type=\"application\/pdf\" style=\"width:100%;height:600px\" aria-label=\"Contenu incorpor\u00e9 Proof-of-Insurance_2526-COMM-Certificate_1666835697 (1).\"><\/object><a id=\"wp-block-file--media-a3cb9255-1e5f-4802-993c-aadd4c78e662\" href=\"https:\/\/cdn.greenparty.ca\/wp-content\/uploads\/2025\/10\/Proof-of-Insurance_2526-COMM-Certificate_1666835697-1.pdf\">Proof-of-Insurance_2526-COMM-Certificate_1666835697 (1)<\/a><a href=\"https:\/\/cdn.greenparty.ca\/wp-content\/uploads\/2025\/10\/Proof-of-Insurance_2526-COMM-Certificate_1666835697-1.pdf\" class=\"wp-block-file__button wp-element-button\" download aria-describedby=\"wp-block-file--media-a3cb9255-1e5f-4802-993c-aadd4c78e662\">T\u00e9l\u00e9charger<\/a><\/div>\n","protected":false},"excerpt":{"rendered":"<p>Le PVC d\u00e9tient une assurance responsabilit\u00e9 civile commerciale qui s&rsquo;\u00e9tend \u00e0 toutes les associations de circonscription et \u00e0 tous les candidats\/campagnes. La police d&rsquo;assurance offre une couverture responsabilit\u00e9 civile tout [&hellip;]<\/p>\n","protected":false},"author":8,"featured_media":0,"parent":0,"menu_order":0,"comment_status":"closed","ping_status":"closed","template":"","meta":{"_acf_changed":false,"inline_featured_image":false,"site-sidebar-layout":"default","site-content-layout":"","ast-site-content-layout":"default","site-content-style":"default","site-sidebar-style":"default","ast-global-header-display":"","ast-banner-title-visibility":"","ast-main-header-display":"","ast-hfb-above-header-display":"","ast-hfb-below-header-display":"","ast-hfb-mobile-header-display":"","site-post-title":"","ast-breadcrumbs-content":"","ast-featured-img":"","footer-sml-layout":"","ast-disable-related-posts":"","theme-transparent-header-meta":"","adv-header-id-meta":"","stick-header-meta":"","header-above-stick-meta":"","header-main-stick-meta":"","header-below-stick-meta":"","astra-migrate-meta-layouts":"default","ast-page-background-enabled":"default","ast-page-background-meta":{"desktop":{"background-color":"var(--ast-global-color-5)","background-image":"","background-repeat":"repeat","background-position":"center center","background-size":"auto","background-attachment":"scroll","background-type":"","background-media":"","overlay-type":"","overlay-color":"","overlay-opacity":"","overlay-gradient":""},"tablet":{"background-color":"","background-image":"","background-repeat":"repeat","background-position":"center center","background-size":"auto","background-attachment":"scroll","background-type":"","background-media":"","overlay-type":"","overlay-color":"","overlay-opacity":"","overlay-gradient":""},"mobile":{"background-color":"","background-image":"","background-repeat":"repeat","background-position":"center center","background-size":"auto","background-attachment":"scroll","background-type":"","background-media":"","overlay-type":"","overlay-color":"","overlay-opacity":"","overlay-gradient":""}},"ast-content-background-meta":{"desktop":{"background-color":"var(--ast-global-color-4)","background-image":"","background-repeat":"repeat","background-position":"center center","background-size":"auto","background-attachment":"scroll","background-type":"","background-media":"","overlay-type":"","overlay-color":"","overlay-opacity":"","overlay-gradient":""},"tablet":{"background-color":"var(--ast-global-color-4)","background-image":"","background-repeat":"repeat","background-position":"center center","background-size":"auto","background-attachment":"scroll","background-type":"","background-media":"","overlay-type":"","overlay-color":"","overlay-opacity":"","overlay-gradient":""},"mobile":{"background-color":"var(--ast-global-color-4)","background-image":"","background-repeat":"repeat","background-position":"center center","background-size":"auto","background-attachment":"scroll","background-type":"","background-media":"","overlay-type":"","overlay-color":"","overlay-opacity":"","overlay-gradient":""}},"_price":"","_stock":"","_tribe_ticket_header":"","_tribe_default_ticket_provider":"","_tribe_ticket_capacity":"0","_ticket_start_date":"","_ticket_end_date":"","_tribe_ticket_show_description":"","_tribe_ticket_show_not_going":false,"_tribe_ticket_use_global_stock":"","_tribe_ticket_global_stock_level":"","_global_stock_mode":"","_global_stock_cap":"","_tribe_rsvp_for_event":"","_tribe_ticket_going_count":"","_tribe_ticket_not_going_count":"","_tribe_tickets_list":"[]","_tribe_ticket_has_attendee_info_fields":false,"footnotes":"","_tec_slr_enabled":"","_tec_slr_layout":""},"class_list":["post-10401","page","type-page","status-publish","hentry"],"acf":[],"ticketed":false,"_links":{"self":[{"href":"https:\/\/www.greenparty.ca\/fr\/wp-json\/wp\/v2\/pages\/10401","targetHints":{"allow":["GET"]}}],"collection":[{"href":"https:\/\/www.greenparty.ca\/fr\/wp-json\/wp\/v2\/pages"}],"about":[{"href":"https:\/\/www.greenparty.ca\/fr\/wp-json\/wp\/v2\/types\/page"}],"author":[{"embeddable":true,"href":"https:\/\/www.greenparty.ca\/fr\/wp-json\/wp\/v2\/users\/8"}],"replies":[{"embeddable":true,"href":"https:\/\/www.greenparty.ca\/fr\/wp-json\/wp\/v2\/comments?post=10401"}],"version-history":[{"count":2,"href":"https:\/\/www.greenparty.ca\/fr\/wp-json\/wp\/v2\/pages\/10401\/revisions"}],"predecessor-version":[{"id":20680,"href":"https:\/\/www.greenparty.ca\/fr\/wp-json\/wp\/v2\/pages\/10401\/revisions\/20680"}],"wp:attachment":[{"href":"https:\/\/www.greenparty.ca\/fr\/wp-json\/wp\/v2\/media?parent=10401"}],"curies":[{"name":"wp","href":"https:\/\/api.w.org\/{rel}","templated":true}]}}