{"id":1034,"date":"2025-01-19T19:27:15","date_gmt":"2025-01-20T00:27:15","guid":{"rendered":"https:\/\/www.greenparty.ca\/?page_id=1034"},"modified":"2025-01-19T19:28:16","modified_gmt":"2025-01-20T00:28:16","slug":"plainte-au-comite-dappel-et-de-mediation","status":"publish","type":"page","link":"https:\/\/www.greenparty.ca\/fr\/plainte-au-comite-dappel-et-de-mediation","title":{"rendered":"Plainte au comit\u00e9 d&rsquo;appel et de m\u00e9diation"},"content":{"rendered":"\n<p>Pour que le Comit\u00e9 d&rsquo;appel et de m\u00e9diation puisse enqu\u00eater et r\u00e9gler votre plainte rapidement par une d\u00e9marche collaborative, il est important de suivre toutes les \u00e9tapes d\u00e9crites ci-dessous.&nbsp; Nous vous remercions pour votre aide et sommes heureux de servir les int\u00e9r\u00eats de nos membres.<br>Vous aurez besoin de 10 \u00e0 15 minutes pour remplir le pr\u00e9sent formulaire.<br>Le Comit\u00e9 d&rsquo;appel et de m\u00e9diation N&rsquo;ACCEPTERA PAS les plaintes fond\u00e9es sur les \u00e9l\u00e9ments suivants :<\/p>\n\n\n\n<ul class=\"wp-block-list\">\n<li>D\u00e9saccord ou divergence d\u2019opinions \u00e0 l\u2019\u00e9gard des politiques<\/li>\n\n\n\n<li>Conflits personnels<\/li>\n\n\n\n<li>Probl\u00e8mes li\u00e9s \u00e0 l&#8217;emploi<\/li>\n<\/ul>\n\n\n<form class=\"af-form acf-form\" method=\"POST\" action=\"https:\/\/www.greenparty.ca\/fr\/wp-json\/wp\/v2\/pages\/1034\" id=\"form_678d96117cbc5\" data-key=\"form_678d96117cbc5\"><div class=\"af-fields acf-fields acf-form-fields -top\">\t<div id=\"acf-form-data\" class=\"acf-hidden\">\n\t\t<input type=\"hidden\" id=\"_acf_screen\" name=\"_acf_screen\" value=\"acf_form\"\/><input type=\"hidden\" id=\"_acf_post_id\" name=\"_acf_post_id\" value=\"0\"\/><input type=\"hidden\" id=\"_acf_validation\" name=\"_acf_validation\" value=\"1\"\/><input type=\"hidden\" id=\"_acf_form\" name=\"_acf_form\" value=\"0\"\/><input type=\"hidden\" id=\"_acf_nonce\" name=\"_acf_nonce\" value=\"1a46147320\"\/><input type=\"hidden\" id=\"_acf_changed\" name=\"_acf_changed\" value=\"0\"\/>\t<\/div>\n\t<div class=\"acf-hidden\"><input type=\"hidden\" name=\"_acfnonce\" value=\"3aefaf3b7c\"><input type=\"hidden\" name=\"nonce\" value=\"3aefaf3b7c\"><input type=\"hidden\" name=\"af_form\" value=\"form_678d96117cbc5\"><input type=\"hidden\" name=\"af_form_args\" value=\"eyJhamF4IjpmYWxzZSwiZGlzcGxheV90aXRsZSI6ZmFsc2UsImRpc3BsYXlfZGVzY3JpcHRpb24iOmZhbHNlLCJpZCI6ImZvcm1fNjc4ZDk2MTE3Y2JjNSIsInZhbHVlcyI6W10sInN1Ym1pdF90ZXh0IjoiU3VibWl0IiwicmVkaXJlY3QiOm51bGwsInRhcmdldCI6Imh0dHBzOlwvXC93d3cuZ3JlZW5wYXJ0eS5jYVwvZnJcL3dwLWpzb25cL3dwXC92MlwvcGFnZXNcLzEwMzQiLCJlY2hvIjp0cnVlLCJleGNsdWRlX2ZpZWxkcyI6W10sInVwbG9hZGVyIjoid3AiLCJmaWx0ZXJfbW9kZSI6ZmFsc2UsImxhYmVsX3BsYWNlbWVudCI6InRvcCIsImluc3RydWN0aW9uX3BsYWNlbWVudCI6ImxhYmVsIiwiaG9uZXlwb3QiOnRydWV9\"><input type=\"hidden\" name=\"_acf_form\" value=\"eyJhamF4IjpmYWxzZSwiZGlzcGxheV90aXRsZSI6ZmFsc2UsImRpc3BsYXlfZGVzY3JpcHRpb24iOmZhbHNlLCJpZCI6ImZvcm1fNjc4ZDk2MTE3Y2JjNSIsInZhbHVlcyI6W10sInN1Ym1pdF90ZXh0IjoiU3VibWl0IiwicmVkaXJlY3QiOm51bGwsInRhcmdldCI6Imh0dHBzOlwvXC93d3cuZ3JlZW5wYXJ0eS5jYVwvZnJcL3dwLWpzb25cL3dwXC92MlwvcGFnZXNcLzEwMzQiLCJlY2hvIjp0cnVlLCJleGNsdWRlX2ZpZWxkcyI6W10sInVwbG9hZGVyIjoid3AiLCJmaWx0ZXJfbW9kZSI6ZmFsc2UsImxhYmVsX3BsYWNlbWVudCI6InRvcCIsImluc3RydWN0aW9uX3BsYWNlbWVudCI6ImxhYmVsIiwiaG9uZXlwb3QiOnRydWV9\"><input type=\"hidden\" name=\"af_form_nonce\" value=\"f25ee4a889\"><label for=\"af_email_for_non_humans_form_678d96117cbc5\" aria-hidden=\"true\">Email for non-humans<\/label><input type=\"text\" name=\"email_for_non_humans\" id=\"af_email_for_non_humans_form_678d96117cbc5\" tabindex=\"-1\" autocomplete=\"off\" \/><input type=\"hidden\" name=\"af_origin_url\" value=\"https:\/\/www.greenparty.ca\/fr\/wp-json\/wp\/v2\/pages\/1034\" \/><input type=\"hiddden\" name=\"language\" value=\"fr\"><\/div><div class=\"af-submit acf-form-submit\"><button type=\"submit\" class=\"acf-button af-submit-button\">Submit<\/button><span class=\"acf-spinner af-spinner\"><\/span><\/div><\/div><\/form>","protected":false},"excerpt":{"rendered":"<p>Pour que le Comit\u00e9 d&rsquo;appel et de m\u00e9diation puisse enqu\u00eater et r\u00e9gler votre plainte rapidement par une d\u00e9marche collaborative, il est important de suivre toutes les \u00e9tapes d\u00e9crites ci-dessous.&nbsp; Nous [&hellip;]<\/p>\n","protected":false},"author":1,"featured_media":0,"parent":0,"menu_order":0,"comment_status":"closed","ping_status":"closed","template":"","meta":{"_acf_changed":false,"inline_featured_image":false,"site-sidebar-layout":"default","site-content-layout":"","ast-site-content-layout":"default","site-content-style":"default","site-sidebar-style":"default","ast-global-header-display":"","ast-banner-title-visibility":"","ast-main-header-display":"","ast-hfb-above-header-display":"","ast-hfb-below-header-display":"","ast-hfb-mobile-header-display":"","site-post-title":"","ast-breadcrumbs-content":"","ast-featured-img":"","footer-sml-layout":"","ast-disable-related-posts":"","theme-transparent-header-meta":"","adv-header-id-meta":"","stick-header-meta":"","header-above-stick-meta":"","header-main-stick-meta":"","header-below-stick-meta":"","astra-migrate-meta-layouts":"default","ast-page-background-enabled":"default","ast-page-background-meta":{"desktop":{"background-color":"var(--ast-global-color-5)","background-image":"","background-repeat":"repeat","background-position":"center center","background-size":"auto","background-attachment":"scroll","background-type":"","background-media":"","overlay-type":"","overlay-color":"","overlay-opacity":"","overlay-gradient":""},"tablet":{"background-color":"","background-image":"","background-repeat":"repeat","background-position":"center center","background-size":"auto","background-attachment":"scroll","background-type":"","background-media":"","overlay-type":"","overlay-color":"","overlay-opacity":"","overlay-gradient":""},"mobile":{"background-color":"","background-image":"","background-repeat":"repeat","background-position":"center center","background-size":"auto","background-attachment":"scroll","background-type":"","background-media":"","overlay-type":"","overlay-color":"","overlay-opacity":"","overlay-gradient":""}},"ast-content-background-meta":{"desktop":{"background-color":"var(--ast-global-color-4)","background-image":"","background-repeat":"repeat","background-position":"center center","background-size":"auto","background-attachment":"scroll","background-type":"","background-media":"","overlay-type":"","overlay-color":"","overlay-opacity":"","overlay-gradient":""},"tablet":{"background-color":"var(--ast-global-color-4)","background-image":"","background-repeat":"repeat","background-position":"center center","background-size":"auto","background-attachment":"scroll","background-type":"","background-media":"","overlay-type":"","overlay-color":"","overlay-opacity":"","overlay-gradient":""},"mobile":{"background-color":"var(--ast-global-color-4)","background-image":"","background-repeat":"repeat","background-position":"center center","background-size":"auto","background-attachment":"scroll","background-type":"","background-media":"","overlay-type":"","overlay-color":"","overlay-opacity":"","overlay-gradient":""}},"_price":"","_stock":"","_tribe_ticket_header":"","_tribe_default_ticket_provider":"","_tribe_ticket_capacity":"0","_ticket_start_date":"","_ticket_end_date":"","_tribe_ticket_show_description":"","_tribe_ticket_show_not_going":false,"_tribe_ticket_use_global_stock":"","_tribe_ticket_global_stock_level":"","_global_stock_mode":"","_global_stock_cap":"","_tribe_rsvp_for_event":"","_tribe_ticket_going_count":"","_tribe_ticket_not_going_count":"","_tribe_tickets_list":"[]","_tribe_ticket_has_attendee_info_fields":false,"footnotes":"","_tec_slr_enabled":"","_tec_slr_layout":""},"class_list":["post-1034","page","type-page","status-publish","hentry"],"acf":[],"ticketed":false,"_links":{"self":[{"href":"https:\/\/www.greenparty.ca\/fr\/wp-json\/wp\/v2\/pages\/1034","targetHints":{"allow":["GET"]}}],"collection":[{"href":"https:\/\/www.greenparty.ca\/fr\/wp-json\/wp\/v2\/pages"}],"about":[{"href":"https:\/\/www.greenparty.ca\/fr\/wp-json\/wp\/v2\/types\/page"}],"author":[{"embeddable":true,"href":"https:\/\/www.greenparty.ca\/fr\/wp-json\/wp\/v2\/users\/1"}],"replies":[{"embeddable":true,"href":"https:\/\/www.greenparty.ca\/fr\/wp-json\/wp\/v2\/comments?post=1034"}],"version-history":[{"count":1,"href":"https:\/\/www.greenparty.ca\/fr\/wp-json\/wp\/v2\/pages\/1034\/revisions"}],"predecessor-version":[{"id":1036,"href":"https:\/\/www.greenparty.ca\/fr\/wp-json\/wp\/v2\/pages\/1034\/revisions\/1036"}],"wp:attachment":[{"href":"https:\/\/www.greenparty.ca\/fr\/wp-json\/wp\/v2\/media?parent=1034"}],"curies":[{"name":"wp","href":"https:\/\/api.w.org\/{rel}","templated":true}]}}