{"id":10124,"date":"2025-02-13T14:14:26","date_gmt":"2025-02-13T19:14:26","guid":{"rendered":"https:\/\/www.greenparty.ca\/cartes-postales"},"modified":"2025-04-04T13:30:15","modified_gmt":"2025-04-04T17:30:15","slug":"cartes-postales","status":"publish","type":"page","link":"https:\/\/www.greenparty.ca\/fr\/bibliotheque-campagne\/cartes-postales","title":{"rendered":"Cartes postales"},"content":{"rendered":"\n<div style=\"height:29px\" aria-hidden=\"true\" class=\"wp-block-spacer\"><\/div>\n\n<h3 class=\"wp-block-heading\"><span class=\"gpc-text-color-primary\">\u00c9TAPE 1<\/span>: <strong>Choisissez votre mod\u00e8le.<\/strong><\/h3>\n\n<p class=\"\"><\/p>\n\n<p class=\"\">T\u00e9l\u00e9chargez nos mod\u00e8les de cartes en cliquant sur les liens ci-dessous. Les mod\u00e8les seront t\u00e9l\u00e9charg\u00e9s sous la forme d&rsquo;un <strong>dossier Zip condens\u00e9<\/strong>, que vous pourrez envoyer \u00e0 votre imprimerie locale avec les informations relatives \u00e0 votre candidat. <\/p>\n\n<p class=\"\"><\/p>\n\n<h3 class=\"wp-block-heading\"><span class=\"gpc-text-color-dark\">Angl<\/span><span class=\"gpc-text-color-dark\">ais<\/span><\/h3>\n\n<p class=\"\"><\/p>\n\n<figure class=\"wp-block-image size-large\"><img decoding=\"async\" src=\"https:\/\/cdn.greenparty.ca\/wp-content\/uploads\/2025\/03\/GP-EN_Rack-Card_Together-Thumbnail.png\" alt=\"\"\/><\/figure>\n\n<p class=\"\"><\/p>\n\n<div class=\"wp-block-columns is-layout-flex wp-container-core-columns-is-layout-28f84493 wp-block-columns-is-layout-flex\">\n<div class=\"wp-block-column is-layout-flow wp-block-column-is-layout-flow\">\n<ul class=\"wp-block-list\">\n<li class=\"\"><a href=\"https:\/\/www.greenparty.ca\/wp-content\/uploads\/2025\/03\/GP-EN-Rack-Card-6x4-Together-Update0327.zip\" target=\"_blank\" rel=\"noreferrer noopener\"><span class=\"gpc-text-color-primary\">T\u00e9l\u00e9chargez 6 x 4 po (PDF)<\/span><\/a><\/li>\n\n\n\n<li class=\"\"><a href=\"https:\/\/www.greenparty.ca\/wp-content\/uploads\/2025\/03\/GP-EN-Rack-Card-7x5-Together-Update0327.zip\" target=\"_blank\" rel=\"noreferrer noopener\"><span class=\"gpc-text-color-primary\">T\u00e9l\u00e9chargez 7 x 5 po (PDF)<\/span><\/a><\/li>\n<\/ul>\n<\/div>\n\n\n\n<div class=\"wp-block-column is-layout-flow wp-block-column-is-layout-flow\">\n<ul class=\"wp-block-list\">\n<li class=\"\"><a href=\"https:\/\/www.canva.com\/design\/DAGiBMp4GF0\/OqFHaTwINHut0uCmcNj3Cw\/view?utm_content=DAGiBMp4GF0&amp;utm_campaign=designshare&amp;utm_medium=link&amp;utm_source=publishsharelink&amp;mode=preview\" target=\"_blank\" rel=\"noreferrer noopener\"><span class=\"gpc-text-color-primary\">T\u00e9l\u00e9chargez la carte 6 x 4 po (Canva)<\/span><\/a><\/li>\n\n\n\n<li class=\"\"><a href=\"https:\/\/www.canva.com\/design\/DAGiBAou4Bs\/MU6PqoGqySGWCV_VbGU4dA\/view?utm_content=DAGiBAou4Bs&amp;utm_campaign=designshare&amp;utm_medium=link&amp;utm_source=publishsharelink&amp;mode=preview\" target=\"_blank\" rel=\"noreferrer noopener\"><span class=\"gpc-text-color-primary\">T\u00e9l\u00e9chargez 7 x 5 po (Canva)<\/span><\/a><\/li>\n<\/ul>\n<\/div>\n<\/div>\n\n<div style=\"height:20px\" aria-hidden=\"true\" class=\"wp-block-spacer\"><\/div>\n\n<figure class=\"wp-block-image size-large\"><img decoding=\"async\" src=\"https:\/\/cdn.greenparty.ca\/wp-content\/uploads\/2025\/03\/GP-EN_Rack-Card_Collaboration-Thumbnail.png\" alt=\"\"\/><\/figure>\n\n<p class=\"\"><\/p>\n\n<div class=\"wp-block-columns is-layout-flex wp-container-core-columns-is-layout-28f84493 wp-block-columns-is-layout-flex\">\n<div class=\"wp-block-column is-layout-flow wp-block-column-is-layout-flow\">\n<ul class=\"wp-block-list\">\n<li class=\"\"><a href=\"https:\/\/www.greenparty.ca\/wp-content\/uploads\/2025\/03\/GP-EN-Rack-Card-6x4-Collaboration-Update0327.zip\" target=\"_blank\" rel=\"noreferrer noopener\"><span class=\"gpc-text-color-primary\">T\u00e9l\u00e9chargez 6 x 4 po (PDF)<\/span><\/a><\/li>\n\n\n\n<li class=\"\"><a href=\"https:\/\/www.greenparty.ca\/wp-content\/uploads\/2025\/03\/GP-EN-Rack-Card-7x5-Collaboration-Update0327.zip\" target=\"_blank\" rel=\"noreferrer noopener\"><span class=\"gpc-text-color-primary\">T\u00e9l\u00e9chargez 7 x 5 po (PDF)<\/span><\/a><\/li>\n<\/ul>\n<\/div>\n\n\n\n<div class=\"wp-block-column is-layout-flow wp-block-column-is-layout-flow\">\n<ul class=\"wp-block-list\">\n<li class=\"\"><a href=\"https:\/\/www.canva.com\/design\/DAGiBFpeF-c\/dlpxZjh5tUJb_sgvFs_psg\/view?utm_content=DAGiBFpeF-c&amp;utm_campaign=designshare&amp;utm_medium=link&amp;utm_source=publishsharelink&amp;mode=preview\" target=\"_blank\" rel=\"noreferrer noopener\"><span class=\"gpc-text-color-primary\">T\u00e9l\u00e9chargez la carte 6 x 4 po (Canva)<\/span><\/a><\/li>\n\n\n\n<li class=\"\"><a href=\"https:\/\/www.canva.com\/design\/DAGiBGYV-2Q\/9upvCmOTPOUoNP1zA89Bbg\/view?utm_content=DAGiBGYV-2Q&amp;utm_campaign=designshare&amp;utm_medium=link&amp;utm_source=publishsharelink&amp;mode=preview\" target=\"_blank\" rel=\"noreferrer noopener\"><span class=\"gpc-text-color-primary\">Download 7 x 5 po (Canva)<\/span><\/a><\/li>\n<\/ul>\n<\/div>\n<\/div>\n\n<div style=\"height:20px\" aria-hidden=\"true\" class=\"wp-block-spacer\"><\/div>\n\n<figure class=\"wp-block-image size-large\"><img decoding=\"async\" src=\"https:\/\/cdn.greenparty.ca\/wp-content\/uploads\/2025\/03\/GP-EN_Rack-Card_Portrait-Thumbnail.png\" alt=\"\"\/><\/figure>\n\n<p class=\"\"><\/p>\n\n<div class=\"wp-block-columns is-layout-flex wp-container-core-columns-is-layout-28f84493 wp-block-columns-is-layout-flex\">\n<div class=\"wp-block-column is-layout-flow wp-block-column-is-layout-flow\">\n<ul class=\"wp-block-list\">\n<li class=\"\"><a href=\"https:\/\/www.greenparty.ca\/wp-content\/uploads\/2025\/03\/GP-EN-Rack-Card-6x4-Portrait-Update0327.zip\" target=\"_blank\" rel=\"noreferrer noopener\"><span class=\"gpc-text-color-primary\">T\u00e9l\u00e9chargez 6 x 4 po (PDF)<\/span><\/a><\/li>\n\n\n\n<li class=\"\"><a href=\"https:\/\/www.greenparty.ca\/wp-content\/uploads\/2025\/03\/GP-EN-Rack-Card-7x5-Portrait-Update0327.zip\" target=\"_blank\" rel=\"noreferrer noopener\"><span class=\"gpc-text-color-primary\">T\u00e9l\u00e9chargez 7 x 5 po (PDF)<\/span><\/a><\/li>\n<\/ul>\n<\/div>\n\n\n\n<div class=\"wp-block-column is-layout-flow wp-block-column-is-layout-flow\">\n<ul class=\"wp-block-list\">\n<li class=\"\"><a href=\"https:\/\/www.canva.com\/design\/DAGiBFpeF-c\/dlpxZjh5tUJb_sgvFs_psg\/view?utm_content=DAGiBFpeF-c&amp;utm_campaign=designshare&amp;utm_medium=link&amp;utm_source=publishsharelink&amp;mode=preview\" target=\"_blank\" rel=\"noreferrer noopener\"><span class=\"gpc-text-color-primary\">T\u00e9l\u00e9chargez la carte 6 x 4 po (Canva)<\/span><\/a><\/li>\n\n\n\n<li class=\"\"><a href=\"https:\/\/www.canva.com\/design\/DAGiBGYV-2Q\/9upvCmOTPOUoNP1zA89Bbg\/view?utm_content=DAGiBGYV-2Q&amp;utm_campaign=designshare&amp;utm_medium=link&amp;utm_source=publishsharelink&amp;mode=preview\" target=\"_blank\" rel=\"noreferrer noopener\"><span class=\"gpc-text-color-primary\">Download 7 x 5 po (Canva)<\/span><\/a><\/li>\n<\/ul>\n<\/div>\n<\/div>\n\n<p class=\"\"><\/p>\n\n<h3 class=\"wp-block-heading\"><span class=\"gpc-text-color-dark\">Fran\u00e7ais<\/span><\/h3>\n\n<p class=\"\"><\/p>\n\n<div style=\"height:20px\" aria-hidden=\"true\" class=\"wp-block-spacer\"><\/div>\n\n<figure class=\"wp-block-image size-large\"><img decoding=\"async\" src=\"https:\/\/cdn.greenparty.ca\/wp-content\/uploads\/2025\/03\/GP-FR_Rack-Card_Together-Thumbnail.png\" alt=\"\"\/><\/figure>\n\n<p class=\"\"><\/p>\n\n<div class=\"wp-block-columns is-layout-flex wp-container-core-columns-is-layout-28f84493 wp-block-columns-is-layout-flex\">\n<div class=\"wp-block-column is-layout-flow wp-block-column-is-layout-flow\">\n<ul class=\"wp-block-list\">\n<li class=\"\"><a href=\"https:\/\/www.greenparty.ca\/wp-content\/uploads\/2025\/03\/GP-FR-Rack-Card-6x4-Together-Update0327.zip\" target=\"_blank\" rel=\"noreferrer noopener\"><span class=\"gpc-text-color-primary\">T\u00e9l\u00e9chargez 6 x 4 po (PDF)<\/span><\/a><\/li>\n\n\n\n<li class=\"\"><a href=\"https:\/\/www.greenparty.ca\/wp-content\/uploads\/2025\/03\/GP-FR-Rack-Card-7x5-Together-Update0327.zip\" target=\"_blank\" rel=\"noreferrer noopener\"><span class=\"gpc-text-color-primary\">T\u00e9l\u00e9chargez 7 x 5 po (PDF)<\/span><\/a><\/li>\n<\/ul>\n<\/div>\n\n\n\n<div class=\"wp-block-column is-layout-flow wp-block-column-is-layout-flow\">\n<ul class=\"wp-block-list\">\n<li class=\"\"><a href=\"https:\/\/www.canva.com\/design\/DAGiBIHwR08\/Tab7qyr6b8i1IuVVtszJUQ\/view?utm_content=DAGiBIHwR08&amp;utm_campaign=designshare&amp;utm_medium=link&amp;utm_source=publishsharelink&amp;mode=preview\" target=\"_blank\" rel=\"noreferrer noopener\"><span class=\"gpc-text-color-primary\">T\u00e9l\u00e9chargez la carte 6 x 4 po (Canva)<\/span><\/a><\/li>\n\n\n\n<li class=\"\"><a href=\"https:\/\/www.canva.com\/design\/DAGiBDJr3VY\/dC0LDUY1RwVqYPGEsjywbg\/view?utm_content=DAGiBDJr3VY&amp;utm_campaign=designshare&amp;utm_medium=link&amp;utm_source=publishsharelink&amp;mode=preview\" target=\"_blank\" rel=\"noreferrer noopener\"><span class=\"gpc-text-color-primary\">Download 7 x 5 po (Canva)<\/span><\/a><\/li>\n<\/ul>\n<\/div>\n<\/div>\n\n<div style=\"height:20px\" aria-hidden=\"true\" class=\"wp-block-spacer\"><\/div>\n\n<figure class=\"wp-block-image size-large\"><img decoding=\"async\" src=\"https:\/\/cdn.greenparty.ca\/wp-content\/uploads\/2025\/03\/GP-FR_Rack-Card_Collaboration-Thumbnail.png\" alt=\"\"\/><\/figure>\n\n<p class=\"\"><\/p>\n\n<div class=\"wp-block-columns is-layout-flex wp-container-core-columns-is-layout-28f84493 wp-block-columns-is-layout-flex\">\n<div class=\"wp-block-column is-layout-flow wp-block-column-is-layout-flow\">\n<ul class=\"wp-block-list\">\n<li class=\"\"><a href=\"https:\/\/www.greenparty.ca\/wp-content\/uploads\/2025\/03\/GP-FR-Rack-Card-6x4-Collaboration-Update0327.zip\" target=\"_blank\" rel=\"noreferrer noopener\"><span class=\"gpc-text-color-primary\">T\u00e9l\u00e9chargez 6 x 4 po (PDF)<\/span><\/a><\/li>\n\n\n\n<li class=\"\"><a href=\"https:\/\/www.greenparty.ca\/wp-content\/uploads\/2025\/03\/GP-FR-Rack-Card-7x5-Collaboration-Update0327.zip\" target=\"_blank\" rel=\"noreferrer noopener\"><span class=\"gpc-text-color-primary\">T\u00e9l\u00e9chargez 7 x 5 po (PDF)<\/span><\/a><\/li>\n<\/ul>\n<\/div>\n\n\n\n<div class=\"wp-block-column is-layout-flow wp-block-column-is-layout-flow\">\n<ul class=\"wp-block-list\">\n<li class=\"\"><a href=\"https:\/\/www.canva.com\/design\/DAGiBIcO_vE\/gUBDQKWE363Z0oF3JBK7Bw\/view?utm_content=DAGiBIcO_vE&amp;utm_campaign=designshare&amp;utm_medium=link&amp;utm_source=publishsharelink&amp;mode=preview\" target=\"_blank\" rel=\"noreferrer noopener\"><span class=\"gpc-text-color-primary\">T\u00e9l\u00e9chargez la carte 6 x 4 po (Canva)<\/span><\/a><\/li>\n\n\n\n<li class=\"\"><a href=\"https:\/\/www.canva.com\/design\/DAGiBOTM0hY\/TSDYbHSPxfRmd0YpKcXaDg\/view?utm_content=DAGiBOTM0hY&amp;utm_campaign=designshare&amp;utm_medium=link&amp;utm_source=publishsharelink&amp;mode=preview\" target=\"_blank\" rel=\"noreferrer noopener\"><span class=\"gpc-text-color-primary\">Download 7 x 5 po (Canva)<\/span><\/a><\/li>\n<\/ul>\n<\/div>\n<\/div>\n\n<div style=\"height:20px\" aria-hidden=\"true\" class=\"wp-block-spacer\"><\/div>\n\n<figure class=\"wp-block-image size-large\"><img decoding=\"async\" src=\"https:\/\/cdn.greenparty.ca\/wp-content\/uploads\/2025\/03\/GP-FR_Rack-Card_Portrait-Thumbnail.png\" alt=\"\"\/><\/figure>\n\n<p class=\"\"><\/p>\n\n<div class=\"wp-block-columns is-layout-flex wp-container-core-columns-is-layout-28f84493 wp-block-columns-is-layout-flex\">\n<div class=\"wp-block-column is-layout-flow wp-block-column-is-layout-flow\">\n<ul class=\"wp-block-list\">\n<li class=\"\"><a href=\"https:\/\/www.greenparty.ca\/wp-content\/uploads\/2025\/03\/GP-FR-Rack-Card-6x4-Portrait-Update0327.zip\" target=\"_blank\" rel=\"noreferrer noopener\"><span class=\"gpc-text-color-primary\">T\u00e9l\u00e9chargez 6 x 4 po (PDF)<\/span><\/a><\/li>\n\n\n\n<li class=\"\"><a href=\"https:\/\/www.greenparty.ca\/wp-content\/uploads\/2025\/03\/GP-FR-Rack-Card-7x5-Portrait-Update0327.zip\" target=\"_blank\" rel=\"noreferrer noopener\"><span class=\"gpc-text-color-primary\">T\u00e9l\u00e9chargez 7 x 5 po (PDF)<\/span><\/a><\/li>\n<\/ul>\n<\/div>\n\n\n\n<div class=\"wp-block-column is-layout-flow wp-block-column-is-layout-flow\">\n<ul class=\"wp-block-list\">\n<li class=\"\"><a href=\"https:\/\/www.canva.com\/design\/DAGiBAX9ABY\/xWChkEsus7qlaGcaZE5Ctg\/view?utm_content=DAGiBAX9ABY&amp;utm_campaign=designshare&amp;utm_medium=link&amp;utm_source=publishsharelink&amp;mode=preview\" target=\"_blank\" rel=\"noreferrer noopener\"><span class=\"gpc-text-color-primary\">T\u00e9l\u00e9chargez la carte 6 x 4 po (Canva)<\/span><\/a><\/li>\n\n\n\n<li class=\"\"><a href=\"https:\/\/www.canva.com\/design\/DAGiBIb0vVc\/HZ8xhPh0W9XMs0kal2Tt2Q\/view?utm_content=DAGiBIb0vVc&amp;utm_campaign=designshare&amp;utm_medium=link&amp;utm_source=publishsharelink&amp;mode=preview\" target=\"_blank\" rel=\"noreferrer noopener\"><span class=\"gpc-text-color-primary\">T\u00e9l\u00e9chargez 7 x 5 po (Canva)<\/span><\/a><\/li>\n<\/ul>\n<\/div>\n<\/div>\n\n<p class=\"\"><\/p>\n\n<h3 class=\"wp-block-heading\"><span class=\"gpc-text-color-dark\">Bilingue<\/span><\/h3>\n\n<p class=\"\"><\/p>\n\n<figure class=\"wp-block-image size-large\"><img decoding=\"async\" src=\"https:\/\/cdn.greenparty.ca\/wp-content\/uploads\/2025\/04\/GP-BI_Rack-Card_TogetherThumbnail.png\" alt=\"\"\/><\/figure>\n\n<p class=\"\"><\/p>\n\n<div class=\"wp-block-columns is-layout-flex wp-container-core-columns-is-layout-28f84493 wp-block-columns-is-layout-flex\">\n<div class=\"wp-block-column is-layout-flow wp-block-column-is-layout-flow\">\n<ul class=\"wp-block-list\">\n<li class=\"\"><a href=\"https:\/\/www.greenparty.ca\/wp-content\/uploads\/2025\/04\/GP-BI-Rack-Card-6x4-Together.zip\" target=\"_blank\" rel=\"noreferrer noopener\"><span class=\"gpc-text-color-primary\">T\u00e9l\u00e9chargez 6 x 4 po (PDF)<\/span><\/a><\/li>\n\n\n\n<li class=\"\"><a href=\"https:\/\/www.greenparty.ca\/wp-content\/uploads\/2025\/04\/GP-BI-Rack-Card-7x5-Together.zip\" target=\"_blank\" rel=\"noreferrer noopener\"><span class=\"gpc-text-color-primary\">T\u00e9l\u00e9chargez 7 x 5 po (PDF)<\/span><\/a><\/li>\n<\/ul>\n<\/div>\n\n\n\n<div class=\"wp-block-column is-layout-flow wp-block-column-is-layout-flow\"><\/div>\n<\/div>\n\n<figure class=\"wp-block-image size-large\"><img decoding=\"async\" src=\"https:\/\/cdn.greenparty.ca\/wp-content\/uploads\/2025\/04\/GP-BI_Rack-Card_CollaborationThumbnail.png\" alt=\"\"\/><\/figure>\n\n<p class=\"\"><\/p>\n\n<div class=\"wp-block-columns is-layout-flex wp-container-core-columns-is-layout-28f84493 wp-block-columns-is-layout-flex\">\n<div class=\"wp-block-column is-layout-flow wp-block-column-is-layout-flow\">\n<ul class=\"wp-block-list\">\n<li class=\"\"><a href=\"https:\/\/www.greenparty.ca\/wp-content\/uploads\/2025\/04\/GP-BI-Rack-Card-6x4-Collaboration.zip\" target=\"_blank\" rel=\"noreferrer noopener\"><span class=\"gpc-text-color-primary\">T\u00e9l\u00e9chargez 6 x 4 po (PDF)<\/span><\/a><\/li>\n\n\n\n<li class=\"\"><a href=\"https:\/\/www.greenparty.ca\/wp-content\/uploads\/2025\/04\/GP-BI-Rack-Card-7x5-Collaboration.zip\" target=\"_blank\" rel=\"noreferrer noopener\"><span class=\"gpc-text-color-primary\">T\u00e9l\u00e9chargez 7 x 5 po (PDF)<\/span><\/a><\/li>\n<\/ul>\n<\/div>\n\n\n\n<div class=\"wp-block-column is-layout-flow wp-block-column-is-layout-flow\"><\/div>\n<\/div>\n\n<figure class=\"wp-block-image size-large\"><img decoding=\"async\" src=\"https:\/\/cdn.greenparty.ca\/wp-content\/uploads\/2025\/04\/GP-BI_Rack-Card_PortraitThumbnail.png\" alt=\"\"\/><\/figure>\n\n<p class=\"\"><\/p>\n\n<div class=\"wp-block-columns is-layout-flex wp-container-core-columns-is-layout-28f84493 wp-block-columns-is-layout-flex\">\n<div class=\"wp-block-column is-layout-flow wp-block-column-is-layout-flow\">\n<ul class=\"wp-block-list\">\n<li class=\"\"><a href=\"https:\/\/www.greenparty.ca\/wp-content\/uploads\/2025\/04\/GP-BI-Rack-Card-6x4-Portrait.zip\" target=\"_blank\" rel=\"noreferrer noopener\"><span class=\"gpc-text-color-primary\">T\u00e9l\u00e9chargez 6 x 4 po (PDF)<\/span><\/a><\/li>\n\n\n\n<li class=\"\"><a href=\"https:\/\/www.greenparty.ca\/wp-content\/uploads\/2025\/04\/GP-BI-Rack-Card-7x5-Portrait.zip\" target=\"_blank\" rel=\"noreferrer noopener\"><span class=\"gpc-text-color-primary\">T\u00e9l\u00e9chargez 7 x 5 po (PDF)<\/span><\/a><\/li>\n<\/ul>\n<\/div>\n\n\n\n<div class=\"wp-block-column is-layout-flow wp-block-column-is-layout-flow\"><\/div>\n<\/div>\n\n<div style=\"height:40px\" aria-hidden=\"true\" class=\"wp-block-spacer\"><\/div>\n\n<h3 class=\"wp-block-heading\">\u00c9TAPE 2 : <strong>Trouvez une imprimerie locale qui offre des cartes postales<\/strong>.<\/h3>\n\n<p class=\"\"><\/p>\n\n<p class=\"\">Pour trouver une imprimerie locale qui propose des cartes postales, allez sur Google et cherchez des termes tels que <strong>\u00ab impression de cartes postales pr\u00e8s de chez moi \u00bb<\/strong> ou <strong>\u00abcartes postales personnalis\u00e9es [votre ville] \u00bb<\/strong>. Consultez les r\u00e9sultats de Google Maps pour trouver les entreprises les plus proches, lisez les commentaires et visitez leurs sites web pour conna\u00eetre leurs tarifs. <\/p>\n\n<div style=\"height:60px\" aria-hidden=\"true\" class=\"wp-block-spacer\"><\/div>\n\n<h3 class=\"wp-block-heading\">\u00c9TAPE 3: <strong>T\u00e9l\u00e9chargez et envoyez \u00e0 l&rsquo;imprimerie avec vos informations.<\/strong><\/h3>\n\n<p class=\"\"><\/p>\n\n<ul class=\"wp-block-list\">\n<li class=\"\"><strong>Nom complet<\/strong><\/li>\n\n\n\n<li class=\"\"><strong>Nom de votre circonscription<\/strong><\/li>\n\n\n\n<li class=\"\"><strong>Votre \u00e9nonc\u00e9 d&rsquo;autorisation<\/strong><\/li>\n\n\n\n<li class=\"\"><strong>Votre code QR<\/strong> (ou conservez celui par d\u00e9faut qui se rend vers <a href=\"https:\/\/www.greenparty.ca\/en\/our-plans\" data-type=\"page\" data-id=\"2328\"><span class=\"gpc-text-color-primary\"><strong>greenparty.ca\/en\/our-plan<\/strong><\/span><\/a>)<\/li>\n\n\n\n<li class=\"\"><strong>Photo<\/strong>\n<ul class=\"wp-block-list\">\n<li class=\"\">Fichier PNG ou PSD (important pour la transparence)<\/li>\n\n\n\n<li class=\"\">Seul le portrait du candidat doit \u00eatre visible; le fond doit \u00eatre d\u00e9coup\u00e9 autour de lui et blanc<\/li>\n\n\n\n<li class=\"\">Taille minimale autoris\u00e9e : 1000px<\/li>\n\n\n\n<li class=\"\">Minimum de 160ppi<\/li>\n<\/ul>\n<\/li>\n<\/ul>\n\n<p class=\"\"><strong>Quantit\u00e9 <\/strong>: Pour obtenir le meilleur prix unitaire, nous vous recommandons de commander toutes les cartes en une seule fois. Si vous n&rsquo;\u00eates pas s\u00fbr du nombre de cartes \u00e0 commander, contactez notre \u00e9quipe de mobilisation via <strong><a href=\"mailto:support@greenparty.ca\"><span class=\"gpc-text-color-primary\">support@greenparty.ca<\/span><\/a><\/strong>. Astuce : si vous menez une petite campagne, 1 000 cartes suffisent.  <\/p>\n\n<p class=\"\"><strong>Comment cr\u00e9er un code QR personnalis\u00e9 <\/strong>: Utilisez ce <a href=\"https:\/\/freestaticqr.com\/website\" data-type=\"link\" data-id=\"https:\/\/qr.io\/\" target=\"_blank\" rel=\"noreferrer noopener\"><strong><span class=\"gpc-text-color-primary\">g\u00e9n\u00e9rateur de code QR gratuit en ligne<\/span><\/strong><\/a>. Saisissez simplement l\u2019URL vers laquelle le code doit renvoyer (votre <strong><a href=\"https:\/\/www.greenparty.ca\/fr\/candidates\" data-type=\"page\" data-id=\"5483\"><span class=\"gpc-text-color-primary\">page de candidat ici<\/span><\/a><\/strong> ou votre propre site web). Une fois que vous avez termin\u00e9, t\u00e9l\u00e9chargez le code QR au format PNG. Testez toujours le code QR avant de le partager pour vous assurer qu\u2019il se scanne correctement.   <\/p>\n\n<div style=\"height:40px\" aria-hidden=\"true\" class=\"wp-block-spacer\"><\/div>\n\n<h3 class=\"wp-block-heading\">\u00c9TAPE 4: <strong>Demandez \u00e0 l&rsquo;imprimerie des \u00e9preuves et un d\u00e9lai.<\/strong><\/h3>\n\n<p class=\"\"><\/p>\n\n<p class=\"\">Une fois que vous \u00eates satisfait des \u00e9preuves, approuvez les designs et attendez votre mat\u00e9riel vert. Si vous avez besoin d\u2019aide avec nos produits de campagne, veuillez nous contacter \u00e0 <a href=\"mailto:comms@greenparty.ca\"><strong><span class=\"gpc-text-color-primary\">comms@greenparty.ca<\/span><\/strong><\/a>.<\/p>\n\n<div style=\"height:60px\" aria-hidden=\"true\" class=\"wp-block-spacer\"><\/div>\n\n<div class=\"wp-block-buttons is-layout-flex wp-block-buttons-is-layout-flex\">\n<div class=\"wp-block-button\"><a class=\"wp-block-button__link wp-element-button\" href=\"https:\/\/www.greenparty.ca\/fr\/bibliotheque-campagne\">Retourner \u00e0 la biblioth\u00e8que de campagne<\/a><\/div>\n<\/div>\n\n<p class=\"\"><\/p>\n","protected":false},"excerpt":{"rendered":"<p>\u00c9TAPE 1: Choisissez votre mod\u00e8le. T\u00e9l\u00e9chargez nos mod\u00e8les de cartes en cliquant sur les liens ci-dessous. Les mod\u00e8les seront t\u00e9l\u00e9charg\u00e9s sous la forme d&rsquo;un dossier Zip condens\u00e9, que vous pourrez [&hellip;]<\/p>\n","protected":false},"author":63,"featured_media":0,"parent":10079,"menu_order":0,"comment_status":"closed","ping_status":"closed","template":"","meta":{"_acf_changed":false,"inline_featured_image":false,"site-sidebar-layout":"default","site-content-layout":"","ast-site-content-layout":"default","site-content-style":"default","site-sidebar-style":"default","ast-global-header-display":"","ast-banner-title-visibility":"","ast-main-header-display":"","ast-hfb-above-header-display":"","ast-hfb-below-header-display":"","ast-hfb-mobile-header-display":"","site-post-title":"","ast-breadcrumbs-content":"","ast-featured-img":"","footer-sml-layout":"","ast-disable-related-posts":"","theme-transparent-header-meta":"","adv-header-id-meta":"","stick-header-meta":"","header-above-stick-meta":"","header-main-stick-meta":"","header-below-stick-meta":"","astra-migrate-meta-layouts":"default","ast-page-background-enabled":"default","ast-page-background-meta":{"desktop":{"background-color":"var(--ast-global-color-5)","background-image":"","background-repeat":"repeat","background-position":"center center","background-size":"auto","background-attachment":"scroll","background-type":"","background-media":"","overlay-type":"","overlay-color":"","overlay-opacity":"","overlay-gradient":""},"tablet":{"background-color":"","background-image":"","background-repeat":"repeat","background-position":"center center","background-size":"auto","background-attachment":"scroll","background-type":"","background-media":"","overlay-type":"","overlay-color":"","overlay-opacity":"","overlay-gradient":""},"mobile":{"background-color":"","background-image":"","background-repeat":"repeat","background-position":"center center","background-size":"auto","background-attachment":"scroll","background-type":"","background-media":"","overlay-type":"","overlay-color":"","overlay-opacity":"","overlay-gradient":""}},"ast-content-background-meta":{"desktop":{"background-color":"var(--ast-global-color-4)","background-image":"","background-repeat":"repeat","background-position":"center center","background-size":"auto","background-attachment":"scroll","background-type":"","background-media":"","overlay-type":"","overlay-color":"","overlay-opacity":"","overlay-gradient":""},"tablet":{"background-color":"var(--ast-global-color-4)","background-image":"","background-repeat":"repeat","background-position":"center center","background-size":"auto","background-attachment":"scroll","background-type":"","background-media":"","overlay-type":"","overlay-color":"","overlay-opacity":"","overlay-gradient":""},"mobile":{"background-color":"var(--ast-global-color-4)","background-image":"","background-repeat":"repeat","background-position":"center center","background-size":"auto","background-attachment":"scroll","background-type":"","background-media":"","overlay-type":"","overlay-color":"","overlay-opacity":"","overlay-gradient":""}},"_price":"","_stock":"","_tribe_ticket_header":"","_tribe_default_ticket_provider":"","_tribe_ticket_capacity":"0","_ticket_start_date":"","_ticket_end_date":"","_tribe_ticket_show_description":"","_tribe_ticket_show_not_going":false,"_tribe_ticket_use_global_stock":"","_tribe_ticket_global_stock_level":"","_global_stock_mode":"","_global_stock_cap":"","_tribe_rsvp_for_event":"","_tribe_ticket_going_count":"","_tribe_ticket_not_going_count":"","_tribe_tickets_list":"[]","_tribe_ticket_has_attendee_info_fields":false,"footnotes":"","_tec_slr_enabled":"","_tec_slr_layout":""},"class_list":["post-10124","page","type-page","status-publish","hentry"],"acf":[],"ticketed":false,"_links":{"self":[{"href":"https:\/\/www.greenparty.ca\/fr\/wp-json\/wp\/v2\/pages\/10124","targetHints":{"allow":["GET"]}}],"collection":[{"href":"https:\/\/www.greenparty.ca\/fr\/wp-json\/wp\/v2\/pages"}],"about":[{"href":"https:\/\/www.greenparty.ca\/fr\/wp-json\/wp\/v2\/types\/page"}],"author":[{"embeddable":true,"href":"https:\/\/www.greenparty.ca\/fr\/wp-json\/wp\/v2\/users\/63"}],"replies":[{"embeddable":true,"href":"https:\/\/www.greenparty.ca\/fr\/wp-json\/wp\/v2\/comments?post=10124"}],"version-history":[{"count":4,"href":"https:\/\/www.greenparty.ca\/fr\/wp-json\/wp\/v2\/pages\/10124\/revisions"}],"predecessor-version":[{"id":15545,"href":"https:\/\/www.greenparty.ca\/fr\/wp-json\/wp\/v2\/pages\/10124\/revisions\/15545"}],"up":[{"embeddable":true,"href":"https:\/\/www.greenparty.ca\/fr\/wp-json\/wp\/v2\/pages\/10079"}],"wp:attachment":[{"href":"https:\/\/www.greenparty.ca\/fr\/wp-json\/wp\/v2\/media?parent=10124"}],"curies":[{"name":"wp","href":"https:\/\/api.w.org\/{rel}","templated":true}]}}