{"id":10079,"date":"2025-02-07T17:53:50","date_gmt":"2025-02-07T22:53:50","guid":{"rendered":"https:\/\/www.greenparty.ca\/bibliotheque-campagne"},"modified":"2025-04-22T10:52:43","modified_gmt":"2025-04-22T14:52:43","slug":"bibliotheque-campagne","status":"publish","type":"page","link":"https:\/\/www.greenparty.ca\/fr\/bibliotheque-campagne","title":{"rendered":"Biblioth\u00e8que de campagne"},"content":{"rendered":"\n<div style=\"height:29px\" aria-hidden=\"true\" class=\"wp-block-spacer\"><\/div>\n\n<p class=\"\"><strong>Bienvenue dans la biblioth\u00e8que virtuelle du Parti vert pour les candidats!<\/strong><\/p>\n\n<p class=\"\">Ce centre de ressources est con\u00e7u pour vous fournir tout ce dont vous avez besoin pour mener une campagne solide et efficace dans votre circonscription. Vous y trouverez une <strong>collection de mod\u00e8les, d&rsquo;outils, de graphiques et de documents de campagne cl\u00e9s <\/strong>que vous pouvez t\u00e9l\u00e9charger et personnaliser en fonction de vos besoins locaux. <\/p>\n\n<h3 class=\"wp-block-heading\"><strong>Comment utiliser cette biblioth\u00e8que :<\/strong><\/h3>\n\n<p class=\"\"><\/p>\n\n<ol class=\"wp-block-list\">\n<li class=\"\"><strong>Parcourez les cat\u00e9gories<\/strong> \u2013 Explorez notre s\u00e9lection de supports imprim\u00e9s, de ressources num\u00e9riques et plus encore.<\/li>\n\n\n\n<li class=\"\"><strong>T\u00e9l\u00e9chargez ce dont vous avez besoin<\/strong> \u2013 Chaque ressource est disponible sous forme de mod\u00e8le modifiable.<\/li>\n\n\n\n<li class=\"\"><strong>Personnalisez les mod\u00e8les<\/strong> \u2013 Mettez \u00e0 jour les d\u00e9tails avec votre nom, votre circonscription et vos coordonn\u00e9es.<\/li>\n\n\n\n<li class=\"\"><strong>Imprimez &amp; partagez<\/strong> \u2013 Utilisez ces outils pour amplifier votre campagne et mobiliser les \u00e9lecteurs!<\/li>\n<\/ol>\n\n<p class=\"\">Cette biblioth\u00e8que continuera de s&rsquo;agrandir, alors n&rsquo;oubliez pas de la consulter r\u00e9guli\u00e8rement pour des mises \u00e0 jour! Si vous avez des questions, des suggestions ou si vous avez besoin d&rsquo;aide pour personnaliser vos documents, n&rsquo;h\u00e9sitez pas \u00e0 nous contacter <a href=\"mailto:comms@greenparty.ca\"><strong><span class=\"gpc-text-color-primary\">comms@greenparty.ca<\/span><\/strong><\/a>. <\/p>\n\n<div style=\"height:26px\" aria-hidden=\"true\" class=\"wp-block-spacer\"><\/div>\n\n<h2 class=\"wp-block-heading\">Ressources<\/h2>\n\n<p class=\"\"><\/p>\n\n<figure class=\"wp-block-table is-style-gpc-table\"><table class=\"has-fixed-layout\"><tbody><tr><td>Logos, polices &amp; couleurs<\/td><td><a href=\"https:\/\/www.greenparty.ca\/fr\/marque-officielle\" data-type=\"page\" data-id=\"9584\"><span class=\"gpc-text-color-primary\">Cliquez ici<\/span><\/a><\/td><\/tr><tr><td>Comment utiliser notre identit\u00e9 de marque<\/td><td><a href=\"https:\/\/cdn.greenparty.ca\/wp-content\/uploads\/2025\/02\/GP-FR_Brand-Guidelines-1.pdf\" data-type=\"link\" data-id=\"https:\/\/cdn.greenparty.ca\/wp-content\/uploads\/2025\/02\/GP-FR_Brand-Guidelines-1.pdf\" target=\"_blank\" rel=\"noreferrer noopener\"><span class=\"gpc-text-color-primary\">Cliquez ici<\/span><\/a><\/td><\/tr><tr><td>Plateforme \u00e9lectorale 2025 <\/td><td><a href=\"https:\/\/cdn.greenparty.ca\/wp-content\/uploads\/2025\/04\/GP_Platform_French_Final-1.pdf\" data-type=\"attachment\" data-id=\"17118\" target=\"_blank\" rel=\"noreferrer noopener\"><span class=\"gpc-text-color-primary\">Cliquez ici<\/span><\/a><\/td><\/tr><tr><td>Outil IA pour naviguer notre plateforme<\/td><td><a href=\"https:\/\/www.greenparty.ca\/en\/ai-tool-to-help-you-navigate-our-policies\" data-type=\"page\" data-id=\"12425\"><span class=\"gpc-text-color-primary\">Cliquez ici<\/span><\/a><\/td><\/tr><tr><td>Communication politique efficace<\/td><td><a href=\"https:\/\/www.greenparty.ca\/fr\/communication-politique-efficace\" data-type=\"page\" data-id=\"11053\"><span class=\"gpc-text-color-primary\">Cliquez ici<\/span><\/a><\/td><\/tr><tr><td>Policy Briefs<\/td><td><a href=\"https:\/\/www.greenparty.ca\/fr\/bibliotheque-campagne\/policy-briefs\" data-type=\"page\" data-id=\"14944\"><span class=\"gpc-text-color-primary\">Cliquez ici<\/span><\/a><\/td><\/tr><\/tbody><\/table><\/figure>\n\n<div style=\"height:66px\" aria-hidden=\"true\" class=\"wp-block-spacer\"><\/div>\n\n<h2 class=\"wp-block-heading\">Imprim\u00e9s<\/h2>\n\n<p class=\"\"><\/p>\n\n<figure class=\"wp-block-table is-style-gpc-table\"><table class=\"has-fixed-layout\"><tbody><tr><td>Pancartes<\/td><td><a href=\"https:\/\/www.greenparty.ca\/fr\/bibliotheque-campagne\/pancartes\" data-type=\"page\" data-id=\"5188\"><span class=\"gpc-text-color-primary\">Cliquez ici<\/span><\/a><\/td><\/tr><tr><td>Cartes postales<\/td><td><a href=\"https:\/\/www.greenparty.ca\/fr\/bibliotheque-campagne\/cartes-postales\" data-type=\"page\" data-id=\"6486\"><span class=\"gpc-text-color-primary\">Cliquez ici<\/span><\/a><\/td><\/tr><tr><td>Cartes d&rsquo;affaires<\/td><td><a href=\"https:\/\/www.greenparty.ca\/fr\/bibliotheque-campagne\/cartes-affaires\" data-type=\"page\" data-id=\"5685\"><span class=\"gpc-text-color-primary\">Cliquez ici<\/span><\/a><\/td><\/tr><tr><td>Affiches<\/td><td><a href=\"https:\/\/www.greenparty.ca\/fr\/bibliotheque-campagne\/affiches\" data-type=\"page\" data-id=\"9855\"><span class=\"gpc-text-color-primary\">Cliquez ici<\/span><\/a><\/td><\/tr><tr><td>Pancartes de poteaux<\/td><td><a href=\"https:\/\/www.greenparty.ca\/fr\/pancartes-de-poteaux\" data-type=\"page\" data-id=\"11620\"><span class=\"gpc-text-color-primary\">Cliquez ici<\/span><\/a><\/td><\/tr><tr><td>Banni\u00e8re d\u00e9roulante<\/td><td><a href=\"https:\/\/www.greenparty.ca\/fr\/banderoles-retractables\" data-type=\"page\" data-id=\"11110\"><span class=\"gpc-text-color-primary\">Cliquez ici<\/span><\/a><\/td><\/tr><tr><td>Petites pancartes<\/td><td><a href=\"https:\/\/www.greenparty.ca\/fr\/bibliotheque-campagne\/petites-pancartes\" data-type=\"page\" data-id=\"11921\"><span class=\"gpc-text-color-primary\">Cliquez ici<\/span><\/a><\/td><\/tr><tr><td>Papeterie<\/td><td><a href=\"https:\/\/www.greenparty.ca\/fr\/bibliotheque-campagne\/papeterie\" data-type=\"page\" data-id=\"11668\"><span class=\"gpc-text-color-primary\">Cliquez ici<\/span><\/a><\/td><\/tr><tr><td>Petits drapeaux<\/td><td><a href=\"https:\/\/www.greenparty.ca\/fr\/bibliotheque-campagne\/petits-drapeaux\" data-type=\"page\" data-id=\"11829\"><span class=\"gpc-text-color-primary\">Cliquez ici<\/span><\/a><\/td><\/tr><tr><td>Grandes banni\u00e8res<\/td><td><a href=\"https:\/\/www.greenparty.ca\/fr\/bibliotheque-campagne\/grandes-bannieres\" data-type=\"page\" data-id=\"12128\"><span class=\"gpc-text-color-primary\">Cliquez ici<\/span><\/a><\/td><\/tr><tr><td>Brochures<\/td><td><a href=\"https:\/\/www.greenparty.ca\/fr\/bibliotheque-campagne\/brochures\" data-type=\"page\" data-id=\"12401\"><span class=\"gpc-text-color-primary\">Cliquez ici<\/span><\/a><\/td><\/tr><tr><td>Affichettes de porte<\/td><td><a href=\"https:\/\/www.greenparty.ca\/fr\/bibliotheque-campagne\/affichettes-de-porte\" data-type=\"page\" data-id=\"12067\"><span class=\"gpc-text-color-primary\">Cliquez ici<\/span><\/a><\/td><\/tr><tr><td>Panneaux de protestation<\/td><td><a href=\"https:\/\/www.greenparty.ca\/fr\/bibliotheque-campagne\/panneaux-de-protestation\" data-type=\"page\" data-id=\"12205\"><span class=\"gpc-text-color-primary\">Cliquez ici<\/span><\/a><\/td><\/tr><\/tbody><\/table><\/figure>\n\n<div style=\"height:66px\" aria-hidden=\"true\" class=\"wp-block-spacer\"><\/div>\n\n<h2 class=\"wp-block-heading\">Digital<\/h2>\n\n<p class=\"\"><\/p>\n\n<figure class=\"wp-block-table is-style-gpc-table\"><table class=\"has-fixed-layout\"><tbody><tr><td>Signature de courriel<\/td><td><a href=\"https:\/\/www.greenparty.ca\/fr\/bibliotheque-campagne\/signature-de-courriel\" data-type=\"page\" data-id=\"6582\"><span class=\"gpc-text-color-primary\">Cliquez ici<\/span><\/a><\/td><\/tr><tr><td>M\u00e9dias sociaux<\/td><td><a href=\"https:\/\/www.greenparty.ca\/fr\/bibliotheque-campagne\/medias-sociaux\" data-type=\"page\" data-id=\"13352\"><span class=\"gpc-text-color-primary\">Cliquez ici<\/span><\/a><\/td><\/tr><\/tbody><\/table><\/figure>\n\n<div style=\"height:66px\" aria-hidden=\"true\" class=\"wp-block-spacer\"><\/div>\n\n<h2 class=\"wp-block-heading\">Objets promo<\/h2>\n\n<p class=\"\"><\/p>\n\n<figure class=\"wp-block-table is-style-gpc-table\"><table class=\"has-fixed-layout\"><tbody><tr><td>V\u00eatements<\/td><td><a href=\"https:\/\/gpc-gear.myshopify.com\/\" target=\"_blank\" rel=\"noreferrer noopener nofollow\"><span class=\"gpc-text-color-primary\">Cliquez ici<\/span><\/a><\/td><\/tr><tr><td>\u00c9pinglettes<\/td><td><a href=\"https:\/\/www.greenparty.ca\/fr\/bibliotheque-campagne\/epinglettes\" data-type=\"page\" data-id=\"13046\"><span class=\"gpc-text-color-primary\">Cliquez ici<\/span><\/a><\/td><\/tr><tr><td>Autocollants<\/td><td><a href=\"https:\/\/www.greenparty.ca\/fr\/bibliotheque-campagne\/autocollants\" data-type=\"page\" data-id=\"12460\"><span class=\"gpc-text-color-primary\">Cliquez ici<\/span><\/a><\/td><\/tr><\/tbody><\/table><\/figure>\n\n<div style=\"height:100px\" aria-hidden=\"true\" class=\"wp-block-spacer\"><\/div>\n\n<p class=\"\"><\/p>\n","protected":false},"excerpt":{"rendered":"<p>Bienvenue dans la biblioth\u00e8que virtuelle du Parti vert pour les candidats! Ce centre de ressources est con\u00e7u pour vous fournir tout ce dont vous avez besoin pour mener une campagne [&hellip;]<\/p>\n","protected":false},"author":8,"featured_media":0,"parent":0,"menu_order":0,"comment_status":"closed","ping_status":"closed","template":"","meta":{"_acf_changed":false,"inline_featured_image":false,"site-sidebar-layout":"default","site-content-layout":"","ast-site-content-layout":"default","site-content-style":"default","site-sidebar-style":"default","ast-global-header-display":"","ast-banner-title-visibility":"","ast-main-header-display":"","ast-hfb-above-header-display":"","ast-hfb-below-header-display":"","ast-hfb-mobile-header-display":"","site-post-title":"","ast-breadcrumbs-content":"","ast-featured-img":"","footer-sml-layout":"","ast-disable-related-posts":"","theme-transparent-header-meta":"","adv-header-id-meta":"","stick-header-meta":"","header-above-stick-meta":"","header-main-stick-meta":"","header-below-stick-meta":"","astra-migrate-meta-layouts":"default","ast-page-background-enabled":"default","ast-page-background-meta":{"desktop":{"background-color":"var(--ast-global-color-5)","background-image":"","background-repeat":"repeat","background-position":"center center","background-size":"auto","background-attachment":"scroll","background-type":"","background-media":"","overlay-type":"","overlay-color":"","overlay-opacity":"","overlay-gradient":""},"tablet":{"background-color":"","background-image":"","background-repeat":"repeat","background-position":"center center","background-size":"auto","background-attachment":"scroll","background-type":"","background-media":"","overlay-type":"","overlay-color":"","overlay-opacity":"","overlay-gradient":""},"mobile":{"background-color":"","background-image":"","background-repeat":"repeat","background-position":"center center","background-size":"auto","background-attachment":"scroll","background-type":"","background-media":"","overlay-type":"","overlay-color":"","overlay-opacity":"","overlay-gradient":""}},"ast-content-background-meta":{"desktop":{"background-color":"var(--ast-global-color-4)","background-image":"","background-repeat":"repeat","background-position":"center center","background-size":"auto","background-attachment":"scroll","background-type":"","background-media":"","overlay-type":"","overlay-color":"","overlay-opacity":"","overlay-gradient":""},"tablet":{"background-color":"var(--ast-global-color-4)","background-image":"","background-repeat":"repeat","background-position":"center center","background-size":"auto","background-attachment":"scroll","background-type":"","background-media":"","overlay-type":"","overlay-color":"","overlay-opacity":"","overlay-gradient":""},"mobile":{"background-color":"var(--ast-global-color-4)","background-image":"","background-repeat":"repeat","background-position":"center center","background-size":"auto","background-attachment":"scroll","background-type":"","background-media":"","overlay-type":"","overlay-color":"","overlay-opacity":"","overlay-gradient":""}},"_price":"","_stock":"","_tribe_ticket_header":"","_tribe_default_ticket_provider":"","_tribe_ticket_capacity":"0","_ticket_start_date":"","_ticket_end_date":"","_tribe_ticket_show_description":"","_tribe_ticket_show_not_going":false,"_tribe_ticket_use_global_stock":"","_tribe_ticket_global_stock_level":"","_global_stock_mode":"","_global_stock_cap":"","_tribe_rsvp_for_event":"","_tribe_ticket_going_count":"","_tribe_ticket_not_going_count":"","_tribe_tickets_list":"[]","_tribe_ticket_has_attendee_info_fields":false,"footnotes":"","_tec_slr_enabled":"","_tec_slr_layout":""},"class_list":["post-10079","page","type-page","status-publish","hentry"],"acf":[],"ticketed":false,"_links":{"self":[{"href":"https:\/\/www.greenparty.ca\/fr\/wp-json\/wp\/v2\/pages\/10079","targetHints":{"allow":["GET"]}}],"collection":[{"href":"https:\/\/www.greenparty.ca\/fr\/wp-json\/wp\/v2\/pages"}],"about":[{"href":"https:\/\/www.greenparty.ca\/fr\/wp-json\/wp\/v2\/types\/page"}],"author":[{"embeddable":true,"href":"https:\/\/www.greenparty.ca\/fr\/wp-json\/wp\/v2\/users\/8"}],"replies":[{"embeddable":true,"href":"https:\/\/www.greenparty.ca\/fr\/wp-json\/wp\/v2\/comments?post=10079"}],"version-history":[{"count":21,"href":"https:\/\/www.greenparty.ca\/fr\/wp-json\/wp\/v2\/pages\/10079\/revisions"}],"predecessor-version":[{"id":17639,"href":"https:\/\/www.greenparty.ca\/fr\/wp-json\/wp\/v2\/pages\/10079\/revisions\/17639"}],"wp:attachment":[{"href":"https:\/\/www.greenparty.ca\/fr\/wp-json\/wp\/v2\/media?parent=10079"}],"curies":[{"name":"wp","href":"https:\/\/api.w.org\/{rel}","templated":true}]}}